{"id":1343,"date":"2024-12-03T22:58:17","date_gmt":"2024-12-03T22:58:17","guid":{"rendered":"https:\/\/pearlswholesaler.com\/?post_type=product&#038;p=1343"},"modified":"2024-12-15T12:29:33","modified_gmt":"2024-12-15T12:29:33","slug":"4-4-5mm-white-round-pearl-strands-a1","status":"publish","type":"product","link":"https:\/\/www.pearlswholesaler.com\/es\/product\/4-4-5mm-white-round-pearl-strands-a1\/","title":{"rendered":"Hilos de perlas de agua dulce redondas blancas de 4-4.5 mm, grado A1++, 16 pulgadas"},"content":{"rendered":"<p>He aqu\u00ed nuestras impresionantes cadenas de perlas de agua dulce blancas redondas de 4-4.5 mm y 16 pulgadas, que han sido cuidadosamente arregladas de la manera m\u00e1s refinada. Todas las perlas son completamente A1++, lo que significa buena calidad con mucho brillo y peque\u00f1as imperfecciones superficiales.<\/p>\n<p><img loading=\"lazy\" decoding=\"async\" class=\"size-full wp-image-1345 aligncenter\" src=\"https:\/\/pearlswholesaler.com\/wp-content\/uploads\/2024\/12\/281729496485_.pic_hd.jpg\" alt=\"Hilos de perlas de agua dulce redondas blancas de 4-4.5 mm, grado A1++, 16 pulgadas\" width=\"1000\" height=\"1000\" title=\"\" srcset=\"https:\/\/www.pearlswholesaler.com\/wp-content\/uploads\/2024\/12\/281729496485_.pic_hd.jpg 1000w, https:\/\/www.pearlswholesaler.com\/wp-content\/uploads\/2024\/12\/281729496485_.pic_hd-300x300.jpg 300w, https:\/\/www.pearlswholesaler.com\/wp-content\/uploads\/2024\/12\/281729496485_.pic_hd-150x150.jpg 150w, https:\/\/www.pearlswholesaler.com\/wp-content\/uploads\/2024\/12\/281729496485_.pic_hd-768x768.jpg 768w, https:\/\/www.pearlswholesaler.com\/wp-content\/uploads\/2024\/12\/281729496485_.pic_hd-600x600.jpg 600w, https:\/\/www.pearlswholesaler.com\/wp-content\/uploads\/2024\/12\/281729496485_.pic_hd-100x100.jpg 100w\" sizes=\"auto, (max-width: 1000px) 100vw, 1000px\" \/><\/p>\n<p>Farfetch seleccion\u00f3 cuidadosamente estas perlas por su baja irregularidad superficial, redondez y tama\u00f1o uniforme, manteniendo un aspecto elegante. La pieza perfecta para vestir o desvestir, esta cadena cl\u00e1sica de perlas posee una elegancia que muy pocos accesorios tienen. Cada amante de las perlas amar\u00e1 tanto este collar que se convertir\u00e1 en una reliquia familiar!!!<\/p>\n<ul>\n<li>Embalaje: Bolsa de polietileno\/Estuche de joyer\u00eda\/Caja de joyer\u00eda<\/li>\n<li>Tiempo de entrega: 3-10 d\u00edas h\u00e1biles<\/li>\n<li>Env\u00edo: DHL\/Fedex\/UPS\/EMS<\/li>\n<li>Condiciones de pago: Transferencia bancaria, Paypal, Western Union, Alipay, TT;<\/li>\n<li>Condiciones de pago: EXW, FOB Shanghai; El comprador es responsable de los gastos de env\u00edo<\/li>\n<\/ul>","protected":false},"excerpt":{"rendered":"<ul>\n<li><strong>Calidad de la perla<\/strong>: Grado A1++<\/li>\n<li><strong>Tama\u00f1o de la perla<\/strong>: 4-4.5<\/li>\n<li><strong>Forma de la perla<\/strong>: Redonda<\/li>\n<li><strong>Color de la perla<\/strong>: Blanco<\/li>\n<li><strong>Longitud<\/strong>: 16 pulgadas<\/li>\n<li><strong>Cierre<\/strong>\uff1aExcluir<\/li>\n<\/ul>","protected":false},"featured_media":1344,"template":"","meta":{"_kad_blocks_custom_css":"","_kad_blocks_head_custom_js":"","_kad_blocks_body_custom_js":"","_kad_blocks_footer_custom_js":"","_kadence_starter_templates_imported_post":false,"_kad_post_transparent":"default","_kad_post_title":"","_kad_post_layout":"default","_kad_post_sidebar_id":"","_kad_post_content_style":"default","_kad_post_vertical_padding":"default","_kad_post_feature":"","_kad_post_feature_position":"","_kad_post_header":false,"_kad_post_footer":false,"_kad_post_classname":"","jetpack_publicize_message":"","jetpack_publicize_feature_enabled":true,"jetpack_social_post_already_shared":false,"jetpack_social_options":{"image_generator_settings":{"template":"highway","default_image_id":0,"font":"","enabled":false},"version":2}},"product_brand":[],"product_cat":[15],"product_tag":[],"class_list":{"0":"post-1343","1":"product","2":"type-product","3":"status-publish","4":"has-post-thumbnail","6":"product_cat-pearl-strands","7":"pa_pearl-color-white-pearl","8":"pa_pearl-shape-round-pearl","9":"pa_pearl-size-4mm","10":"pa_pearl-type-freshwater-pearl","12":"first","13":"instock","14":"shipping-taxable","15":"product-type-simple","16":"entry","17":"content-bg","18":"loop-entry"},"jetpack_publicize_connections":[],"taxonomy_info":{"product_cat":[{"value":15,"label":"Pearl Strand"}],"pa_pearl-color":[{"value":66,"label":"White Pearl"}],"pa_pearl-shape":[{"value":68,"label":"Round Pearl"}],"pa_pearl-size":[{"value":73,"label":"4mm"}],"pa_pearl-type":[{"value":69,"label":"Freshwater Pearl"}]},"featured_image_src_large":["https:\/\/www.pearlswholesaler.com\/wp-content\/uploads\/2024\/12\/271729496484_.pic_hd.jpg",1000,1000,false],"author_info":[],"comment_info":"","_links":{"self":[{"href":"https:\/\/www.pearlswholesaler.com\/es\/wp-json\/wp\/v2\/product\/1343","targetHints":{"allow":["GET"]}}],"collection":[{"href":"https:\/\/www.pearlswholesaler.com\/es\/wp-json\/wp\/v2\/product"}],"about":[{"href":"https:\/\/www.pearlswholesaler.com\/es\/wp-json\/wp\/v2\/types\/product"}],"wp:featuredmedia":[{"embeddable":true,"href":"https:\/\/www.pearlswholesaler.com\/es\/wp-json\/wp\/v2\/media\/1344"}],"wp:attachment":[{"href":"https:\/\/www.pearlswholesaler.com\/es\/wp-json\/wp\/v2\/media?parent=1343"}],"wp:term":[{"taxonomy":"product_brand","embeddable":true,"href":"https:\/\/www.pearlswholesaler.com\/es\/wp-json\/wp\/v2\/product_brand?post=1343"},{"taxonomy":"product_cat","embeddable":true,"href":"https:\/\/www.pearlswholesaler.com\/es\/wp-json\/wp\/v2\/product_cat?post=1343"},{"taxonomy":"product_tag","embeddable":true,"href":"https:\/\/www.pearlswholesaler.com\/es\/wp-json\/wp\/v2\/product_tag?post=1343"}],"curies":[{"name":"wp","href":"https:\/\/api.w.org\/{rel}","templated":true}]}}