{"id":1330,"date":"2024-12-05T07:22:23","date_gmt":"2024-12-05T07:22:23","guid":{"rendered":"https:\/\/pearlswholesaler.com\/?post_type=product&#038;p=1330"},"modified":"2024-12-15T12:37:38","modified_gmt":"2024-12-15T12:37:38","slug":"2-5-3mm-white-round-pearl-strand-5a1-grade","status":"publish","type":"product","link":"https:\/\/www.pearlswholesaler.com\/es\/product\/2-5-3mm-white-round-pearl-strand-5a1-grade\/","title":{"rendered":"Cordones de perlas de agua dulce blancas redondas de 3-3.5 mm, grado 5A1~2++"},"content":{"rendered":"<p>Perlas blancas redondas de agua dulce - hilos de 3-3.5 mm, et\u00e9reas y cl\u00e1sicas. Nuestros hilos de perlas son elegantes en todos los sentidos; de 16 pulgadas de longitud, est\u00e1n calificados como 5A1~2++ por su mejor lustre y sin marcas en las perlas.<\/p>\n<p><img loading=\"lazy\" decoding=\"async\" class=\"size-full wp-image-1338 aligncenter\" src=\"https:\/\/pearlswholesaler.com\/wp-content\/uploads\/2024\/12\/241729495811_.pic_hd-1.jpg\" alt=\"Cordones de perlas de agua dulce blancas redondas de 3-3.5 mm, grado 5A1~2++\" width=\"1000\" height=\"1000\" title=\"\" srcset=\"https:\/\/www.pearlswholesaler.com\/wp-content\/uploads\/2024\/12\/241729495811_.pic_hd-1.jpg 1000w, https:\/\/www.pearlswholesaler.com\/wp-content\/uploads\/2024\/12\/241729495811_.pic_hd-1-300x300.jpg 300w, https:\/\/www.pearlswholesaler.com\/wp-content\/uploads\/2024\/12\/241729495811_.pic_hd-1-150x150.jpg 150w, https:\/\/www.pearlswholesaler.com\/wp-content\/uploads\/2024\/12\/241729495811_.pic_hd-1-768x768.jpg 768w, https:\/\/www.pearlswholesaler.com\/wp-content\/uploads\/2024\/12\/241729495811_.pic_hd-1-600x600.jpg 600w, https:\/\/www.pearlswholesaler.com\/wp-content\/uploads\/2024\/12\/241729495811_.pic_hd-1-100x100.jpg 100w\" sizes=\"auto, (max-width: 1000px) 100vw, 1000px\" \/><\/p>\n<p>Hechas de perlas que son redondas, estas perlas son seleccionadas a mano y luego ensartadas meticulosamente para hacerlas atemporales y pr\u00e1cticas para todas las ocasiones. Ya sea que asistas a un evento formal o uses un conjunto casual, este hilo de perlas es una perla de lujo para el conocedor.<\/p>\n<ul>\n<li>Embalaje: Bolsa de polietileno\/Estuche de joyer\u00eda\/Caja de joyer\u00eda<\/li>\n<li>Tiempo de entrega: 3-10 d\u00edas h\u00e1biles<\/li>\n<li>Env\u00edo: DHL\/Fedex\/UPS\/EMS<\/li>\n<li>Condiciones de pago: Transferencia bancaria, Paypal, Western Union, Alipay, TT;<\/li>\n<li>Condiciones de pago: EXW, FOB Shanghai; El comprador es responsable de los gastos de env\u00edo<\/li>\n<\/ul>","protected":false},"excerpt":{"rendered":"<ul>\n<li><strong>Calidad de la perla<\/strong>: 5A1~2++<\/li>\n<li><strong>Tama\u00f1o de la perla<\/strong>: 3-3.5mm<\/li>\n<li><strong>Forma de la perla<\/strong>: Redonda<\/li>\n<li><strong>Color de la perla<\/strong>: Blanco<\/li>\n<li><strong>Longitud<\/strong>: 16 pulgadas<\/li>\n<li><strong>Cierre<\/strong>\uff1aExcluir<\/li>\n<\/ul>","protected":false},"featured_media":1335,"template":"","meta":{"_kad_blocks_custom_css":"","_kad_blocks_head_custom_js":"","_kad_blocks_body_custom_js":"","_kad_blocks_footer_custom_js":"","_kadence_starter_templates_imported_post":false,"_kad_post_transparent":"default","_kad_post_title":"","_kad_post_layout":"default","_kad_post_sidebar_id":"","_kad_post_content_style":"default","_kad_post_vertical_padding":"default","_kad_post_feature":"","_kad_post_feature_position":"","_kad_post_header":false,"_kad_post_footer":false,"_kad_post_classname":"","jetpack_publicize_message":"","jetpack_publicize_feature_enabled":true,"jetpack_social_post_already_shared":false,"jetpack_social_options":{"image_generator_settings":{"template":"highway","default_image_id":0,"font":"","enabled":false},"version":2}},"product_brand":[],"product_cat":[15],"product_tag":[],"class_list":{"0":"post-1330","1":"product","2":"type-product","3":"status-publish","4":"has-post-thumbnail","6":"product_cat-pearl-strands","7":"pa_pearl-color-white-pearl","8":"pa_pearl-shape-round-pearl","9":"pa_pearl-size-3mm","10":"pa_pearl-type-freshwater-pearl","12":"first","13":"instock","14":"shipping-taxable","15":"product-type-simple","16":"entry","17":"content-bg","18":"loop-entry"},"jetpack_publicize_connections":[],"taxonomy_info":{"product_cat":[{"value":15,"label":"Pearl Strand"}],"pa_pearl-color":[{"value":66,"label":"White Pearl"}],"pa_pearl-shape":[{"value":68,"label":"Round Pearl"}],"pa_pearl-size":[{"value":72,"label":"3mm"}],"pa_pearl-type":[{"value":69,"label":"Freshwater Pearl"}]},"featured_image_src_large":["https:\/\/www.pearlswholesaler.com\/wp-content\/uploads\/2024\/12\/231729495810_.pic_hd.jpg",1000,1000,false],"author_info":[],"comment_info":"","_links":{"self":[{"href":"https:\/\/www.pearlswholesaler.com\/es\/wp-json\/wp\/v2\/product\/1330","targetHints":{"allow":["GET"]}}],"collection":[{"href":"https:\/\/www.pearlswholesaler.com\/es\/wp-json\/wp\/v2\/product"}],"about":[{"href":"https:\/\/www.pearlswholesaler.com\/es\/wp-json\/wp\/v2\/types\/product"}],"wp:featuredmedia":[{"embeddable":true,"href":"https:\/\/www.pearlswholesaler.com\/es\/wp-json\/wp\/v2\/media\/1335"}],"wp:attachment":[{"href":"https:\/\/www.pearlswholesaler.com\/es\/wp-json\/wp\/v2\/media?parent=1330"}],"wp:term":[{"taxonomy":"product_brand","embeddable":true,"href":"https:\/\/www.pearlswholesaler.com\/es\/wp-json\/wp\/v2\/product_brand?post=1330"},{"taxonomy":"product_cat","embeddable":true,"href":"https:\/\/www.pearlswholesaler.com\/es\/wp-json\/wp\/v2\/product_cat?post=1330"},{"taxonomy":"product_tag","embeddable":true,"href":"https:\/\/www.pearlswholesaler.com\/es\/wp-json\/wp\/v2\/product_tag?post=1330"}],"curies":[{"name":"wp","href":"https:\/\/api.w.org\/{rel}","templated":true}]}}