{"id":1307,"date":"2024-12-03T02:07:32","date_gmt":"2024-12-03T02:07:32","guid":{"rendered":"https:\/\/pearlswholesaler.com\/?post_type=product&#038;p=1307"},"modified":"2025-08-07T07:28:40","modified_gmt":"2025-08-07T07:28:40","slug":"2-5-3mm-white-round-freshwater-pearl-strands-5a","status":"publish","type":"product","link":"https:\/\/www.pearlswholesaler.com\/es\/product\/2-5-3mm-white-round-freshwater-pearl-strands-5a\/","title":{"rendered":"Cuerdas de perlas de agua dulce blancas redondas de 2.5-3mm, calidad 5A1++, 16 pulgadas"},"content":{"rendered":"<p><span id=\"input-sentence~0\">Nuestra colecci\u00f3n mayorista de Cordones de perlas de agua dulce blancas redondas de 2.5-3 mm abre un mundo completamente nuevo de opciones de dise\u00f1o.<\/span> <span id=\"input-sentence~1\">Estas no son solo perlas; son gemas brillantes de calidad 5A1++, con un lustre excepcional y una forma perfectamente redonda que eleva cualquier creaci\u00f3n de joyer\u00eda.<\/span> <span id=\"input-sentence~2\">Cada cord\u00f3n de 16 pulgadas es un lienzo en blanco para tu creatividad.<\/span> <span id=\"input-sentence~3\">Piensa en hermosos collares, delicados pulseras y otros art\u00edculos hechos a medida que a tus clientes les encantar\u00e1n.<\/span> <span id=\"input-sentence~4\">Estos hermosos cordones de perlas mejorar\u00e1n tu inventario y te dar\u00e1n ideas para nuevos dise\u00f1os.<\/span><\/p>\n<p><img loading=\"lazy\" decoding=\"async\" class=\"size-full wp-image-1331 aligncenter\" src=\"https:\/\/pearlswholesaler.com\/wp-content\/uploads\/2024\/12\/221729495786_.pic_hd.jpg\" alt=\"Cuerdas de perlas de agua dulce blancas redondas de 2.5-3mm, calidad 5A1++, 16 pulgadas\" width=\"1000\" height=\"1000\" title=\"\" srcset=\"https:\/\/www.pearlswholesaler.com\/wp-content\/uploads\/2024\/12\/221729495786_.pic_hd.jpg 1000w, https:\/\/www.pearlswholesaler.com\/wp-content\/uploads\/2024\/12\/221729495786_.pic_hd-300x300.jpg 300w, https:\/\/www.pearlswholesaler.com\/wp-content\/uploads\/2024\/12\/221729495786_.pic_hd-150x150.jpg 150w, https:\/\/www.pearlswholesaler.com\/wp-content\/uploads\/2024\/12\/221729495786_.pic_hd-768x768.jpg 768w, https:\/\/www.pearlswholesaler.com\/wp-content\/uploads\/2024\/12\/221729495786_.pic_hd-600x600.jpg 600w, https:\/\/www.pearlswholesaler.com\/wp-content\/uploads\/2024\/12\/221729495786_.pic_hd-100x100.jpg 100w\" sizes=\"auto, (max-width: 1000px) 100vw, 1000px\" \/><\/p>\n<p><span id=\"input-sentence~5\">Estos hermosos cordones de perlas blancas son un cl\u00e1sico a\u00f1adido a cualquier colecci\u00f3n de joyer\u00eda y siempre estar\u00e1n de moda.<\/span> <span id=\"input-sentence~6\">Porque son naturalmente elegantes, pueden usarse con muchos estilos diferentes y para muchas ocasiones distintas.<\/span> <span id=\"input-sentence~7\">Los cierres no est\u00e1n incluidos a prop\u00f3sito para que puedas hacer tus creaciones exactamente como deseas.<\/span> <span id=\"input-sentence~8\">Como dise\u00f1ador de joyas, te encantar\u00e1 la libertad de ser creativo.<\/span> <span id=\"input-sentence~9\">Como propietario de una tienda, apreciar\u00e1s la oportunidad de crear piezas personalizadas que se ajusten a las necesidades de tus clientes.<\/span> <span id=\"input-sentence~10\">\u00a1No pierdas la oportunidad de a\u00f1adir estas hermosas perlas a tu colecci\u00f3n!<\/span> <span id=\"input-sentence~11\">Elevar\u00e1n el valor de tu inventario y atraer\u00e1n a compradores exigentes.<\/span><\/p>\n<p>Adem\u00e1s de nuestros a\u00f1os de experiencia en la industria de las perlas \u2014 por pedido personalizado de m\u00e1s de 20 a\u00f1os \u2014 tambi\u00e9n son una demostraci\u00f3n de que todos los productos deben provenir de fuentes que suministramos frescas.<\/p>\n<ul>\n<li>Embalaje: Bolsa de polietileno\/Estuche de joyer\u00eda\/Caja de joyer\u00eda<\/li>\n<li>Tiempo de entrega: 3-10 d\u00edas h\u00e1biles<\/li>\n<li>Env\u00edo: DHL\/Fedex\/UPS\/EMS<\/li>\n<li>Condiciones de pago: Transferencia bancaria, Paypal, Western Union, Alipay, TT;<\/li>\n<li>Condiciones de pago: EXW, FOB Shanghai; El comprador es responsable de los gastos de env\u00edo<\/li>\n<\/ul>","protected":false},"excerpt":{"rendered":"<ul>\n<li><strong>Calidad de la perla<\/strong>: grado 5A1++<\/li>\n<li><strong>Tama\u00f1o de la perla<\/strong>: 2.5-3mm<\/li>\n<li><strong>Forma de la perla<\/strong>: Redonda<\/li>\n<li><strong>Color de la perla<\/strong>: Blanco<\/li>\n<li><strong>Longitud<\/strong>: 16 pulgadas<\/li>\n<li><strong>Cierre<\/strong>\uff1aExcluir<\/li>\n<\/ul>","protected":false},"featured_media":1308,"template":"","meta":{"_kad_blocks_custom_css":"","_kad_blocks_head_custom_js":"","_kad_blocks_body_custom_js":"","_kad_blocks_footer_custom_js":"","_kadence_starter_templates_imported_post":false,"_kad_post_transparent":"default","_kad_post_title":"","_kad_post_layout":"default","_kad_post_sidebar_id":"","_kad_post_content_style":"default","_kad_post_vertical_padding":"default","_kad_post_feature":"","_kad_post_feature_position":"","_kad_post_header":false,"_kad_post_footer":false,"_kad_post_classname":"","jetpack_publicize_message":"","jetpack_publicize_feature_enabled":true,"jetpack_social_post_already_shared":false,"jetpack_social_options":{"image_generator_settings":{"template":"highway","default_image_id":0,"font":"","enabled":false},"version":2}},"product_brand":[],"product_cat":[15],"product_tag":[],"class_list":{"0":"post-1307","1":"product","2":"type-product","3":"status-publish","4":"has-post-thumbnail","6":"product_cat-pearl-strands","7":"pa_pearl-color-white-pearl","8":"pa_pearl-shape-round-pearl","9":"pa_pearl-size-2mm","10":"pa_pearl-size-3mm","11":"pa_pearl-type-freshwater-pearl","13":"first","14":"instock","15":"shipping-taxable","16":"product-type-simple","17":"entry","18":"content-bg","19":"loop-entry"},"jetpack_publicize_connections":[],"taxonomy_info":{"product_cat":[{"value":15,"label":"Pearl Strand"}],"pa_pearl-color":[{"value":66,"label":"White Pearl"}],"pa_pearl-shape":[{"value":68,"label":"Round Pearl"}],"pa_pearl-size":[{"value":74,"label":"2mm"},{"value":72,"label":"3mm"}],"pa_pearl-type":[{"value":69,"label":"Freshwater Pearl"}]},"featured_image_src_large":["https:\/\/www.pearlswholesaler.com\/wp-content\/uploads\/2024\/12\/211729494667_.pic_hd.jpg",1000,1000,false],"author_info":[],"comment_info":"","_links":{"self":[{"href":"https:\/\/www.pearlswholesaler.com\/es\/wp-json\/wp\/v2\/product\/1307","targetHints":{"allow":["GET"]}}],"collection":[{"href":"https:\/\/www.pearlswholesaler.com\/es\/wp-json\/wp\/v2\/product"}],"about":[{"href":"https:\/\/www.pearlswholesaler.com\/es\/wp-json\/wp\/v2\/types\/product"}],"wp:featuredmedia":[{"embeddable":true,"href":"https:\/\/www.pearlswholesaler.com\/es\/wp-json\/wp\/v2\/media\/1308"}],"wp:attachment":[{"href":"https:\/\/www.pearlswholesaler.com\/es\/wp-json\/wp\/v2\/media?parent=1307"}],"wp:term":[{"taxonomy":"product_brand","embeddable":true,"href":"https:\/\/www.pearlswholesaler.com\/es\/wp-json\/wp\/v2\/product_brand?post=1307"},{"taxonomy":"product_cat","embeddable":true,"href":"https:\/\/www.pearlswholesaler.com\/es\/wp-json\/wp\/v2\/product_cat?post=1307"},{"taxonomy":"product_tag","embeddable":true,"href":"https:\/\/www.pearlswholesaler.com\/es\/wp-json\/wp\/v2\/product_tag?post=1307"}],"curies":[{"name":"wp","href":"https:\/\/api.w.org\/{rel}","templated":true}]}}