{"id":1223,"date":"2024-12-01T06:56:32","date_gmt":"2024-12-01T06:56:32","guid":{"rendered":"https:\/\/pearlswholesaler.com\/?post_type=product&#038;p=1223"},"modified":"2025-10-02T23:19:33","modified_gmt":"2025-10-02T23:19:33","slug":"wholesale-47-inches-pearl-necklace-aaa-quality","status":"publish","type":"product","link":"https:\/\/www.pearlswholesaler.com\/es\/product\/wholesale-47-inches-pearl-necklace-aaa-quality\/","title":{"rendered":"Collar de perlas de agua dulce blancas redondas de 7-8mm, 47 pulgadas, Calidad AAA"},"content":{"rendered":"<p>Experimenta un estilo de lujo con la colecci\u00f3n de perlas de agua dulce blancas redondas de 7-8mm, Calidad AAA. Nos encanta este hermoso dise\u00f1o, con una amplia selecci\u00f3n de perlas que parecen tener un exterior absolutamente impecable y un brillo que te hace confiar en la belleza cl\u00e1sica de esto. Esta pieza impresionante es un collar de perlas de 47 pulgadas que realza cualquier conjunto.<\/p>\n<p>Estas perlas tienen un tama\u00f1o entre 7-8mm y son justo la cantidad perfecta para causar impacto sin dominar tu look, son sutiles pero no demasiado.<\/p>\n<p><img loading=\"lazy\" decoding=\"async\" class=\"size-full wp-image-1224 aligncenter\" src=\"https:\/\/www.pearlswholesaler.com\/wp-content\/uploads\/2024\/12\/120cm.webp\" alt=\"Collar de perlas de agua dulce blancas redondas de 7-8mm, cierre de cobre, 47 pulgadas\" width=\"1080\" height=\"1735\" title=\"\" srcset=\"https:\/\/www.pearlswholesaler.com\/wp-content\/uploads\/2024\/12\/120cm.webp 1080w, https:\/\/www.pearlswholesaler.com\/wp-content\/uploads\/2024\/12\/120cm-187x300.webp 187w, https:\/\/www.pearlswholesaler.com\/wp-content\/uploads\/2024\/12\/120cm-637x1024.webp 637w, https:\/\/www.pearlswholesaler.com\/wp-content\/uploads\/2024\/12\/120cm-768x1234.webp 768w, https:\/\/www.pearlswholesaler.com\/wp-content\/uploads\/2024\/12\/120cm-956x1536.webp 956w, https:\/\/www.pearlswholesaler.com\/wp-content\/uploads\/2024\/12\/120cm-600x964.webp 600w\" sizes=\"auto, (max-width: 1080px) 100vw, 1080px\" \/><\/p>\n<p>Con su versatilidad y elegancia, este impresionante collar de perlas de 47 pulgadas es ideal tanto para entornos formales como informales.<\/p>\n<p>Forma: Perla redonda El deseo cl\u00e1sico de las perlas que representan perfecci\u00f3n y equilibrio (shhh\u2026 s\u00e9 lo que est\u00e1s pensando).<\/p>\n<p>Proceso de cierre: Posicionado y unido con un robusto cierre de cobre, esto durar\u00e1 tanto como la vida requiera su uso.<\/p>\n<p>La realmente grande y alcanza una longitud perfecta \u2014 47 pulgadas para ser exactos, este collar marcar\u00e1 una gran diferencia (estilismo desde un solo lazo hasta m\u00faltiples vueltas).<\/p>\n<p>Esto es un testimonio de c\u00f3mo lucen las perlas cuando est\u00e1n cuidadosamente ensartadas y anudadas para evitar que se deshilachen y para preservar esa belleza individual de la belleza natural que son.<\/p>\n<p>Ya sea que lo uses como una pieza diaria, o para vestir tu atuendo, es decir, en cualquier momento porque es el accesorio perfecto, es tan elegante que hace un regalo elegante o un capricho de tus seres queridos.<\/p>\n<p>Mant\u00e9n tus perlas luciendo impresionantes, necesitan ser almacenadas en una bolsa suave lejos de la luz solar directa y productos qu\u00edmicos como perfumes y cosm\u00e9ticos que tambi\u00e9n hayas tocado. La limpieza regular con un pa\u00f1o suave y h\u00famedo ayudar\u00e1 a mantenerlas lo m\u00e1s naturales posible.<\/p>\n<ul>\n<li>Embalaje: Bolsa de polietileno\/Estuche de joyer\u00eda\/Caja de joyer\u00eda<\/li>\n<li>Tiempo de entrega: 3-10 d\u00edas h\u00e1biles<\/li>\n<li>Env\u00edo: DHL\/Fedex\/UPS\/EMS<\/li>\n<li>Condiciones de pago: Transferencia bancaria, Paypal, Western Union, Alipay, TT;<\/li>\n<li>Condiciones de pago: EXW, FOB Shanghai; El comprador es responsable de los gastos de env\u00edo<\/li>\n<\/ul>","protected":false},"excerpt":{"rendered":"<ul>\n<li><strong>Calidad de la perla<\/strong>: Perlas de agua dulce de grado AAA<\/li>\n<li><strong>Tama\u00f1o de la perla<\/strong>: 5-6mm<\/li>\n<li><strong>Forma de la perla<\/strong>: Redonda<\/li>\n<li><strong>Color de la perla<\/strong>: Blanco<\/li>\n<li><strong>Longitud<\/strong>: 47 pulgadas<\/li>\n<li><strong>Cierre<\/strong>\uff1aCierre de cobre<\/li>\n<\/ul>","protected":false},"featured_media":1224,"template":"","meta":{"_kad_blocks_custom_css":"","_kad_blocks_head_custom_js":"","_kad_blocks_body_custom_js":"","_kad_blocks_footer_custom_js":"","_kadence_starter_templates_imported_post":false,"_kad_post_transparent":"default","_kad_post_title":"","_kad_post_layout":"default","_kad_post_sidebar_id":"","_kad_post_content_style":"default","_kad_post_vertical_padding":"default","_kad_post_feature":"","_kad_post_feature_position":"","_kad_post_header":false,"_kad_post_footer":false,"_kad_post_classname":"","jetpack_publicize_message":"","jetpack_publicize_feature_enabled":true,"jetpack_social_post_already_shared":false,"jetpack_social_options":{"image_generator_settings":{"template":"highway","default_image_id":0,"font":"","enabled":false},"version":2}},"product_brand":[],"product_cat":[25],"product_tag":[108,134,26,27],"class_list":{"0":"post-1223","1":"product","2":"type-product","3":"status-publish","4":"has-post-thumbnail","6":"product_cat-pearl-necklaces","7":"product_tag-aaa-pearl","8":"product_tag-knotted-pearl-necklace","9":"product_tag-round-pearl","10":"product_tag-white-pearl","11":"pa_pearl-color-white-pearl","12":"pa_pearl-shape-round-pearl","13":"pa_pearl-size-7mm","14":"pa_pearl-size-8mm","15":"pa_pearl-type-freshwater-pearl","17":"first","18":"instock","19":"shipping-taxable","20":"product-type-simple","21":"entry","22":"content-bg","23":"loop-entry"},"jetpack_publicize_connections":[],"taxonomy_info":{"product_cat":[{"value":25,"label":"Pearl Necklace"}],"product_tag":[{"value":108,"label":"AAA pearl"},{"value":134,"label":"knotted pearl necklace"},{"value":26,"label":"round pearl"},{"value":27,"label":"white pearl"}],"pa_pearl-color":[{"value":66,"label":"White Pearl"}],"pa_pearl-shape":[{"value":68,"label":"Round Pearl"}],"pa_pearl-size":[{"value":70,"label":"7mm"},{"value":71,"label":"8mm"}],"pa_pearl-type":[{"value":69,"label":"Freshwater Pearl"}]},"featured_image_src_large":["https:\/\/www.pearlswholesaler.com\/wp-content\/uploads\/2024\/12\/120cm-637x1024.webp",637,1024,true],"author_info":[],"comment_info":"","_links":{"self":[{"href":"https:\/\/www.pearlswholesaler.com\/es\/wp-json\/wp\/v2\/product\/1223","targetHints":{"allow":["GET"]}}],"collection":[{"href":"https:\/\/www.pearlswholesaler.com\/es\/wp-json\/wp\/v2\/product"}],"about":[{"href":"https:\/\/www.pearlswholesaler.com\/es\/wp-json\/wp\/v2\/types\/product"}],"wp:featuredmedia":[{"embeddable":true,"href":"https:\/\/www.pearlswholesaler.com\/es\/wp-json\/wp\/v2\/media\/1224"}],"wp:attachment":[{"href":"https:\/\/www.pearlswholesaler.com\/es\/wp-json\/wp\/v2\/media?parent=1223"}],"wp:term":[{"taxonomy":"product_brand","embeddable":true,"href":"https:\/\/www.pearlswholesaler.com\/es\/wp-json\/wp\/v2\/product_brand?post=1223"},{"taxonomy":"product_cat","embeddable":true,"href":"https:\/\/www.pearlswholesaler.com\/es\/wp-json\/wp\/v2\/product_cat?post=1223"},{"taxonomy":"product_tag","embeddable":true,"href":"https:\/\/www.pearlswholesaler.com\/es\/wp-json\/wp\/v2\/product_tag?post=1223"}],"curies":[{"name":"wp","href":"https:\/\/api.w.org\/{rel}","templated":true}]}}