{"id":926,"date":"2024-11-25T06:01:53","date_gmt":"2024-11-25T06:01:53","guid":{"rendered":"https:\/\/pearlswholesaler.com\/?page_id=926"},"modified":"2024-12-10T03:21:38","modified_gmt":"2024-12-10T03:21:38","slug":"privacy-policy","status":"publish","type":"page","link":"https:\/\/www.pearlswholesaler.com\/es\/privacy-policy\/","title":{"rendered":"Pol\u00edtica de Privacidad"},"content":{"rendered":"<p><strong>La privacidad importa en la f\u00e1brica de artesan\u00edas de perlas Changzhou Xinye<\/strong><\/p>\n\n\n\n<p>Entendemos que la privacidad de los datos es una preocupaci\u00f3n cr\u00edtica en la era digital actual, y estamos comprometidos a garantizar que su interacci\u00f3n con Changzhou Xinye Pearl Crafts Factory sea tanto agradable como segura. Valoramos sus Datos Personales y estamos dedicados a protegerlos.<\/p>\n\n\n\n<p><strong>Resumen del procesamiento de Datos Personales<\/strong><\/p>\n\n\n\n<p>Aqu\u00ed encontrar\u00e1 una visi\u00f3n general de c\u00f3mo manejamos sus Datos Personales, los prop\u00f3sitos para los cuales se procesan y los beneficios que obtiene de ello. Tambi\u00e9n describimos sus derechos y c\u00f3mo puede ponerse en contacto con nosotros.<\/p>\n\n\n\n<p><strong>Actualizaciones de esta Pol\u00edtica de Privacidad<\/strong><\/p>\n\n\n\n<p>A medida que evoluciona nuestro negocio y panorama tecnol\u00f3gico, puede ser necesario actualizar esta Pol\u00edtica de Privacidad. Le recomendamos revisarla regularmente para mantenerse informado sobre c\u00f3mo Changzhou Xinye Pearl Crafts Factory utiliza sus Datos Personales.<\/p>\n\n\n\n<p><strong>\u00bfMenor de 13 a\u00f1os?<\/strong><\/p>\n\n\n\n<p>Si tiene menos de 13 a\u00f1os, le solicitamos amablemente que espere hasta ser mayor para interactuar con nosotros o que un padre o tutor se ponga en contacto con nosotros en su nombre. No podemos recopilar ni usar sus Datos Personales sin su consentimiento.<\/p>\n\n\n\n<p><strong>\u00bfPor qu\u00e9 procesamos sus Datos Personales?<\/strong><\/p>\n\n\n\n<p>Procesamos sus Datos Personales, incluyendo cualquier dato personal sensible que proporcione, con su consentimiento para comunicarnos con usted, cumplir con sus \u00f3rdenes de compra, responder a consultas y proporcionar informaci\u00f3n sobre Changzhou Xinye Pearl Crafts Factory y nuestros productos. Tambi\u00e9n procesamos sus Datos Personales para cumplir con obligaciones legales, vender o transferir partes de nuestro negocio, gestionar nuestros sistemas y finanzas, realizar investigaciones y ejercer derechos legales. Combinamos sus Datos Personales de diversas fuentes para entenderle mejor y mejorar su experiencia al interactuar con nosotros.<\/p>\n\n\n\n<p><strong>\u00bfQui\u00e9n puede acceder a sus Datos Personales y por qu\u00e9?<\/strong><\/p>\n\n\n\n<p>Limitamos la divulgaci\u00f3n de sus Datos Personales a otros, pero puede ser necesario divulgarlo en ciertos casos, principalmente a:<\/p>\n\n\n\n<ul class=\"wp-block-list\">\n<li>Empresas dentro de Changzhou Xinye Pearl Crafts Factory, cuando sea necesario para nuestros intereses leg\u00edtimos o con su consentimiento;<\/li>\n\n\n\n<li>Terceros contratados para proporcionar servicios como administrar nuestros sitios web, aplicaciones y servicios, sujetos a protecciones adecuadas;<\/li>\n\n\n\n<li>Agencias de informes crediticios\/cobradores, cuando la ley lo permita y si es necesario para verificar la solvencia o cobrar facturas pendientes;<\/li>\n\n\n\n<li>Agencias p\u00fablicas y autoridades relevantes, si la ley lo requiere o por intereses comerciales leg\u00edtimos.<\/li>\n<\/ul>\n\n\n\n<p><strong>Seguridad y retenci\u00f3n de datos<\/strong><\/p>\n\n\n\n<p>Empleamos una variedad de medidas para mantener sus Datos Personales confidenciales y seguros, incluyendo restringir el acceso solo a quienes lo necesitan y cumplir con est\u00e1ndares de seguridad para proteger sus datos.<\/p>\n\n\n\n<p>Tomamos todas las medidas razonables para garantizar que sus Datos Personales se procesen durante el per\u00edodo m\u00ednimo necesario en relaci\u00f3n con los prop\u00f3sitos descritos en esta Pol\u00edtica de Privacidad, cualquier prop\u00f3sito adicional notificado o seg\u00fan lo requiera la ley. Una vez que sus Datos Personales ya no sean necesarios, los destruiremos o eliminaremos de forma segura.<\/p>\n\n\n\n<p><strong>Cont\u00e1ctenos<\/strong><\/p>\n\n\n\n<p>Changzhou Xinye Pearl Crafts Factory act\u00faa como el \u201cresponsable\u201d de sus Datos Personales procesados en virtud de, o en relaci\u00f3n con, esta Pol\u00edtica de Privacidad. Si tiene alguna pregunta o comentario sobre esta Pol\u00edtica de Privacidad o nuestras pr\u00e1cticas de recopilaci\u00f3n y procesamiento de Datos Personales, por favor cont\u00e1ctenos o env\u00edenos un correo a info@changzhouxinye.com.<\/p>\n\n\n\n<p>F\u00e1brica de Artesan\u00edas de Perlas Changzhou Xinye<\/p>\n\n\n\n<p>No. 510, Daqiaotou, Aldea Chaoyang, Town de Hengshanqiao, Distrito de Desarrollo Econ\u00f3mico<br>Ciudad de Changzhou, Provincia de Jiangsu, China<\/p>","protected":false},"excerpt":{"rendered":"<p>La privacidad importa en la f\u00e1brica de Pearl Crafts Changzhou Xinye. Entendemos que la privacidad de los datos es una preocupaci\u00f3n fundamental en la era digital actual y estamos comprometidos a garantizar que su interacci\u00f3n con la f\u00e1brica de Pearl Crafts Changzhou Xinye sea tanto agradable como segura. Valoramos sus Datos Personales y estamos dedicados a protegerlos. Resumen de Datos Personales\u2026<\/p>","protected":false},"author":1,"featured_media":0,"parent":0,"menu_order":0,"comment_status":"closed","ping_status":"closed","template":"","meta":{"_kad_blocks_custom_css":"","_kad_blocks_head_custom_js":"","_kad_blocks_body_custom_js":"","_kad_blocks_footer_custom_js":"","_kadence_starter_templates_imported_post":false,"_kad_post_transparent":"","_kad_post_title":"","_kad_post_layout":"","_kad_post_sidebar_id":"","_kad_post_content_style":"","_kad_post_vertical_padding":"","_kad_post_feature":"","_kad_post_feature_position":"","_kad_post_header":false,"_kad_post_footer":false,"_kad_post_classname":"","footnotes":""},"class_list":["post-926","page","type-page","status-publish","hentry"],"taxonomy_info":[],"featured_image_src_large":false,"author_info":{"display_name":"Xinye Pearl","author_link":"https:\/\/www.pearlswholesaler.com\/es\/author\/ameliagaojungooglemail-com\/"},"comment_info":0,"_links":{"self":[{"href":"https:\/\/www.pearlswholesaler.com\/es\/wp-json\/wp\/v2\/pages\/926","targetHints":{"allow":["GET"]}}],"collection":[{"href":"https:\/\/www.pearlswholesaler.com\/es\/wp-json\/wp\/v2\/pages"}],"about":[{"href":"https:\/\/www.pearlswholesaler.com\/es\/wp-json\/wp\/v2\/types\/page"}],"author":[{"embeddable":true,"href":"https:\/\/www.pearlswholesaler.com\/es\/wp-json\/wp\/v2\/users\/1"}],"replies":[{"embeddable":true,"href":"https:\/\/www.pearlswholesaler.com\/es\/wp-json\/wp\/v2\/comments?post=926"}],"version-history":[{"count":0,"href":"https:\/\/www.pearlswholesaler.com\/es\/wp-json\/wp\/v2\/pages\/926\/revisions"}],"wp:attachment":[{"href":"https:\/\/www.pearlswholesaler.com\/es\/wp-json\/wp\/v2\/media?parent=926"}],"curies":[{"name":"wp","href":"https:\/\/api.w.org\/{rel}","templated":true}]}}