{"id":4189,"date":"2026-03-01T09:35:31","date_gmt":"2026-03-01T09:35:31","guid":{"rendered":"https:\/\/www.pearlswholesaler.com\/?page_id=4189"},"modified":"2026-03-01T09:35:33","modified_gmt":"2026-03-01T09:35:33","slug":"privacy-policy-for-pearl-strand-calculator","status":"publish","type":"page","link":"https:\/\/www.pearlswholesaler.com\/es\/privacy-policy-for-pearl-strand-calculator\/","title":{"rendered":"Pol\u00edtica de Privacidad para Pearl Strand Calculator | Xinye"},"content":{"rendered":"<style>.wp-block-kadence-advancedheading.kt-adv-heading4189_f663c2-41_0, .wp-block-kadence-advancedheading.kt-adv-heading4189_f663c2-41_0[data-kb-block=\"kb-adv-heading4189_f663c2-41_0\"]{font-style:normal;}.wp-block-kadence-advancedheading.kt-adv-heading4189_f663c2-41_0 mark.kt-highlight, .wp-block-kadence-advancedheading.kt-adv-heading4189_f663c2-41_0[data-kb-block=\"kb-adv-heading4189_f663c2-41_0\"] mark.kt-highlight{font-style:normal;color:#f76a0c;-webkit-box-decoration-break:clone;box-decoration-break:clone;padding-top:0px;padding-right:0px;padding-bottom:0px;padding-left:0px;}.wp-block-kadence-advancedheading.kt-adv-heading4189_f663c2-41_0 img.kb-inline-image, .wp-block-kadence-advancedheading.kt-adv-heading4189_f663c2-41_0[data-kb-block=\"kb-adv-heading4189_f663c2-41_0\"] img.kb-inline-image{width:150px;vertical-align:baseline;}<\/style>\n<p class=\"kt-adv-heading4189_f663c2-41_0 wp-block-kadence-advancedheading\" data-kb-block=\"kb-adv-heading4189_f663c2-41_0\">The Pearl Strand Calculator Chrome extension does not collect, store, or transmit any personal data or browsing history.<\/p>\n\n\n<style>.wp-block-kadence-advancedheading.kt-adv-heading4189_f663c2-41_1, .wp-block-kadence-advancedheading.kt-adv-heading4189_f663c2-41_1[data-kb-block=\"kb-adv-heading4189_f663c2-41_1\"]{font-style:normal;}.wp-block-kadence-advancedheading.kt-adv-heading4189_f663c2-41_1 mark.kt-highlight, .wp-block-kadence-advancedheading.kt-adv-heading4189_f663c2-41_1[data-kb-block=\"kb-adv-heading4189_f663c2-41_1\"] mark.kt-highlight{font-style:normal;color:#f76a0c;-webkit-box-decoration-break:clone;box-decoration-break:clone;padding-top:0px;padding-right:0px;padding-bottom:0px;padding-left:0px;}.wp-block-kadence-advancedheading.kt-adv-heading4189_f663c2-41_1 img.kb-inline-image, .wp-block-kadence-advancedheading.kt-adv-heading4189_f663c2-41_1[data-kb-block=\"kb-adv-heading4189_f663c2-41_1\"] img.kb-inline-image{width:150px;vertical-align:baseline;}<\/style>\n<p class=\"kt-adv-heading4189_f663c2-41_1 wp-block-kadence-advancedheading\" data-kb-block=\"kb-adv-heading4189_f663c2-41_1\">The calculator runs entirely locally in your browser. It does not use analytics, tracking pixels, or third-party cookies. You do not need an account to calculate strand layouts.<\/p>\n\n\n<style>.wp-block-kadence-advancedheading.kt-adv-heading4189_f663c2-41_2, .wp-block-kadence-advancedheading.kt-adv-heading4189_f663c2-41_2[data-kb-block=\"kb-adv-heading4189_f663c2-41_2\"]{font-style:normal;}.wp-block-kadence-advancedheading.kt-adv-heading4189_f663c2-41_2 mark.kt-highlight, .wp-block-kadence-advancedheading.kt-adv-heading4189_f663c2-41_2[data-kb-block=\"kb-adv-heading4189_f663c2-41_2\"] mark.kt-highlight{font-style:normal;color:#f76a0c;-webkit-box-decoration-break:clone;box-decoration-break:clone;padding-top:0px;padding-right:0px;padding-bottom:0px;padding-left:0px;}.wp-block-kadence-advancedheading.kt-adv-heading4189_f663c2-41_2 img.kb-inline-image, .wp-block-kadence-advancedheading.kt-adv-heading4189_f663c2-41_2[data-kb-block=\"kb-adv-heading4189_f663c2-41_2\"] img.kb-inline-image{width:150px;vertical-align:baseline;}<\/style>\n<p class=\"kt-adv-heading4189_f663c2-41_2 wp-block-kadence-advancedheading\" data-kb-block=\"kb-adv-heading4189_f663c2-41_2\">The extension includes a static link to pearlswholesaler.com. If you click this link, your visit to the website falls under our standard website privacy policy.<\/p>\n\n\n<style>.wp-block-kadence-advancedheading.kt-adv-heading4189_f663c2-41_3, .wp-block-kadence-advancedheading.kt-adv-heading4189_f663c2-41_3[data-kb-block=\"kb-adv-heading4189_f663c2-41_3\"]{font-style:normal;}.wp-block-kadence-advancedheading.kt-adv-heading4189_f663c2-41_3 mark.kt-highlight, .wp-block-kadence-advancedheading.kt-adv-heading4189_f663c2-41_3[data-kb-block=\"kb-adv-heading4189_f663c2-41_3\"] mark.kt-highlight{font-style:normal;color:#f76a0c;-webkit-box-decoration-break:clone;box-decoration-break:clone;padding-top:0px;padding-right:0px;padding-bottom:0px;padding-left:0px;}.wp-block-kadence-advancedheading.kt-adv-heading4189_f663c2-41_3 img.kb-inline-image, .wp-block-kadence-advancedheading.kt-adv-heading4189_f663c2-41_3[data-kb-block=\"kb-adv-heading4189_f663c2-41_3\"] img.kb-inline-image{width:150px;vertical-align:baseline;}<\/style>\n<p class=\"kt-adv-heading4189_f663c2-41_3 wp-block-kadence-advancedheading\" data-kb-block=\"kb-adv-heading4189_f663c2-41_3\">For questions about this tool, contact us at: info@pearlswholesaler.com<\/p>\n","protected":false},"excerpt":{"rendered":"<p>La extensi\u00f3n de Chrome del Calculador de Hilos de Perlas no recopila, almacena ni transmite ning\u00fan dato personal ni historial de navegaci\u00f3n. El calculador funciona completamente de manera local en tu navegador. No utiliza an\u00e1lisis, p\u00edxeles de seguimiento ni cookies de terceros. No necesitas una cuenta para calcular dise\u00f1os de hilos. La extensi\u00f3n incluye un enlace est\u00e1tico a pearlswholesaler.com. Si\u2026<\/p>","protected":false},"author":1,"featured_media":0,"parent":0,"menu_order":0,"comment_status":"closed","ping_status":"closed","template":"","meta":{"_kad_blocks_custom_css":"","_kad_blocks_head_custom_js":"","_kad_blocks_body_custom_js":"","_kad_blocks_footer_custom_js":"","_kadence_starter_templates_imported_post":false,"_kad_post_transparent":"","_kad_post_title":"","_kad_post_layout":"","_kad_post_sidebar_id":"","_kad_post_content_style":"","_kad_post_vertical_padding":"","_kad_post_feature":"","_kad_post_feature_position":"","_kad_post_header":false,"_kad_post_footer":false,"_kad_post_classname":"","footnotes":""},"class_list":["post-4189","page","type-page","status-publish","hentry"],"taxonomy_info":[],"featured_image_src_large":false,"author_info":{"display_name":"Xinye Pearl","author_link":"https:\/\/www.pearlswholesaler.com\/es\/author\/ameliagaojungooglemail-com\/"},"comment_info":0,"_links":{"self":[{"href":"https:\/\/www.pearlswholesaler.com\/es\/wp-json\/wp\/v2\/pages\/4189","targetHints":{"allow":["GET"]}}],"collection":[{"href":"https:\/\/www.pearlswholesaler.com\/es\/wp-json\/wp\/v2\/pages"}],"about":[{"href":"https:\/\/www.pearlswholesaler.com\/es\/wp-json\/wp\/v2\/types\/page"}],"author":[{"embeddable":true,"href":"https:\/\/www.pearlswholesaler.com\/es\/wp-json\/wp\/v2\/users\/1"}],"replies":[{"embeddable":true,"href":"https:\/\/www.pearlswholesaler.com\/es\/wp-json\/wp\/v2\/comments?post=4189"}],"version-history":[{"count":0,"href":"https:\/\/www.pearlswholesaler.com\/es\/wp-json\/wp\/v2\/pages\/4189\/revisions"}],"wp:attachment":[{"href":"https:\/\/www.pearlswholesaler.com\/es\/wp-json\/wp\/v2\/media?parent=4189"}],"curies":[{"name":"wp","href":"https:\/\/api.w.org\/{rel}","templated":true}]}}