{"id":716,"date":"2024-11-20T11:01:44","date_gmt":"2024-11-20T11:01:44","guid":{"rendered":"https:\/\/pearlswholesaler.com\/?post_type=product&#038;p=716"},"modified":"2025-07-27T12:20:39","modified_gmt":"2025-07-27T12:20:39","slug":"5-6mm-white-round-freshwater-pearl-necklace-47-inches-aaa-grade","status":"publish","type":"product","link":"https:\/\/www.pearlswholesaler.com\/de\/product\/5-6mm-white-round-freshwater-pearl-necklace-47-inches-aaa-grade\/","title":{"rendered":"5-6mm wei\u00dfe runde S\u00fc\u00dfwasserperlenkette, 120 cm, AAA-Qualit\u00e4t"},"content":{"rendered":"<p><span id=\"input-sentence~0\">Best\u00fccken Sie Ihre Schaufenster mit einem Dauerbrenner: unsere AAA-Qualit\u00e4t 5-6 mm runde wei\u00dfe S\u00fc\u00dfwasserperlenkette, fertiggestellt in einer ununterbrochenen Opernl\u00e4nge von 47 Zoll. Dieses St\u00fcck ist f\u00fcr Volumenh\u00e4ndler konzipiert, die in jeder Lieferung guten Glanz, zuverl\u00e4ssige Einheitlichkeit und margenfreundliche Preise verlangen.<\/span><\/p>\n<p><img loading=\"lazy\" decoding=\"async\" class=\"size-full wp-image-1828 aligncenter\" src=\"https:\/\/www.pearlswholesaler.com\/wp-content\/uploads\/2025\/01\/5-6-120cm.webp\" alt=\"5-6mm wei\u00dfe runde S\u00fc\u00dfwasserperlenkette, 120 cm, AAA-Qualit\u00e4t\" width=\"750\" height=\"1000\" title=\"\" srcset=\"https:\/\/www.pearlswholesaler.com\/wp-content\/uploads\/2025\/01\/5-6-120cm.webp 750w, https:\/\/www.pearlswholesaler.com\/wp-content\/uploads\/2025\/01\/5-6-120cm-225x300.webp 225w, https:\/\/www.pearlswholesaler.com\/wp-content\/uploads\/2025\/01\/5-6-120cm-600x800.webp 600w\" sizes=\"auto, (max-width: 750px) 100vw, 750px\" \/><\/p>\n<p><span id=\"input-sentence~1\"><strong>Perlenqualit\u00e4t<\/strong>: <\/span><span id=\"input-sentence~1\">Jede Perle wird handverlesen nach AAA-Attributen \u2013 guter Glanz, wenige Oberfl\u00e4chenfehler und dicke Nacre. Unter Tageslicht-\u00c4quivalent mit 5500 K zeigt jede Perle scharfen, reflektierenden Glanz, der f\u00fcr E-Commerce-Fotografie und Ladenspotlights wundersch\u00f6n fotografiert wird.<\/span><\/p>\n<p><span id=\"input-sentence~1\"><strong>Gr\u00f6\u00dfe &amp; Form: <\/strong>Mit 5-6 mm treffen die Perlen den kommerziellen \u201eSweet Spot\u201c zwischen zart und auff\u00e4llig.<\/span><span id=\"input-sentence~2\"> Sichert \u226595 %-Rundheit, sodass die Kette reibungslos rollt, ohne flache Stellen \u2013 entscheidend f\u00fcr hochwertige visuelle Pr\u00e4sentation.<\/span><\/p>\n<p><strong>Farbe<\/strong>: Ein neutrales Wei\u00df mit subtilen Ros\u00e9-\u00dcbertones l\u00e4sst sich m\u00fchelos mit Gelb-, Wei\u00df- oder Ros\u00e9goldverschl\u00fcssen kombinieren, sodass Sie austauschbare Fassungsteile h\u00f6her verkaufen k\u00f6nnen. Der Ton bleibt lot-zu-Lot konstant, was die Farbangleichung vereinfacht und die in niedrigeren Qualit\u00e4ten \u00fcblichen Farbmatching-Probleme vermeidet.<span id=\"aidr-input-non-human-chunk\"><\/span><span id=\"input-sentence~3\"><\/span><\/p>\n<p><strong>L\u00e4nge &amp; Konstruktion: <\/strong>Maximale Styling-Vielseitigkeit bietet die 47-Zoll-Perlenkette, die Kunden mit k\u00fcrzeren St\u00fccken schichten, f\u00fcr einen Flapper-Look knoten oder doppelt f\u00fcr einen 8-mm-Look tragen k\u00f6nnen. Es ist kein Nachziehen erforderlich, da die Seide bereits gestreckt und zwischen jeder Perle doppelt geknotet ist, bereit f\u00fcr den sofortigen Weiterverkauf.<\/p>\n<ul>\n<li>Verpackung: Polybeutel \/ Schmuckbeutel \/ Schmuckschatulle<\/li>\n<li>Lieferzeit: 3-10 Werktage<\/li>\n<li>Versand: DHL\/Fedex\/UPS\/EMS<\/li>\n<li>Zahlungsbedingungen: Bank\u00fcberweisung PayPal\/ Western Union\/Alipay\/TT;<\/li>\n<li>Zahlungsbedingungen: EXW, FOB Shanghai; Der K\u00e4ufer ist f\u00fcr die Versandkosten verantwortlich<\/li>\n<\/ul>","protected":false},"excerpt":{"rendered":"<ul>\n<li><strong>Perlenqualit\u00e4t:<\/strong> AAA-Qualit\u00e4t<\/li>\n<li><strong>Gr\u00f6\u00dfe:<\/strong> 5-6mm<\/li>\n<li><strong>Form:<\/strong> Rund<\/li>\n<li><strong>Farbe:<\/strong> Wei\u00df<\/li>\n<li><strong>L\u00e4nge:<\/strong> 47 Zoll<\/li>\n<\/ul>","protected":false},"featured_media":717,"template":"","meta":{"_kad_blocks_custom_css":"","_kad_blocks_head_custom_js":"","_kad_blocks_body_custom_js":"","_kad_blocks_footer_custom_js":"","_kadence_starter_templates_imported_post":false,"_kad_post_transparent":"default","_kad_post_title":"","_kad_post_layout":"default","_kad_post_sidebar_id":"","_kad_post_content_style":"unboxed","_kad_post_vertical_padding":"show","_kad_post_feature":"","_kad_post_feature_position":"","_kad_post_header":false,"_kad_post_footer":false,"_kad_post_classname":"","jetpack_publicize_message":"","jetpack_publicize_feature_enabled":true,"jetpack_social_post_already_shared":false,"jetpack_social_options":{"image_generator_settings":{"template":"highway","default_image_id":0,"font":"","enabled":false},"version":2}},"product_brand":[],"product_cat":[25],"product_tag":[125,123],"class_list":{"0":"post-716","1":"product","2":"type-product","3":"status-publish","4":"has-post-thumbnail","6":"product_cat-pearl-necklaces","7":"product_tag-round-pearl-necklace","8":"product_tag-white-pearl-necklace","9":"pa_pearl-color-white-pearl","10":"pa_pearl-shape-round-pearl","11":"pa_pearl-size-5mm-pearl-jewelry","12":"pa_pearl-size-6mm","13":"pa_pearl-type-freshwater-pearl","15":"first","16":"instock","17":"shipping-taxable","18":"product-type-simple","19":"entry","20":"content-bg","21":"loop-entry"},"jetpack_publicize_connections":[],"taxonomy_info":{"product_cat":[{"value":25,"label":"Pearl Necklace"}],"product_tag":[{"value":125,"label":"round pearl necklace"},{"value":123,"label":"white pearl necklace"}],"pa_pearl-color":[{"value":66,"label":"White Pearl"}],"pa_pearl-shape":[{"value":68,"label":"Round Pearl"}],"pa_pearl-size":[{"value":67,"label":"5mm"},{"value":77,"label":"6mm"}],"pa_pearl-type":[{"value":69,"label":"Freshwater Pearl"}]},"featured_image_src_large":["https:\/\/www.pearlswholesaler.com\/wp-content\/uploads\/2024\/11\/5-6-120cm.jpg",750,1000,false],"author_info":[],"comment_info":"","_links":{"self":[{"href":"https:\/\/www.pearlswholesaler.com\/de\/wp-json\/wp\/v2\/product\/716","targetHints":{"allow":["GET"]}}],"collection":[{"href":"https:\/\/www.pearlswholesaler.com\/de\/wp-json\/wp\/v2\/product"}],"about":[{"href":"https:\/\/www.pearlswholesaler.com\/de\/wp-json\/wp\/v2\/types\/product"}],"wp:featuredmedia":[{"embeddable":true,"href":"https:\/\/www.pearlswholesaler.com\/de\/wp-json\/wp\/v2\/media\/717"}],"wp:attachment":[{"href":"https:\/\/www.pearlswholesaler.com\/de\/wp-json\/wp\/v2\/media?parent=716"}],"wp:term":[{"taxonomy":"product_brand","embeddable":true,"href":"https:\/\/www.pearlswholesaler.com\/de\/wp-json\/wp\/v2\/product_brand?post=716"},{"taxonomy":"product_cat","embeddable":true,"href":"https:\/\/www.pearlswholesaler.com\/de\/wp-json\/wp\/v2\/product_cat?post=716"},{"taxonomy":"product_tag","embeddable":true,"href":"https:\/\/www.pearlswholesaler.com\/de\/wp-json\/wp\/v2\/product_tag?post=716"}],"curies":[{"name":"wp","href":"https:\/\/api.w.org\/{rel}","templated":true}]}}