{"id":4560,"date":"2026-04-28T02:34:32","date_gmt":"2026-04-28T02:34:32","guid":{"rendered":"https:\/\/www.pearlswholesaler.com\/?post_type=product&#038;p=4560"},"modified":"2026-04-29T00:14:18","modified_gmt":"2026-04-29T00:14:18","slug":"9-10mm-white-round-freshwater-pearl-earring-aaaa-grade-sterling-silver-china-pearl-manufacturer","status":"publish","type":"product","link":"https:\/\/www.pearlswholesaler.com\/de\/product\/9-10mm-white-round-freshwater-pearl-earring-aaaa-grade-sterling-silver-china-pearl-manufacturer\/","title":{"rendered":"9-10mm Wei\u00dfe Runde S\u00fc\u00dfwasserperle Ohrring | AAAA-Qualit\u00e4t Sterlingsilber | China Perlenhersteller"},"content":{"rendered":"<p>Wir sind ein S\u00fc\u00dfwasserperlenhersteller mit Sitz in Changzhou, China, mit unserer Zuchtbasis in Maanshan Hexian, Anhui. Dieser Perlenohrring verf\u00fcgt \u00fcber 9-10mm wei\u00dfe runde Perlen auf einem 925er Sterlingsilberfassung. Die Qualit\u00e4t ist AAAA \u2014 fast an der Spitze unserer internen Skala, mit sehr sauberer Oberfl\u00e4che und scharfem Glanz.<\/p>\n<p style=\"text-align: center;\"><img decoding=\"async\" class=\"aligncenter size-full\" src=\"https:\/\/www.pearlswholesaler.com\/wp-content\/uploads\/2026\/04\/cover_ddfe44b291ad05f311b8464c7858a1e017bad7502858974fb1f033e315996c69.jpeg\" alt=\"9-10mm Wei\u00dfe Runde S\u00fc\u00dfwasserperle Ohrring | AAAA-Qualit\u00e4t Sterlingsilber | China Perlenhersteller - China Perlenhersteller\" title=\"\"><\/p>\n<p>Die Gr\u00f6\u00dfe 9-10mm ist die vielseitigste f\u00fcr Ohrringe. Sie f\u00e4ngt das Licht ein, ohne \u00fcbergro\u00df zu wirken. Der Glanz ist scharf und spiegel\u00e4hnlich bei sauberen Exemplaren. Die Oberfl\u00e4che weist unter normalem Betrachtungsabstand keine sichtbaren M\u00e4ngel auf.<\/p>\n<p>Diese Ohrringe werden mit einem Standard-Druckverschluss oder Haken geliefert \u2014 geben Sie bei der Bestellung Ihre Pr\u00e4ferenz an. Die Stifte aus 925er Silber sind gestempelt und getestet.<\/p>\n<p><strong>FAQ: <\/strong><\/p>\n<p><strong>F: Kann ich passende St\u00fccke bekommen?<\/strong><br \/>\nA: Ja. Wir k\u00f6nnen passende Ohrringe, einen Anh\u00e4nger oder einen Ring aus derselben Perlencharge herstellen. Geben Sie uns die SKU und das Finish an, das Sie w\u00fcnschen \u2014 wir pr\u00fcfen den Lagerbestand und best\u00e4tigen die Verf\u00fcgbarkeit. Gemischte Bestellungen unterliegen weiterhin der MOQ von 10 St\u00fcck f\u00fcr individuelle Oberfl\u00e4chenbehandlung.<\/p>\n<p>Geeignet f\u00fcr Boutique-Schmuckh\u00e4ndler und Online-H\u00e4ndler. AAAA-Qualit\u00e4t bei 9-10mm beh\u00e4lt den Einzelhandelswert gut. Wei\u00df ist unsere st\u00e4rkste Farbvariante \u2014 passt zu jedem Metallfinish. Gro\u00dfhandelspreise sind f\u00fcr Bestellungen von 10 oder mehr Einheiten erh\u00e4ltlich.<\/p>","protected":false},"excerpt":{"rendered":"<p>Perlenqualit\u00e4t: AAAA-Qualit\u00e4t<br \/>\nPerlengr\u00f6\u00dfe: 9-10mm<br \/>\nPerlenform: Rund<br \/>\nPerlenfarbe: Wei\u00df<\/p>","protected":false},"featured_media":4559,"template":"","meta":{"_kad_blocks_custom_css":"","_kad_blocks_head_custom_js":"","_kad_blocks_body_custom_js":"","_kad_blocks_footer_custom_js":"","_kadence_starter_templates_imported_post":false,"_kad_post_transparent":"default","_kad_post_title":"","_kad_post_layout":"default","_kad_post_sidebar_id":"","_kad_post_content_style":"default","_kad_post_vertical_padding":"default","_kad_post_feature":"","_kad_post_feature_position":"","_kad_post_header":false,"_kad_post_footer":false,"_kad_post_classname":"","jetpack_publicize_message":"","jetpack_publicize_feature_enabled":true,"jetpack_social_post_already_shared":true,"jetpack_social_options":{"image_generator_settings":{"template":"highway","default_image_id":0,"font":"","enabled":false},"version":2}},"product_brand":[],"product_cat":[63],"product_tag":[26,27,121],"class_list":{"0":"post-4560","1":"product","2":"type-product","3":"status-publish","4":"has-post-thumbnail","6":"product_cat-pearl-earrings","7":"product_tag-round-pearl","8":"product_tag-white-pearl","9":"product_tag-white-pearl-earring","11":"first","12":"instock","13":"shipping-taxable","14":"purchasable","15":"product-type-simple","16":"entry","17":"content-bg","18":"loop-entry"},"jetpack_publicize_connections":[],"taxonomy_info":{"product_cat":[{"value":63,"label":"Pearl Earring"}],"product_tag":[{"value":26,"label":"round pearl"},{"value":27,"label":"white pearl"},{"value":121,"label":"white pearl earring"}]},"featured_image_src_large":["https:\/\/www.pearlswholesaler.com\/wp-content\/uploads\/2026\/04\/cover_ddfe44b291ad05f311b8464c7858a1e017bad7502858974fb1f033e315996c69.jpeg",800,800,false],"author_info":[],"comment_info":"","_links":{"self":[{"href":"https:\/\/www.pearlswholesaler.com\/de\/wp-json\/wp\/v2\/product\/4560","targetHints":{"allow":["GET"]}}],"collection":[{"href":"https:\/\/www.pearlswholesaler.com\/de\/wp-json\/wp\/v2\/product"}],"about":[{"href":"https:\/\/www.pearlswholesaler.com\/de\/wp-json\/wp\/v2\/types\/product"}],"wp:featuredmedia":[{"embeddable":true,"href":"https:\/\/www.pearlswholesaler.com\/de\/wp-json\/wp\/v2\/media\/4559"}],"wp:attachment":[{"href":"https:\/\/www.pearlswholesaler.com\/de\/wp-json\/wp\/v2\/media?parent=4560"}],"wp:term":[{"taxonomy":"product_brand","embeddable":true,"href":"https:\/\/www.pearlswholesaler.com\/de\/wp-json\/wp\/v2\/product_brand?post=4560"},{"taxonomy":"product_cat","embeddable":true,"href":"https:\/\/www.pearlswholesaler.com\/de\/wp-json\/wp\/v2\/product_cat?post=4560"},{"taxonomy":"product_tag","embeddable":true,"href":"https:\/\/www.pearlswholesaler.com\/de\/wp-json\/wp\/v2\/product_tag?post=4560"}],"curies":[{"name":"wp","href":"https:\/\/api.w.org\/{rel}","templated":true}]}}