{"id":4508,"date":"2026-04-19T01:05:01","date_gmt":"2026-04-19T01:05:01","guid":{"rendered":"https:\/\/www.pearlswholesaler.com\/?post_type=product&#038;p=4508"},"modified":"2026-05-02T08:28:28","modified_gmt":"2026-05-02T08:28:28","slug":"7-8mm-white-threaded-freshwater-pearl-strand-china-pearl-manufacturer-wholesale","status":"publish","type":"product","link":"https:\/\/www.pearlswholesaler.com\/de\/product\/7-8mm-white-threaded-freshwater-pearl-strand-china-pearl-manufacturer-wholesale\/","title":{"rendered":"7-8mm Wei\u00dfe Gewindeschnur-Kulturperlenkette | China Perlenhersteller Gro\u00dfhandel"},"content":{"rendered":"<p data-path-to-node=\"1\">Dies sind Standard-7-8mm S\u00fc\u00dfwasserperlen. Da sie AA-Qualit\u00e4t sind, sind sie eine solide Wahl f\u00fcr jemanden, der echte Perlen ohne den hohen Preis von Top-Qualit\u00e4tssteinen m\u00f6chte. Sie werden einige nat\u00fcrliche Oberfl\u00e4chenmerkmale sehen und die Formen sind nicht perfekt rund, aber sie haben einen sch\u00f6nen Glanz f\u00fcr Alltags-Schmuck. Sie kommen vorgekn\u00fcpft auf einer wei\u00dfen Schnur, was sie sofort tragbar oder f\u00fcr ein Projekt verwendbar macht. Sie sind keine museumsgerechte Qualit\u00e4t, aber aus normaler Entfernung sehen sie gro\u00dfartig aus.<\/p>\n<p>AA-Qualit\u00e4t weist etwas mehr Oberfl\u00e4chencharakter auf als AAA: leichte Wachstumsmerkmale und kleine Fleckvariationen, die bei Nahaufnahme sichtbar sind, aber bei Arml\u00e4nge kaum auffallen.<\/p>\n<p style=\"text-align: center;\"><img decoding=\"async\" class=\"aligncenter size-full\" src=\"https:\/\/www.pearlswholesaler.com\/wp-content\/uploads\/2026\/04\/cover_ef2def594ee6f8dc72b335914e1c1c74d1266652ee45d1ff374db521ebc55dc0.jpeg\" alt=\"7-8mm Wei\u00dfe Runde S\u00fc\u00dfwasserperlenkette | China Perlenhersteller Gro\u00dfhandel - China Perlenhersteller\" title=\"\"><\/p>\n<p>F: Was ist Ihre Mindestbestellmenge f\u00fcr diese Kette?<br \/>\nA: 10 Ketten auf Lager. F\u00fcr Sonderanfertigungen \u2014 unterschiedliche L\u00e4ngen, gemischte Farben oder spezielle Verschluss-Designs \u2014 liegt die MOQ normalerweise bei 10-20 Ketten, abh\u00e4ngig von den Spezifikationen.<\/p>\n<p>F: Verkaufen Sie nach Zoll oder nach Kette?<br \/>\nA: Nach Kette. Die Standardl\u00e4nge der Kette betr\u00e4gt 40 cm (16 Zoll). Wir k\u00f6nnen sie auf individuelle L\u00e4ngen f\u00fcr Anh\u00e4nger oder Ohrringe zuschneiden, ohne die MOQ zu \u00e4ndern.<\/p>\n<p>F: Wie handhaben Sie Qualit\u00e4tsstreitigkeiten?<br \/>\nA: Wir pr\u00fcfen jede Kette vor Versand. Wir bieten eine vollst\u00e4ndige R\u00fcckgabe- oder Ersatzgarantie, wenn die Massenproduktionsware nicht mit den best\u00e4tigten Mustern \u00fcbereinstimmt. Bitte melden Sie etwaige Probleme innerhalb von 7 Tagen nach Lieferung mit Fotos.<\/p>","protected":false},"excerpt":{"rendered":"<p>Perlenqualit\u00e4t: AA<br \/>\nPerlengr\u00f6\u00dfe: 7-8mm<br \/>\nPerlenform: Rund<br \/>\nPerlenfarbe: Wei\u00df<\/p>","protected":false},"featured_media":4507,"template":"","meta":{"_kad_blocks_custom_css":"","_kad_blocks_head_custom_js":"","_kad_blocks_body_custom_js":"","_kad_blocks_footer_custom_js":"","_kadence_starter_templates_imported_post":false,"_kad_post_transparent":"default","_kad_post_title":"","_kad_post_layout":"default","_kad_post_sidebar_id":"","_kad_post_content_style":"default","_kad_post_vertical_padding":"default","_kad_post_feature":"","_kad_post_feature_position":"","_kad_post_header":false,"_kad_post_footer":false,"_kad_post_classname":"","jetpack_publicize_message":"","jetpack_publicize_feature_enabled":true,"jetpack_social_post_already_shared":true,"jetpack_social_options":{"image_generator_settings":{"template":"highway","default_image_id":0,"font":"","enabled":false},"version":2}},"product_brand":[],"product_cat":[15],"product_tag":[],"class_list":{"0":"post-4508","1":"product","2":"type-product","3":"status-publish","4":"has-post-thumbnail","6":"product_cat-pearl-strands","8":"first","9":"instock","10":"shipping-taxable","11":"purchasable","12":"product-type-simple","13":"entry","14":"content-bg","15":"loop-entry"},"jetpack_publicize_connections":[],"taxonomy_info":{"product_cat":[{"value":15,"label":"Pearl Strand"}]},"featured_image_src_large":["https:\/\/www.pearlswholesaler.com\/wp-content\/uploads\/2026\/04\/cover_ef2def594ee6f8dc72b335914e1c1c74d1266652ee45d1ff374db521ebc55dc0.jpeg",800,800,false],"author_info":[],"comment_info":"","_links":{"self":[{"href":"https:\/\/www.pearlswholesaler.com\/de\/wp-json\/wp\/v2\/product\/4508","targetHints":{"allow":["GET"]}}],"collection":[{"href":"https:\/\/www.pearlswholesaler.com\/de\/wp-json\/wp\/v2\/product"}],"about":[{"href":"https:\/\/www.pearlswholesaler.com\/de\/wp-json\/wp\/v2\/types\/product"}],"wp:featuredmedia":[{"embeddable":true,"href":"https:\/\/www.pearlswholesaler.com\/de\/wp-json\/wp\/v2\/media\/4507"}],"wp:attachment":[{"href":"https:\/\/www.pearlswholesaler.com\/de\/wp-json\/wp\/v2\/media?parent=4508"}],"wp:term":[{"taxonomy":"product_brand","embeddable":true,"href":"https:\/\/www.pearlswholesaler.com\/de\/wp-json\/wp\/v2\/product_brand?post=4508"},{"taxonomy":"product_cat","embeddable":true,"href":"https:\/\/www.pearlswholesaler.com\/de\/wp-json\/wp\/v2\/product_cat?post=4508"},{"taxonomy":"product_tag","embeddable":true,"href":"https:\/\/www.pearlswholesaler.com\/de\/wp-json\/wp\/v2\/product_tag?post=4508"}],"curies":[{"name":"wp","href":"https:\/\/api.w.org\/{rel}","templated":true}]}}