{"id":4500,"date":"2026-04-17T01:05:55","date_gmt":"2026-04-17T01:05:55","guid":{"rendered":"https:\/\/www.pearlswholesaler.com\/?post_type=product&#038;p=4500"},"modified":"2026-04-17T10:34:08","modified_gmt":"2026-04-17T10:34:08","slug":"7-5-8mm-orange-purple-round-edison-pearl-strand-china-pearl-manufacturer","status":"publish","type":"product","link":"https:\/\/www.pearlswholesaler.com\/de\/product\/7-5-8mm-orange-purple-round-edison-pearl-strand-china-pearl-manufacturer\/","title":{"rendered":"7,5-8mm Orange\/Purple Runde Edison-Perlenkette | China Perlenhersteller"},"content":{"rendered":"<p>Frischwasser-Perlenhersteller mit Sitz in Changzhou, China. Wir betreiben eigene Perlenfarmen in Ma\u2019anshan Hexian, Provinz Anhui. Diese Kette ist auf unserer Skala mit AAAA bewertet \u2013 das ist fast die h\u00f6chste Stufe, nur knapp unter AAAAA.<\/p>\n<p style=\"text-align: center;\"><img decoding=\"async\" class=\"aligncenter size-full\" src=\"https:\/\/www.pearlswholesaler.com\/wp-content\/uploads\/2026\/04\/cover_85bbb72a40f26a10633d5ef8abe2c23bddafbcab2bf3245451b9adacf9427311.jpeg\" alt=\"7,5-8mm Orange Purple Runde Perlenkette | China Perlenhersteller - China Perlenhersteller\" title=\"\"><\/p>\n<p>Der Glanz dieser Perlen ist hell. Sie k\u00f6nnen Ihr Spiegelbild deutlich sehen. Die Oberfl\u00e4che ist sauber mit minimalen Wachstumsmarken. Die orange- und purple-T\u00f6ne sind nat\u00fcrlich, nicht gef\u00e4rbt. Wir sortieren diese per Hand in unserer Anlage in Changzhou.<\/p>\n<p>FAQ: Wie schnell erfolgt Ihr Gro\u00dfhandelsversand? Kleine Bestellungen werden in 3-5 Tagen versendet. Individuelle Sortierung oder Bohrungen ben\u00f6tigen 7-10 Tage. Sie k\u00f6nnen Muster kaufen, bevor Sie sich f\u00fcr eine Gro\u00dfbestellung entscheiden.<\/p>\n<p>Diese 7,5-8mm runden Perlen eignen sich gut f\u00fcr klassische Perlenketten. Die Gr\u00f6\u00dfe trifft den perfekten Punkt f\u00fcr Alltags-Schmuck. Die Mindestbestellmenge ist flexibel. Wir fertigen auch individuelle L\u00e4ngen und Verschlussoptionen, wenn Sie etwas Spezielles f\u00fcr Ihre Kollektion ben\u00f6tigen.<\/p>","protected":false},"excerpt":{"rendered":"<p>Perlenqualit\u00e4t: AAAA-Qualit\u00e4t<br \/>\nPerlengr\u00f6\u00dfe: 7,5-8mm<br \/>\nPerlenform: Rund<br \/>\nPerlenfarbe: Orange\/Purple<\/p>","protected":false},"featured_media":4499,"template":"","meta":{"_kad_blocks_custom_css":"","_kad_blocks_head_custom_js":"","_kad_blocks_body_custom_js":"","_kad_blocks_footer_custom_js":"","_kadence_starter_templates_imported_post":false,"_kad_post_transparent":"default","_kad_post_title":"","_kad_post_layout":"default","_kad_post_sidebar_id":"","_kad_post_content_style":"default","_kad_post_vertical_padding":"default","_kad_post_feature":"","_kad_post_feature_position":"","_kad_post_header":false,"_kad_post_footer":false,"_kad_post_classname":"","jetpack_publicize_message":"","jetpack_publicize_feature_enabled":true,"jetpack_social_post_already_shared":true,"jetpack_social_options":{"image_generator_settings":{"template":"highway","default_image_id":0,"font":"","enabled":false},"version":2}},"product_brand":[],"product_cat":[139,15],"product_tag":[],"class_list":{"0":"post-4500","1":"product","2":"type-product","3":"status-publish","4":"has-post-thumbnail","6":"product_cat-edison-pearls","7":"product_cat-pearl-strands","9":"first","10":"instock","11":"shipping-taxable","12":"purchasable","13":"product-type-simple","14":"entry","15":"content-bg","16":"loop-entry"},"jetpack_publicize_connections":[],"taxonomy_info":{"product_cat":[{"value":139,"label":"Edison Pearls"},{"value":15,"label":"Pearl Strand"}]},"featured_image_src_large":["https:\/\/www.pearlswholesaler.com\/wp-content\/uploads\/2026\/04\/cover_85bbb72a40f26a10633d5ef8abe2c23bddafbcab2bf3245451b9adacf9427311.jpeg",600,800,false],"author_info":[],"comment_info":"","_links":{"self":[{"href":"https:\/\/www.pearlswholesaler.com\/de\/wp-json\/wp\/v2\/product\/4500","targetHints":{"allow":["GET"]}}],"collection":[{"href":"https:\/\/www.pearlswholesaler.com\/de\/wp-json\/wp\/v2\/product"}],"about":[{"href":"https:\/\/www.pearlswholesaler.com\/de\/wp-json\/wp\/v2\/types\/product"}],"wp:featuredmedia":[{"embeddable":true,"href":"https:\/\/www.pearlswholesaler.com\/de\/wp-json\/wp\/v2\/media\/4499"}],"wp:attachment":[{"href":"https:\/\/www.pearlswholesaler.com\/de\/wp-json\/wp\/v2\/media?parent=4500"}],"wp:term":[{"taxonomy":"product_brand","embeddable":true,"href":"https:\/\/www.pearlswholesaler.com\/de\/wp-json\/wp\/v2\/product_brand?post=4500"},{"taxonomy":"product_cat","embeddable":true,"href":"https:\/\/www.pearlswholesaler.com\/de\/wp-json\/wp\/v2\/product_cat?post=4500"},{"taxonomy":"product_tag","embeddable":true,"href":"https:\/\/www.pearlswholesaler.com\/de\/wp-json\/wp\/v2\/product_tag?post=4500"}],"curies":[{"name":"wp","href":"https:\/\/api.w.org\/{rel}","templated":true}]}}