{"id":4486,"date":"2026-04-15T13:34:10","date_gmt":"2026-04-15T13:34:10","guid":{"rendered":"https:\/\/www.pearlswholesaler.com\/?post_type=product&#038;p=4486"},"modified":"2026-04-16T13:21:05","modified_gmt":"2026-04-16T13:21:05","slug":"7-8mm-white-purple-potato-pearl-strand-aa-freshwater-pearl-manufacturer","status":"publish","type":"product","link":"https:\/\/www.pearlswholesaler.com\/de\/product\/7-8mm-white-purple-potato-pearl-strand-aa-freshwater-pearl-manufacturer\/","title":{"rendered":"7-8mm Wei\u00dfe Lila Kartoffel-Perlenkette | AA S\u00fc\u00dfwasserperlenhersteller"},"content":{"rendered":"<p>Unsere Fabrik in Changzhou versendet S\u00fc\u00dfwasserperlen aus Maanshan Hexian, Anhui Perlfarm. Diese AA-Qualit\u00e4ts-Kartoffelperlenkette bietet ein gutes Preis-Leistungs-Verh\u00e4ltnis f\u00fcr kreative Schmuckanwendungen.<\/p>\n<p style=\"text-align: center;\"><img decoding=\"async\" class=\"aligncenter size-full\" src=\"https:\/\/www.pearlswholesaler.com\/wp-content\/uploads\/2026\/04\/cover_1034e5d0464a806364214c83dadd3fca22a02bcab99bdef622947dc17b4dd6c1.jpeg\" alt=\"7-8mm Wei\u00dfe Lila Kartoffel-Perlenkette | AA S\u00fc\u00dfwasserperlenhersteller - China Perlenhersteller\" title=\"\"><\/p>\n<p>Die Perlen sind 7\u20138mm gro\u00df. Kartoffel-Form bedeutet leicht unregelm\u00e4\u00dfig, runder als Reis, aber kein vollst\u00e4ndiger Kreis. Die Oberfl\u00e4che weist sichtbare, aber geringe Wachstumsmerkmale auf, was typisch f\u00fcr die AA-Qualit\u00e4t ist.<\/p>\n<p>Diese sind ideal f\u00fcr handwerkliche und bohemische St\u00fccke. Aufgrund der Formvarianz nicht f\u00fcr pr\u00e4zises Bohren und Setzen geeignet.<\/p>\n<p>Gro\u00dfhandelspreise gelten. Mindestbestellmenge 10 Ketten. Lieferzeit 5\u201310 Werktage. Individuelles Bohren oder spezielle Farbselektion bei Gro\u00dfbestellungen m\u00f6glich.<\/p>","protected":false},"excerpt":{"rendered":"<p>Perlenqualit\u00e4t: AA<br \/>\nPerlengr\u00f6\u00dfe: 7-8mm<br \/>\nPerlenform: Kartoffel<br \/>\nPerlenfarbe: Wei\u00df<\/p>","protected":false},"featured_media":4485,"template":"","meta":{"_kad_blocks_custom_css":"","_kad_blocks_head_custom_js":"","_kad_blocks_body_custom_js":"","_kad_blocks_footer_custom_js":"","_kadence_starter_templates_imported_post":false,"_kad_post_transparent":"default","_kad_post_title":"","_kad_post_layout":"default","_kad_post_sidebar_id":"","_kad_post_content_style":"default","_kad_post_vertical_padding":"default","_kad_post_feature":"","_kad_post_feature_position":"","_kad_post_header":false,"_kad_post_footer":false,"_kad_post_classname":"","jetpack_publicize_message":"","jetpack_publicize_feature_enabled":true,"jetpack_social_post_already_shared":true,"jetpack_social_options":{"image_generator_settings":{"template":"highway","default_image_id":0,"font":"","enabled":false},"version":2}},"product_brand":[],"product_cat":[15],"product_tag":[],"class_list":{"0":"post-4486","1":"product","2":"type-product","3":"status-publish","4":"has-post-thumbnail","6":"product_cat-pearl-strands","8":"first","9":"instock","10":"shipping-taxable","11":"purchasable","12":"product-type-simple","13":"entry","14":"content-bg","15":"loop-entry"},"jetpack_publicize_connections":[],"taxonomy_info":{"product_cat":[{"value":15,"label":"Pearl Strand"}]},"featured_image_src_large":["https:\/\/www.pearlswholesaler.com\/wp-content\/uploads\/2026\/04\/cover_1034e5d0464a806364214c83dadd3fca22a02bcab99bdef622947dc17b4dd6c1.jpeg",800,800,false],"author_info":[],"comment_info":"","_links":{"self":[{"href":"https:\/\/www.pearlswholesaler.com\/de\/wp-json\/wp\/v2\/product\/4486","targetHints":{"allow":["GET"]}}],"collection":[{"href":"https:\/\/www.pearlswholesaler.com\/de\/wp-json\/wp\/v2\/product"}],"about":[{"href":"https:\/\/www.pearlswholesaler.com\/de\/wp-json\/wp\/v2\/types\/product"}],"wp:featuredmedia":[{"embeddable":true,"href":"https:\/\/www.pearlswholesaler.com\/de\/wp-json\/wp\/v2\/media\/4485"}],"wp:attachment":[{"href":"https:\/\/www.pearlswholesaler.com\/de\/wp-json\/wp\/v2\/media?parent=4486"}],"wp:term":[{"taxonomy":"product_brand","embeddable":true,"href":"https:\/\/www.pearlswholesaler.com\/de\/wp-json\/wp\/v2\/product_brand?post=4486"},{"taxonomy":"product_cat","embeddable":true,"href":"https:\/\/www.pearlswholesaler.com\/de\/wp-json\/wp\/v2\/product_cat?post=4486"},{"taxonomy":"product_tag","embeddable":true,"href":"https:\/\/www.pearlswholesaler.com\/de\/wp-json\/wp\/v2\/product_tag?post=4486"}],"curies":[{"name":"wp","href":"https:\/\/api.w.org\/{rel}","templated":true}]}}