{"id":3763,"date":"2025-12-27T02:45:18","date_gmt":"2025-12-27T02:45:18","guid":{"rendered":"https:\/\/www.pearlswholesaler.com\/?post_type=product&#038;p=3763"},"modified":"2025-12-27T02:47:12","modified_gmt":"2025-12-27T02:47:12","slug":"8-9mm-white-round-freshwater-pearl-loose-pearl-aaaaa-grade","status":"publish","type":"product","link":"https:\/\/www.pearlswholesaler.com\/de\/product\/8-9mm-white-round-freshwater-pearl-loose-pearl-aaaaa-grade\/","title":{"rendered":"8-9mm Wei\u00dfe Runde Frische S\u00fc\u00dfwasserperle Lose Perle, AAAAA-Qualit\u00e4t"},"content":{"rendered":"<p>Wenn Sie Perlen f\u00fcr hochwertigen Schmuck beschaffen, der tats\u00e4chlich verkauft wird. Diese 8\u20139mm wei\u00dfen runden S\u00fc\u00dfwasserperlen werden handverlesen f\u00fcr die Qualit\u00e4t der AAAAA-Note\u2014hoher Glanz, saubere Oberfl\u00e4chen und gleichm\u00e4\u00dfige Rundheit. Kein F\u00fcllmaterial. Keine Abk\u00fcrzungen. Nur Perlen, die sofort teuer aussehen, wenn Licht auf sie trifft.<\/p>\n<figure id=\"attachment_3764\" aria-describedby=\"caption-attachment-3764\" style=\"width: 800px\" class=\"wp-caption aligncenter\"><img loading=\"lazy\" decoding=\"async\" class=\"size-full wp-image-3764\" src=\"https:\/\/www.pearlswholesaler.com\/wp-content\/uploads\/2025\/12\/8-9mm-White-Round-Freshwater-Pearl-Loose-Pearl-AAAAA-Grade-.webp\" alt=\"8-9mm Wei\u00dfe Runde Frische S\u00fc\u00dfwasserperle Lose Perle, AAAAA-Qualit\u00e4t\" width=\"800\" height=\"800\" title=\"\" srcset=\"https:\/\/www.pearlswholesaler.com\/wp-content\/uploads\/2025\/12\/8-9mm-White-Round-Freshwater-Pearl-Loose-Pearl-AAAAA-Grade-.webp 800w, https:\/\/www.pearlswholesaler.com\/wp-content\/uploads\/2025\/12\/8-9mm-White-Round-Freshwater-Pearl-Loose-Pearl-AAAAA-Grade--300x300.webp 300w, https:\/\/www.pearlswholesaler.com\/wp-content\/uploads\/2025\/12\/8-9mm-White-Round-Freshwater-Pearl-Loose-Pearl-AAAAA-Grade--150x150.webp 150w, https:\/\/www.pearlswholesaler.com\/wp-content\/uploads\/2025\/12\/8-9mm-White-Round-Freshwater-Pearl-Loose-Pearl-AAAAA-Grade--768x768.webp 768w, https:\/\/www.pearlswholesaler.com\/wp-content\/uploads\/2025\/12\/8-9mm-White-Round-Freshwater-Pearl-Loose-Pearl-AAAAA-Grade--12x12.webp 12w, https:\/\/www.pearlswholesaler.com\/wp-content\/uploads\/2025\/12\/8-9mm-White-Round-Freshwater-Pearl-Loose-Pearl-AAAAA-Grade--600x600.webp 600w, https:\/\/www.pearlswholesaler.com\/wp-content\/uploads\/2025\/12\/8-9mm-White-Round-Freshwater-Pearl-Loose-Pearl-AAAAA-Grade--100x100.webp 100w\" sizes=\"auto, (max-width: 800px) 100vw, 800px\" \/><figcaption id=\"caption-attachment-3764\" class=\"wp-caption-text\">8-9mm Wei\u00dfe Runde Frische S\u00fc\u00dfwasserperle Lose Perle, AAAAA-Qualit\u00e4t<\/figcaption><\/figure>\n<p>Diese Gr\u00f6\u00dfenordnung (8\u20139mm) liegt genau im begehrtesten Bereich f\u00fcr Designer und Gro\u00dfh\u00e4ndler. Gro\u00df genug, um luxuri\u00f6s zu wirken. Ausgewogen genug, um Ketten, Perlenstr\u00e4nge, Ohrringe, Armb\u00e4nder und ma\u00dfgeschneiderten feinen Schmuck zu kombinieren.<\/p>\n<p>\u00dcber Schmuck hinaus werden Perlen seit langem mit ganzheitlichem Wohlbefinden, innerer Balance und Harmonie assoziiert. In traditionellen Kulturen symbolisieren Perlen ruhige Energie und werden oft mit allgemeinem Wohlbefinden verbunden. Obwohl diese Perlen nur f\u00fcr Schmuckzwecke bestimmt sind, resonieren die Symbolik stark bei gesundheitsbewussten und achtsamen Verbrauchern.<\/p>\n<p>Wichtige Merkmale<\/p>\n<ul>\n<li>Gr\u00f6\u00dfe: 8\u20139mm<\/li>\n<li>Form: Rund<\/li>\n<li>Farbe: Nat\u00fcrliches Wei\u00df<\/li>\n<li>Qualit\u00e4t: AAAAA<\/li>\n<li>Typ: Frische S\u00fc\u00dfwasserlose Perle<\/li>\n<li>Verwendung: Schmuckherstellung, Gro\u00dfhandelslieferung, individuelles Design<\/li>\n<\/ul>\n<p>Wenn Sie Schmuck herstellen, der eine Premiumpreis rechtfertigen soll\u2014ist dies das Rohmaterial, das die schwere Arbeit f\u00fcr Sie \u00fcbernimmt.<\/p>\n<ul>\n<li>Verpackung: Polybeutel \/ Schmuckbeutel \/ Schmuckschatulle<\/li>\n<li>Lieferzeit: 3-10 Werktage<\/li>\n<li>Versand: DHL\/Fedex\/UPS\/EMS<\/li>\n<li>Zahlungsbedingungen: Bank\u00fcberweisung PayPal\/ Western Union\/Alipay\/TT;<\/li>\n<li>Zahlungsbedingungen: EXW, FOB Shanghai;<\/li>\n<\/ul>","protected":false},"excerpt":{"rendered":"<ul>\n<li><strong>Perlenqualit\u00e4t<\/strong>: AAAAA Bewertung<\/li>\n<li><strong>Perlengr\u00f6\u00dfe<\/strong>: 8\u20139mm<\/li>\n<li><strong>Perlenform<\/strong>: Rundform<\/li>\n<li><strong>Perlenfarbe<\/strong>: Wei\u00df Farbe<\/li>\n<li><strong>Perlenart<\/strong>: Frische S\u00fc\u00dfwasserlose Perle<\/li>\n<\/ul>","protected":false},"featured_media":3764,"template":"","meta":{"_kad_blocks_custom_css":"","_kad_blocks_head_custom_js":"","_kad_blocks_body_custom_js":"","_kad_blocks_footer_custom_js":"","_kadence_starter_templates_imported_post":false,"_kad_post_transparent":"default","_kad_post_title":"","_kad_post_layout":"default","_kad_post_sidebar_id":"","_kad_post_content_style":"default","_kad_post_vertical_padding":"default","_kad_post_feature":"","_kad_post_feature_position":"","_kad_post_header":false,"_kad_post_footer":false,"_kad_post_classname":"","jetpack_publicize_message":"","jetpack_publicize_feature_enabled":true,"jetpack_social_post_already_shared":true,"jetpack_social_options":{"image_generator_settings":{"template":"highway","default_image_id":0,"font":"","enabled":false},"version":2}},"product_brand":[],"product_cat":[24],"product_tag":[27],"class_list":{"0":"post-3763","1":"product","2":"type-product","3":"status-publish","4":"has-post-thumbnail","6":"product_cat-loose-pearl","7":"product_tag-white-pearl","8":"pa_pearl-color-white-pearl","9":"pa_pearl-shape-round-pearl","10":"pa_pearl-size-8mm","11":"pa_pearl-size-9mm","12":"pa_pearl-type-freshwater-pearl","14":"first","15":"instock","16":"shipping-taxable","17":"product-type-simple","18":"entry","19":"content-bg","20":"loop-entry"},"jetpack_publicize_connections":[],"taxonomy_info":{"product_cat":[{"value":24,"label":"Loose pearls"}],"product_tag":[{"value":27,"label":"white pearl"}],"pa_pearl-color":[{"value":66,"label":"White Pearl"}],"pa_pearl-shape":[{"value":68,"label":"Round Pearl"}],"pa_pearl-size":[{"value":71,"label":"8mm"},{"value":78,"label":"9mm"}],"pa_pearl-type":[{"value":69,"label":"Freshwater Pearl"}]},"featured_image_src_large":["https:\/\/www.pearlswholesaler.com\/wp-content\/uploads\/2025\/12\/8-9mm-White-Round-Freshwater-Pearl-Loose-Pearl-AAAAA-Grade-.webp",800,800,false],"author_info":[],"comment_info":"","_links":{"self":[{"href":"https:\/\/www.pearlswholesaler.com\/de\/wp-json\/wp\/v2\/product\/3763","targetHints":{"allow":["GET"]}}],"collection":[{"href":"https:\/\/www.pearlswholesaler.com\/de\/wp-json\/wp\/v2\/product"}],"about":[{"href":"https:\/\/www.pearlswholesaler.com\/de\/wp-json\/wp\/v2\/types\/product"}],"wp:featuredmedia":[{"embeddable":true,"href":"https:\/\/www.pearlswholesaler.com\/de\/wp-json\/wp\/v2\/media\/3764"}],"wp:attachment":[{"href":"https:\/\/www.pearlswholesaler.com\/de\/wp-json\/wp\/v2\/media?parent=3763"}],"wp:term":[{"taxonomy":"product_brand","embeddable":true,"href":"https:\/\/www.pearlswholesaler.com\/de\/wp-json\/wp\/v2\/product_brand?post=3763"},{"taxonomy":"product_cat","embeddable":true,"href":"https:\/\/www.pearlswholesaler.com\/de\/wp-json\/wp\/v2\/product_cat?post=3763"},{"taxonomy":"product_tag","embeddable":true,"href":"https:\/\/www.pearlswholesaler.com\/de\/wp-json\/wp\/v2\/product_tag?post=3763"}],"curies":[{"name":"wp","href":"https:\/\/api.w.org\/{rel}","templated":true}]}}