{"id":2820,"date":"2025-09-11T02:44:38","date_gmt":"2025-09-11T02:44:38","guid":{"rendered":"https:\/\/www.pearlswholesaler.com\/?post_type=product&#038;p=2820"},"modified":"2025-09-11T02:51:10","modified_gmt":"2025-09-11T02:51:10","slug":"5-6mm-button-white-freshwater-pearl-strand-aaa","status":"publish","type":"product","link":"https:\/\/www.pearlswholesaler.com\/de\/product\/5-6mm-button-white-freshwater-pearl-strand-aaa\/","title":{"rendered":"5-6mm Wei\u00dfe Button-Form S\u00fc\u00dfwasserperlenkette, AAA-Qualit\u00e4t, 40 cm, Seitenloch, Gro\u00dfhandel"},"content":{"rendered":"<p>Sechzig-plus Knopf-Form Perlen, bewertet mit AAA f\u00fcr saubere Haut und hellen, gleichm\u00e4\u00dfigen Ton, sind in jeder 16-Zoll-Gro\u00dfhandelsstrang enthalten. Dieses Los ist perfekt f\u00fcr zarte Halsketten, die im mittleren Preissegment verkauft werden, Mehrreih-Armb\u00e4nder und leichte Stretch-Armb\u00e4nder, da die abgeflachte Kuppel flach am Handgelenk oder Dekollet\u00e9 anliegt. Seitliche Bohrung erh\u00e4lt die Flexibilit\u00e4t und Bereitschaft des Strangs f\u00fcr eine schnelle Umwandlung; alles, was ben\u00f6tigt wird, um fertige Perlenarmb\u00e4nder und -ketten herzustellen, ist das Abschneiden, Knoten oder Crimpen des Strangs ohne zus\u00e4tzliche Formarbeiten.<\/p>\n<p><img loading=\"lazy\" decoding=\"async\" class=\"size-full wp-image-2824 aligncenter\" src=\"https:\/\/www.pearlswholesaler.com\/wp-content\/uploads\/2025\/09\/\u4fa7\u5b545-6-5-scaled.webp\" alt=\"5-6mm Knopfform Seitenloch S\u00fc\u00dfwasserperlenkette, AAA-Qualit\u00e4t, 16 Zoll, Gro\u00dfhandel\" width=\"2560\" height=\"2560\" title=\"\" srcset=\"https:\/\/www.pearlswholesaler.com\/wp-content\/uploads\/2025\/09\/\u4fa7\u5b545-6-5-scaled.webp 2560w, https:\/\/www.pearlswholesaler.com\/wp-content\/uploads\/2025\/09\/\u4fa7\u5b545-6-5-300x300.webp 300w, https:\/\/www.pearlswholesaler.com\/wp-content\/uploads\/2025\/09\/\u4fa7\u5b545-6-5-1024x1024.webp 1024w, https:\/\/www.pearlswholesaler.com\/wp-content\/uploads\/2025\/09\/\u4fa7\u5b545-6-5-150x150.webp 150w, https:\/\/www.pearlswholesaler.com\/wp-content\/uploads\/2025\/09\/\u4fa7\u5b545-6-5-768x768.webp 768w, https:\/\/www.pearlswholesaler.com\/wp-content\/uploads\/2025\/09\/\u4fa7\u5b545-6-5-1536x1536.webp 1536w, https:\/\/www.pearlswholesaler.com\/wp-content\/uploads\/2025\/09\/\u4fa7\u5b545-6-5-2048x2048.webp 2048w, https:\/\/www.pearlswholesaler.com\/wp-content\/uploads\/2025\/09\/\u4fa7\u5b545-6-5-12x12.webp 12w, https:\/\/www.pearlswholesaler.com\/wp-content\/uploads\/2025\/09\/\u4fa7\u5b545-6-5-600x600.webp 600w, https:\/\/www.pearlswholesaler.com\/wp-content\/uploads\/2025\/09\/\u4fa7\u5b545-6-5-100x100.webp 100w\" sizes=\"auto, (max-width: 2560px) 100vw, 2560px\" \/><\/p>\n<p>Angeboten in einheitlichem Wei\u00df oder sanften nat\u00fcrlichen Farbt\u00f6nen, liefern diese 5\u20136 mm Knopf-Perlen ordentliche Symmetrie und konsistente Farbe unter AAA-Mittelklasse-Kontrolle. Das seitliche Loch-Layout l\u00e4sst den Strang gleichm\u00e4\u00dfig fallen, sodass eine L\u00e4nge zu einer einzelnen Prinzessinnenkette wird oder in zwei elastische Armb\u00e4nder aufgeteilt werden kann, die gestapelt f\u00fcr sofortigen Verkaufsvolumen sorgen. Form und Farbton sind bei Gro\u00dfbestellungen lot-gleich abgestimmt, was Herstellern eine zuverl\u00e4ssige Komponente f\u00fcr Modekollektionen, Brautjungfern und Geschenksets bietet, die echten Perlen-Charme zu einem kosteneffizienten Preis ben\u00f6tigen.<\/p>","protected":false},"excerpt":{"rendered":"<ul>\n<li><strong>Perlenqualit\u00e4t<\/strong>: AAA-Qualit\u00e4t<\/li>\n<li><strong>Perlengr\u00f6\u00dfe<\/strong>: 5-6mm<\/li>\n<li><strong>Perlenform<\/strong>: Knopf-Form<\/li>\n<li><strong>Perlenfarbe<\/strong>: Wei\u00df<\/li>\n<li><strong>L\u00e4nge<\/strong>: 16 Zoll<\/li>\n<\/ul>","protected":false},"featured_media":2822,"template":"","meta":{"_kad_blocks_custom_css":"","_kad_blocks_head_custom_js":"","_kad_blocks_body_custom_js":"","_kad_blocks_footer_custom_js":"","_kadence_starter_templates_imported_post":false,"_kad_post_transparent":"default","_kad_post_title":"","_kad_post_layout":"default","_kad_post_sidebar_id":"","_kad_post_content_style":"default","_kad_post_vertical_padding":"default","_kad_post_feature":"","_kad_post_feature_position":"","_kad_post_header":false,"_kad_post_footer":false,"_kad_post_classname":"","jetpack_publicize_message":"","jetpack_publicize_feature_enabled":true,"jetpack_social_post_already_shared":false,"jetpack_social_options":{"image_generator_settings":{"template":"highway","default_image_id":0,"font":"","enabled":false},"version":2}},"product_brand":[],"product_cat":[15],"product_tag":[],"class_list":{"0":"post-2820","1":"product","2":"type-product","3":"status-publish","4":"has-post-thumbnail","6":"product_cat-pearl-strands","7":"pa_pearl-color-white-pearl","8":"pa_pearl-shape-button-pearl","9":"pa_pearl-size-5mm-pearl-jewelry","10":"pa_pearl-size-6mm","11":"pa_pearl-type-freshwater-pearl","13":"first","14":"instock","15":"shipping-taxable","16":"product-type-simple","17":"entry","18":"content-bg","19":"loop-entry"},"jetpack_publicize_connections":[],"taxonomy_info":{"product_cat":[{"value":15,"label":"Pearl Strand"}],"pa_pearl-color":[{"value":66,"label":"White Pearl"}],"pa_pearl-shape":[{"value":93,"label":"Button pearl"}],"pa_pearl-size":[{"value":67,"label":"5mm"},{"value":77,"label":"6mm"}],"pa_pearl-type":[{"value":69,"label":"Freshwater Pearl"}]},"featured_image_src_large":["https:\/\/www.pearlswholesaler.com\/wp-content\/uploads\/2025\/09\/\u4fa7\u5b545-6-6-1024x1024.webp",1024,1024,true],"author_info":[],"comment_info":"","_links":{"self":[{"href":"https:\/\/www.pearlswholesaler.com\/de\/wp-json\/wp\/v2\/product\/2820","targetHints":{"allow":["GET"]}}],"collection":[{"href":"https:\/\/www.pearlswholesaler.com\/de\/wp-json\/wp\/v2\/product"}],"about":[{"href":"https:\/\/www.pearlswholesaler.com\/de\/wp-json\/wp\/v2\/types\/product"}],"wp:featuredmedia":[{"embeddable":true,"href":"https:\/\/www.pearlswholesaler.com\/de\/wp-json\/wp\/v2\/media\/2822"}],"wp:attachment":[{"href":"https:\/\/www.pearlswholesaler.com\/de\/wp-json\/wp\/v2\/media?parent=2820"}],"wp:term":[{"taxonomy":"product_brand","embeddable":true,"href":"https:\/\/www.pearlswholesaler.com\/de\/wp-json\/wp\/v2\/product_brand?post=2820"},{"taxonomy":"product_cat","embeddable":true,"href":"https:\/\/www.pearlswholesaler.com\/de\/wp-json\/wp\/v2\/product_cat?post=2820"},{"taxonomy":"product_tag","embeddable":true,"href":"https:\/\/www.pearlswholesaler.com\/de\/wp-json\/wp\/v2\/product_tag?post=2820"}],"curies":[{"name":"wp","href":"https:\/\/api.w.org\/{rel}","templated":true}]}}