{"id":2763,"date":"2025-09-09T04:06:25","date_gmt":"2025-09-09T04:06:25","guid":{"rendered":"https:\/\/www.pearlswholesaler.com\/?post_type=product&#038;p=2763"},"modified":"2025-09-09T04:16:12","modified_gmt":"2025-09-09T04:16:12","slug":"10-11mm-white-round-freshwater-pearl-strands-aaa-grade-16-inches","status":"publish","type":"product","link":"https:\/\/www.pearlswholesaler.com\/de\/product\/10-11mm-white-round-freshwater-pearl-strands-aaa-grade-16-inches\/","title":{"rendered":"10-11mm Wei\u00dfe runde S\u00fc\u00dfwasser-Perlenstr\u00e4nge, AAA-Qualit\u00e4t, 16 Zoll"},"content":{"rendered":"<p>Dieses 16-Zoll-Perlenband verf\u00fcgt \u00fcber 35 bis 40 vollrunde Perlen, die jeweils 10 bis 11 mm gro\u00df sind und alle die gleiche leuchtend wei\u00dfe Farbe haben. AAA-Qualit\u00e4t sorgt f\u00fcr saubere Oberfl\u00e4chen und einen gleichm\u00e4\u00dfigen Spiegelglanz, die im mittleren Preissegment und visuellen Eindruck liegen. Der gro\u00dfe Durchmesser macht es sofort sichtbar, und es passt zu Standard-Hummerverschl\u00fcssen und Zwischenperlen f\u00fcr eine schnelle Montage.<\/p>\n<p><img loading=\"lazy\" decoding=\"async\" class=\"size-full wp-image-2765 aligncenter\" src=\"https:\/\/www.pearlswholesaler.com\/wp-content\/uploads\/2025\/09\/cgi-bin_mmwebwx-bin_webwxgetmsgimg__MsgID9148279193123724829skey@crypt_ee8ad0cf_5d06650b432d68938b04bfb985e188b9mmweb_appidwx_webfilehelper-scaled.webp\" alt=\"10-11mm Wei\u00dfe runde S\u00fc\u00dfwasser-Perlenstr\u00e4nge, AAA-Qualit\u00e4t, 16 Zoll\" width=\"2560\" height=\"2560\" title=\"\" srcset=\"https:\/\/www.pearlswholesaler.com\/wp-content\/uploads\/2025\/09\/cgi-bin_mmwebwx-bin_webwxgetmsgimg__MsgID9148279193123724829skey@crypt_ee8ad0cf_5d06650b432d68938b04bfb985e188b9mmweb_appidwx_webfilehelper-scaled.webp 2560w, https:\/\/www.pearlswholesaler.com\/wp-content\/uploads\/2025\/09\/cgi-bin_mmwebwx-bin_webwxgetmsgimg__MsgID9148279193123724829skey@crypt_ee8ad0cf_5d06650b432d68938b04bfb985e188b9mmweb_appidwx_webfilehelper-300x300.webp 300w, https:\/\/www.pearlswholesaler.com\/wp-content\/uploads\/2025\/09\/cgi-bin_mmwebwx-bin_webwxgetmsgimg__MsgID9148279193123724829skey@crypt_ee8ad0cf_5d06650b432d68938b04bfb985e188b9mmweb_appidwx_webfilehelper-1024x1024.webp 1024w, https:\/\/www.pearlswholesaler.com\/wp-content\/uploads\/2025\/09\/cgi-bin_mmwebwx-bin_webwxgetmsgimg__MsgID9148279193123724829skey@crypt_ee8ad0cf_5d06650b432d68938b04bfb985e188b9mmweb_appidwx_webfilehelper-150x150.webp 150w, https:\/\/www.pearlswholesaler.com\/wp-content\/uploads\/2025\/09\/cgi-bin_mmwebwx-bin_webwxgetmsgimg__MsgID9148279193123724829skey@crypt_ee8ad0cf_5d06650b432d68938b04bfb985e188b9mmweb_appidwx_webfilehelper-768x768.webp 768w, https:\/\/www.pearlswholesaler.com\/wp-content\/uploads\/2025\/09\/cgi-bin_mmwebwx-bin_webwxgetmsgimg__MsgID9148279193123724829skey@crypt_ee8ad0cf_5d06650b432d68938b04bfb985e188b9mmweb_appidwx_webfilehelper-1536x1536.webp 1536w, https:\/\/www.pearlswholesaler.com\/wp-content\/uploads\/2025\/09\/cgi-bin_mmwebwx-bin_webwxgetmsgimg__MsgID9148279193123724829skey@crypt_ee8ad0cf_5d06650b432d68938b04bfb985e188b9mmweb_appidwx_webfilehelper-2048x2048.webp 2048w, https:\/\/www.pearlswholesaler.com\/wp-content\/uploads\/2025\/09\/cgi-bin_mmwebwx-bin_webwxgetmsgimg__MsgID9148279193123724829skey@crypt_ee8ad0cf_5d06650b432d68938b04bfb985e188b9mmweb_appidwx_webfilehelper-12x12.webp 12w, https:\/\/www.pearlswholesaler.com\/wp-content\/uploads\/2025\/09\/cgi-bin_mmwebwx-bin_webwxgetmsgimg__MsgID9148279193123724829skey@crypt_ee8ad0cf_5d06650b432d68938b04bfb985e188b9mmweb_appidwx_webfilehelper-600x600.webp 600w, https:\/\/www.pearlswholesaler.com\/wp-content\/uploads\/2025\/09\/cgi-bin_mmwebwx-bin_webwxgetmsgimg__MsgID9148279193123724829skey@crypt_ee8ad0cf_5d06650b432d68938b04bfb985e188b9mmweb_appidwx_webfilehelper-100x100.webp 100w\" sizes=\"auto, (max-width: 2560px) 100vw, 2560px\" \/><\/p>\n<p>Das Band ist sofort einsatzbereit zum Aufziehen und perfekt f\u00fcr die Herstellung auff\u00e4lliger sieben- oder achtreihiger Perlenarmb\u00e4nder und Statement-Perlenketten, die auf Mode-, Braut- und Geschenk-M\u00e4rkten gut verkauft werden. Konsistenz in Farbe und Form von Charge zu Charge erleichtert die Bestellung weiterer f\u00fcr die Massenproduktion.<\/p>\n<ul>\n<li>Verpackung: Polybeutel \/ Schmuckbeutel \/ Schmuckschatulle<\/li>\n<li>Lieferzeit: 3-10 Werktage<\/li>\n<li>Versand: DHL\/Fedex\/UPS\/EMS<\/li>\n<li>Zahlungsbedingungen: Bank\u00fcberweisung PayPal\/ Western Union\/Alipay\/TT;<\/li>\n<li>Zahlungsbedingungen: EXW, FOB Shanghai; Der K\u00e4ufer ist f\u00fcr die Versandkosten verantwortlich<\/li>\n<\/ul>\n<p>&nbsp;<\/p>","protected":false},"excerpt":{"rendered":"<ul>\n<li><strong>Perlenqualit\u00e4t<\/strong>: AAA-Qualit\u00e4t<\/li>\n<li><strong>Perlengr\u00f6\u00dfe<\/strong>: 10-11mm<\/li>\n<li><strong>Perlenform<\/strong>: Runde<\/li>\n<li><strong>Perlenfarbe<\/strong>: Wei\u00df<\/li>\n<li><strong>L\u00e4nge<\/strong>: 16 Zoll<\/li>\n<\/ul>","protected":false},"featured_media":2764,"template":"","meta":{"_kad_blocks_custom_css":"","_kad_blocks_head_custom_js":"","_kad_blocks_body_custom_js":"","_kad_blocks_footer_custom_js":"","_kadence_starter_templates_imported_post":false,"_kad_post_transparent":"default","_kad_post_title":"","_kad_post_layout":"default","_kad_post_sidebar_id":"","_kad_post_content_style":"default","_kad_post_vertical_padding":"default","_kad_post_feature":"","_kad_post_feature_position":"","_kad_post_header":false,"_kad_post_footer":false,"_kad_post_classname":"","jetpack_publicize_message":"","jetpack_publicize_feature_enabled":true,"jetpack_social_post_already_shared":false,"jetpack_social_options":{"image_generator_settings":{"template":"highway","default_image_id":0,"font":"","enabled":false},"version":2}},"product_brand":[],"product_cat":[15],"product_tag":[],"class_list":{"0":"post-2763","1":"product","2":"type-product","3":"status-publish","4":"has-post-thumbnail","6":"product_cat-pearl-strands","7":"pa_pearl-color-white-pearl","8":"pa_pearl-shape-round-pearl","9":"pa_pearl-size-10mm","10":"pa_pearl-size-11mm","11":"pa_pearl-type-freshwater-pearl","13":"first","14":"instock","15":"shipping-taxable","16":"product-type-simple","17":"entry","18":"content-bg","19":"loop-entry"},"jetpack_publicize_connections":[],"taxonomy_info":{"product_cat":[{"value":15,"label":"Pearl Strand"}],"pa_pearl-color":[{"value":66,"label":"White Pearl"}],"pa_pearl-shape":[{"value":68,"label":"Round Pearl"}],"pa_pearl-size":[{"value":79,"label":"10mm"},{"value":82,"label":"11mm"}],"pa_pearl-type":[{"value":69,"label":"Freshwater Pearl"}]},"featured_image_src_large":["https:\/\/www.pearlswholesaler.com\/wp-content\/uploads\/2025\/09\/cgi-bin_mmwebwx-bin_webwxgetmsgimg__MsgID8155912411428393069skey@crypt_ee8ad0cf_5d06650b432d68938b04bfb985e188b9mmweb_appidwx_webfilehelper-1024x1024.webp",1024,1024,true],"author_info":[],"comment_info":"","_links":{"self":[{"href":"https:\/\/www.pearlswholesaler.com\/de\/wp-json\/wp\/v2\/product\/2763","targetHints":{"allow":["GET"]}}],"collection":[{"href":"https:\/\/www.pearlswholesaler.com\/de\/wp-json\/wp\/v2\/product"}],"about":[{"href":"https:\/\/www.pearlswholesaler.com\/de\/wp-json\/wp\/v2\/types\/product"}],"wp:featuredmedia":[{"embeddable":true,"href":"https:\/\/www.pearlswholesaler.com\/de\/wp-json\/wp\/v2\/media\/2764"}],"wp:attachment":[{"href":"https:\/\/www.pearlswholesaler.com\/de\/wp-json\/wp\/v2\/media?parent=2763"}],"wp:term":[{"taxonomy":"product_brand","embeddable":true,"href":"https:\/\/www.pearlswholesaler.com\/de\/wp-json\/wp\/v2\/product_brand?post=2763"},{"taxonomy":"product_cat","embeddable":true,"href":"https:\/\/www.pearlswholesaler.com\/de\/wp-json\/wp\/v2\/product_cat?post=2763"},{"taxonomy":"product_tag","embeddable":true,"href":"https:\/\/www.pearlswholesaler.com\/de\/wp-json\/wp\/v2\/product_tag?post=2763"}],"curies":[{"name":"wp","href":"https:\/\/api.w.org\/{rel}","templated":true}]}}