{"id":2725,"date":"2025-09-07T06:57:56","date_gmt":"2025-09-07T06:57:56","guid":{"rendered":"https:\/\/www.pearlswholesaler.com\/?post_type=product&#038;p=2725"},"modified":"2025-09-07T07:03:20","modified_gmt":"2025-09-07T07:03:20","slug":"9-5-10mm-white-button-shape-freshwater-loose-pearl-aaa","status":"publish","type":"product","link":"https:\/\/www.pearlswholesaler.com\/de\/product\/9-5-10mm-white-button-shape-freshwater-loose-pearl-aaa\/","title":{"rendered":"9,5-10mm Wei\u00dfe Knopf-Form S\u00fc\u00dfwasserperle, AAA-Qualit\u00e4t"},"content":{"rendered":"<p>Diese wei\u00dfe, knopff\u00f6rmige S\u00fc\u00dfwasserperle mit 9,5\u201310 mm ist AAA-Qualit\u00e4t, was sie zu einer soliden Wahl macht, wenn Sie Gro\u00dfh\u00e4ndler oder Schmuckhersteller sind, der etwas sucht, das gut aussieht, aber nicht teuer ist. Sie ist eine gute Gr\u00f6\u00dfe mit einer glatten, gleichm\u00e4\u00dfigen Kuppel, sodass sie in jedem Schmuckst\u00fcck definitiv auff\u00e4llt \u2013 perfekt f\u00fcr auff\u00e4llige Ohrringe, Cocktailringe oder sogar hochzeitsthematische Artikel.<\/p>\n<figure id=\"attachment_2726\" aria-describedby=\"caption-attachment-2726\" style=\"width: 1920px\" class=\"wp-caption alignnone\"><img loading=\"lazy\" decoding=\"async\" class=\"size-full wp-image-2726\" src=\"https:\/\/www.pearlswholesaler.com\/wp-content\/uploads\/2025\/09\/9.5-10-scaled.webp\" alt=\"9,5-10mm Wei\u00dfe Knopf-Form S\u00fc\u00dfwasserperle, AAA-Qualit\u00e4t\" width=\"1920\" height=\"2560\" title=\"\" srcset=\"https:\/\/www.pearlswholesaler.com\/wp-content\/uploads\/2025\/09\/9.5-10-scaled.webp 1920w, https:\/\/www.pearlswholesaler.com\/wp-content\/uploads\/2025\/09\/9.5-10-225x300.webp 225w, https:\/\/www.pearlswholesaler.com\/wp-content\/uploads\/2025\/09\/9.5-10-768x1024.webp 768w, https:\/\/www.pearlswholesaler.com\/wp-content\/uploads\/2025\/09\/9.5-10-1152x1536.webp 1152w, https:\/\/www.pearlswholesaler.com\/wp-content\/uploads\/2025\/09\/9.5-10-1536x2048.webp 1536w, https:\/\/www.pearlswholesaler.com\/wp-content\/uploads\/2025\/09\/9.5-10-600x800.webp 600w\" sizes=\"auto, (max-width: 1920px) 100vw, 1920px\" \/><figcaption id=\"caption-attachment-2726\" class=\"wp-caption-text\">9,5-10mm Wei\u00dfe Knopf-Form S\u00fc\u00dfwasserperle, AAA-Qualit\u00e4t<\/figcaption><\/figure>\n<p>AAA bedeutet, dass sie eine ziemlich saubere Oberfl\u00e4che und einen gleichm\u00e4\u00dfigen Glanz hat, der gut genug ist, um Kunden zu begeistern, die anst\u00e4ndige Qualit\u00e4t ohne die hohen Preise von Spitzenperlen w\u00fcnschen. Ihre einfache wei\u00dfe Farbe und die klassische Knopfform bedeuten, dass sie zu fast jedem Metall oder Design passt, das Sie sich vorstellen k\u00f6nnen. Sie k\u00f6nnen sie in gro\u00dfen Mengen kaufen, was sie zu einer zuverl\u00e4ssigen Option macht, wenn Sie viel Schmuck herstellen, eine eigene Marke aufbauen oder eine erschwinglichere Luxuslinie f\u00fcr Kunden anbieten m\u00f6chten, die nach gutem Preis-Leistungs-Verh\u00e4ltnis suchen.<\/p>\n<ul>\n<li>Verpackung: Polybeutel \/ Schmuckbeutel \/ Schmuckschatulle<\/li>\n<li>Lieferzeit: 3-10 Werktage<\/li>\n<li>Versand: DHL\/Fedex\/UPS\/EMS<\/li>\n<li>Zahlungsbedingungen: Bank\u00fcberweisung PayPal\/ Western Union\/Alipay\/TT;<\/li>\n<li>Zahlungsbedingungen: EXW, FOB Shanghai; Der K\u00e4ufer ist f\u00fcr die Versandkosten verantwortlich<\/li>\n<\/ul>","protected":false},"excerpt":{"rendered":"<ul>\n<li><strong>Perlenqualit\u00e4t<\/strong>: AAA<\/li>\n<li><strong>Perlengr\u00f6\u00dfe<\/strong>: 9,5-10mm<\/li>\n<li><strong>Perlenform<\/strong>: Knopf-Form<\/li>\n<li><strong>Perlenfarbe<\/strong>: Wei\u00df<\/li>\n<\/ul>","protected":false},"featured_media":2726,"template":"","meta":{"_kad_blocks_custom_css":"","_kad_blocks_head_custom_js":"","_kad_blocks_body_custom_js":"","_kad_blocks_footer_custom_js":"","_kadence_starter_templates_imported_post":false,"_kad_post_transparent":"default","_kad_post_title":"","_kad_post_layout":"default","_kad_post_sidebar_id":"","_kad_post_content_style":"default","_kad_post_vertical_padding":"default","_kad_post_feature":"","_kad_post_feature_position":"","_kad_post_header":false,"_kad_post_footer":false,"_kad_post_classname":"","jetpack_publicize_message":"","jetpack_publicize_feature_enabled":true,"jetpack_social_post_already_shared":false,"jetpack_social_options":{"image_generator_settings":{"template":"highway","default_image_id":0,"font":"","enabled":false},"version":2}},"product_brand":[],"product_cat":[15],"product_tag":[],"class_list":{"0":"post-2725","1":"product","2":"type-product","3":"status-publish","4":"has-post-thumbnail","6":"product_cat-pearl-strands","7":"pa_pearl-color-white-pearl","8":"pa_pearl-shape-button-pearl","9":"pa_pearl-size-10mm","10":"pa_pearl-size-9mm","11":"pa_pearl-type-freshwater-pearl","13":"first","14":"instock","15":"shipping-taxable","16":"product-type-simple","17":"entry","18":"content-bg","19":"loop-entry"},"jetpack_publicize_connections":[],"taxonomy_info":{"product_cat":[{"value":15,"label":"Pearl Strand"}],"pa_pearl-color":[{"value":66,"label":"White Pearl"}],"pa_pearl-shape":[{"value":93,"label":"Button pearl"}],"pa_pearl-size":[{"value":79,"label":"10mm"},{"value":78,"label":"9mm"}],"pa_pearl-type":[{"value":69,"label":"Freshwater Pearl"}]},"featured_image_src_large":["https:\/\/www.pearlswholesaler.com\/wp-content\/uploads\/2025\/09\/9.5-10-768x1024.webp",768,1024,true],"author_info":[],"comment_info":"","_links":{"self":[{"href":"https:\/\/www.pearlswholesaler.com\/de\/wp-json\/wp\/v2\/product\/2725","targetHints":{"allow":["GET"]}}],"collection":[{"href":"https:\/\/www.pearlswholesaler.com\/de\/wp-json\/wp\/v2\/product"}],"about":[{"href":"https:\/\/www.pearlswholesaler.com\/de\/wp-json\/wp\/v2\/types\/product"}],"wp:featuredmedia":[{"embeddable":true,"href":"https:\/\/www.pearlswholesaler.com\/de\/wp-json\/wp\/v2\/media\/2726"}],"wp:attachment":[{"href":"https:\/\/www.pearlswholesaler.com\/de\/wp-json\/wp\/v2\/media?parent=2725"}],"wp:term":[{"taxonomy":"product_brand","embeddable":true,"href":"https:\/\/www.pearlswholesaler.com\/de\/wp-json\/wp\/v2\/product_brand?post=2725"},{"taxonomy":"product_cat","embeddable":true,"href":"https:\/\/www.pearlswholesaler.com\/de\/wp-json\/wp\/v2\/product_cat?post=2725"},{"taxonomy":"product_tag","embeddable":true,"href":"https:\/\/www.pearlswholesaler.com\/de\/wp-json\/wp\/v2\/product_tag?post=2725"}],"curies":[{"name":"wp","href":"https:\/\/api.w.org\/{rel}","templated":true}]}}