{"id":2645,"date":"2025-09-04T06:20:16","date_gmt":"2025-09-04T06:20:16","guid":{"rendered":"https:\/\/www.pearlswholesaler.com\/?post_type=product&#038;p=2645"},"modified":"2025-09-04T06:59:31","modified_gmt":"2025-09-04T06:59:31","slug":"6-7mm-white-baroque-freshwater-pearl-strands-aaa","status":"publish","type":"product","link":"https:\/\/www.pearlswholesaler.com\/de\/product\/6-7mm-white-baroque-freshwater-pearl-strands-aaa\/","title":{"rendered":"6-7mm Wei\u00dfe Barock-S\u00fc\u00dfwasserperlenstr\u00e4nge, AAA-Qualit\u00e4t, 16 Zoll"},"content":{"rendered":"<p><span id=\"input-sentence~0\">Diese sch\u00f6nen AAA-Qualit\u00e4ts wei\u00dfe Barock-S\u00fc\u00dfwasser-Perlenketten, mit 6-7mm, bieten Ihnen erstaunliche Qualit\u00e4t zum Preis.<\/span> <span id=\"input-sentence~1\">Jede Kette ist ein Wasserfall aus einzigartig geformten Perlen, die die Sch\u00f6nheit der Natur ehren.<\/span> <span id=\"input-sentence~2\">Jede Kette ist wie ein Wasserfall aus einzigartig geformten Perlen, die die Kunstfertigkeit der Natur feiern. Diese sind nicht Ihre typischen runden Perlen; sie haben faszinierende kleine Unvollkommenheiten und nat\u00fcrliche Formen, die sie noch ansprechender machen.<\/span> <span id=\"input-sentence~3\">Die leicht ungleichm\u00e4\u00dfige Oberfl\u00e4che f\u00e4ngt das Licht sch\u00f6n ein und reflektiert es, was Ihrem Schmuck einen atemberaubenden und einzigartigen Glanz verleiht.<\/span><\/p>\n<p><img loading=\"lazy\" decoding=\"async\" class=\"size-full wp-image-2646 aligncenter\" src=\"https:\/\/www.pearlswholesaler.com\/wp-content\/uploads\/2025\/09\/6-7-1-scaled.webp\" alt=\"6-7mm Wei\u00dfe Barock-S\u00fc\u00dfwasserperlenstr\u00e4nge, AAA-Qualit\u00e4t\" width=\"2560\" height=\"2560\" title=\"\" srcset=\"https:\/\/www.pearlswholesaler.com\/wp-content\/uploads\/2025\/09\/6-7-1-scaled.webp 2560w, https:\/\/www.pearlswholesaler.com\/wp-content\/uploads\/2025\/09\/6-7-1-300x300.webp 300w, https:\/\/www.pearlswholesaler.com\/wp-content\/uploads\/2025\/09\/6-7-1-1024x1024.webp 1024w, https:\/\/www.pearlswholesaler.com\/wp-content\/uploads\/2025\/09\/6-7-1-150x150.webp 150w, https:\/\/www.pearlswholesaler.com\/wp-content\/uploads\/2025\/09\/6-7-1-768x768.webp 768w, https:\/\/www.pearlswholesaler.com\/wp-content\/uploads\/2025\/09\/6-7-1-1536x1536.webp 1536w, https:\/\/www.pearlswholesaler.com\/wp-content\/uploads\/2025\/09\/6-7-1-2048x2048.webp 2048w, https:\/\/www.pearlswholesaler.com\/wp-content\/uploads\/2025\/09\/6-7-1-600x600.webp 600w, https:\/\/www.pearlswholesaler.com\/wp-content\/uploads\/2025\/09\/6-7-1-100x100.webp 100w\" sizes=\"auto, (max-width: 2560px) 100vw, 2560px\" \/><\/p>\n<p><span id=\"input-sentence~4\">Sie k\u00f6nnen Ihre n\u00e4chste Kreation mit diesen Perlenketten beginnen.<\/span> <span id=\"input-sentence~5\">Stellen Sie sich vor, wundersch\u00f6ne Perlenketten mit einem modernen Twist zu kreieren, oder vielleicht ein Armband, das wirklich auff\u00e4llt.<\/span> <span id=\"input-sentence~6\">Moderne Schmuckdesigns sehen mit der Barockform gro\u00dfartig aus.<\/span><\/p>\n<p><span id=\"input-sentence~7\">Da es sich um AAA-Qualit\u00e4tsperlen handelt, garantieren ihr Glanz und die im Allgemeinen glatte Oberfl\u00e4che Qualit\u00e4t.<\/span> <span id=\"input-sentence~8\">Auch wenn Barockperlen keine perfekte Symmetrie aufweisen, sind ihre Gesamtqualit\u00e4t und ihr Schimmer gut, was Ihren Endprojekten Kreativit\u00e4t verleiht.<\/span> <span id=\"input-sentence~9\">Bereiten Sie sich vor, diese einzigartigen Perlenketten Ihrer Schmuckkollektion hinzuzuf\u00fcgen, um einen Hauch von nat\u00fcrlicher Eleganz zu verleihen.<\/span><\/p>\n<ul>\n<li>Verpackung: Polybeutel \/ Schmuckbeutel \/ Schmuckschatulle<\/li>\n<li>Lieferzeit: 3-10 Werktage<\/li>\n<li>Versand: DHL\/Fedex\/UPS\/EMS<\/li>\n<li>Zahlungsbedingungen: Bank\u00fcberweisung PayPal\/ Western Union\/Alipay\/TT;<\/li>\n<li>Zahlungsbedingungen: EXW, FOB Shanghai; Der K\u00e4ufer ist f\u00fcr die Versandkosten verantwortlich<\/li>\n<\/ul>","protected":false},"excerpt":{"rendered":"<ul>\n<li><strong>Perlenqualit\u00e4t<\/strong>: AAA-Qualit\u00e4t<\/li>\n<li><strong>Perlengr\u00f6\u00dfe<\/strong>: 6-7mm<\/li>\n<li><strong>Perlenform<\/strong>: Barock<\/li>\n<li><strong>Perlenfarbe<\/strong>: Wei\u00df<\/li>\n<li><strong>L\u00e4nge<\/strong>: 16 Zoll<\/li>\n<\/ul>","protected":false},"featured_media":2646,"template":"","meta":{"_kad_blocks_custom_css":"","_kad_blocks_head_custom_js":"","_kad_blocks_body_custom_js":"","_kad_blocks_footer_custom_js":"","_kadence_starter_templates_imported_post":false,"_kad_post_transparent":"default","_kad_post_title":"","_kad_post_layout":"default","_kad_post_sidebar_id":"","_kad_post_content_style":"default","_kad_post_vertical_padding":"default","_kad_post_feature":"","_kad_post_feature_position":"","_kad_post_header":false,"_kad_post_footer":false,"_kad_post_classname":"","jetpack_publicize_message":"","jetpack_publicize_feature_enabled":true,"jetpack_social_post_already_shared":false,"jetpack_social_options":{"image_generator_settings":{"template":"highway","default_image_id":0,"font":"","enabled":false},"version":2}},"product_brand":[],"product_cat":[15],"product_tag":[],"class_list":{"0":"post-2645","1":"product","2":"type-product","3":"status-publish","4":"has-post-thumbnail","6":"product_cat-pearl-strands","7":"pa_pearl-color-white-pearl","8":"pa_pearl-shape-baroque-pearl","9":"pa_pearl-size-6mm","10":"pa_pearl-size-7mm","11":"pa_pearl-type-freshwater-pearl","13":"first","14":"instock","15":"shipping-taxable","16":"product-type-simple","17":"entry","18":"content-bg","19":"loop-entry"},"jetpack_publicize_connections":[],"taxonomy_info":{"product_cat":[{"value":15,"label":"Pearl Strand"}],"pa_pearl-color":[{"value":66,"label":"White Pearl"}],"pa_pearl-shape":[{"value":75,"label":"Baroque Pearl"}],"pa_pearl-size":[{"value":77,"label":"6mm"},{"value":70,"label":"7mm"}],"pa_pearl-type":[{"value":69,"label":"Freshwater Pearl"}]},"featured_image_src_large":["https:\/\/www.pearlswholesaler.com\/wp-content\/uploads\/2025\/09\/6-7-1-1024x1024.webp",1024,1024,true],"author_info":[],"comment_info":"","_links":{"self":[{"href":"https:\/\/www.pearlswholesaler.com\/de\/wp-json\/wp\/v2\/product\/2645","targetHints":{"allow":["GET"]}}],"collection":[{"href":"https:\/\/www.pearlswholesaler.com\/de\/wp-json\/wp\/v2\/product"}],"about":[{"href":"https:\/\/www.pearlswholesaler.com\/de\/wp-json\/wp\/v2\/types\/product"}],"wp:featuredmedia":[{"embeddable":true,"href":"https:\/\/www.pearlswholesaler.com\/de\/wp-json\/wp\/v2\/media\/2646"}],"wp:attachment":[{"href":"https:\/\/www.pearlswholesaler.com\/de\/wp-json\/wp\/v2\/media?parent=2645"}],"wp:term":[{"taxonomy":"product_brand","embeddable":true,"href":"https:\/\/www.pearlswholesaler.com\/de\/wp-json\/wp\/v2\/product_brand?post=2645"},{"taxonomy":"product_cat","embeddable":true,"href":"https:\/\/www.pearlswholesaler.com\/de\/wp-json\/wp\/v2\/product_cat?post=2645"},{"taxonomy":"product_tag","embeddable":true,"href":"https:\/\/www.pearlswholesaler.com\/de\/wp-json\/wp\/v2\/product_tag?post=2645"}],"curies":[{"name":"wp","href":"https:\/\/api.w.org\/{rel}","templated":true}]}}