{"id":1541,"date":"2024-12-12T02:55:53","date_gmt":"2024-12-12T02:55:53","guid":{"rendered":"https:\/\/pearlswholesaler.com\/?post_type=product&#038;p=1541"},"modified":"2025-07-27T09:05:50","modified_gmt":"2025-07-27T09:05:50","slug":"3-6mm-white-freshwater-pearl-chocker-necklace-aa-grade","status":"publish","type":"product","link":"https:\/\/www.pearlswholesaler.com\/de\/product\/3-6mm-white-freshwater-pearl-chocker-necklace-aa-grade\/","title":{"rendered":"3-6mm wei\u00dfe Kartoffel-S\u00fc\u00dfwasserperlen-Halskette, AA-Qualit\u00e4t"},"content":{"rendered":"<p><span id=\"input-sentence~0\">Unsere AA-Qualit\u00e4t S\u00fc\u00dfwasser-Perlen-Halskette ist eine gro\u00dfartige, vielseitige Wahl. Die Perlen sind 3-6mm gro\u00df, wei\u00df und rund, sodass sie zu fast jedem Outfit passen. Es ist eine 15-Zoll-Choker, die sch\u00f6n am Hals sitzt und fantastisch aussieht. Es ist ein stilvolles und anpassungsf\u00e4higes St\u00fcck f\u00fcr unsere Kunden.<\/span><span id=\"input-sentence~1\"><br \/>\n<\/span><\/p>\n<p><img loading=\"lazy\" decoding=\"async\" class=\"size-full wp-image-1542 aligncenter\" src=\"https:\/\/pearlswholesaler.com\/wp-content\/uploads\/2024\/12\/3-6mm-pearl-necklace-AA-fresh-water-pearlwhite.webp\" alt=\"AA-Qualit\u00e4t 3-6mm wei\u00dfe S\u00fc\u00dfwasserperlenkette\" width=\"999\" height=\"1008\" title=\"\" srcset=\"https:\/\/www.pearlswholesaler.com\/wp-content\/uploads\/2024\/12\/3-6mm-pearl-necklace-AA-fresh-water-pearlwhite.webp 999w, https:\/\/www.pearlswholesaler.com\/wp-content\/uploads\/2024\/12\/3-6mm-pearl-necklace-AA-fresh-water-pearlwhite-297x300.webp 297w, https:\/\/www.pearlswholesaler.com\/wp-content\/uploads\/2024\/12\/3-6mm-pearl-necklace-AA-fresh-water-pearlwhite-150x150.webp 150w, https:\/\/www.pearlswholesaler.com\/wp-content\/uploads\/2024\/12\/3-6mm-pearl-necklace-AA-fresh-water-pearlwhite-768x775.webp 768w, https:\/\/www.pearlswholesaler.com\/wp-content\/uploads\/2024\/12\/3-6mm-pearl-necklace-AA-fresh-water-pearlwhite-600x605.webp 600w, https:\/\/www.pearlswholesaler.com\/wp-content\/uploads\/2024\/12\/3-6mm-pearl-necklace-AA-fresh-water-pearlwhite-100x100.webp 100w\" sizes=\"auto, (max-width: 999px) 100vw, 999px\" \/><\/p>\n<p>Aufgrund unseres Engagements f\u00fcr Qualit\u00e4t und angemessene Preise ist diese Halskette die ideale Wahl f\u00fcr Unternehmen, die ihren Kunden hochwertigen Perlschmuck anbieten m\u00f6chten.<\/p>\n<p>Um mehr \u00fcber unsere Auswahl an S\u00fc\u00dfwasser-Perlen-Halsketten zu Gro\u00dfhandelspreisen zu erfahren, kontaktieren Sie uns noch heute. Wir k\u00f6nnen Ihre Produktlinie verbessern und wettbewerbsf\u00e4hige Preise anbieten.<\/p>\n<ul>\n<li>Verpackung: Polybeutel \/ Schmuckbeutel \/ Schmuckschatulle<\/li>\n<li>Lieferzeit: 3-10 Werktage<\/li>\n<li>Versand: DHL\/Fedex\/UPS\/EMS<\/li>\n<li>Zahlungsbedingungen: Bank\u00fcberweisung PayPal\/ Western Union\/Alipay\/TT;<\/li>\n<li>Zahlungsbedingungen: EXW, FOB Shanghai; Der K\u00e4ufer ist f\u00fcr die Versandkosten verantwortlich<\/li>\n<\/ul>","protected":false},"excerpt":{"rendered":"<ul>\n<li><strong>Perlenqualit\u00e4t<\/strong>: AA-Qualit\u00e4t<\/li>\n<li><strong>Perlengr\u00f6\u00dfe<\/strong>: 3-6mm<\/li>\n<li><strong>Perlenform<\/strong>: Runde<\/li>\n<li><strong>Perlenfarbe<\/strong>: Wei\u00df<\/li>\n<li><strong>L\u00e4nge<\/strong>: 15 Zoll<\/li>\n<li><strong>Verschluss<\/strong>\uff1aKupferverschluss<\/li>\n<\/ul>","protected":false},"featured_media":1542,"template":"","meta":{"_kad_blocks_custom_css":"","_kad_blocks_head_custom_js":"","_kad_blocks_body_custom_js":"","_kad_blocks_footer_custom_js":"","_kadence_starter_templates_imported_post":false,"_kad_post_transparent":"default","_kad_post_title":"","_kad_post_layout":"default","_kad_post_sidebar_id":"","_kad_post_content_style":"default","_kad_post_vertical_padding":"default","_kad_post_feature":"","_kad_post_feature_position":"","_kad_post_header":false,"_kad_post_footer":false,"_kad_post_classname":"","jetpack_publicize_message":"","jetpack_publicize_feature_enabled":true,"jetpack_social_post_already_shared":false,"jetpack_social_options":{"image_generator_settings":{"template":"highway","default_image_id":0,"font":"","enabled":false},"version":2}},"product_brand":[],"product_cat":[25],"product_tag":[114,122,123],"class_list":{"0":"post-1541","1":"product","2":"type-product","3":"status-publish","4":"has-post-thumbnail","6":"product_cat-pearl-necklaces","7":"product_tag-aa-pearl","8":"product_tag-potato-pearl-necklace","9":"product_tag-white-pearl-necklace","10":"pa_pearl-color-white-pearl","11":"pa_pearl-shape-potato-pearl","12":"pa_pearl-size-3mm","13":"pa_pearl-size-6mm","14":"pa_pearl-type-freshwater-pearl","16":"first","17":"instock","18":"shipping-taxable","19":"product-type-simple","20":"entry","21":"content-bg","22":"loop-entry"},"jetpack_publicize_connections":[],"taxonomy_info":{"product_cat":[{"value":25,"label":"Pearl Necklace"}],"product_tag":[{"value":114,"label":"AA pearl"},{"value":122,"label":"potato pearl necklace"},{"value":123,"label":"white pearl necklace"}],"pa_pearl-color":[{"value":66,"label":"White Pearl"}],"pa_pearl-shape":[{"value":86,"label":"Potato Pearl"}],"pa_pearl-size":[{"value":72,"label":"3mm"},{"value":77,"label":"6mm"}],"pa_pearl-type":[{"value":69,"label":"Freshwater Pearl"}]},"featured_image_src_large":["https:\/\/www.pearlswholesaler.com\/wp-content\/uploads\/2024\/12\/3-6mm-pearl-necklace-AA-fresh-water-pearlwhite.webp",999,1008,false],"author_info":[],"comment_info":"","_links":{"self":[{"href":"https:\/\/www.pearlswholesaler.com\/de\/wp-json\/wp\/v2\/product\/1541","targetHints":{"allow":["GET"]}}],"collection":[{"href":"https:\/\/www.pearlswholesaler.com\/de\/wp-json\/wp\/v2\/product"}],"about":[{"href":"https:\/\/www.pearlswholesaler.com\/de\/wp-json\/wp\/v2\/types\/product"}],"wp:featuredmedia":[{"embeddable":true,"href":"https:\/\/www.pearlswholesaler.com\/de\/wp-json\/wp\/v2\/media\/1542"}],"wp:attachment":[{"href":"https:\/\/www.pearlswholesaler.com\/de\/wp-json\/wp\/v2\/media?parent=1541"}],"wp:term":[{"taxonomy":"product_brand","embeddable":true,"href":"https:\/\/www.pearlswholesaler.com\/de\/wp-json\/wp\/v2\/product_brand?post=1541"},{"taxonomy":"product_cat","embeddable":true,"href":"https:\/\/www.pearlswholesaler.com\/de\/wp-json\/wp\/v2\/product_cat?post=1541"},{"taxonomy":"product_tag","embeddable":true,"href":"https:\/\/www.pearlswholesaler.com\/de\/wp-json\/wp\/v2\/product_tag?post=1541"}],"curies":[{"name":"wp","href":"https:\/\/api.w.org\/{rel}","templated":true}]}}