{"id":1539,"date":"2024-12-12T13:19:14","date_gmt":"2024-12-12T13:19:14","guid":{"rendered":"https:\/\/pearlswholesaler.com\/?post_type=product&#038;p=1539"},"modified":"2025-08-07T07:20:37","modified_gmt":"2025-08-07T07:20:37","slug":"bulk-13-14mm-white-round-pearl-pendant-aaaaa-grade","status":"publish","type":"product","link":"https:\/\/www.pearlswholesaler.com\/de\/product\/bulk-13-14mm-white-round-pearl-pendant-aaaaa-grade\/","title":{"rendered":"13-14mm wei\u00dfer runder S\u00fc\u00dfwasserperlenanh\u00e4nger, AAAAA-Qualit\u00e4t"},"content":{"rendered":"<p>Auf der Suche nach einem wirklich exquisiten Schmuckst\u00fcck? Dieser Anh\u00e4nger zeigt eine perfekt runde, AAAAA-Bewertung wei\u00dfe S\u00fc\u00dfwasserperle mit beeindruckenden 13-14 mm. Wir haben sie mit sorgf\u00e4ltig ausgew\u00e4hltem Nanjiang-Karneol und luxuri\u00f6sen 18K-Gold-Akzenten kombiniert, um ein St\u00fcck zu schaffen, das ebenso langlebig wie sch\u00f6n ist. Das klassische Design und die makellose wei\u00dfe Farbe machen es unglaublich vielseitig, perfekt f\u00fcr jeden Anlass.<\/p>\n<p><img loading=\"lazy\" decoding=\"async\" class=\"size-full wp-image-1540 aligncenter\" src=\"https:\/\/pearlswholesaler.com\/wp-content\/uploads\/2024\/12\/13-14mm-pearl-necklace-AAAAA-fresh-water-pearlwhite.webp\" alt=\"13-14mm Perlenanh\u00e4nger AAAAA S\u00fc\u00dfwasserperle, wei\u00df\" width=\"1000\" height=\"996\" title=\"\" srcset=\"https:\/\/www.pearlswholesaler.com\/wp-content\/uploads\/2024\/12\/13-14mm-pearl-necklace-AAAAA-fresh-water-pearlwhite.webp 1000w, https:\/\/www.pearlswholesaler.com\/wp-content\/uploads\/2024\/12\/13-14mm-pearl-necklace-AAAAA-fresh-water-pearlwhite-300x300.webp 300w, https:\/\/www.pearlswholesaler.com\/wp-content\/uploads\/2024\/12\/13-14mm-pearl-necklace-AAAAA-fresh-water-pearlwhite-150x150.webp 150w, https:\/\/www.pearlswholesaler.com\/wp-content\/uploads\/2024\/12\/13-14mm-pearl-necklace-AAAAA-fresh-water-pearlwhite-768x765.webp 768w, https:\/\/www.pearlswholesaler.com\/wp-content\/uploads\/2024\/12\/13-14mm-pearl-necklace-AAAAA-fresh-water-pearlwhite-600x598.webp 600w, https:\/\/www.pearlswholesaler.com\/wp-content\/uploads\/2024\/12\/13-14mm-pearl-necklace-AAAAA-fresh-water-pearlwhite-100x100.webp 100w\" sizes=\"auto, (max-width: 1000px) 100vw, 1000px\" \/><\/p>\n<p>Einfach, aber atemberaubend. Die klassische Form erg\u00e4nzt m\u00fchelos jedes Outfit \u2013 von glamour\u00f6sen Abenden bis zu l\u00e4ssigen Tagen. Und weil es kettenfrei ist, k\u00f6nnen Sie es mit Ihrer Lieblingskette stylen, um einen Look zu kreieren, der ganz einzigartig ist.<\/p>\n<p>Gro\u00dfhandelskunden, beachten Sie: Dieser Perlenanh\u00e4nger ist ein garantiertes Publikumsmagnet. Es ist die Art von Schmuckst\u00fcck, das Aufmerksamkeit erregt und Ihren Umsatz steigert \u2013 ein Muss f\u00fcr jede anspruchsvolle Schmuckkollektion.<\/p>\n<ul>\n<li>Verpackung: Polybeutel \/ Schmuckbeutel \/ Schmuckschatulle<\/li>\n<li>Lieferzeit: 3-10 Werktage<\/li>\n<li>Versand: DHL\/Fedex\/UPS\/EMS<\/li>\n<li>Zahlungsbedingungen: Bank\u00fcberweisung PayPal\/ Western Union\/Alipay\/TT;<\/li>\n<li>Zahlungsbedingungen: EXW, FOB Shanghai;<\/li>\n<\/ul>","protected":false},"excerpt":{"rendered":"<ul>\n<li><strong>Perlenqualit\u00e4t<\/strong>: AAAAA Bewertung<\/li>\n<li><strong>Perlengr\u00f6\u00dfe<\/strong>: 13-14mm<\/li>\n<li><strong>Perlenform<\/strong>: Runde<\/li>\n<li><strong>Perlenfarbe<\/strong>: Wei\u00df<\/li>\n<li><strong>Material<\/strong>\uff1aNanjiang Karneol, 18K Gold, S\u00fc\u00dfwasserperle<\/li>\n<li><strong>Hinweis<\/strong>\uff1aSterlingsilber-Anh\u00e4nger ohne Kette<\/li>\n<\/ul>","protected":false},"featured_media":1540,"template":"","meta":{"_kad_blocks_custom_css":"","_kad_blocks_head_custom_js":"","_kad_blocks_body_custom_js":"","_kad_blocks_footer_custom_js":"","_kadence_starter_templates_imported_post":false,"_kad_post_transparent":"default","_kad_post_title":"","_kad_post_layout":"default","_kad_post_sidebar_id":"","_kad_post_content_style":"default","_kad_post_vertical_padding":"default","_kad_post_feature":"","_kad_post_feature_position":"","_kad_post_header":false,"_kad_post_footer":false,"_kad_post_classname":"","jetpack_publicize_message":"","jetpack_publicize_feature_enabled":true,"jetpack_social_post_already_shared":false,"jetpack_social_options":{"image_generator_settings":{"template":"highway","default_image_id":0,"font":"","enabled":false},"version":2}},"product_brand":[],"product_cat":[64],"product_tag":[],"class_list":{"0":"post-1539","1":"product","2":"type-product","3":"status-publish","4":"has-post-thumbnail","6":"product_cat-pearl-pendants","7":"pa_pearl-color-white-pearl","8":"pa_pearl-shape-round-pearl","9":"pa_pearl-size-13mm","10":"pa_pearl-size-14mm","11":"pa_pearl-type-freshwater-pearl","13":"first","14":"instock","15":"shipping-taxable","16":"product-type-simple","17":"entry","18":"content-bg","19":"loop-entry"},"jetpack_publicize_connections":[],"taxonomy_info":{"product_cat":[{"value":64,"label":"Pearl Pendant"}],"pa_pearl-color":[{"value":66,"label":"White Pearl"}],"pa_pearl-shape":[{"value":68,"label":"Round Pearl"}],"pa_pearl-size":[{"value":80,"label":"13mm"},{"value":83,"label":"14mm"}],"pa_pearl-type":[{"value":69,"label":"Freshwater Pearl"}]},"featured_image_src_large":["https:\/\/www.pearlswholesaler.com\/wp-content\/uploads\/2024\/12\/13-14mm-pearl-necklace-AAAAA-fresh-water-pearlwhite.webp",1000,996,false],"author_info":[],"comment_info":"","_links":{"self":[{"href":"https:\/\/www.pearlswholesaler.com\/de\/wp-json\/wp\/v2\/product\/1539","targetHints":{"allow":["GET"]}}],"collection":[{"href":"https:\/\/www.pearlswholesaler.com\/de\/wp-json\/wp\/v2\/product"}],"about":[{"href":"https:\/\/www.pearlswholesaler.com\/de\/wp-json\/wp\/v2\/types\/product"}],"wp:featuredmedia":[{"embeddable":true,"href":"https:\/\/www.pearlswholesaler.com\/de\/wp-json\/wp\/v2\/media\/1540"}],"wp:attachment":[{"href":"https:\/\/www.pearlswholesaler.com\/de\/wp-json\/wp\/v2\/media?parent=1539"}],"wp:term":[{"taxonomy":"product_brand","embeddable":true,"href":"https:\/\/www.pearlswholesaler.com\/de\/wp-json\/wp\/v2\/product_brand?post=1539"},{"taxonomy":"product_cat","embeddable":true,"href":"https:\/\/www.pearlswholesaler.com\/de\/wp-json\/wp\/v2\/product_cat?post=1539"},{"taxonomy":"product_tag","embeddable":true,"href":"https:\/\/www.pearlswholesaler.com\/de\/wp-json\/wp\/v2\/product_tag?post=1539"}],"curies":[{"name":"wp","href":"https:\/\/api.w.org\/{rel}","templated":true}]}}