{"id":1523,"date":"2024-12-11T08:21:11","date_gmt":"2024-12-11T08:21:11","guid":{"rendered":"https:\/\/pearlswholesaler.com\/?post_type=product&#038;p=1523"},"modified":"2025-07-22T06:37:35","modified_gmt":"2025-07-22T06:37:35","slug":"bulk-11-12mm-round-purple-freshwater-pearl-pendant","status":"publish","type":"product","link":"https:\/\/www.pearlswholesaler.com\/de\/product\/bulk-11-12mm-round-purple-freshwater-pearl-pendant\/","title":{"rendered":"11-12mm runder lila S\u00fc\u00dfwasserperlenanh\u00e4nger, AAAA-Qualit\u00e4t, 18K Gold"},"content":{"rendered":"<p><span id=\"input-sentence~0\">Dieser Anh\u00e4nger zeigt eine runde, lila S\u00fc\u00dfwasserperle mit 11-12mm Durchmesser. Wir verwenden AAAA-Qualit\u00e4tsperlen, was bedeutet, dass sie super gl\u00e4nzend, fast perfekt rund und in einer wundersch\u00f6nen lila Farbe sind. Jede Perle wird sorgf\u00e4ltig ausgew\u00e4hlt, um den h\u00f6chsten Standards zu entsprechen. Sie ist in 18K Gold gefasst, das nicht nur sicher, sondern auch langlebig und hypoallergen ist (ideal f\u00fcr empfindliche Haut!).<\/span><span id=\"input-sentence~1\"><br \/>\n<\/span><\/p>\n<p><img loading=\"lazy\" decoding=\"async\" class=\"size-full wp-image-1526 aligncenter\" src=\"https:\/\/pearlswholesaler.com\/wp-content\/uploads\/2024\/12\/11-12mm-pearl-necklace-AAAA-fresh-water-pearlpurple-2.webp\" alt=\"11-12mm runder lila S\u00fc\u00dfwasserperlenanh\u00e4nger, AAAA-Qualit\u00e4t, 925 Silber\" width=\"997\" height=\"873\" title=\"\" srcset=\"https:\/\/www.pearlswholesaler.com\/wp-content\/uploads\/2024\/12\/11-12mm-pearl-necklace-AAAA-fresh-water-pearlpurple-2.webp 997w, https:\/\/www.pearlswholesaler.com\/wp-content\/uploads\/2024\/12\/11-12mm-pearl-necklace-AAAA-fresh-water-pearlpurple-2-300x263.webp 300w, https:\/\/www.pearlswholesaler.com\/wp-content\/uploads\/2024\/12\/11-12mm-pearl-necklace-AAAA-fresh-water-pearlpurple-2-768x672.webp 768w, https:\/\/www.pearlswholesaler.com\/wp-content\/uploads\/2024\/12\/11-12mm-pearl-necklace-AAAA-fresh-water-pearlpurple-2-600x525.webp 600w\" sizes=\"auto, (max-width: 997px) 100vw, 997px\" \/><\/p>\n<p>Weit empfohlen f\u00fcr Unternehmen, die in die Luxus-Schmucklinie mit Bestsellern einsteigen m\u00f6chten, unser 11-12mm runder lila S\u00fc\u00dfwasserperlen-Anh\u00e4nger. Hochwertig, sch\u00f6n und ansprechend verpackt \u2013 Eigenschaften, die jeden K\u00e4ufer begeistern oder sogar beeindrucken.<\/p>\n<p>Entscheiden Sie sich, Ihre Gro\u00dfhandels-Schmucklinie mit diesem hochwertigen Anh\u00e4nger zu erg\u00e4nzen. Mengenrabatte und Preise? Lassen Sie uns einen Deal machen, der Ihrem Gesch\u00e4ft Raffinesse und Qualit\u00e4t verleiht.<\/p>\n<p><img loading=\"lazy\" decoding=\"async\" class=\"size-full wp-image-1524 aligncenter\" src=\"https:\/\/pearlswholesaler.com\/wp-content\/uploads\/2024\/12\/11-12mm-pearl-necklace-AAAA-fresh-water-pearlpurple.webp\" alt=\"AAAA-Qualit\u00e4t 11-12mm lila S\u00fc\u00dfwasserperlen-Anh\u00e4nger, 925 Silber\" width=\"1000\" height=\"860\" title=\"\" srcset=\"https:\/\/www.pearlswholesaler.com\/wp-content\/uploads\/2024\/12\/11-12mm-pearl-necklace-AAAA-fresh-water-pearlpurple.webp 1000w, https:\/\/www.pearlswholesaler.com\/wp-content\/uploads\/2024\/12\/11-12mm-pearl-necklace-AAAA-fresh-water-pearlpurple-300x258.webp 300w, https:\/\/www.pearlswholesaler.com\/wp-content\/uploads\/2024\/12\/11-12mm-pearl-necklace-AAAA-fresh-water-pearlpurple-768x660.webp 768w, https:\/\/www.pearlswholesaler.com\/wp-content\/uploads\/2024\/12\/11-12mm-pearl-necklace-AAAA-fresh-water-pearlpurple-600x516.webp 600w\" sizes=\"auto, (max-width: 1000px) 100vw, 1000px\" \/><\/p>\n<ul>\n<li>Verpackung: Polybeutel \/ Schmuckbeutel \/ Schmuckschatulle<\/li>\n<li>Lieferzeit: 3-10 Werktage<\/li>\n<li>Versand: DHL\/Fedex\/UPS\/EMS<\/li>\n<li>Zahlungsbedingungen: Bank\u00fcberweisung PayPal\/ Western Union\/Alipay\/TT;<\/li>\n<li>Zahlungsbedingungen: EXW, FOB Shanghai;<\/li>\n<\/ul>","protected":false},"excerpt":{"rendered":"<ul>\n<li><strong>Perlenqualit\u00e4t<\/strong>: AAAA-Note<\/li>\n<li><strong>Perlengr\u00f6\u00dfe<\/strong>: 11-12mm<\/li>\n<li><strong>Perlenform<\/strong>: Runde<\/li>\n<li><strong>Material<\/strong>: S\u00fc\u00dfwasserperle, 18K Gold<\/li>\n<li><strong>Hinweis:<\/strong>\uff1aAnh\u00e4nger ohne Kette<\/li>\n<\/ul>","protected":false},"featured_media":1531,"template":"","meta":{"_kad_blocks_custom_css":"","_kad_blocks_head_custom_js":"","_kad_blocks_body_custom_js":"","_kad_blocks_footer_custom_js":"","_kadence_starter_templates_imported_post":false,"_kad_post_transparent":"default","_kad_post_title":"","_kad_post_layout":"default","_kad_post_sidebar_id":"","_kad_post_content_style":"default","_kad_post_vertical_padding":"default","_kad_post_feature":"","_kad_post_feature_position":"","_kad_post_header":false,"_kad_post_footer":false,"_kad_post_classname":"","jetpack_publicize_message":"","jetpack_publicize_feature_enabled":true,"jetpack_social_post_already_shared":false,"jetpack_social_options":{"image_generator_settings":{"template":"highway","default_image_id":0,"font":"","enabled":false},"version":2}},"product_brand":[],"product_cat":[64],"product_tag":[],"class_list":{"0":"post-1523","1":"product","2":"type-product","3":"status-publish","4":"has-post-thumbnail","6":"product_cat-pearl-pendants","7":"pa_pearl-color-natural-purple","8":"pa_pearl-shape-round-pearl","9":"pa_pearl-size-11mm","10":"pa_pearl-size-12mm","11":"pa_pearl-type-freshwater-pearl","13":"first","14":"instock","15":"shipping-taxable","16":"product-type-simple","17":"entry","18":"content-bg","19":"loop-entry"},"jetpack_publicize_connections":[],"taxonomy_info":{"product_cat":[{"value":64,"label":"Pearl Pendant"}],"pa_pearl-color":[{"value":88,"label":"Natural purple"}],"pa_pearl-shape":[{"value":68,"label":"Round Pearl"}],"pa_pearl-size":[{"value":82,"label":"11mm"},{"value":89,"label":"12mm"}],"pa_pearl-type":[{"value":69,"label":"Freshwater Pearl"}]},"featured_image_src_large":["https:\/\/www.pearlswholesaler.com\/wp-content\/uploads\/2024\/12\/11-12mm-pearl-necklace-AAAA-fresh-water-pearlpurple-3.webp",996,949,false],"author_info":[],"comment_info":"","_links":{"self":[{"href":"https:\/\/www.pearlswholesaler.com\/de\/wp-json\/wp\/v2\/product\/1523","targetHints":{"allow":["GET"]}}],"collection":[{"href":"https:\/\/www.pearlswholesaler.com\/de\/wp-json\/wp\/v2\/product"}],"about":[{"href":"https:\/\/www.pearlswholesaler.com\/de\/wp-json\/wp\/v2\/types\/product"}],"wp:featuredmedia":[{"embeddable":true,"href":"https:\/\/www.pearlswholesaler.com\/de\/wp-json\/wp\/v2\/media\/1531"}],"wp:attachment":[{"href":"https:\/\/www.pearlswholesaler.com\/de\/wp-json\/wp\/v2\/media?parent=1523"}],"wp:term":[{"taxonomy":"product_brand","embeddable":true,"href":"https:\/\/www.pearlswholesaler.com\/de\/wp-json\/wp\/v2\/product_brand?post=1523"},{"taxonomy":"product_cat","embeddable":true,"href":"https:\/\/www.pearlswholesaler.com\/de\/wp-json\/wp\/v2\/product_cat?post=1523"},{"taxonomy":"product_tag","embeddable":true,"href":"https:\/\/www.pearlswholesaler.com\/de\/wp-json\/wp\/v2\/product_tag?post=1523"}],"curies":[{"name":"wp","href":"https:\/\/api.w.org\/{rel}","templated":true}]}}