{"id":1516,"date":"2024-12-11T09:51:40","date_gmt":"2024-12-11T09:51:40","guid":{"rendered":"https:\/\/pearlswholesaler.com\/?post_type=product&#038;p=1516"},"modified":"2025-07-22T02:00:55","modified_gmt":"2025-07-22T02:00:55","slug":"bulk-5a-4-5mm-white-round-pearl-bracelet","status":"publish","type":"product","link":"https:\/\/www.pearlswholesaler.com\/de\/product\/bulk-5a-4-5mm-white-round-pearl-bracelet\/","title":{"rendered":"4-5mm wei\u00dfes rundes S\u00fc\u00dfwasserperlenarmband, 5A-Qualit\u00e4t, Kupferverschluss"},"content":{"rendered":"<p>Dieses 5A-Qualit\u00e4ts Wei\u00dfes S\u00fc\u00dfwasserperlenarmband verbindet Stil mit Haltbarkeit zu einer perfekten Harmonie. Alle unsere 5A-Qualit\u00e4tsperlen werden handverlesen auf Glanz, runde &amp; glatte Oberfl\u00e4che. Diese eleganten wei\u00dfen S\u00fc\u00dfwasserperlen sind zeitlos und elegant genug, um sie mit allem in meiner Schmuckkollektion zu tragen.<\/p>\n<p><img loading=\"lazy\" decoding=\"async\" class=\"size-full wp-image-1517 aligncenter\" src=\"https:\/\/pearlswholesaler.com\/wp-content\/uploads\/2024\/12\/4-5mm-Pearl-Bracelets-AAAAA-freshwater-pearl-white.webp\" alt=\"AAAAA 4-5mm wei\u00dfes rundes S\u00fc\u00dfwasserperlenarmband mit Kupfer\" width=\"1000\" height=\"932\" title=\"\" srcset=\"https:\/\/www.pearlswholesaler.com\/wp-content\/uploads\/2024\/12\/4-5mm-Pearl-Bracelets-AAAAA-freshwater-pearl-white.webp 1000w, https:\/\/www.pearlswholesaler.com\/wp-content\/uploads\/2024\/12\/4-5mm-Pearl-Bracelets-AAAAA-freshwater-pearl-white-300x280.webp 300w, https:\/\/www.pearlswholesaler.com\/wp-content\/uploads\/2024\/12\/4-5mm-Pearl-Bracelets-AAAAA-freshwater-pearl-white-768x716.webp 768w, https:\/\/www.pearlswholesaler.com\/wp-content\/uploads\/2024\/12\/4-5mm-Pearl-Bracelets-AAAAA-freshwater-pearl-white-600x559.webp 600w\" sizes=\"auto, (max-width: 1000px) 100vw, 1000px\" \/><\/p>\n<p>Mit zeitlosem und schickem Design ist das Armband vielseitig genug, um Sie von einem l\u00e4ssigen Tag bis zu einem hochkar\u00e4tigen Ereignis zu begleiten. Perlen sind einheitlich, was den Look so passend und elegant macht\u2026 und der Kupferverschluss ist ein trendiger Akzent.<\/p>\n<p>Erweitern Sie Ihre Schmucklinie mit diesem sch\u00f6nen Armband. Gro\u00dfbestellungen und Preise? Lassen Sie uns einen Deal machen, der Ihrem Gesch\u00e4ft Raffinesse und Qualit\u00e4t verleiht.<\/p>\n<ul>\n<li>Verpackung: Polybeutel \/ Schmuckbeutel \/ Schmuckschatulle<\/li>\n<li>Lieferzeit: 3-10 Werktage<\/li>\n<li>Versand: DHL\/Fedex\/UPS\/EMS<\/li>\n<li>Zahlungsbedingungen: Bank\u00fcberweisung PayPal\/ Western Union\/Alipay\/TT;<\/li>\n<li>Zahlungsbedingungen: EXW, FOB Shanghai; Der K\u00e4ufer ist f\u00fcr die Versandkosten verantwortlich<\/li>\n<\/ul>","protected":false},"excerpt":{"rendered":"<ul>\n<li><strong>Perlenqualit\u00e4t<\/strong>: AAAAA Bewertung<\/li>\n<li><strong>Perlengr\u00f6\u00dfe<\/strong>: 4-5mm<\/li>\n<li><strong>Perlenform<\/strong>: Runde<\/li>\n<li><strong>Perlenfarbe<\/strong>: Wei\u00df<\/li>\n<li><strong>L\u00e4nge<\/strong>: 15cm\/16cm\/17cm\/18cm\/19cm<\/li>\n<li><strong>Verschluss<\/strong>\uff1aKupferverschluss<\/li>\n<li><strong>Material<\/strong>24K Goldperlen, S\u00fc\u00dfwasserperle, Kupferverschluss<\/li>\n<\/ul>","protected":false},"featured_media":1517,"template":"","meta":{"_kad_blocks_custom_css":"","_kad_blocks_head_custom_js":"","_kad_blocks_body_custom_js":"","_kad_blocks_footer_custom_js":"","_kadence_starter_templates_imported_post":false,"_kad_post_transparent":"default","_kad_post_title":"","_kad_post_layout":"default","_kad_post_sidebar_id":"","_kad_post_content_style":"default","_kad_post_vertical_padding":"default","_kad_post_feature":"","_kad_post_feature_position":"","_kad_post_header":false,"_kad_post_footer":false,"_kad_post_classname":"","jetpack_publicize_message":"","jetpack_publicize_feature_enabled":true,"jetpack_social_post_already_shared":false,"jetpack_social_options":{"image_generator_settings":{"template":"highway","default_image_id":0,"font":"","enabled":false},"version":2}},"product_brand":[],"product_cat":[62],"product_tag":[],"class_list":{"0":"post-1516","1":"product","2":"type-product","3":"status-publish","4":"has-post-thumbnail","6":"product_cat-pearl-bracelets","7":"pa_pearl-color-white-pearl","8":"pa_pearl-shape-round-pearl","9":"pa_pearl-size-4mm","10":"pa_pearl-size-5mm-pearl-jewelry","11":"pa_pearl-type-freshwater-pearl","13":"first","14":"instock","15":"shipping-taxable","16":"product-type-simple","17":"entry","18":"content-bg","19":"loop-entry"},"jetpack_publicize_connections":[],"taxonomy_info":{"product_cat":[{"value":62,"label":"Pearl Bracelet"}],"pa_pearl-color":[{"value":66,"label":"White Pearl"}],"pa_pearl-shape":[{"value":68,"label":"Round Pearl"}],"pa_pearl-size":[{"value":73,"label":"4mm"},{"value":67,"label":"5mm"}],"pa_pearl-type":[{"value":69,"label":"Freshwater Pearl"}]},"featured_image_src_large":["https:\/\/www.pearlswholesaler.com\/wp-content\/uploads\/2024\/12\/4-5mm-Pearl-Bracelets-AAAAA-freshwater-pearl-white.webp",1000,932,false],"author_info":[],"comment_info":"","_links":{"self":[{"href":"https:\/\/www.pearlswholesaler.com\/de\/wp-json\/wp\/v2\/product\/1516","targetHints":{"allow":["GET"]}}],"collection":[{"href":"https:\/\/www.pearlswholesaler.com\/de\/wp-json\/wp\/v2\/product"}],"about":[{"href":"https:\/\/www.pearlswholesaler.com\/de\/wp-json\/wp\/v2\/types\/product"}],"wp:featuredmedia":[{"embeddable":true,"href":"https:\/\/www.pearlswholesaler.com\/de\/wp-json\/wp\/v2\/media\/1517"}],"wp:attachment":[{"href":"https:\/\/www.pearlswholesaler.com\/de\/wp-json\/wp\/v2\/media?parent=1516"}],"wp:term":[{"taxonomy":"product_brand","embeddable":true,"href":"https:\/\/www.pearlswholesaler.com\/de\/wp-json\/wp\/v2\/product_brand?post=1516"},{"taxonomy":"product_cat","embeddable":true,"href":"https:\/\/www.pearlswholesaler.com\/de\/wp-json\/wp\/v2\/product_cat?post=1516"},{"taxonomy":"product_tag","embeddable":true,"href":"https:\/\/www.pearlswholesaler.com\/de\/wp-json\/wp\/v2\/product_tag?post=1516"}],"curies":[{"name":"wp","href":"https:\/\/api.w.org\/{rel}","templated":true}]}}