{"id":1514,"date":"2024-12-12T08:03:36","date_gmt":"2024-12-12T08:03:36","guid":{"rendered":"https:\/\/pearlswholesaler.com\/?post_type=product&#038;p=1514"},"modified":"2026-02-11T02:19:55","modified_gmt":"2026-02-11T02:19:55","slug":"bulk-7-8mm-white-freshwater-pearl-bracelet","status":"publish","type":"product","link":"https:\/\/www.pearlswholesaler.com\/de\/produkt\/bulk-7-8mm-white-freshwater-pearl-bracelet\/","title":{"rendered":"Wei\u00dfes S\u00fc\u00dfwasserperlenarmband 7-8mm, AAA-Qualit\u00e4t, Kupferverschluss"},"content":{"rendered":"<p>Um den Bed\u00fcrfnissen des Gro\u00dfhandelsmarktes gerecht zu werden, haben wir ein AAA-Qualit\u00e4tsarmband aus 10-11mm nahezu runden S\u00fc\u00dfwasserperlen eingef\u00fchrt, das sowohl elegant als auch erschwinglich ist. Diese 10-11mm Perlen sind in Wei\u00df oder Orange erh\u00e4ltlich, und dieses Armband ist f\u00fcr alle Anl\u00e4sse und Stile geeignet.<\/p>\n<p><img decoding=\"async\" class=\"size-full wp-image-1515 aligncenter\" src=\"https:\/\/pearlswholesaler.com\/wp-content\/uploads\/2024\/12\/7-8mm-Pearl-Bracelets-AAA-freshwater-pearlorange.webp\" alt=\"AAA Qualit\u00e4t, 7-8mm wei\u00dfes S\u00fc\u00dfwasserperlenarmband, 18K Gold\" width=\"1000\" height=\"1000\" title=\"\" srcset=\"https:\/\/www.pearlswholesaler.com\/wp-content\/uploads\/2024\/12\/7-8mm-Pearl-Bracelets-AAA-freshwater-pearlorange.webp 1000w, https:\/\/www.pearlswholesaler.com\/wp-content\/uploads\/2024\/12\/7-8mm-Pearl-Bracelets-AAA-freshwater-pearlorange-300x300.webp 300w, https:\/\/www.pearlswholesaler.com\/wp-content\/uploads\/2024\/12\/7-8mm-Pearl-Bracelets-AAA-freshwater-pearlorange-150x150.webp 150w, https:\/\/www.pearlswholesaler.com\/wp-content\/uploads\/2024\/12\/7-8mm-Pearl-Bracelets-AAA-freshwater-pearlorange-768x768.webp 768w, https:\/\/www.pearlswholesaler.com\/wp-content\/uploads\/2024\/12\/7-8mm-Pearl-Bracelets-AAA-freshwater-pearlorange-600x600.webp 600w, https:\/\/www.pearlswholesaler.com\/wp-content\/uploads\/2024\/12\/7-8mm-Pearl-Bracelets-AAA-freshwater-pearlorange-100x100.webp 100w\" sizes=\"(max-width: 1000px) 100vw, 1000px\" \/><\/p>\n<p>Dieses Armband ist in verschiedenen Gr\u00f6\u00dfen erh\u00e4ltlich, von 15cm bis 19cm, um Kunden mit unterschiedlichen Handgelenkumf\u00e4ngen gerecht zu werden. Dieses Armband kombiniert k\u00fcnstliche Edelsteine und S\u00fc\u00dfwasserperlen f\u00fcr einen klassischen Look.<\/p>\n<p>Dieses Armband verwendet einen Kupferverschluss f\u00fcr einen sicheren Sitz sowie garantierte Qualit\u00e4t und Zuverl\u00e4ssigkeit. Kontaktieren Sie uns jetzt f\u00fcr Gro\u00dfhandelspreise.<\/p>\n<ul>\n<li>Verpackung: Polybeutel \/ Schmuckbeutel \/ Schmuckschatulle<\/li>\n<li>Lieferzeit: 3-10 Werktage<\/li>\n<li>Versand: DHL\/Fedex\/UPS\/EMS<\/li>\n<li>Zahlungsbedingungen: Bank\u00fcberweisung PayPal\/ Western Union\/Alipay\/TT;<\/li>\n<li>Zahlungsbedingungen: EXW, FOB Shanghai; Der K\u00e4ufer ist f\u00fcr die Versandkosten verantwortlich<\/li>\n<\/ul>","protected":false},"excerpt":{"rendered":"<ul>\n<li><strong>Perlenqualit\u00e4t<\/strong>: AAA-Qualit\u00e4t<\/li>\n<li><strong>Perlengr\u00f6\u00dfe<\/strong>: 7-8mm<\/li>\n<li><strong>Perlenform<\/strong>: Nahe Rund<\/li>\n<li><strong>Perlenfarbe<\/strong>: Wei\u00df\/Orange<\/li>\n<li><strong>L\u00e4nge<\/strong>: 15cm\/16cm\/17cm\/18cm\/19cm<\/li>\n<li><strong>Material<\/strong>\uff1aKunststein, S\u00fc\u00dfwasserperle<\/li>\n<li><strong>Verschluss<\/strong>\uff1aKupferverschluss<\/li>\n<\/ul>","protected":false},"featured_media":1515,"template":"","meta":{"_kad_blocks_custom_css":"","_kad_blocks_head_custom_js":"","_kad_blocks_body_custom_js":"","_kad_blocks_footer_custom_js":"","_kadence_starter_templates_imported_post":false,"_kad_post_transparent":"default","_kad_post_title":"","_kad_post_layout":"default","_kad_post_sidebar_id":"","_kad_post_content_style":"default","_kad_post_vertical_padding":"default","_kad_post_feature":"","_kad_post_feature_position":"","_kad_post_header":false,"_kad_post_footer":false,"_kad_post_classname":"","jetpack_publicize_message":"","jetpack_publicize_feature_enabled":true,"jetpack_social_post_already_shared":false,"jetpack_social_options":{"image_generator_settings":{"template":"highway","default_image_id":0,"font":"","enabled":false},"version":2}},"product_brand":[],"product_cat":[62],"product_tag":[],"class_list":{"0":"post-1514","1":"product","2":"type-product","3":"status-publish","4":"has-post-thumbnail","6":"product_cat-pearl-bracelets","7":"pa_pearl-color-natural-orange","8":"pa_pearl-color-white-pearl","9":"pa_pearl-shape-near-round","10":"pa_pearl-size-10mm","11":"pa_pearl-size-11mm","12":"pa_pearl-type-freshwater-pearl","14":"first","15":"instock","16":"shipping-taxable","17":"product-type-simple","18":"entry","19":"content-bg","20":"loop-entry"},"jetpack_publicize_connections":[],"taxonomy_info":{"product_cat":[{"value":62,"label":"Pearl Bracelet"}],"pa_pearl-color":[{"value":95,"label":"Natural orange"},{"value":66,"label":"White Pearl"}],"pa_pearl-shape":[{"value":84,"label":"Near Round"}],"pa_pearl-size":[{"value":79,"label":"10mm"},{"value":82,"label":"11mm"}],"pa_pearl-type":[{"value":69,"label":"Freshwater Pearl"}]},"featured_image_src_large":["https:\/\/www.pearlswholesaler.com\/wp-content\/uploads\/2024\/12\/7-8mm-Pearl-Bracelets-AAA-freshwater-pearlorange.webp",1000,1000,false],"author_info":[],"comment_info":"","_links":{"self":[{"href":"https:\/\/www.pearlswholesaler.com\/de\/wp-json\/wp\/v2\/product\/1514","targetHints":{"allow":["GET"]}}],"collection":[{"href":"https:\/\/www.pearlswholesaler.com\/de\/wp-json\/wp\/v2\/product"}],"about":[{"href":"https:\/\/www.pearlswholesaler.com\/de\/wp-json\/wp\/v2\/types\/product"}],"wp:featuredmedia":[{"embeddable":true,"href":"https:\/\/www.pearlswholesaler.com\/de\/wp-json\/wp\/v2\/media\/1515"}],"wp:attachment":[{"href":"https:\/\/www.pearlswholesaler.com\/de\/wp-json\/wp\/v2\/media?parent=1514"}],"wp:term":[{"taxonomy":"product_brand","embeddable":true,"href":"https:\/\/www.pearlswholesaler.com\/de\/wp-json\/wp\/v2\/product_brand?post=1514"},{"taxonomy":"product_cat","embeddable":true,"href":"https:\/\/www.pearlswholesaler.com\/de\/wp-json\/wp\/v2\/product_cat?post=1514"},{"taxonomy":"product_tag","embeddable":true,"href":"https:\/\/www.pearlswholesaler.com\/de\/wp-json\/wp\/v2\/product_tag?post=1514"}],"curies":[{"name":"wp","href":"https:\/\/api.w.org\/{rel}","templated":true}]}}