{"id":1508,"date":"2024-12-11T13:28:31","date_gmt":"2024-12-11T13:28:31","guid":{"rendered":"https:\/\/pearlswholesaler.com\/?post_type=product&#038;p=1508"},"modified":"2025-07-20T14:25:59","modified_gmt":"2025-07-20T14:25:59","slug":"bulk-11-14mm-rectangle-pearl-bracelet-aaa","status":"publish","type":"product","link":"https:\/\/www.pearlswholesaler.com\/de\/product\/bulk-11-14mm-rectangle-pearl-bracelet-aaa\/","title":{"rendered":"11-14mm rechteckiges S\u00fc\u00dfwasserperlenarmband, AAA-Qualit\u00e4t, Kupferverschluss"},"content":{"rendered":"<p data-rm-block-id=\"block-1\"><span id=\"input-sentence~0\">Kundenbed\u00fcrfnisse mit unserem 11-14mm Rechteck Perlenarmband, AAA-Qualit\u00e4t, gerecht werden<\/span>. Dieses exquisite Rechteck Perlenarmband ist perfekt f\u00fcr jeden Anlass.<\/p>\n<p data-rm-block-id=\"block-2\"><span id=\"input-sentence~0\">Unsere AAA-Qualit\u00e4tsperlen haben einen \u00fcberlegenen Glanz, Form und Oberfl\u00e4che. Die 11-14mm rechteckigen S\u00fc\u00dfwasserperlen bieten ein einzigartiges Aussehen, das sie von traditionellen runden Perlen unterscheidet. Betrachten Sie dieses Rechteck Perlenarmband als ein Statement-St\u00fcck. <\/span><span id=\"input-sentence~1\"> Die AAA-Bewertung garantiert ein hochwertiges Produkt.<\/span><\/p>\n<p data-rm-block-id=\"block-3\"><img loading=\"lazy\" decoding=\"async\" class=\"size-full wp-image-1509 aligncenter\" src=\"https:\/\/pearlswholesaler.com\/wp-content\/uploads\/2024\/12\/11-14mm-11-14mm-Pearl-Bracelets-AAA-freshwater-pearl-white.webp\" alt=\"AAA-Qualit\u00e4t, 11-14mm rechteckiges S\u00fc\u00dfwasserperlenarmband, Kupferverschluss\" width=\"1000\" height=\"1000\" title=\"\" srcset=\"https:\/\/www.pearlswholesaler.com\/wp-content\/uploads\/2024\/12\/11-14mm-11-14mm-Pearl-Bracelets-AAA-freshwater-pearl-white.webp 1000w, https:\/\/www.pearlswholesaler.com\/wp-content\/uploads\/2024\/12\/11-14mm-11-14mm-Pearl-Bracelets-AAA-freshwater-pearl-white-300x300.webp 300w, https:\/\/www.pearlswholesaler.com\/wp-content\/uploads\/2024\/12\/11-14mm-11-14mm-Pearl-Bracelets-AAA-freshwater-pearl-white-150x150.webp 150w, https:\/\/www.pearlswholesaler.com\/wp-content\/uploads\/2024\/12\/11-14mm-11-14mm-Pearl-Bracelets-AAA-freshwater-pearl-white-768x768.webp 768w, https:\/\/www.pearlswholesaler.com\/wp-content\/uploads\/2024\/12\/11-14mm-11-14mm-Pearl-Bracelets-AAA-freshwater-pearl-white-600x600.webp 600w, https:\/\/www.pearlswholesaler.com\/wp-content\/uploads\/2024\/12\/11-14mm-11-14mm-Pearl-Bracelets-AAA-freshwater-pearl-white-100x100.webp 100w\" sizes=\"auto, (max-width: 1000px) 100vw, 1000px\" \/><\/p>\n<p data-rm-block-id=\"block-4\">Dieses Rechteck Perlenarmband ist nicht nur stilvoll, sondern auch vielseitig, was es zu einem idealen Geschenk macht.<\/p>\n<p data-rm-block-id=\"block-5\">Armband mit Kupferverschluss. Es ist ein Material, das Komfort und Aussehen bietet. Au\u00dferdem verwandelt der Kupferverschluss es in einen etwas stilvollen Ohrring f\u00fcr modernes Design mit einem Hauch. Es ist so gestaltet, dass es genau durch sein exklusives Design und seine Materialien auf die Verbraucher eingeht.<\/p>\n<p data-rm-block-id=\"block-6\">Kontaktieren Sie uns noch heute, um Gro\u00dfhandelsbestellungen und Preise zu besprechen. Lassen Sie uns eine Partnerschaft aufbauen, die Eleganz und Qualit\u00e4t in Ihr Gesch\u00e4ft bringt.<\/p>\n<ul>\n<li data-rm-block-id=\"block-7\">Verpackung: Polybeutel \/ Schmuckbeutel \/ Schmuckschatulle<\/li>\n<li data-rm-block-id=\"block-8\">Lieferzeit: 3-10 Werktage<\/li>\n<li data-rm-block-id=\"block-9\">Versand: DHL\/Fedex\/UPS\/EMS<\/li>\n<li data-rm-block-id=\"block-10\">Zahlungsbedingungen: Bank\u00fcberweisung PayPal\/ Western Union\/Alipay\/TT;<\/li>\n<li data-rm-block-id=\"block-11\">Zahlungsbedingungen: EXW, FOB Shanghai; Der K\u00e4ufer ist f\u00fcr die Versandkosten verantwortlich<\/li>\n<\/ul>","protected":false},"excerpt":{"rendered":"<ul>\n<li><strong>Perlenqualit\u00e4t<\/strong>: AAA-Qualit\u00e4t<\/li>\n<li><strong>Perlengr\u00f6\u00dfe<\/strong>: 11-14mm<\/li>\n<li><strong>Perlenform:<\/strong> Rechteck<\/li>\n<li><strong>Perlenfarbe:<\/strong> Wei\u00df-Pink<\/li>\n<li><strong>L\u00e4nge<\/strong>: 15cm\/16cm\/17cm\/18cm\/19cm<\/li>\n<li><strong>Verschluss<\/strong>\uff1aKupferverschluss<\/li>\n<li><strong>Material<\/strong>\uff1aKupferperlen, S\u00fc\u00dfwasserperle<\/li>\n<\/ul>","protected":false},"featured_media":1509,"template":"","meta":{"_kad_blocks_custom_css":"","_kad_blocks_head_custom_js":"","_kad_blocks_body_custom_js":"","_kad_blocks_footer_custom_js":"","_kadence_starter_templates_imported_post":false,"_kad_post_transparent":"default","_kad_post_title":"","_kad_post_layout":"default","_kad_post_sidebar_id":"","_kad_post_content_style":"default","_kad_post_vertical_padding":"default","_kad_post_feature":"","_kad_post_feature_position":"","_kad_post_header":false,"_kad_post_footer":false,"_kad_post_classname":"","jetpack_publicize_message":"","jetpack_publicize_feature_enabled":true,"jetpack_social_post_already_shared":false,"jetpack_social_options":{"image_generator_settings":{"template":"highway","default_image_id":0,"font":"","enabled":false},"version":2}},"product_brand":[],"product_cat":[62],"product_tag":[108,111],"class_list":{"0":"post-1508","1":"product","2":"type-product","3":"status-publish","4":"has-post-thumbnail","6":"product_cat-pearl-bracelets","7":"product_tag-aaa-pearl","8":"product_tag-rectangle-pearl-bracelet","9":"pa_pearl-color-pink-pearl","10":"pa_pearl-color-white-pearl","11":"pa_pearl-shape-rectangle-pearl","12":"pa_pearl-size-11mm","13":"pa_pearl-size-14mm","14":"pa_pearl-type-freshwater-pearl","16":"first","17":"instock","18":"shipping-taxable","19":"product-type-simple","20":"entry","21":"content-bg","22":"loop-entry"},"jetpack_publicize_connections":[],"taxonomy_info":{"product_cat":[{"value":62,"label":"Pearl Bracelet"}],"product_tag":[{"value":108,"label":"AAA pearl"},{"value":111,"label":"rectangle pearl bracelet"}],"pa_pearl-color":[{"value":92,"label":"Pink Pearl"},{"value":66,"label":"White Pearl"}],"pa_pearl-shape":[{"value":85,"label":"Rectangle Pearl"}],"pa_pearl-size":[{"value":82,"label":"11mm"},{"value":83,"label":"14mm"}],"pa_pearl-type":[{"value":69,"label":"Freshwater Pearl"}]},"featured_image_src_large":["https:\/\/www.pearlswholesaler.com\/wp-content\/uploads\/2024\/12\/11-14mm-11-14mm-Pearl-Bracelets-AAA-freshwater-pearl-white.webp",1000,1000,false],"author_info":[],"comment_info":"","_links":{"self":[{"href":"https:\/\/www.pearlswholesaler.com\/de\/wp-json\/wp\/v2\/product\/1508","targetHints":{"allow":["GET"]}}],"collection":[{"href":"https:\/\/www.pearlswholesaler.com\/de\/wp-json\/wp\/v2\/product"}],"about":[{"href":"https:\/\/www.pearlswholesaler.com\/de\/wp-json\/wp\/v2\/types\/product"}],"wp:featuredmedia":[{"embeddable":true,"href":"https:\/\/www.pearlswholesaler.com\/de\/wp-json\/wp\/v2\/media\/1509"}],"wp:attachment":[{"href":"https:\/\/www.pearlswholesaler.com\/de\/wp-json\/wp\/v2\/media?parent=1508"}],"wp:term":[{"taxonomy":"product_brand","embeddable":true,"href":"https:\/\/www.pearlswholesaler.com\/de\/wp-json\/wp\/v2\/product_brand?post=1508"},{"taxonomy":"product_cat","embeddable":true,"href":"https:\/\/www.pearlswholesaler.com\/de\/wp-json\/wp\/v2\/product_cat?post=1508"},{"taxonomy":"product_tag","embeddable":true,"href":"https:\/\/www.pearlswholesaler.com\/de\/wp-json\/wp\/v2\/product_tag?post=1508"}],"curies":[{"name":"wp","href":"https:\/\/api.w.org\/{rel}","templated":true}]}}