{"id":1506,"date":"2024-12-11T13:49:41","date_gmt":"2024-12-11T13:49:41","guid":{"rendered":"https:\/\/pearlswholesaler.com\/?post_type=product&#038;p=1506"},"modified":"2024-12-15T07:40:37","modified_gmt":"2024-12-15T07:40:37","slug":"bulk-4-5mm-white-potato-pearl-and-turquoise-bead-bracelet","status":"publish","type":"product","link":"https:\/\/www.pearlswholesaler.com\/de\/product\/bulk-4-5mm-white-potato-pearl-and-turquoise-bead-bracelet\/","title":{"rendered":"4-5mm wei\u00dfes Kartoffelf\u00f6rmiges S\u00fc\u00dfwasserperlenarmband, AAA-Qualit\u00e4t"},"content":{"rendered":"<p><span id=\"input-sentence~0\">Lernen Sie unser AAA-Qualit\u00e4tsarmband aus wei\u00dfen S\u00fc\u00dfwasserperlen in Kartoffel-Form mit 4-5 mm kennen, das vielseitigste Gro\u00dfhandelsjuwelenst\u00fcck, das Sie ben\u00f6tigen.<\/span><\/p>\n<p><span id=\"input-sentence~0\">Die ausgew\u00e4hlten Perlen sind von hoher Qualit\u00e4t, um sicherzustellen, dass die Produkte standardisiert sind und die Qualit\u00e4tsanspr\u00fcche des anspruchsvollen K\u00e4ufers erf\u00fcllen.<\/span><\/p>\n<p><img loading=\"lazy\" decoding=\"async\" class=\"size-full wp-image-1507 aligncenter\" src=\"https:\/\/pearlswholesaler.com\/wp-content\/uploads\/2024\/12\/4-5mm-Pearl-Bracelets-AAA-freshwater-pearl-white.webp\" alt=\"AAA-Qualit\u00e4t 4-5mm wei\u00dfes Kartoffelf\u00f6rmiges S\u00fc\u00dfwasserperlen- und T\u00fcrkis-Perlenarmband\" width=\"1000\" height=\"1022\" title=\"\" srcset=\"https:\/\/www.pearlswholesaler.com\/wp-content\/uploads\/2024\/12\/4-5mm-Pearl-Bracelets-AAA-freshwater-pearl-white.webp 1000w, https:\/\/www.pearlswholesaler.com\/wp-content\/uploads\/2024\/12\/4-5mm-Pearl-Bracelets-AAA-freshwater-pearl-white-294x300.webp 294w, https:\/\/www.pearlswholesaler.com\/wp-content\/uploads\/2024\/12\/4-5mm-Pearl-Bracelets-AAA-freshwater-pearl-white-768x785.webp 768w, https:\/\/www.pearlswholesaler.com\/wp-content\/uploads\/2024\/12\/4-5mm-Pearl-Bracelets-AAA-freshwater-pearl-white-600x613.webp 600w\" sizes=\"auto, (max-width: 1000px) 100vw, 1000px\" \/><\/p>\n<p>Unsere Armb\u00e4nder sind in verschiedenen L\u00e4ngen erh\u00e4ltlich, die von 15 cm bis 19 cm Handgelenksumfang reichen, sodass verschiedene Handgelenkgr\u00f6\u00dfen passend sind.<span id=\"input-sentence~1\"> Der sichere Kupferverschluss macht das Armband langlebig sowie einfach zu tragen, und die kontrastierenden T\u00fcrkis-Perlen in Kombination mit S\u00fc\u00dfwasserperlen verleihen dem Schmuck einen stilvollen Twist, der das Aussehen des Armbands wirklich aufwertet.<\/span><\/p>\n<p>Erweitern Sie Ihre Schmucklinie mit diesem sch\u00f6nen Armband. Gro\u00dfbestellungen und Preise? Lassen Sie uns einen Deal machen, der Ihrem Gesch\u00e4ft Raffinesse und Qualit\u00e4t verleiht.<\/p>\n<ul>\n<li>Verpackung: Polybeutel \/ Schmuckbeutel \/ Schmuckschatulle<\/li>\n<li>Lieferzeit: 3-10 Werktage<\/li>\n<li>Versand: DHL\/Fedex\/UPS\/EMS<\/li>\n<li>Zahlungsbedingungen: Bank\u00fcberweisung PayPal\/ Western Union\/Alipay\/TT;<\/li>\n<li>Zahlungsbedingungen: EXW, FOB Shanghai; Der K\u00e4ufer ist f\u00fcr die Versandkosten verantwortlich<\/li>\n<\/ul>","protected":false},"excerpt":{"rendered":"<ul>\n<li><strong>Perlenqualit\u00e4t<\/strong>: AAA-Qualit\u00e4t<\/li>\n<li><strong>Perlengr\u00f6\u00dfe<\/strong>: 4-5mm<\/li>\n<li><strong>Perlenform<\/strong>: Kartoffel-Form<\/li>\n<li><strong>Perlenfarbe<\/strong>: Wei\u00df<\/li>\n<li><strong>L\u00e4nge<\/strong>: 15cm\/16cm\/17cm\/18cm\/19cm<\/li>\n<li><strong>Verschluss<\/strong>\uff1aKupferverschluss<\/li>\n<li><strong>Material<\/strong>: S\u00fc\u00dfwasserperlen, T\u00fcrkis-Perlen, Kupfer-Perlen<\/li>\n<\/ul>","protected":false},"featured_media":1507,"template":"","meta":{"_kad_blocks_custom_css":"","_kad_blocks_head_custom_js":"","_kad_blocks_body_custom_js":"","_kad_blocks_footer_custom_js":"","_kadence_starter_templates_imported_post":false,"_kad_post_transparent":"default","_kad_post_title":"","_kad_post_layout":"default","_kad_post_sidebar_id":"","_kad_post_content_style":"default","_kad_post_vertical_padding":"default","_kad_post_feature":"","_kad_post_feature_position":"","_kad_post_header":false,"_kad_post_footer":false,"_kad_post_classname":"","jetpack_publicize_message":"","jetpack_publicize_feature_enabled":true,"jetpack_social_post_already_shared":false,"jetpack_social_options":{"image_generator_settings":{"template":"highway","default_image_id":0,"font":"","enabled":false},"version":2}},"product_brand":[],"product_cat":[62],"product_tag":[],"class_list":{"0":"post-1506","1":"product","2":"type-product","3":"status-publish","4":"has-post-thumbnail","6":"product_cat-pearl-bracelets","7":"pa_pearl-color-white-pearl","8":"pa_pearl-shape-potato-pearl","9":"pa_pearl-size-4mm","10":"pa_pearl-size-5mm-pearl-jewelry","11":"pa_pearl-type-freshwater-pearl","13":"first","14":"instock","15":"shipping-taxable","16":"product-type-simple","17":"entry","18":"content-bg","19":"loop-entry"},"jetpack_publicize_connections":[],"taxonomy_info":{"product_cat":[{"value":62,"label":"Pearl Bracelet"}],"pa_pearl-color":[{"value":66,"label":"White Pearl"}],"pa_pearl-shape":[{"value":86,"label":"Potato Pearl"}],"pa_pearl-size":[{"value":73,"label":"4mm"},{"value":67,"label":"5mm"}],"pa_pearl-type":[{"value":69,"label":"Freshwater Pearl"}]},"featured_image_src_large":["https:\/\/www.pearlswholesaler.com\/wp-content\/uploads\/2024\/12\/4-5mm-Pearl-Bracelets-AAA-freshwater-pearl-white.webp",1000,1022,false],"author_info":[],"comment_info":"","_links":{"self":[{"href":"https:\/\/www.pearlswholesaler.com\/de\/wp-json\/wp\/v2\/product\/1506","targetHints":{"allow":["GET"]}}],"collection":[{"href":"https:\/\/www.pearlswholesaler.com\/de\/wp-json\/wp\/v2\/product"}],"about":[{"href":"https:\/\/www.pearlswholesaler.com\/de\/wp-json\/wp\/v2\/types\/product"}],"wp:featuredmedia":[{"embeddable":true,"href":"https:\/\/www.pearlswholesaler.com\/de\/wp-json\/wp\/v2\/media\/1507"}],"wp:attachment":[{"href":"https:\/\/www.pearlswholesaler.com\/de\/wp-json\/wp\/v2\/media?parent=1506"}],"wp:term":[{"taxonomy":"product_brand","embeddable":true,"href":"https:\/\/www.pearlswholesaler.com\/de\/wp-json\/wp\/v2\/product_brand?post=1506"},{"taxonomy":"product_cat","embeddable":true,"href":"https:\/\/www.pearlswholesaler.com\/de\/wp-json\/wp\/v2\/product_cat?post=1506"},{"taxonomy":"product_tag","embeddable":true,"href":"https:\/\/www.pearlswholesaler.com\/de\/wp-json\/wp\/v2\/product_tag?post=1506"}],"curies":[{"name":"wp","href":"https:\/\/api.w.org\/{rel}","templated":true}]}}