{"id":1500,"date":"2024-12-12T12:01:25","date_gmt":"2024-12-12T12:01:25","guid":{"rendered":"https:\/\/pearlswholesaler.com\/?post_type=product&#038;p=1500"},"modified":"2024-12-27T13:15:05","modified_gmt":"2024-12-27T13:15:05","slug":"7-8mm-white-freshwater-pearl-earring-aaaa-grade-18k-gold","status":"publish","type":"product","link":"https:\/\/www.pearlswholesaler.com\/de\/product\/7-8mm-white-freshwater-pearl-earring-aaaa-grade-18k-gold\/","title":{"rendered":"7-8mm wei\u00dfe S\u00fc\u00dfwasserperlenohrring, AAAA-Qualit\u00e4t, 18K Gold"},"content":{"rendered":"<p>S\u00fc\u00dfwasserperlenohrringe mit AAAA Bewertung, 7-8 mm runde wei\u00dfe Perlen, eingebettet in einen Rahmen aus 18K Gold. Diese Perlen werden handverlesen f\u00fcr ihre runde Form, reines Wei\u00df und minimale Oberfl\u00e4chenfehler.<\/p>\n<p><img loading=\"lazy\" decoding=\"async\" class=\"size-full wp-image-1501 aligncenter\" src=\"https:\/\/pearlswholesaler.com\/wp-content\/uploads\/2024\/12\/7-8mm-earring-AAAA-fresh-water-pearlwhite.webp\" alt=\"AAAA-Qualit\u00e4t, 7-8mm wei\u00dfe S\u00fc\u00dfwasserperlenohrring, 925 Silber\" width=\"1000\" height=\"889\" title=\"\" srcset=\"https:\/\/www.pearlswholesaler.com\/wp-content\/uploads\/2024\/12\/7-8mm-earring-AAAA-fresh-water-pearlwhite.webp 1000w, https:\/\/www.pearlswholesaler.com\/wp-content\/uploads\/2024\/12\/7-8mm-earring-AAAA-fresh-water-pearlwhite-300x267.webp 300w, https:\/\/www.pearlswholesaler.com\/wp-content\/uploads\/2024\/12\/7-8mm-earring-AAAA-fresh-water-pearlwhite-768x683.webp 768w, https:\/\/www.pearlswholesaler.com\/wp-content\/uploads\/2024\/12\/7-8mm-earring-AAAA-fresh-water-pearlwhite-600x533.webp 600w\" sizes=\"auto, (max-width: 1000px) 100vw, 1000px\" \/><\/p>\n<p>Jeder Ohrring ist mit nat\u00fcrlichen oder synthetischen Diamanten verziert, die einen funkelnden Akzent setzen und die nat\u00fcrliche Sch\u00f6nheit der Perle unterstreichen. Die Wahl der Diamanten erm\u00f6glicht eine gro\u00dfe Preisspanne bei gleichzeitiger Beibehaltung des hochwertigen Charmes, f\u00fcr den Diamantschmuck bekannt ist.<\/p>\n<p>Gefertigt aus 18K Gold, vereinen sich S\u00fc\u00dfwasserperlen, Diamanten und Gold zu einem zeitlosen Schmuckst\u00fcck, das perfekt f\u00fcr verschiedene Anl\u00e4sse und Tragevorlieben geeignet ist.<\/p>\n<p>Sie sind ideal f\u00fcr H\u00e4ndler, die qualitativ hochwertige Perlenohrringe anbieten m\u00f6chten, die den klassischen Charme der Perlen mit dem Glanz der Diamanten und der Eleganz des Goldes verbinden.<\/p>\n<ul>\n<li>Verpackung: Polybeutel \/ Schmuckbeutel \/ Schmuckschatulle<\/li>\n<li>Lieferzeit: 3-10 Werktage<\/li>\n<li>Versand: DHL\/Fedex\/UPS\/EMS<\/li>\n<li>Zahlungsbedingungen: Bank\u00fcberweisung PayPal\/ Western Union\/Alipay\/TT;<\/li>\n<li>Zahlungsbedingungen: EXW, FOB Shanghai; Der K\u00e4ufer ist f\u00fcr die Versandkosten verantwortlich<\/li>\n<\/ul>","protected":false},"excerpt":{"rendered":"<ul>\n<li><strong>Perlenqualit\u00e4t<\/strong>: AAAA Bewertung<\/li>\n<li><strong>Perlengr\u00f6\u00dfe<\/strong>: 7-8mm<\/li>\n<li><strong>Perlenform<\/strong>: Runde<\/li>\n<li><strong>Perlenfarbe<\/strong>: Wei\u00df<\/li>\n<li><strong>Material<\/strong>\uff1aS\u00fc\u00dfwasserperle, Nat\u00fcrlicher Diamant \/ Synthetischer Diamant, 18K Gold<\/li>\n<\/ul>","protected":false},"featured_media":1501,"template":"","meta":{"_kad_blocks_custom_css":"","_kad_blocks_head_custom_js":"","_kad_blocks_body_custom_js":"","_kad_blocks_footer_custom_js":"","_kadence_starter_templates_imported_post":false,"_kad_post_transparent":"default","_kad_post_title":"","_kad_post_layout":"default","_kad_post_sidebar_id":"","_kad_post_content_style":"default","_kad_post_vertical_padding":"default","_kad_post_feature":"","_kad_post_feature_position":"","_kad_post_header":false,"_kad_post_footer":false,"_kad_post_classname":"","jetpack_publicize_message":"","jetpack_publicize_feature_enabled":true,"jetpack_social_post_already_shared":false,"jetpack_social_options":{"image_generator_settings":{"template":"highway","default_image_id":0,"font":"","enabled":false},"version":2}},"product_brand":[],"product_cat":[63],"product_tag":[],"class_list":{"0":"post-1500","1":"product","2":"type-product","3":"status-publish","4":"has-post-thumbnail","6":"product_cat-pearl-earrings","7":"pa_pearl-color-white-pearl","8":"pa_pearl-shape-round-pearl","9":"pa_pearl-size-7mm","10":"pa_pearl-size-8mm","11":"pa_pearl-type-freshwater-pearl","13":"first","14":"instock","15":"shipping-taxable","16":"product-type-simple","17":"entry","18":"content-bg","19":"loop-entry"},"jetpack_publicize_connections":[],"taxonomy_info":{"product_cat":[{"value":63,"label":"Pearl Earring"}],"pa_pearl-color":[{"value":66,"label":"White Pearl"}],"pa_pearl-shape":[{"value":68,"label":"Round Pearl"}],"pa_pearl-size":[{"value":70,"label":"7mm"},{"value":71,"label":"8mm"}],"pa_pearl-type":[{"value":69,"label":"Freshwater Pearl"}]},"featured_image_src_large":["https:\/\/www.pearlswholesaler.com\/wp-content\/uploads\/2024\/12\/7-8mm-earring-AAAA-fresh-water-pearlwhite.webp",1000,889,false],"author_info":[],"comment_info":"","_links":{"self":[{"href":"https:\/\/www.pearlswholesaler.com\/de\/wp-json\/wp\/v2\/product\/1500","targetHints":{"allow":["GET"]}}],"collection":[{"href":"https:\/\/www.pearlswholesaler.com\/de\/wp-json\/wp\/v2\/product"}],"about":[{"href":"https:\/\/www.pearlswholesaler.com\/de\/wp-json\/wp\/v2\/types\/product"}],"wp:featuredmedia":[{"embeddable":true,"href":"https:\/\/www.pearlswholesaler.com\/de\/wp-json\/wp\/v2\/media\/1501"}],"wp:attachment":[{"href":"https:\/\/www.pearlswholesaler.com\/de\/wp-json\/wp\/v2\/media?parent=1500"}],"wp:term":[{"taxonomy":"product_brand","embeddable":true,"href":"https:\/\/www.pearlswholesaler.com\/de\/wp-json\/wp\/v2\/product_brand?post=1500"},{"taxonomy":"product_cat","embeddable":true,"href":"https:\/\/www.pearlswholesaler.com\/de\/wp-json\/wp\/v2\/product_cat?post=1500"},{"taxonomy":"product_tag","embeddable":true,"href":"https:\/\/www.pearlswholesaler.com\/de\/wp-json\/wp\/v2\/product_tag?post=1500"}],"curies":[{"name":"wp","href":"https:\/\/api.w.org\/{rel}","templated":true}]}}