{"id":1497,"date":"2024-12-12T00:51:37","date_gmt":"2024-12-12T00:51:37","guid":{"rendered":"https:\/\/pearlswholesaler.com\/?post_type=product&#038;p=1497"},"modified":"2024-12-15T12:25:25","modified_gmt":"2024-12-15T12:25:25","slug":"5-6mm-white-freshwater-pearl-earring-aaaaa-grade-18k-gold","status":"publish","type":"product","link":"https:\/\/www.pearlswholesaler.com\/de\/product\/5-6mm-white-freshwater-pearl-earring-aaaaa-grade-18k-gold\/","title":{"rendered":"5-6mm wei\u00dfer S\u00fc\u00dfwasserperlenohrring, AAAAA-Qualit\u00e4t, 18K Gold"},"content":{"rendered":"<p>Unsere 5-6mm AAA-runden wei\u00dfe S\u00fc\u00dfwasserperlenohrringe verwenden 5-6mm AAA-runde Perlen und sind mit 18K Gold kombiniert. Diese Kombination ist sehr hochwertig und klassisch.<\/p>\n<p>Die 18K Goldfassung sorgt f\u00fcr die Haltbarkeit der Perlen und hebt die nat\u00fcrliche Sch\u00f6nheit der Perlen hervor. Sie ist f\u00fcr alle Anl\u00e4sse geeignet und kann zu allen Arten von Outfits getragen werden.<\/p>\n<p><img loading=\"lazy\" decoding=\"async\" class=\"size-full wp-image-1498 aligncenter\" src=\"https:\/\/pearlswholesaler.com\/wp-content\/uploads\/2024\/12\/5-6mm-earring-AAAAA-fresh-water-pearlwhite.webp\" alt=\"AAAAA Qualit\u00e4t, 5-6mm wei\u00dfe S\u00fc\u00dfwasserperle Ohrring, 18K Gold\" width=\"979\" height=\"891\" title=\"\" srcset=\"https:\/\/www.pearlswholesaler.com\/wp-content\/uploads\/2024\/12\/5-6mm-earring-AAAAA-fresh-water-pearlwhite.webp 979w, https:\/\/www.pearlswholesaler.com\/wp-content\/uploads\/2024\/12\/5-6mm-earring-AAAAA-fresh-water-pearlwhite-300x273.webp 300w, https:\/\/www.pearlswholesaler.com\/wp-content\/uploads\/2024\/12\/5-6mm-earring-AAAAA-fresh-water-pearlwhite-768x699.webp 768w, https:\/\/www.pearlswholesaler.com\/wp-content\/uploads\/2024\/12\/5-6mm-earring-AAAAA-fresh-water-pearlwhite-600x546.webp 600w\" sizes=\"auto, (max-width: 979px) 100vw, 979px\" \/><\/p>\n<p>W\u00e4hlen Sie diesen hochwertigen Stil-Ohrring, um Ihre Gro\u00dfhandels-Schmuckkollektion zu erg\u00e4nzen. Mengenbestellungen und Preise? Kontaktieren Sie uns noch heute.<\/p>\n<ul>\n<li>Verpackung: Polybeutel \/ Schmuckbeutel \/ Schmuckschatulle<\/li>\n<li>Lieferzeit: 3-10 Werktage<\/li>\n<li>Versand: DHL\/Fedex\/UPS\/EMS<\/li>\n<li>Zahlungsbedingungen: Bank\u00fcberweisung PayPal\/ Western Union\/Alipay\/TT;<\/li>\n<li>Zahlungsbedingungen: EXW, FOB Shanghai; Der K\u00e4ufer ist f\u00fcr die Versandkosten verantwortlich<\/li>\n<\/ul>","protected":false},"excerpt":{"rendered":"<ul>\n<li><strong>Perlenqualit\u00e4t<\/strong>: AAAA-Note<\/li>\n<li><strong>Perlengr\u00f6\u00dfe<\/strong>: 5-6mm<\/li>\n<li><strong>Perlenform<\/strong>: Runde<\/li>\n<li><strong>Perlenfarbe<\/strong>: Wei\u00df<\/li>\n<li><strong>Material<\/strong>\uff1aS\u00fc\u00dfwasserperle, 18K Gold<\/li>\n<\/ul>","protected":false},"featured_media":1498,"template":"","meta":{"_kad_blocks_custom_css":"","_kad_blocks_head_custom_js":"","_kad_blocks_body_custom_js":"","_kad_blocks_footer_custom_js":"","_kadence_starter_templates_imported_post":false,"_kad_post_transparent":"default","_kad_post_title":"","_kad_post_layout":"default","_kad_post_sidebar_id":"","_kad_post_content_style":"default","_kad_post_vertical_padding":"default","_kad_post_feature":"","_kad_post_feature_position":"","_kad_post_header":false,"_kad_post_footer":false,"_kad_post_classname":"","jetpack_publicize_message":"","jetpack_publicize_feature_enabled":true,"jetpack_social_post_already_shared":false,"jetpack_social_options":{"image_generator_settings":{"template":"highway","default_image_id":0,"font":"","enabled":false},"version":2}},"product_brand":[],"product_cat":[63],"product_tag":[],"class_list":{"0":"post-1497","1":"product","2":"type-product","3":"status-publish","4":"has-post-thumbnail","6":"product_cat-pearl-earrings","7":"pa_pearl-color-white-pearl","8":"pa_pearl-shape-round-pearl","9":"pa_pearl-size-5mm-pearl-jewelry","10":"pa_pearl-size-6mm","11":"pa_pearl-type-freshwater-pearl","13":"first","14":"instock","15":"shipping-taxable","16":"product-type-simple","17":"entry","18":"content-bg","19":"loop-entry"},"jetpack_publicize_connections":[],"taxonomy_info":{"product_cat":[{"value":63,"label":"Pearl Earring"}],"pa_pearl-color":[{"value":66,"label":"White Pearl"}],"pa_pearl-shape":[{"value":68,"label":"Round Pearl"}],"pa_pearl-size":[{"value":67,"label":"5mm"},{"value":77,"label":"6mm"}],"pa_pearl-type":[{"value":69,"label":"Freshwater Pearl"}]},"featured_image_src_large":["https:\/\/www.pearlswholesaler.com\/wp-content\/uploads\/2024\/12\/5-6mm-earring-AAAAA-fresh-water-pearlwhite.webp",979,891,false],"author_info":[],"comment_info":"","_links":{"self":[{"href":"https:\/\/www.pearlswholesaler.com\/de\/wp-json\/wp\/v2\/product\/1497","targetHints":{"allow":["GET"]}}],"collection":[{"href":"https:\/\/www.pearlswholesaler.com\/de\/wp-json\/wp\/v2\/product"}],"about":[{"href":"https:\/\/www.pearlswholesaler.com\/de\/wp-json\/wp\/v2\/types\/product"}],"wp:featuredmedia":[{"embeddable":true,"href":"https:\/\/www.pearlswholesaler.com\/de\/wp-json\/wp\/v2\/media\/1498"}],"wp:attachment":[{"href":"https:\/\/www.pearlswholesaler.com\/de\/wp-json\/wp\/v2\/media?parent=1497"}],"wp:term":[{"taxonomy":"product_brand","embeddable":true,"href":"https:\/\/www.pearlswholesaler.com\/de\/wp-json\/wp\/v2\/product_brand?post=1497"},{"taxonomy":"product_cat","embeddable":true,"href":"https:\/\/www.pearlswholesaler.com\/de\/wp-json\/wp\/v2\/product_cat?post=1497"},{"taxonomy":"product_tag","embeddable":true,"href":"https:\/\/www.pearlswholesaler.com\/de\/wp-json\/wp\/v2\/product_tag?post=1497"}],"curies":[{"name":"wp","href":"https:\/\/api.w.org\/{rel}","templated":true}]}}