{"id":1494,"date":"2024-12-12T10:50:35","date_gmt":"2024-12-12T10:50:35","guid":{"rendered":"https:\/\/pearlswholesaler.com\/?post_type=product&#038;p=1494"},"modified":"2025-05-27T07:54:31","modified_gmt":"2025-05-27T07:54:31","slug":"bulk-7-8mm-white-pearl-earring-silver","status":"publish","type":"product","link":"https:\/\/www.pearlswholesaler.com\/de\/product\/bulk-7-8mm-white-pearl-earring-silver\/","title":{"rendered":"7-8mm wei\u00dfe S\u00fc\u00dfwasserperlenohrringe, AAA-Qualit\u00e4t, 925 Silber"},"content":{"rendered":"<p>Unsere AAA-Qualit\u00e4t 7-8mm S\u00fc\u00dfwasserperlenohrringe. Jeder Ohrring verf\u00fcgt \u00fcber eine atemberaubende runde Perle, die 7-8mm gro\u00df ist und in einem klassischen Wei\u00df gehalten ist.<br \/>\nDieser Ohrring kombiniert S\u00fc\u00dfwasserperlen mit funkelnden Zirkonakzenten und ist mit goldplattiertem 925er Silber f\u00fcr einen luxuri\u00f6sen Touch versehen.<\/p>\n<p><img loading=\"lazy\" decoding=\"async\" class=\"size-full wp-image-1495 aligncenter\" src=\"https:\/\/pearlswholesaler.com\/wp-content\/uploads\/2024\/12\/7-8mm-earring-AAA-China-fresh-water-pearlwhite.webp\" alt=\"AAA-Qualit\u00e4t 7-8mm wei\u00dfe S\u00fc\u00dfwasserperlenohrringe, 18K Gold\" width=\"996\" height=\"909\" title=\"\" srcset=\"https:\/\/www.pearlswholesaler.com\/wp-content\/uploads\/2024\/12\/7-8mm-earring-AAA-China-fresh-water-pearlwhite.webp 996w, https:\/\/www.pearlswholesaler.com\/wp-content\/uploads\/2024\/12\/7-8mm-earring-AAA-China-fresh-water-pearlwhite-300x274.webp 300w, https:\/\/www.pearlswholesaler.com\/wp-content\/uploads\/2024\/12\/7-8mm-earring-AAA-China-fresh-water-pearlwhite-768x701.webp 768w, https:\/\/www.pearlswholesaler.com\/wp-content\/uploads\/2024\/12\/7-8mm-earring-AAA-China-fresh-water-pearlwhite-600x548.webp 600w\" sizes=\"auto, (max-width: 996px) 100vw, 996px\" \/><\/p>\n<p>Ideal f\u00fcr Gro\u00dfhandelskunden und somit eine perfekte Erg\u00e4nzung f\u00fcr jede Schmuckkollektion. Ob f\u00fcr den Einzelhandel oder besondere Anl\u00e4sse, dieser Perlenring ist auf die Anforderungen ausgelegt. Kontaktieren Sie uns f\u00fcr Gro\u00dfbestellungen.<\/p>\n<ul>\n<li>Verpackung: Polybeutel \/ Schmuckbeutel \/ Schmuckschatulle<\/li>\n<li>Lieferzeit: 3-10 Werktage<\/li>\n<li>Versand: DHL\/Fedex\/UPS\/EMS<\/li>\n<li>Zahlungsbedingungen: Bank\u00fcberweisung PayPal\/ Western Union\/Alipay\/TT;<\/li>\n<li>Zahlungsbedingungen: EXW, FOB Shanghai; Der K\u00e4ufer ist f\u00fcr die Versandkosten verantwortlich<\/li>\n<\/ul>","protected":false},"excerpt":{"rendered":"<ul>\n<li><strong>Perlenqualit\u00e4t<\/strong>: AAA-Qualit\u00e4t<\/li>\n<li><strong>Perlengr\u00f6\u00dfe<\/strong>: 7-8mm<\/li>\n<li><strong>Perlenform<\/strong>: Runde<\/li>\n<li><strong>Perlenfarbe<\/strong>: Wei\u00df<\/li>\n<li><strong>Metiral<\/strong>\uff1aS\u00fc\u00dfwasserperle, Zirkon, Goldplattiertes 925er Silber<\/li>\n<\/ul>","protected":false},"featured_media":1495,"template":"","meta":{"_kad_blocks_custom_css":"","_kad_blocks_head_custom_js":"","_kad_blocks_body_custom_js":"","_kad_blocks_footer_custom_js":"","_kadence_starter_templates_imported_post":false,"_kad_post_transparent":"default","_kad_post_title":"","_kad_post_layout":"default","_kad_post_sidebar_id":"","_kad_post_content_style":"default","_kad_post_vertical_padding":"default","_kad_post_feature":"","_kad_post_feature_position":"","_kad_post_header":false,"_kad_post_footer":false,"_kad_post_classname":"","jetpack_publicize_message":"","jetpack_publicize_feature_enabled":true,"jetpack_social_post_already_shared":false,"jetpack_social_options":{"image_generator_settings":{"template":"highway","default_image_id":0,"font":"","enabled":false},"version":2}},"product_brand":[],"product_cat":[63],"product_tag":[],"class_list":{"0":"post-1494","1":"product","2":"type-product","3":"status-publish","4":"has-post-thumbnail","6":"product_cat-pearl-earrings","7":"pa_pearl-color-white-pearl","8":"pa_pearl-shape-round-pearl","9":"pa_pearl-size-7mm","10":"pa_pearl-size-8mm","11":"pa_pearl-type-freshwater-pearl","13":"first","14":"instock","15":"shipping-taxable","16":"product-type-simple","17":"entry","18":"content-bg","19":"loop-entry"},"jetpack_publicize_connections":[],"taxonomy_info":{"product_cat":[{"value":63,"label":"Pearl Earring"}],"pa_pearl-color":[{"value":66,"label":"White Pearl"}],"pa_pearl-shape":[{"value":68,"label":"Round Pearl"}],"pa_pearl-size":[{"value":70,"label":"7mm"},{"value":71,"label":"8mm"}],"pa_pearl-type":[{"value":69,"label":"Freshwater Pearl"}]},"featured_image_src_large":["https:\/\/www.pearlswholesaler.com\/wp-content\/uploads\/2024\/12\/7-8mm-earring-AAA-China-fresh-water-pearlwhite.webp",996,909,false],"author_info":[],"comment_info":"","_links":{"self":[{"href":"https:\/\/www.pearlswholesaler.com\/de\/wp-json\/wp\/v2\/product\/1494","targetHints":{"allow":["GET"]}}],"collection":[{"href":"https:\/\/www.pearlswholesaler.com\/de\/wp-json\/wp\/v2\/product"}],"about":[{"href":"https:\/\/www.pearlswholesaler.com\/de\/wp-json\/wp\/v2\/types\/product"}],"wp:featuredmedia":[{"embeddable":true,"href":"https:\/\/www.pearlswholesaler.com\/de\/wp-json\/wp\/v2\/media\/1495"}],"wp:attachment":[{"href":"https:\/\/www.pearlswholesaler.com\/de\/wp-json\/wp\/v2\/media?parent=1494"}],"wp:term":[{"taxonomy":"product_brand","embeddable":true,"href":"https:\/\/www.pearlswholesaler.com\/de\/wp-json\/wp\/v2\/product_brand?post=1494"},{"taxonomy":"product_cat","embeddable":true,"href":"https:\/\/www.pearlswholesaler.com\/de\/wp-json\/wp\/v2\/product_cat?post=1494"},{"taxonomy":"product_tag","embeddable":true,"href":"https:\/\/www.pearlswholesaler.com\/de\/wp-json\/wp\/v2\/product_tag?post=1494"}],"curies":[{"name":"wp","href":"https:\/\/api.w.org\/{rel}","templated":true}]}}