{"id":1492,"date":"2024-12-12T13:24:44","date_gmt":"2024-12-12T13:24:44","guid":{"rendered":"https:\/\/pearlswholesaler.com\/?post_type=product&#038;p=1492"},"modified":"2025-08-06T01:16:44","modified_gmt":"2025-08-06T01:16:44","slug":"bulk-6-7mm-white-freshwater-pearl-earring-aaaa","status":"publish","type":"product","link":"https:\/\/www.pearlswholesaler.com\/de\/product\/bulk-6-7mm-white-freshwater-pearl-earring-aaaa\/","title":{"rendered":"6-7mm wei\u00dfer S\u00fc\u00dfwasserperlenohrring, AAAA-Qualit\u00e4t"},"content":{"rendered":"<p><span id=\"input-sentence~0\">Sie werden unsere sch\u00f6nen 6-7mm wei\u00dfen S\u00fc\u00dfwasserperlen-Ohrringe lieben!<\/span> <span id=\"input-sentence~1\">Wir haben hochwertige AAAA-Perlen verwendet, um eine zeitlose Knopf-Form mit sch\u00f6nem Glanz zu schaffen.<\/span> <span id=\"input-sentence~2\">Sie sind in einer zarten Kombination aus Kupfer und Perlmutt gefasst, was sie nicht nur sch\u00f6n, sondern auch angenehm zu tragen und langlebig macht.<\/span><\/p>\n<p><img loading=\"lazy\" decoding=\"async\" class=\"size-full wp-image-1493 aligncenter\" src=\"https:\/\/pearlswholesaler.com\/wp-content\/uploads\/2024\/12\/6-7mm-earring-AAAA-fresh-water-pearlwhite.webp\" alt=\"AAAA Qualit\u00e4t 6-7mm wei\u00dfe S\u00fc\u00dfwasserperle Ohrring, 18K Gold\" width=\"991\" height=\"807\" title=\"\" srcset=\"https:\/\/www.pearlswholesaler.com\/wp-content\/uploads\/2024\/12\/6-7mm-earring-AAAA-fresh-water-pearlwhite.webp 991w, https:\/\/www.pearlswholesaler.com\/wp-content\/uploads\/2024\/12\/6-7mm-earring-AAAA-fresh-water-pearlwhite-300x244.webp 300w, https:\/\/www.pearlswholesaler.com\/wp-content\/uploads\/2024\/12\/6-7mm-earring-AAAA-fresh-water-pearlwhite-768x625.webp 768w, https:\/\/www.pearlswholesaler.com\/wp-content\/uploads\/2024\/12\/6-7mm-earring-AAAA-fresh-water-pearlwhite-600x489.webp 600w\" sizes=\"auto, (max-width: 991px) 100vw, 991px\" \/><\/p>\n<p><span id=\"input-sentence~3\">Da sie klassisch wei\u00df sind, passen sie zu allem, von Jeans und T-Shirt bis hin zu Ihrem Lieblings-Cocktailkleid, und lassen Ihren einzigartigen Stil durchscheinen.<\/span> <span id=\"input-sentence~4\">Egal, ob Sie sich selbst verw\u00f6hnen oder jemand Besonderen \u00fcberraschen m\u00f6chten, diese Ohrringe sind garantiert bezaubernd.<\/span><\/p>\n<p>Sie sind eine gro\u00dfartige Wahl f\u00fcr H\u00e4ndler, die ihren Kunden eine anspruchsvolle und dennoch erschwingliche Auswahl an Perlenohrringen bieten m\u00f6chten.<\/p>\n<ul>\n<li>Verpackung: Polybeutel \/ Schmuckbeutel \/ Schmuckschatulle<\/li>\n<li>Lieferzeit: 3-10 Werktage<\/li>\n<li>Versand: DHL\/Fedex\/UPS\/EMS<\/li>\n<li>Zahlungsbedingungen: Bank\u00fcberweisung PayPal\/ Western Union\/Alipay\/TT;<\/li>\n<li>Zahlungsbedingungen: EXW, FOB Shanghai; Der K\u00e4ufer ist f\u00fcr die Versandkosten verantwortlich<\/li>\n<\/ul>","protected":false},"excerpt":{"rendered":"<ul>\n<li><strong>Perlenqualit\u00e4t<\/strong>: AAAA-Note<\/li>\n<li><strong>Perlengr\u00f6\u00dfe<\/strong>: 6-7mm<\/li>\n<li><strong>Perlenform<\/strong>: Schmuckform<\/li>\n<li><strong>Perlenfarbe<\/strong>: Wei\u00df<\/li>\n<li><strong>Material<\/strong>\uff1a S\u00fc\u00dfwasserperle, Kupfer, Perlmutt<\/li>\n<\/ul>","protected":false},"featured_media":1493,"template":"","meta":{"_kad_blocks_custom_css":"","_kad_blocks_head_custom_js":"","_kad_blocks_body_custom_js":"","_kad_blocks_footer_custom_js":"","_kadence_starter_templates_imported_post":false,"_kad_post_transparent":"default","_kad_post_title":"","_kad_post_layout":"default","_kad_post_sidebar_id":"","_kad_post_content_style":"default","_kad_post_vertical_padding":"default","_kad_post_feature":"","_kad_post_feature_position":"","_kad_post_header":false,"_kad_post_footer":false,"_kad_post_classname":"","jetpack_publicize_message":"","jetpack_publicize_feature_enabled":true,"jetpack_social_post_already_shared":false,"jetpack_social_options":{"image_generator_settings":{"template":"highway","default_image_id":0,"font":"","enabled":false},"version":2}},"product_brand":[],"product_cat":[63],"product_tag":[],"class_list":{"0":"post-1492","1":"product","2":"type-product","3":"status-publish","4":"has-post-thumbnail","6":"product_cat-pearl-earrings","7":"pa_pearl-color-white-pearl","8":"pa_pearl-shape-button-pearl","9":"pa_pearl-size-6mm","10":"pa_pearl-size-7mm","11":"pa_pearl-type-freshwater-pearl","13":"first","14":"instock","15":"shipping-taxable","16":"product-type-simple","17":"entry","18":"content-bg","19":"loop-entry"},"jetpack_publicize_connections":[],"taxonomy_info":{"product_cat":[{"value":63,"label":"Pearl Earring"}],"pa_pearl-color":[{"value":66,"label":"White Pearl"}],"pa_pearl-shape":[{"value":93,"label":"Button pearl"}],"pa_pearl-size":[{"value":77,"label":"6mm"},{"value":70,"label":"7mm"}],"pa_pearl-type":[{"value":69,"label":"Freshwater Pearl"}]},"featured_image_src_large":["https:\/\/www.pearlswholesaler.com\/wp-content\/uploads\/2024\/12\/6-7mm-earring-AAAA-fresh-water-pearlwhite.webp",991,807,false],"author_info":[],"comment_info":"","_links":{"self":[{"href":"https:\/\/www.pearlswholesaler.com\/de\/wp-json\/wp\/v2\/product\/1492","targetHints":{"allow":["GET"]}}],"collection":[{"href":"https:\/\/www.pearlswholesaler.com\/de\/wp-json\/wp\/v2\/product"}],"about":[{"href":"https:\/\/www.pearlswholesaler.com\/de\/wp-json\/wp\/v2\/types\/product"}],"wp:featuredmedia":[{"embeddable":true,"href":"https:\/\/www.pearlswholesaler.com\/de\/wp-json\/wp\/v2\/media\/1493"}],"wp:attachment":[{"href":"https:\/\/www.pearlswholesaler.com\/de\/wp-json\/wp\/v2\/media?parent=1492"}],"wp:term":[{"taxonomy":"product_brand","embeddable":true,"href":"https:\/\/www.pearlswholesaler.com\/de\/wp-json\/wp\/v2\/product_brand?post=1492"},{"taxonomy":"product_cat","embeddable":true,"href":"https:\/\/www.pearlswholesaler.com\/de\/wp-json\/wp\/v2\/product_cat?post=1492"},{"taxonomy":"product_tag","embeddable":true,"href":"https:\/\/www.pearlswholesaler.com\/de\/wp-json\/wp\/v2\/product_tag?post=1492"}],"curies":[{"name":"wp","href":"https:\/\/api.w.org\/{rel}","templated":true}]}}