{"id":1488,"date":"2024-12-12T11:41:32","date_gmt":"2024-12-12T11:41:32","guid":{"rendered":"https:\/\/pearlswholesaler.com\/?post_type=product&#038;p=1488"},"modified":"2024-12-15T07:34:14","modified_gmt":"2024-12-15T07:34:14","slug":"bulk-8-9mm-white-pearl-earring-18k-gold","status":"publish","type":"product","link":"https:\/\/www.pearlswholesaler.com\/de\/product\/bulk-8-9mm-white-pearl-earring-18k-gold\/","title":{"rendered":"8-9mm wei\u00dfe S\u00fc\u00dfwasserperlenohrring, AAAA-Qualit\u00e4t, 18K Gold"},"content":{"rendered":"<p>Vorstellung unserer 8-9mm AAAA-Qualit\u00e4t S\u00fc\u00dfwasserperlenohrringe, diese 8-9mm nahezu runden wei\u00dfen Perlen sind eine perfekte Mischung aus Eleganz und Qualit\u00e4t. Jede Perle wird sorgf\u00e4ltig nach ihrer nahezu runden Form und makellosen wei\u00dfen Farbe ausgew\u00e4hlt. Diese Ohrringe sind aus einer Kombination von S\u00fc\u00dfwasserperlen und Aquamarin gefertigt und erg\u00e4nzen den nat\u00fcrlichen Glanz der Perlen.<\/p>\n<p><img loading=\"lazy\" decoding=\"async\" class=\"size-full wp-image-1489 aligncenter\" src=\"https:\/\/pearlswholesaler.com\/wp-content\/uploads\/2024\/12\/8-9mm-earrring-AAAA-fresh-water-pearlwhite.webp\" alt=\"AAAA-Qualit\u00e4t, 8-9mm wei\u00dfe S\u00fc\u00dfwasserperlenohrring, 925 Silber\" width=\"1000\" height=\"945\" title=\"\" srcset=\"https:\/\/www.pearlswholesaler.com\/wp-content\/uploads\/2024\/12\/8-9mm-earrring-AAAA-fresh-water-pearlwhite.webp 1000w, https:\/\/www.pearlswholesaler.com\/wp-content\/uploads\/2024\/12\/8-9mm-earrring-AAAA-fresh-water-pearlwhite-300x284.webp 300w, https:\/\/www.pearlswholesaler.com\/wp-content\/uploads\/2024\/12\/8-9mm-earrring-AAAA-fresh-water-pearlwhite-768x726.webp 768w, https:\/\/www.pearlswholesaler.com\/wp-content\/uploads\/2024\/12\/8-9mm-earrring-AAAA-fresh-water-pearlwhite-600x567.webp 600w\" sizes=\"auto, (max-width: 1000px) 100vw, 1000px\" \/><\/p>\n<p>Die Ohrringe sind in 18K Gold gefasst, eine Wahl, die nicht nur die Gesamt\u00e4sthetik verbessert, sondern auch eine langlebige und wertvolle Basis f\u00fcr diese hochwertigen Ohrringe bietet. Die 18K Goldfassung sorgt daf\u00fcr, dass die Ohrringe hypoallergen sind und sich f\u00fcr empfindliche Haut eignen, was sie bei Verbrauchern sehr beliebt macht.<\/p>\n<p>Diese Ohrringe sind eine ausgezeichnete Wahl f\u00fcr H\u00e4ndler, die hochwertige, luxuri\u00f6se Schmuckst\u00fccke zu einem wettbewerbsf\u00e4higen Preis anbieten m\u00f6chten. Diese Perlenohrringe sind bereit, bei Ihren anspruchsvollen Kunden zum Favoriten zu werden.<\/p>\n<ul>\n<li>Verpackung: Polybeutel \/ Schmuckbeutel \/ Schmuckschatulle<\/li>\n<li>Lieferzeit: 3-10 Werktage<\/li>\n<li>Versand: DHL\/Fedex\/UPS\/EMS<\/li>\n<li>Zahlungsbedingungen: Bank\u00fcberweisung PayPal\/ Western Union\/Alipay\/TT;<\/li>\n<li>Zahlungsbedingungen: EXW, FOB Shanghai; Der K\u00e4ufer ist f\u00fcr die Versandkosten verantwortlich<\/li>\n<\/ul>","protected":false},"excerpt":{"rendered":"<ul>\n<li><strong>Perlenqualit\u00e4t<\/strong>: AAAA-Note<\/li>\n<li><strong>Perlengr\u00f6\u00dfe<\/strong>: 8-9mm<\/li>\n<li><strong>Perlenform<\/strong>: Nahe Rund<\/li>\n<li><strong>Perlenfarbe<\/strong>: Wei\u00df<\/li>\n<li><strong>Material<\/strong>\uff1aS\u00fc\u00dfwasserperle, Aquamarin, 18K Gold<\/li>\n<\/ul>","protected":false},"featured_media":1489,"template":"","meta":{"_kad_blocks_custom_css":"","_kad_blocks_head_custom_js":"","_kad_blocks_body_custom_js":"","_kad_blocks_footer_custom_js":"","_kadence_starter_templates_imported_post":false,"_kad_post_transparent":"default","_kad_post_title":"","_kad_post_layout":"default","_kad_post_sidebar_id":"","_kad_post_content_style":"default","_kad_post_vertical_padding":"default","_kad_post_feature":"","_kad_post_feature_position":"","_kad_post_header":false,"_kad_post_footer":false,"_kad_post_classname":"","jetpack_publicize_message":"","jetpack_publicize_feature_enabled":true,"jetpack_social_post_already_shared":false,"jetpack_social_options":{"image_generator_settings":{"template":"highway","default_image_id":0,"font":"","enabled":false},"version":2}},"product_brand":[],"product_cat":[63],"product_tag":[],"class_list":{"0":"post-1488","1":"product","2":"type-product","3":"status-publish","4":"has-post-thumbnail","6":"product_cat-pearl-earrings","7":"pa_pearl-color-white-pearl","8":"pa_pearl-shape-near-round","9":"pa_pearl-size-8mm","10":"pa_pearl-size-9mm","11":"pa_pearl-type-freshwater-pearl","13":"first","14":"instock","15":"shipping-taxable","16":"product-type-simple","17":"entry","18":"content-bg","19":"loop-entry"},"jetpack_publicize_connections":[],"taxonomy_info":{"product_cat":[{"value":63,"label":"Pearl Earring"}],"pa_pearl-color":[{"value":66,"label":"White Pearl"}],"pa_pearl-shape":[{"value":84,"label":"Near Round"}],"pa_pearl-size":[{"value":71,"label":"8mm"},{"value":78,"label":"9mm"}],"pa_pearl-type":[{"value":69,"label":"Freshwater Pearl"}]},"featured_image_src_large":["https:\/\/www.pearlswholesaler.com\/wp-content\/uploads\/2024\/12\/8-9mm-earrring-AAAA-fresh-water-pearlwhite.webp",1000,945,false],"author_info":[],"comment_info":"","_links":{"self":[{"href":"https:\/\/www.pearlswholesaler.com\/de\/wp-json\/wp\/v2\/product\/1488","targetHints":{"allow":["GET"]}}],"collection":[{"href":"https:\/\/www.pearlswholesaler.com\/de\/wp-json\/wp\/v2\/product"}],"about":[{"href":"https:\/\/www.pearlswholesaler.com\/de\/wp-json\/wp\/v2\/types\/product"}],"wp:featuredmedia":[{"embeddable":true,"href":"https:\/\/www.pearlswholesaler.com\/de\/wp-json\/wp\/v2\/media\/1489"}],"wp:attachment":[{"href":"https:\/\/www.pearlswholesaler.com\/de\/wp-json\/wp\/v2\/media?parent=1488"}],"wp:term":[{"taxonomy":"product_brand","embeddable":true,"href":"https:\/\/www.pearlswholesaler.com\/de\/wp-json\/wp\/v2\/product_brand?post=1488"},{"taxonomy":"product_cat","embeddable":true,"href":"https:\/\/www.pearlswholesaler.com\/de\/wp-json\/wp\/v2\/product_cat?post=1488"},{"taxonomy":"product_tag","embeddable":true,"href":"https:\/\/www.pearlswholesaler.com\/de\/wp-json\/wp\/v2\/product_tag?post=1488"}],"curies":[{"name":"wp","href":"https:\/\/api.w.org\/{rel}","templated":true}]}}