{"id":1482,"date":"2024-12-12T08:44:43","date_gmt":"2024-12-12T08:44:43","guid":{"rendered":"https:\/\/pearlswholesaler.com\/?post_type=product&#038;p=1482"},"modified":"2025-08-09T23:55:20","modified_gmt":"2025-08-09T23:55:20","slug":"bulk-1114mm-white-baroque-pearl-earrings-in-silver","status":"publish","type":"product","link":"https:\/\/www.pearlswholesaler.com\/de\/product\/bulk-1114mm-white-baroque-pearl-earrings-in-silver\/","title":{"rendered":"11*14mm wei\u00dfe Barock-S\u00fc\u00dfwasserperle Ohrring, AAAA-Qualit\u00e4t, 925 Silber"},"content":{"rendered":"<p>Verleihen Sie Ihrer Schmucksammlung mit unseren wei\u00dfen Barock-S\u00fc\u00dfwasserperlenohrringen einen Hauch von Eleganz. Hergestellt aus hochwertigen (AAAA-Qualit\u00e4t) Perlen, haben sie einen wundersch\u00f6nen Glanz, der nur nach Raffinesse schreit. Jede Perle ist einzigartig geformt (sie sind im Barockstil!) und misst etwa 11 mal 14 mm. Die wundersch\u00f6ne wei\u00dfe Farbe macht sie leicht kombinierbar mit allem in Ihrer Garderobe, sodass Sie immer perfekt aussehen, egal wohin Sie gehen.<\/p>\n<p><img loading=\"lazy\" decoding=\"async\" class=\"size-full wp-image-1483 aligncenter\" style=\"font-family: var(--global-body-font-family);\" src=\"https:\/\/pearlswholesaler.com\/wp-content\/uploads\/2024\/12\/1114mm-earring-AAAA-fresh-water-pearlwhite.webp\" alt=\"AAAA-Qualit\u00e4t, 11*14mm wei\u00dfe barocke S\u00fc\u00dfwasserperle Ohrring, 18K Gold\" width=\"999\" height=\"941\" title=\"\" srcset=\"https:\/\/www.pearlswholesaler.com\/wp-content\/uploads\/2024\/12\/1114mm-earring-AAAA-fresh-water-pearlwhite.webp 999w, https:\/\/www.pearlswholesaler.com\/wp-content\/uploads\/2024\/12\/1114mm-earring-AAAA-fresh-water-pearlwhite-300x283.webp 300w, https:\/\/www.pearlswholesaler.com\/wp-content\/uploads\/2024\/12\/1114mm-earring-AAAA-fresh-water-pearlwhite-768x723.webp 768w, https:\/\/www.pearlswholesaler.com\/wp-content\/uploads\/2024\/12\/1114mm-earring-AAAA-fresh-water-pearlwhite-600x565.webp 600w\" sizes=\"auto, (max-width: 999px) 100vw, 999px\" \/><\/p>\n<p>Wir haben diese Ohrringe langlebig gemacht, indem wir eine vergoldete 925er Silberfassung verwendet haben. Das macht sie nicht nur noch atemberaubender, sondern sorgt auch daf\u00fcr, dass sie sicher und bequem sitzen. Wenn Sie ein Gro\u00dfh\u00e4ndler sind und klassische, sch\u00f6ne Schmuckst\u00fccke auf Lager legen m\u00f6chten, sind diese Perlenohrringe ein Muss f\u00fcr Ihre Sammlung. Sie werden bei Ihren Kunden garantiert gut ankommen. Entdecken Sie die Sch\u00f6nheit von S\u00fc\u00dfwasserperlen und lassen Sie Ihre Kunden bei jedem Tragen ein Statement setzen!<\/p>\n<p data-sourcepos=\"6:1-7:138\">M\u00f6chten Sie S\u00fc\u00dfwasserperlen-Schmuck in Ihr Sortiment aufnehmen? Kontaktieren Sie uns noch heute. Wir bieten Gro\u00dfhandelspreise und eine gro\u00dfe Auswahl.<\/p>\n<ul>\n<li>Verpackung: Polybeutel \/ Schmuckbeutel \/ Schmuckschatulle<\/li>\n<li>Lieferzeit: 3-10 Werktage<\/li>\n<li>Versand: DHL\/Fedex\/UPS\/EMS<\/li>\n<li>Zahlungsbedingungen: Bank\u00fcberweisung PayPal\/ Western Union\/Alipay\/TT;<\/li>\n<li>Zahlungsbedingungen: EXW, FOB Shanghai; Der K\u00e4ufer ist f\u00fcr die Versandkosten verantwortlich<\/li>\n<\/ul>","protected":false},"excerpt":{"rendered":"<ul>\n<li><strong>Perlenqualit\u00e4t<\/strong>: AAA-Qualit\u00e4t S\u00fc\u00dfwasserperlen<\/li>\n<li><strong>Perlengr\u00f6\u00dfe<\/strong>: 11*14mm<\/li>\n<li><strong>Perlenform<\/strong>: Barique<\/li>\n<li><strong>Perlenfarbe<\/strong>: Wei\u00df<\/li>\n<li><b>Material<\/b>\uff1aS\u00fc\u00dfwasserperlen, <span style=\"font-family: var(--global-body-font-family);\">Vergoldeter 925er Silber<\/span><\/li>\n<\/ul>","protected":false},"featured_media":1483,"template":"","meta":{"_kad_blocks_custom_css":"","_kad_blocks_head_custom_js":"","_kad_blocks_body_custom_js":"","_kad_blocks_footer_custom_js":"","_kadence_starter_templates_imported_post":false,"_kad_post_transparent":"default","_kad_post_title":"","_kad_post_layout":"default","_kad_post_sidebar_id":"","_kad_post_content_style":"default","_kad_post_vertical_padding":"default","_kad_post_feature":"","_kad_post_feature_position":"","_kad_post_header":false,"_kad_post_footer":false,"_kad_post_classname":"","jetpack_publicize_message":"","jetpack_publicize_feature_enabled":true,"jetpack_social_post_already_shared":false,"jetpack_social_options":{"image_generator_settings":{"template":"highway","default_image_id":0,"font":"","enabled":false},"version":2}},"product_brand":[],"product_cat":[63],"product_tag":[120,121],"class_list":{"0":"post-1482","1":"product","2":"type-product","3":"status-publish","4":"has-post-thumbnail","6":"product_cat-pearl-earrings","7":"product_tag-baroque-pearl-earring","8":"product_tag-white-pearl-earring","9":"pa_pearl-color-white-pearl","10":"pa_pearl-shape-baroque-pearl","11":"pa_pearl-size-11mm","12":"pa_pearl-size-14mm","13":"pa_pearl-type-freshwater-pearl","15":"first","16":"instock","17":"shipping-taxable","18":"product-type-simple","19":"entry","20":"content-bg","21":"loop-entry"},"jetpack_publicize_connections":[],"taxonomy_info":{"product_cat":[{"value":63,"label":"Pearl Earring"}],"product_tag":[{"value":120,"label":"baroque pearl earring"},{"value":121,"label":"white pearl earring"}],"pa_pearl-color":[{"value":66,"label":"White Pearl"}],"pa_pearl-shape":[{"value":75,"label":"Baroque Pearl"}],"pa_pearl-size":[{"value":82,"label":"11mm"},{"value":83,"label":"14mm"}],"pa_pearl-type":[{"value":69,"label":"Freshwater Pearl"}]},"featured_image_src_large":["https:\/\/www.pearlswholesaler.com\/wp-content\/uploads\/2024\/12\/1114mm-earring-AAAA-fresh-water-pearlwhite.webp",999,941,false],"author_info":[],"comment_info":"","_links":{"self":[{"href":"https:\/\/www.pearlswholesaler.com\/de\/wp-json\/wp\/v2\/product\/1482","targetHints":{"allow":["GET"]}}],"collection":[{"href":"https:\/\/www.pearlswholesaler.com\/de\/wp-json\/wp\/v2\/product"}],"about":[{"href":"https:\/\/www.pearlswholesaler.com\/de\/wp-json\/wp\/v2\/types\/product"}],"wp:featuredmedia":[{"embeddable":true,"href":"https:\/\/www.pearlswholesaler.com\/de\/wp-json\/wp\/v2\/media\/1483"}],"wp:attachment":[{"href":"https:\/\/www.pearlswholesaler.com\/de\/wp-json\/wp\/v2\/media?parent=1482"}],"wp:term":[{"taxonomy":"product_brand","embeddable":true,"href":"https:\/\/www.pearlswholesaler.com\/de\/wp-json\/wp\/v2\/product_brand?post=1482"},{"taxonomy":"product_cat","embeddable":true,"href":"https:\/\/www.pearlswholesaler.com\/de\/wp-json\/wp\/v2\/product_cat?post=1482"},{"taxonomy":"product_tag","embeddable":true,"href":"https:\/\/www.pearlswholesaler.com\/de\/wp-json\/wp\/v2\/product_tag?post=1482"}],"curies":[{"name":"wp","href":"https:\/\/api.w.org\/{rel}","templated":true}]}}