{"id":1480,"date":"2024-12-15T00:55:50","date_gmt":"2024-12-15T00:55:50","guid":{"rendered":"https:\/\/pearlswholesaler.com\/?post_type=product&#038;p=1480"},"modified":"2025-08-07T07:29:46","modified_gmt":"2025-08-07T07:29:46","slug":"10-13mm-white-baroque-pearl-earring","status":"publish","type":"product","link":"https:\/\/www.pearlswholesaler.com\/de\/product\/10-13mm-white-baroque-pearl-earring\/","title":{"rendered":"10*13mm wei\u00dfe ovale S\u00fc\u00dfwasserperle Ohrring, AAAA-Qualit\u00e4t, 925 Silber"},"content":{"rendered":"<p data-rm-block-id=\"block-1\">Diese 10-13mm ovalen tropfenf\u00f6rmigen wei\u00dfen Perlen sind AAAA-Qualit\u00e4t. AAAA-Qualit\u00e4tsperlen haben einen hervorragenden Glanz und minimale Oberfl\u00e4chenfehler.<\/p>\n<p data-rm-block-id=\"block-2\"><img loading=\"lazy\" decoding=\"async\" class=\"size-full wp-image-1481 aligncenter\" src=\"https:\/\/www.pearlswholesaler.com\/wp-content\/uploads\/2024\/12\/1013-mm-earring-AAAA-fresh-water-pearlwhite.webp\" alt=\"AAAA-Qualit\u00e4t, 10*13mm wei\u00dfe barocke S\u00fc\u00dfwasserperle Ohrring, 925 Silber\" width=\"999\" height=\"947\" title=\"\" srcset=\"https:\/\/www.pearlswholesaler.com\/wp-content\/uploads\/2024\/12\/1013-mm-earring-AAAA-fresh-water-pearlwhite.webp 999w, https:\/\/www.pearlswholesaler.com\/wp-content\/uploads\/2024\/12\/1013-mm-earring-AAAA-fresh-water-pearlwhite-300x284.webp 300w, https:\/\/www.pearlswholesaler.com\/wp-content\/uploads\/2024\/12\/1013-mm-earring-AAAA-fresh-water-pearlwhite-768x728.webp 768w, https:\/\/www.pearlswholesaler.com\/wp-content\/uploads\/2024\/12\/1013-mm-earring-AAAA-fresh-water-pearlwhite-600x569.webp 600w\" sizes=\"auto, (max-width: 999px) 100vw, 999px\" \/><\/p>\n<p data-rm-block-id=\"block-3\"><span id=\"input-sentence~0\">Gefertigt mit einer 925-Silberfassung und akzentuiert mit Zirkonen, verbinden diese Ohrringe die nat\u00fcrliche Eleganz der Perlen mit dem Brillanz der Edelsteine.<\/span><span id=\"aidr-input-non-human-chunk\"><\/span><span id=\"input-sentence~1\"> Die Silberfassung verleiht ihnen einen Hauch von Luxus, und die Zirkone sorgen f\u00fcr einen funkelnden Kontrast, der die nat\u00fcrliche Sch\u00f6nheit der Perlen wirklich zum Strahlen bringt.<br \/>\n<\/span><\/p>\n<p data-rm-block-id=\"block-4\">Unsere Ohrringe sind eine fantastische Option f\u00fcr Gro\u00dfhandelskunden, die ihren Kunden Schmuck aus Perlen zu wettbewerbsf\u00e4higen Preisen und mit Qualit\u00e4tsgarantie anbieten m\u00f6chten.<\/p>\n<ul>\n<li data-rm-block-id=\"block-5\">Verpackung: Polybeutel \/ Schmuckbeutel \/ Schmuckschatulle<\/li>\n<li data-rm-block-id=\"block-6\">Lieferzeit: 3-10 Werktage<\/li>\n<li data-rm-block-id=\"block-7\">Versand: DHL\/Fedex\/UPS\/EMS<\/li>\n<li data-rm-block-id=\"block-8\">Zahlungsbedingungen: Bank\u00fcberweisung PayPal\/ Western Union\/Alipay\/TT;<\/li>\n<li data-rm-block-id=\"block-9\">Zahlungsbedingungen: EXW, FOB Shanghai;<\/li>\n<\/ul>","protected":false},"excerpt":{"rendered":"<ul>\n<li><strong>Perlenqualit\u00e4t<\/strong>: AAAA-Note<\/li>\n<li><strong>Perlengr\u00f6\u00dfe<\/strong>: 10*13mm<\/li>\n<li><strong>Perlenform<\/strong>: Tropfenform<\/li>\n<li><strong>Perlenfarbe<\/strong>: Wei\u00df<\/li>\n<li><strong>Material<\/strong>\uff1aS\u00fc\u00dfwasserperlen, 925 Silber, Zirkon<\/li>\n<\/ul>","protected":false},"featured_media":1481,"template":"","meta":{"_kad_blocks_custom_css":"","_kad_blocks_head_custom_js":"","_kad_blocks_body_custom_js":"","_kad_blocks_footer_custom_js":"","_kadence_starter_templates_imported_post":false,"_kad_post_transparent":"default","_kad_post_title":"","_kad_post_layout":"default","_kad_post_sidebar_id":"","_kad_post_content_style":"default","_kad_post_vertical_padding":"default","_kad_post_feature":"","_kad_post_feature_position":"","_kad_post_header":false,"_kad_post_footer":false,"_kad_post_classname":"","jetpack_publicize_message":"","jetpack_publicize_feature_enabled":true,"jetpack_social_post_already_shared":false,"jetpack_social_options":{"image_generator_settings":{"template":"highway","default_image_id":0,"font":"","enabled":false},"version":2}},"product_brand":[],"product_cat":[63],"product_tag":[107,106,27],"class_list":{"0":"post-1480","1":"product","2":"type-product","3":"status-publish","4":"has-post-thumbnail","6":"product_cat-pearl-earrings","7":"product_tag-aaaa-pearl","8":"product_tag-oval-shape-pearl","9":"product_tag-white-pearl","10":"pa_pearl-color-white-pearl","11":"pa_pearl-shape-baroque-pearl","12":"pa_pearl-shape-drop-pearl","13":"pa_pearl-size-10mm","14":"pa_pearl-size-13mm","15":"pa_pearl-type-freshwater-pearl","17":"first","18":"instock","19":"shipping-taxable","20":"product-type-simple","21":"entry","22":"content-bg","23":"loop-entry"},"jetpack_publicize_connections":[],"taxonomy_info":{"product_cat":[{"value":63,"label":"Pearl Earring"}],"product_tag":[{"value":107,"label":"AAAA pearl"},{"value":106,"label":"oval shape pearl"},{"value":27,"label":"white pearl"}],"pa_pearl-color":[{"value":66,"label":"White Pearl"}],"pa_pearl-shape":[{"value":75,"label":"Baroque Pearl"},{"value":94,"label":"Drop Pearl"}],"pa_pearl-size":[{"value":79,"label":"10mm"},{"value":80,"label":"13mm"}],"pa_pearl-type":[{"value":69,"label":"Freshwater Pearl"}]},"featured_image_src_large":["https:\/\/www.pearlswholesaler.com\/wp-content\/uploads\/2024\/12\/1013-mm-earring-AAAA-fresh-water-pearlwhite.webp",999,947,false],"author_info":[],"comment_info":"","_links":{"self":[{"href":"https:\/\/www.pearlswholesaler.com\/de\/wp-json\/wp\/v2\/product\/1480","targetHints":{"allow":["GET"]}}],"collection":[{"href":"https:\/\/www.pearlswholesaler.com\/de\/wp-json\/wp\/v2\/product"}],"about":[{"href":"https:\/\/www.pearlswholesaler.com\/de\/wp-json\/wp\/v2\/types\/product"}],"wp:featuredmedia":[{"embeddable":true,"href":"https:\/\/www.pearlswholesaler.com\/de\/wp-json\/wp\/v2\/media\/1481"}],"wp:attachment":[{"href":"https:\/\/www.pearlswholesaler.com\/de\/wp-json\/wp\/v2\/media?parent=1480"}],"wp:term":[{"taxonomy":"product_brand","embeddable":true,"href":"https:\/\/www.pearlswholesaler.com\/de\/wp-json\/wp\/v2\/product_brand?post=1480"},{"taxonomy":"product_cat","embeddable":true,"href":"https:\/\/www.pearlswholesaler.com\/de\/wp-json\/wp\/v2\/product_cat?post=1480"},{"taxonomy":"product_tag","embeddable":true,"href":"https:\/\/www.pearlswholesaler.com\/de\/wp-json\/wp\/v2\/product_tag?post=1480"}],"curies":[{"name":"wp","href":"https:\/\/api.w.org\/{rel}","templated":true}]}}