{"id":1477,"date":"2024-12-12T11:35:13","date_gmt":"2024-12-12T11:35:13","guid":{"rendered":"https:\/\/pearlswholesaler.com\/?post_type=product&#038;p=1477"},"modified":"2024-12-15T07:37:49","modified_gmt":"2024-12-15T07:37:49","slug":"bulk-13-18mm-baroque-pearl-earring","status":"publish","type":"product","link":"https:\/\/www.pearlswholesaler.com\/de\/product\/bulk-13-18mm-baroque-pearl-earring\/","title":{"rendered":"13*18mm Barock-S\u00fc\u00dfwasserperlenohrring, 5A-Qualit\u00e4t, 925 Silber"},"content":{"rendered":"<p>Unsere hochwertigen AAAAA-Perlenohrringe aus S\u00fc\u00dfwasser, mit ihrer einzigartigen Form und wei\u00dfen Farbe, zeichnen sich durch ihre Seltenheit und Eleganz aus. Die AAAAA-Qualit\u00e4t ist der h\u00f6chste Standard in der Perlenbranche.<\/p>\n<p><img loading=\"lazy\" decoding=\"async\" class=\"size-full wp-image-1478 aligncenter\" src=\"https:\/\/pearlswholesaler.com\/wp-content\/uploads\/2024\/12\/1318mm-earring-AAAAA-fresh-water-pearlwhite-2.webp\" alt=\"AAAAA Qualit\u00e4t 13*18mm barocke S\u00fc\u00dfwasserperle Ohrring, 925 Silber\" width=\"995\" height=\"855\" title=\"\" srcset=\"https:\/\/www.pearlswholesaler.com\/wp-content\/uploads\/2024\/12\/1318mm-earring-AAAAA-fresh-water-pearlwhite-2.webp 995w, https:\/\/www.pearlswholesaler.com\/wp-content\/uploads\/2024\/12\/1318mm-earring-AAAAA-fresh-water-pearlwhite-2-300x258.webp 300w, https:\/\/www.pearlswholesaler.com\/wp-content\/uploads\/2024\/12\/1318mm-earring-AAAAA-fresh-water-pearlwhite-2-768x660.webp 768w, https:\/\/www.pearlswholesaler.com\/wp-content\/uploads\/2024\/12\/1318mm-earring-AAAAA-fresh-water-pearlwhite-2-600x516.webp 600w\" sizes=\"auto, (max-width: 995px) 100vw, 995px\" \/><\/p>\n<p>Gefertigt mit einer Fassung aus 925 Silber und verziert mit Perlmutt, vereinen diese Ohrringe das Beste aus beiden Welten: den Glanz der Perlen und den irisierenden Schimmer des Perlmutt.<\/p>\n<p>Das 925 Silber sorgt f\u00fcr Langlebigkeit und einen angenehmen Tragekomfort, w\u00e4hrend das Perlmutt einen Hauch von Raffinesse und ein einzigartiges Lichtspiel hinzuf\u00fcgt, das jedes St\u00fcck zu einem Unikat macht.<\/p>\n<p>Sie eignen sich f\u00fcr eine Vielzahl von Anl\u00e4ssen, vom Alltag bis zu besonderen Events, und werden sicherlich bei Ihren anspruchsvollen Kunden gut ankommen.<\/p>\n<p>Kontaktieren Sie uns f\u00fcr Gro\u00dfbestellungen.<\/p>\n<ul>\n<li>Verpackung: Polybeutel \/ Schmuckbeutel \/ Schmuckschatulle<\/li>\n<li>Lieferzeit: 3-10 Werktage<\/li>\n<li>Versand: DHL\/Fedex\/UPS\/EMS<\/li>\n<li>Zahlungsbedingungen: Bank\u00fcberweisung PayPal\/ Western Union\/Alipay\/TT;<\/li>\n<li>Zahlungsbedingungen: EXW, FOB Shanghai; Der K\u00e4ufer ist f\u00fcr die Versandkosten verantwortlich<\/li>\n<\/ul>","protected":false},"excerpt":{"rendered":"<ul>\n<li><strong>Perlenqualit\u00e4t<\/strong>: AAAAA Bewertung<\/li>\n<li><strong>Perlengr\u00f6\u00dfe<\/strong>: 13*18mm<\/li>\n<li><strong>Perlenform<\/strong>: Barock<\/li>\n<li><strong>Perlenfarbe<\/strong>: Wei\u00df<\/li>\n<li><strong>Material<\/strong>\uff1a<span style=\"font-family: var(--global-body-font-family);\">S\u00fc\u00dfwasserperlen, 925 Silber, Perlmutt<\/span><\/li>\n<\/ul>","protected":false},"featured_media":1478,"template":"","meta":{"_kad_blocks_custom_css":"","_kad_blocks_head_custom_js":"","_kad_blocks_body_custom_js":"","_kad_blocks_footer_custom_js":"","_kadence_starter_templates_imported_post":false,"_kad_post_transparent":"default","_kad_post_title":"","_kad_post_layout":"default","_kad_post_sidebar_id":"","_kad_post_content_style":"default","_kad_post_vertical_padding":"default","_kad_post_feature":"","_kad_post_feature_position":"","_kad_post_header":false,"_kad_post_footer":false,"_kad_post_classname":"","jetpack_publicize_message":"","jetpack_publicize_feature_enabled":true,"jetpack_social_post_already_shared":false,"jetpack_social_options":{"image_generator_settings":{"template":"highway","default_image_id":0,"font":"","enabled":false},"version":2}},"product_brand":[],"product_cat":[63],"product_tag":[],"class_list":{"0":"post-1477","1":"product","2":"type-product","3":"status-publish","4":"has-post-thumbnail","6":"product_cat-pearl-earrings","7":"pa_pearl-color-white-pearl","8":"pa_pearl-shape-baroque-pearl","9":"pa_pearl-size-13mm","10":"pa_pearl-size-18mm","11":"pa_pearl-type-freshwater-pearl","13":"first","14":"instock","15":"shipping-taxable","16":"product-type-simple","17":"entry","18":"content-bg","19":"loop-entry"},"jetpack_publicize_connections":[],"taxonomy_info":{"product_cat":[{"value":63,"label":"Pearl Earring"}],"pa_pearl-color":[{"value":66,"label":"White Pearl"}],"pa_pearl-shape":[{"value":75,"label":"Baroque Pearl"}],"pa_pearl-size":[{"value":80,"label":"13mm"},{"value":81,"label":"18mm"}],"pa_pearl-type":[{"value":69,"label":"Freshwater Pearl"}]},"featured_image_src_large":["https:\/\/www.pearlswholesaler.com\/wp-content\/uploads\/2024\/12\/1318mm-earring-AAAAA-fresh-water-pearlwhite-2.webp",995,855,false],"author_info":[],"comment_info":"","_links":{"self":[{"href":"https:\/\/www.pearlswholesaler.com\/de\/wp-json\/wp\/v2\/product\/1477","targetHints":{"allow":["GET"]}}],"collection":[{"href":"https:\/\/www.pearlswholesaler.com\/de\/wp-json\/wp\/v2\/product"}],"about":[{"href":"https:\/\/www.pearlswholesaler.com\/de\/wp-json\/wp\/v2\/types\/product"}],"wp:featuredmedia":[{"embeddable":true,"href":"https:\/\/www.pearlswholesaler.com\/de\/wp-json\/wp\/v2\/media\/1478"}],"wp:attachment":[{"href":"https:\/\/www.pearlswholesaler.com\/de\/wp-json\/wp\/v2\/media?parent=1477"}],"wp:term":[{"taxonomy":"product_brand","embeddable":true,"href":"https:\/\/www.pearlswholesaler.com\/de\/wp-json\/wp\/v2\/product_brand?post=1477"},{"taxonomy":"product_cat","embeddable":true,"href":"https:\/\/www.pearlswholesaler.com\/de\/wp-json\/wp\/v2\/product_cat?post=1477"},{"taxonomy":"product_tag","embeddable":true,"href":"https:\/\/www.pearlswholesaler.com\/de\/wp-json\/wp\/v2\/product_tag?post=1477"}],"curies":[{"name":"wp","href":"https:\/\/api.w.org\/{rel}","templated":true}]}}