{"id":1475,"date":"2024-12-12T02:46:47","date_gmt":"2024-12-12T02:46:47","guid":{"rendered":"https:\/\/pearlswholesaler.com\/?post_type=product&#038;p=1475"},"modified":"2024-12-15T12:25:51","modified_gmt":"2024-12-15T12:25:51","slug":"aaaaa-quality-1318mm-white-baroque-pearl-earring","status":"publish","type":"product","link":"https:\/\/www.pearlswholesaler.com\/de\/product\/aaaaa-quality-1318mm-white-baroque-pearl-earring\/","title":{"rendered":"13*18mm wei\u00dfe Barock-S\u00fc\u00dfwasserperlen-Ohrring, AAA-Qualit\u00e4t"},"content":{"rendered":"<p><span id=\"input-sentence~0\">Unsere AAAAA 13-18mm Barock-S\u00fc\u00dfwasserperlen-Ohrringe bestehen aus hochwertigen 13*18mm Barockperlen. Ihre einzigartige Barockform ist nicht nur sch\u00f6n, sondern auch im Trend. Die wei\u00dfen und pinkfarbenen Perlen sind vielseitig und auff\u00e4llig, was alle Hautt\u00f6ne und Kleidung erg\u00e4nzt.<\/span><span id=\"input-sentence~1\"><\/span><\/p>\n<p><img loading=\"lazy\" decoding=\"async\" class=\"size-full wp-image-1476 aligncenter\" src=\"https:\/\/pearlswholesaler.com\/wp-content\/uploads\/2024\/12\/1318mm-earring-AAAAA-fresh-water-pearlwhite.webp\" alt=\"AAAAA Qualit\u00e4t 13*18mm barocke S\u00fc\u00dfwasserperle Ohrring, 925 Silber\" width=\"1160\" height=\"1294\" title=\"\" srcset=\"https:\/\/www.pearlswholesaler.com\/wp-content\/uploads\/2024\/12\/1318mm-earring-AAAAA-fresh-water-pearlwhite.webp 1160w, https:\/\/www.pearlswholesaler.com\/wp-content\/uploads\/2024\/12\/1318mm-earring-AAAAA-fresh-water-pearlwhite-269x300.webp 269w, https:\/\/www.pearlswholesaler.com\/wp-content\/uploads\/2024\/12\/1318mm-earring-AAAAA-fresh-water-pearlwhite-918x1024.webp 918w, https:\/\/www.pearlswholesaler.com\/wp-content\/uploads\/2024\/12\/1318mm-earring-AAAAA-fresh-water-pearlwhite-768x857.webp 768w, https:\/\/www.pearlswholesaler.com\/wp-content\/uploads\/2024\/12\/1318mm-earring-AAAAA-fresh-water-pearlwhite-600x669.webp 600w\" sizes=\"auto, (max-width: 1160px) 100vw, 1160px\" \/><\/p>\n<p>Diese Ohrringe bestehen aus einer Kombination von S\u00fc\u00dfwasserperlen, Zirkon und 925 Silber, um Haltbarkeit und Sch\u00f6nheit zu gew\u00e4hrleisten. Diese Ohrringe sind f\u00fcr jeden Anlass geeignet, praktisch und elegant.<\/p>\n<p>Perfekt f\u00fcr Unternehmen, die ihren Kunden hochwertige, luxuri\u00f6se Produkte anbieten m\u00f6chten. Kontaktieren Sie uns noch heute, um Mengenbestellungen und Preise zu besprechen.<\/p>\n<ul>\n<li>Verpackung: Polybeutel \/ Schmuckbeutel \/ Schmuckschatulle<\/li>\n<li>Lieferzeit: 3-10 Werktage<\/li>\n<li>Versand: DHL\/Fedex\/UPS\/EMS<\/li>\n<li>Zahlungsbedingungen: Bank\u00fcberweisung PayPal\/ Western Union\/Alipay\/TT;<\/li>\n<li>Zahlungsbedingungen: EXW, FOB Shanghai; Der K\u00e4ufer ist f\u00fcr die Versandkosten verantwortlich<\/li>\n<\/ul>","protected":false},"excerpt":{"rendered":"<ul>\n<li><strong>Perlenqualit\u00e4t<\/strong>: AAAAA Bewertung<\/li>\n<li><strong>Perlengr\u00f6\u00dfe<\/strong>: 13*18mm<\/li>\n<li><strong>Perlenform<\/strong>: Barock<\/li>\n<li><strong>Perlenfarbe<\/strong>: Wei\u00df \u2013 Pink<\/li>\n<li><strong>Material<\/strong>\uff1aS\u00fc\u00dfwasserperle, Zirkon, 925 Silber<\/li>\n<\/ul>","protected":false},"featured_media":1476,"template":"","meta":{"_kad_blocks_custom_css":"","_kad_blocks_head_custom_js":"","_kad_blocks_body_custom_js":"","_kad_blocks_footer_custom_js":"","_kadence_starter_templates_imported_post":false,"_kad_post_transparent":"default","_kad_post_title":"","_kad_post_layout":"default","_kad_post_sidebar_id":"","_kad_post_content_style":"default","_kad_post_vertical_padding":"default","_kad_post_feature":"","_kad_post_feature_position":"","_kad_post_header":false,"_kad_post_footer":false,"_kad_post_classname":"","jetpack_publicize_message":"","jetpack_publicize_feature_enabled":true,"jetpack_social_post_already_shared":false,"jetpack_social_options":{"image_generator_settings":{"template":"highway","default_image_id":0,"font":"","enabled":false},"version":2}},"product_brand":[],"product_cat":[63],"product_tag":[],"class_list":{"0":"post-1475","1":"product","2":"type-product","3":"status-publish","4":"has-post-thumbnail","6":"product_cat-pearl-earrings","7":"pa_pearl-color-pink-pearl","8":"pa_pearl-color-white-pearl","9":"pa_pearl-shape-baroque-pearl","10":"pa_pearl-size-13mm","11":"pa_pearl-size-18mm","12":"pa_pearl-type-freshwater-pearl","14":"first","15":"instock","16":"shipping-taxable","17":"product-type-simple","18":"entry","19":"content-bg","20":"loop-entry"},"jetpack_publicize_connections":[],"taxonomy_info":{"product_cat":[{"value":63,"label":"Pearl Earring"}],"pa_pearl-color":[{"value":92,"label":"Pink Pearl"},{"value":66,"label":"White Pearl"}],"pa_pearl-shape":[{"value":75,"label":"Baroque Pearl"}],"pa_pearl-size":[{"value":80,"label":"13mm"},{"value":81,"label":"18mm"}],"pa_pearl-type":[{"value":69,"label":"Freshwater Pearl"}]},"featured_image_src_large":["https:\/\/www.pearlswholesaler.com\/wp-content\/uploads\/2024\/12\/1318mm-earring-AAAAA-fresh-water-pearlwhite-918x1024.webp",918,1024,true],"author_info":[],"comment_info":"","_links":{"self":[{"href":"https:\/\/www.pearlswholesaler.com\/de\/wp-json\/wp\/v2\/product\/1475","targetHints":{"allow":["GET"]}}],"collection":[{"href":"https:\/\/www.pearlswholesaler.com\/de\/wp-json\/wp\/v2\/product"}],"about":[{"href":"https:\/\/www.pearlswholesaler.com\/de\/wp-json\/wp\/v2\/types\/product"}],"wp:featuredmedia":[{"embeddable":true,"href":"https:\/\/www.pearlswholesaler.com\/de\/wp-json\/wp\/v2\/media\/1476"}],"wp:attachment":[{"href":"https:\/\/www.pearlswholesaler.com\/de\/wp-json\/wp\/v2\/media?parent=1475"}],"wp:term":[{"taxonomy":"product_brand","embeddable":true,"href":"https:\/\/www.pearlswholesaler.com\/de\/wp-json\/wp\/v2\/product_brand?post=1475"},{"taxonomy":"product_cat","embeddable":true,"href":"https:\/\/www.pearlswholesaler.com\/de\/wp-json\/wp\/v2\/product_cat?post=1475"},{"taxonomy":"product_tag","embeddable":true,"href":"https:\/\/www.pearlswholesaler.com\/de\/wp-json\/wp\/v2\/product_tag?post=1475"}],"curies":[{"name":"wp","href":"https:\/\/api.w.org\/{rel}","templated":true}]}}