{"id":1473,"date":"2024-12-12T07:06:35","date_gmt":"2024-12-12T07:06:35","guid":{"rendered":"https:\/\/pearlswholesaler.com\/?post_type=product&#038;p=1473"},"modified":"2026-01-31T08:15:29","modified_gmt":"2026-01-31T08:15:29","slug":"aaaa-6-7mm-white-freshwater-pearl-ring-925-silver","status":"publish","type":"product","link":"https:\/\/www.pearlswholesaler.com\/de\/product\/aaaa-6-7mm-white-freshwater-pearl-ring-925-silver\/","title":{"rendered":"AAAA-Qualit\u00e4t 6-7mm wei\u00dfe S\u00fc\u00dfwasserperlenring, 925er Silber"},"content":{"rendered":"<p>Unser AAAA-Qualit\u00e4t 6-7mm runder wei\u00dfer S\u00fc\u00dfwasserperlenring ist eine gro\u00dfartige Wahl f\u00fcr Gro\u00dfhandelskunden, die hochwertige Perlen Schmuck suchen.<\/p>\n<p>Dieser Ring verf\u00fcgt \u00fcber runde Perlen in einem reinen Wei\u00dfton, und Zirkonsteine setzen einen hellen Akzent im Design. Der Ring ist aus 925er Silber gefertigt, was Langlebigkeit und Komfort f\u00fcr den t\u00e4glichen Gebrauch bietet.<\/p>\n<p><img loading=\"lazy\" decoding=\"async\" class=\"size-full wp-image-1474 aligncenter\" src=\"https:\/\/pearlswholesaler.com\/wp-content\/uploads\/2024\/12\/6-7mm-ring-AAAA-fresh-water-pearlwhite.webp\" alt=\"AAAA-Qualit\u00e4t 6-7mm wei\u00dfe S\u00fc\u00dfwasserperlenring, 925er Silber\" width=\"1080\" height=\"1080\" title=\"\" srcset=\"https:\/\/www.pearlswholesaler.com\/wp-content\/uploads\/2024\/12\/6-7mm-ring-AAAA-fresh-water-pearlwhite.webp 1080w, https:\/\/www.pearlswholesaler.com\/wp-content\/uploads\/2024\/12\/6-7mm-ring-AAAA-fresh-water-pearlwhite-300x300.webp 300w, https:\/\/www.pearlswholesaler.com\/wp-content\/uploads\/2024\/12\/6-7mm-ring-AAAA-fresh-water-pearlwhite-1024x1024.webp 1024w, https:\/\/www.pearlswholesaler.com\/wp-content\/uploads\/2024\/12\/6-7mm-ring-AAAA-fresh-water-pearlwhite-150x150.webp 150w, https:\/\/www.pearlswholesaler.com\/wp-content\/uploads\/2024\/12\/6-7mm-ring-AAAA-fresh-water-pearlwhite-768x768.webp 768w, https:\/\/www.pearlswholesaler.com\/wp-content\/uploads\/2024\/12\/6-7mm-ring-AAAA-fresh-water-pearlwhite-600x600.webp 600w, https:\/\/www.pearlswholesaler.com\/wp-content\/uploads\/2024\/12\/6-7mm-ring-AAAA-fresh-water-pearlwhite-100x100.webp 100w\" sizes=\"auto, (max-width: 1080px) 100vw, 1080px\" \/><\/p>\n<p>Dieser Perlenring verbindet Qualit\u00e4t, Stil und Wert. Die nat\u00fcrliche Sch\u00f6nheit der Perlen kombiniert mit dem Brillanz der Zirkonsteine, macht diesen Ring sicherlich zu einem Favoriten bei Ihren anspruchsvollen Kunden.<\/p>\n<p>Gro\u00dfbestellungen und Preise? Lassen Sie uns einen Deal machen, der Ihrem Gesch\u00e4ft Raffinesse und Qualit\u00e4t verleiht.<\/p>\n<ul>\n<li>Verpackung: Polybeutel \/ Schmuckbeutel \/ Schmuckschatulle<\/li>\n<li>Lieferzeit: 3-10 Werktage<\/li>\n<li>Versand: DHL\/Fedex\/UPS\/EMS<\/li>\n<li>Zahlungsbedingungen: Bank\u00fcberweisung PayPal\/ Western Union\/Alipay\/TT;<\/li>\n<li>Zahlungsbedingungen: EXW, FOB Shanghai; Der K\u00e4ufer ist f\u00fcr die Versandkosten verantwortlich<\/li>\n<\/ul>","protected":false},"excerpt":{"rendered":"<ul>\n<li><strong>Perlenqualit\u00e4t<\/strong>: AAAA-Note<\/li>\n<li><strong>Perlengr\u00f6\u00dfe<\/strong>: 6-7mm<\/li>\n<li><strong>Perlenform<\/strong>: Runde<\/li>\n<li><strong>Perlenfarbe<\/strong>: Wei\u00df<\/li>\n<li><strong>Material<\/strong>\uff1aS\u00fc\u00dfwasserperle, Zirkon, 925er Silberfassung<\/li>\n<\/ul>","protected":false},"featured_media":1474,"template":"","meta":{"_kad_blocks_custom_css":"","_kad_blocks_head_custom_js":"","_kad_blocks_body_custom_js":"","_kad_blocks_footer_custom_js":"","_kadence_starter_templates_imported_post":false,"_kad_post_transparent":"default","_kad_post_title":"","_kad_post_layout":"default","_kad_post_sidebar_id":"","_kad_post_content_style":"default","_kad_post_vertical_padding":"default","_kad_post_feature":"","_kad_post_feature_position":"","_kad_post_header":false,"_kad_post_footer":false,"_kad_post_classname":"","jetpack_publicize_message":"","jetpack_publicize_feature_enabled":true,"jetpack_social_post_already_shared":false,"jetpack_social_options":{"image_generator_settings":{"template":"highway","default_image_id":0,"font":"","enabled":false},"version":2}},"product_brand":[],"product_cat":[61],"product_tag":[141],"class_list":{"0":"post-1473","1":"product","2":"type-product","3":"status-publish","4":"has-post-thumbnail","6":"product_cat-pearl-rings","7":"product_tag-silver-pearl-rings","8":"pa_pearl-color-white-pearl","9":"pa_pearl-shape-round-pearl","10":"pa_pearl-size-6mm","11":"pa_pearl-size-7mm","12":"pa_pearl-type-freshwater-pearl","14":"first","15":"instock","16":"shipping-taxable","17":"product-type-simple","18":"entry","19":"content-bg","20":"loop-entry"},"jetpack_publicize_connections":[],"taxonomy_info":{"product_cat":[{"value":61,"label":"Pearl Ring"}],"product_tag":[{"value":141,"label":"silver pearl rings"}],"pa_pearl-color":[{"value":66,"label":"White Pearl"}],"pa_pearl-shape":[{"value":68,"label":"Round Pearl"}],"pa_pearl-size":[{"value":77,"label":"6mm"},{"value":70,"label":"7mm"}],"pa_pearl-type":[{"value":69,"label":"Freshwater Pearl"}]},"featured_image_src_large":["https:\/\/www.pearlswholesaler.com\/wp-content\/uploads\/2024\/12\/6-7mm-ring-AAAA-fresh-water-pearlwhite-1024x1024.webp",1024,1024,true],"author_info":[],"comment_info":"","_links":{"self":[{"href":"https:\/\/www.pearlswholesaler.com\/de\/wp-json\/wp\/v2\/product\/1473","targetHints":{"allow":["GET"]}}],"collection":[{"href":"https:\/\/www.pearlswholesaler.com\/de\/wp-json\/wp\/v2\/product"}],"about":[{"href":"https:\/\/www.pearlswholesaler.com\/de\/wp-json\/wp\/v2\/types\/product"}],"wp:featuredmedia":[{"embeddable":true,"href":"https:\/\/www.pearlswholesaler.com\/de\/wp-json\/wp\/v2\/media\/1474"}],"wp:attachment":[{"href":"https:\/\/www.pearlswholesaler.com\/de\/wp-json\/wp\/v2\/media?parent=1473"}],"wp:term":[{"taxonomy":"product_brand","embeddable":true,"href":"https:\/\/www.pearlswholesaler.com\/de\/wp-json\/wp\/v2\/product_brand?post=1473"},{"taxonomy":"product_cat","embeddable":true,"href":"https:\/\/www.pearlswholesaler.com\/de\/wp-json\/wp\/v2\/product_cat?post=1473"},{"taxonomy":"product_tag","embeddable":true,"href":"https:\/\/www.pearlswholesaler.com\/de\/wp-json\/wp\/v2\/product_tag?post=1473"}],"curies":[{"name":"wp","href":"https:\/\/api.w.org\/{rel}","templated":true}]}}