{"id":1470,"date":"2024-12-12T07:18:27","date_gmt":"2024-12-12T07:18:27","guid":{"rendered":"https:\/\/pearlswholesaler.com\/?post_type=product&#038;p=1470"},"modified":"2026-01-31T08:16:00","modified_gmt":"2026-01-31T08:16:00","slug":"aaa-7-8mm-white-pearl-ring-silver-gold","status":"publish","type":"product","link":"https:\/\/www.pearlswholesaler.com\/de\/product\/aaa-7-8mm-white-pearl-ring-silver-gold\/","title":{"rendered":"Wei\u00dfer S\u00fc\u00dfwasserperlenring 7-8mm, AAA-Qualit\u00e4t, 925 Silber\/18K Gold"},"content":{"rendered":"<p>Vorstellung unseres AAA-Qualit\u00e4ts-S\u00fc\u00dfwasserperlenrings, gefertigt mit 5-6mm brotf\u00f6rmigen Perlen, die ein einzigartiges und elegantes Erscheinungsbild bieten. Diese Perlen, mit ihrer wei\u00dfen Farbe und nat\u00fcrlichem Glanz, sind in 925er Silber- oder 18K-Goldfassungen eingesetzt, was Haltbarkeit und ein luxuri\u00f6ses Finish gew\u00e4hrleistet. Die Kombination aus hochwertigen S\u00fc\u00dfwasserperlen und Premium-Materialien sorgt f\u00fcr ein Produkt, das auf dem Markt hervorsticht.<\/p>\n<p><img loading=\"lazy\" decoding=\"async\" class=\"size-full wp-image-1472 aligncenter\" src=\"https:\/\/pearlswholesaler.com\/wp-content\/uploads\/2024\/12\/7-8mm-ring-AAA-fresh-water-pearl-white.webp\" alt=\"AAA-Qualit\u00e4t 7-8mm wei\u00dfer S\u00fc\u00dfwasserperlenring, 925 Silber\/18K Gold\" width=\"1080\" height=\"1440\" title=\"\" srcset=\"https:\/\/www.pearlswholesaler.com\/wp-content\/uploads\/2024\/12\/7-8mm-ring-AAA-fresh-water-pearl-white.webp 1080w, https:\/\/www.pearlswholesaler.com\/wp-content\/uploads\/2024\/12\/7-8mm-ring-AAA-fresh-water-pearl-white-225x300.webp 225w, https:\/\/www.pearlswholesaler.com\/wp-content\/uploads\/2024\/12\/7-8mm-ring-AAA-fresh-water-pearl-white-768x1024.webp 768w, https:\/\/www.pearlswholesaler.com\/wp-content\/uploads\/2024\/12\/7-8mm-ring-AAA-fresh-water-pearl-white-600x800.webp 600w\" sizes=\"auto, (max-width: 1080px) 100vw, 1080px\" \/><\/p>\n<p>Unsere Ringe sind f\u00fcr diejenigen entworfen, die die subtile Sch\u00f6nheit von Perlen mit einem Twist sch\u00e4tzen, da die Brotf\u00f6rmigkeit Charakter verleiht, ohne den klassischen Reiz zu beeintr\u00e4chtigen. Die AAA-Qualit\u00e4t steht f\u00fcr ein gutes Gleichgewicht zwischen Glanz und Oberfl\u00e4chenqualit\u00e4t, was diese Perlen zu einer beliebten Wahl f\u00fcr H\u00e4ndler und Kunden macht.<\/p>\n<p>Erh\u00e4ltlich in verschiedenen Fassungen sind unsere Perlenringe perfekt f\u00fcr eine breite Kundschaft, von denen, die Alltagsst\u00fccke suchen, bis hin zu besonderen Anl\u00e4ssen. Die 925er Silberfassung bietet eine hypoallergene und tarnungsresistente Option, w\u00e4hrend die 18K-Goldfassung einen Hauch von Luxus und Raffinesse hinzuf\u00fcgt.<\/p>\n<p>Dieses Produkt ist eine ausgezeichnete Wahl f\u00fcr Unternehmen, die hochwertige, stilvolle und erschwingliche Perlschmuckst\u00fccke auf Lager haben m\u00f6chten. Es ist ein ideales St\u00fcck f\u00fcr Kunden, die die nat\u00fcrliche Sch\u00f6nheit der Perlen in Kombination mit der St\u00e4rke und Eleganz von Silber oder Gold sch\u00e4tzen. Dieser Ring wird wahrscheinlich zu einem Favoriten bei Ihren anspruchsvollen Kunden.<\/p>\n<ul>\n<li>Verpackung: Polybeutel \/ Schmuckbeutel \/ Schmuckschatulle<\/li>\n<li>Lieferzeit: 3-10 Werktage<\/li>\n<li>Versand: DHL\/Fedex\/UPS\/EMS<\/li>\n<li>Zahlungsbedingungen: Bank\u00fcberweisung PayPal\/ Western Union\/Alipay\/TT;<\/li>\n<li>Zahlungsbedingungen: EXW, FOB Shanghai; Der K\u00e4ufer ist f\u00fcr die Versandkosten verantwortlich<\/li>\n<\/ul>","protected":false},"excerpt":{"rendered":"<ul>\n<li><strong>Perlenqualit\u00e4t<\/strong>: AAA-Qualit\u00e4t<\/li>\n<li><strong>Perlengr\u00f6\u00dfe<\/strong>: 5-6mm<\/li>\n<li><strong>Perlenform<\/strong>: Brotkonzept<\/li>\n<li><strong>Perlenfarbe<\/strong>: Wei\u00df<\/li>\n<li><strong>Material<\/strong>\uff1a925er Silberfassung\/18K Goldfassung, S\u00fc\u00dfwasserperlen<\/li>\n<\/ul>","protected":false},"featured_media":1472,"template":"","meta":{"_kad_blocks_custom_css":"","_kad_blocks_head_custom_js":"","_kad_blocks_body_custom_js":"","_kad_blocks_footer_custom_js":"","_kadence_starter_templates_imported_post":false,"_kad_post_transparent":"default","_kad_post_title":"","_kad_post_layout":"default","_kad_post_sidebar_id":"","_kad_post_content_style":"default","_kad_post_vertical_padding":"default","_kad_post_feature":"","_kad_post_feature_position":"","_kad_post_header":false,"_kad_post_footer":false,"_kad_post_classname":"","jetpack_publicize_message":"","jetpack_publicize_feature_enabled":true,"jetpack_social_post_already_shared":false,"jetpack_social_options":{"image_generator_settings":{"template":"highway","default_image_id":0,"font":"","enabled":false},"version":2}},"product_brand":[],"product_cat":[61],"product_tag":[141],"class_list":{"0":"post-1470","1":"product","2":"type-product","3":"status-publish","4":"has-post-thumbnail","6":"product_cat-pearl-rings","7":"product_tag-silver-pearl-rings","8":"pa_pearl-color-white-pearl","9":"pa_pearl-shape-button-pearl","10":"pa_pearl-size-7mm","11":"pa_pearl-size-8mm","12":"pa_pearl-type-freshwater-pearl","14":"first","15":"instock","16":"shipping-taxable","17":"product-type-simple","18":"entry","19":"content-bg","20":"loop-entry"},"jetpack_publicize_connections":[],"taxonomy_info":{"product_cat":[{"value":61,"label":"Pearl Ring"}],"product_tag":[{"value":141,"label":"silver pearl rings"}],"pa_pearl-color":[{"value":66,"label":"White Pearl"}],"pa_pearl-shape":[{"value":93,"label":"Button pearl"}],"pa_pearl-size":[{"value":70,"label":"7mm"},{"value":71,"label":"8mm"}],"pa_pearl-type":[{"value":69,"label":"Freshwater Pearl"}]},"featured_image_src_large":["https:\/\/www.pearlswholesaler.com\/wp-content\/uploads\/2024\/12\/7-8mm-ring-AAA-fresh-water-pearl-white-768x1024.webp",768,1024,true],"author_info":[],"comment_info":"","_links":{"self":[{"href":"https:\/\/www.pearlswholesaler.com\/de\/wp-json\/wp\/v2\/product\/1470","targetHints":{"allow":["GET"]}}],"collection":[{"href":"https:\/\/www.pearlswholesaler.com\/de\/wp-json\/wp\/v2\/product"}],"about":[{"href":"https:\/\/www.pearlswholesaler.com\/de\/wp-json\/wp\/v2\/types\/product"}],"wp:featuredmedia":[{"embeddable":true,"href":"https:\/\/www.pearlswholesaler.com\/de\/wp-json\/wp\/v2\/media\/1472"}],"wp:attachment":[{"href":"https:\/\/www.pearlswholesaler.com\/de\/wp-json\/wp\/v2\/media?parent=1470"}],"wp:term":[{"taxonomy":"product_brand","embeddable":true,"href":"https:\/\/www.pearlswholesaler.com\/de\/wp-json\/wp\/v2\/product_brand?post=1470"},{"taxonomy":"product_cat","embeddable":true,"href":"https:\/\/www.pearlswholesaler.com\/de\/wp-json\/wp\/v2\/product_cat?post=1470"},{"taxonomy":"product_tag","embeddable":true,"href":"https:\/\/www.pearlswholesaler.com\/de\/wp-json\/wp\/v2\/product_tag?post=1470"}],"curies":[{"name":"wp","href":"https:\/\/api.w.org\/{rel}","templated":true}]}}