{"id":1468,"date":"2024-12-12T08:32:25","date_gmt":"2024-12-12T08:32:25","guid":{"rendered":"https:\/\/pearlswholesaler.com\/?post_type=product&#038;p=1468"},"modified":"2024-12-12T08:33:01","modified_gmt":"2024-12-12T08:33:01","slug":"bulk-6-7mm-white-round-freshwater-pearl-ring","status":"publish","type":"product","link":"https:\/\/www.pearlswholesaler.com\/de\/product\/bulk-6-7mm-white-round-freshwater-pearl-ring\/","title":{"rendered":"6-7mm wei\u00dfer runder S\u00fc\u00dfwasserperlenring, AAAA-Qualit\u00e4t, Kupferfassung"},"content":{"rendered":"<p>6-7mm AAAA GRADE FRISCHEZUCHPERLENRINGE: Eine gro\u00dfartige Wahl f\u00fcr Gro\u00dfhandelskunden, die die feinste Qualit\u00e4t an Perlen beziehen m\u00f6chten. Die Perle dieses Rings ist eine 6-7mm gro\u00dfe wei\u00dfe runde Perle, die einen klassischen, eleganten Look verleiht, der f\u00fcr jeden Anlass perfekt ist. Alle Perlen sind AAAA-Qualit\u00e4t, mit hervorragendem Glanz, und einzeln handverlesen mit minimalen Oberfl\u00e4chenfehlern.<\/p>\n<p><img loading=\"lazy\" decoding=\"async\" class=\"size-full wp-image-1469 aligncenter\" src=\"https:\/\/pearlswholesaler.com\/wp-content\/uploads\/2024\/12\/6-7mm-ring-AAAA-fresh-water-pearlwhite-2.webp\" alt=\"AAAA Qualit\u00e4t 6-7mm wei\u00dfe runde S\u00fc\u00dfwasserperle Ring, 18K Gold\" width=\"1080\" height=\"1042\" title=\"\" srcset=\"https:\/\/www.pearlswholesaler.com\/wp-content\/uploads\/2024\/12\/6-7mm-ring-AAAA-fresh-water-pearlwhite-2.webp 1080w, https:\/\/www.pearlswholesaler.com\/wp-content\/uploads\/2024\/12\/6-7mm-ring-AAAA-fresh-water-pearlwhite-2-300x289.webp 300w, https:\/\/www.pearlswholesaler.com\/wp-content\/uploads\/2024\/12\/6-7mm-ring-AAAA-fresh-water-pearlwhite-2-1024x988.webp 1024w, https:\/\/www.pearlswholesaler.com\/wp-content\/uploads\/2024\/12\/6-7mm-ring-AAAA-fresh-water-pearlwhite-2-768x741.webp 768w, https:\/\/www.pearlswholesaler.com\/wp-content\/uploads\/2024\/12\/6-7mm-ring-AAAA-fresh-water-pearlwhite-2-600x579.webp 600w\" sizes=\"auto, (max-width: 1080px) 100vw, 1080px\" \/><\/p>\n<p>Der Ring ist aus Kupfereinstellung gefertigt und so gestaltet, dass die Perle sicher gehalten wird und ein langlebiges Trageerlebnis bietet. Er bietet exzellenten Kundenservice und das verwendete Kupfermaterial ist hypoallergen und preiswert, um das Beste f\u00fcr den Preis zu bieten.<\/p>\n<ul>\n<li>Verpackung: Polybeutel \/ Schmuckbeutel \/ Schmuckschatulle<\/li>\n<li>Lieferzeit: 2-7 Werktage<\/li>\n<li>Versand: DHL\/Fedex\/UPS\/EMS<\/li>\n<li>Zahlungsbedingungen: Bank\u00fcberweisung PayPal\/ Western Union\/Alipay\/TT;<\/li>\n<li>Zahlungsbedingungen: EXW, FOB Shanghai; Der K\u00e4ufer ist f\u00fcr die Versandkosten verantwortlich<\/li>\n<\/ul>","protected":false},"excerpt":{"rendered":"<ul>\n<li><strong>Perlenqualit\u00e4t<\/strong>: AAAA-Note<\/li>\n<li><strong>Perlengr\u00f6\u00dfe<\/strong>: 6-7mm<\/li>\n<li><strong>Perlenform<\/strong>: Runde<\/li>\n<li><strong>Perlenfarbe<\/strong>: Wei\u00df<\/li>\n<li><strong>Material<\/strong>Frischezuchtperlen, Kupfereinstellung<\/li>\n<\/ul>","protected":false},"featured_media":1469,"template":"","meta":{"_kad_blocks_custom_css":"","_kad_blocks_head_custom_js":"","_kad_blocks_body_custom_js":"","_kad_blocks_footer_custom_js":"","_kadence_starter_templates_imported_post":false,"_kad_post_transparent":"default","_kad_post_title":"","_kad_post_layout":"default","_kad_post_sidebar_id":"","_kad_post_content_style":"default","_kad_post_vertical_padding":"default","_kad_post_feature":"","_kad_post_feature_position":"","_kad_post_header":false,"_kad_post_footer":false,"_kad_post_classname":"","jetpack_publicize_message":"","jetpack_publicize_feature_enabled":true,"jetpack_social_post_already_shared":false,"jetpack_social_options":{"image_generator_settings":{"template":"highway","default_image_id":0,"font":"","enabled":false},"version":2}},"product_brand":[],"product_cat":[61],"product_tag":[],"class_list":{"0":"post-1468","1":"product","2":"type-product","3":"status-publish","4":"has-post-thumbnail","6":"product_cat-pearl-rings","7":"pa_pearl-color-white-pearl","8":"pa_pearl-shape-round-pearl","9":"pa_pearl-size-6mm","10":"pa_pearl-size-7mm","11":"pa_pearl-type-freshwater-pearl","13":"first","14":"instock","15":"shipping-taxable","16":"product-type-simple","17":"entry","18":"content-bg","19":"loop-entry"},"jetpack_publicize_connections":[],"taxonomy_info":{"product_cat":[{"value":61,"label":"Pearl Ring"}],"pa_pearl-color":[{"value":66,"label":"White Pearl"}],"pa_pearl-shape":[{"value":68,"label":"Round Pearl"}],"pa_pearl-size":[{"value":77,"label":"6mm"},{"value":70,"label":"7mm"}],"pa_pearl-type":[{"value":69,"label":"Freshwater Pearl"}]},"featured_image_src_large":["https:\/\/www.pearlswholesaler.com\/wp-content\/uploads\/2024\/12\/6-7mm-ring-AAAA-fresh-water-pearlwhite-2-1024x988.webp",1024,988,true],"author_info":[],"comment_info":"","_links":{"self":[{"href":"https:\/\/www.pearlswholesaler.com\/de\/wp-json\/wp\/v2\/product\/1468","targetHints":{"allow":["GET"]}}],"collection":[{"href":"https:\/\/www.pearlswholesaler.com\/de\/wp-json\/wp\/v2\/product"}],"about":[{"href":"https:\/\/www.pearlswholesaler.com\/de\/wp-json\/wp\/v2\/types\/product"}],"wp:featuredmedia":[{"embeddable":true,"href":"https:\/\/www.pearlswholesaler.com\/de\/wp-json\/wp\/v2\/media\/1469"}],"wp:attachment":[{"href":"https:\/\/www.pearlswholesaler.com\/de\/wp-json\/wp\/v2\/media?parent=1468"}],"wp:term":[{"taxonomy":"product_brand","embeddable":true,"href":"https:\/\/www.pearlswholesaler.com\/de\/wp-json\/wp\/v2\/product_brand?post=1468"},{"taxonomy":"product_cat","embeddable":true,"href":"https:\/\/www.pearlswholesaler.com\/de\/wp-json\/wp\/v2\/product_cat?post=1468"},{"taxonomy":"product_tag","embeddable":true,"href":"https:\/\/www.pearlswholesaler.com\/de\/wp-json\/wp\/v2\/product_tag?post=1468"}],"curies":[{"name":"wp","href":"https:\/\/api.w.org\/{rel}","templated":true}]}}