{"id":1466,"date":"2024-12-12T07:53:21","date_gmt":"2024-12-12T07:53:21","guid":{"rendered":"https:\/\/pearlswholesaler.com\/?post_type=product&#038;p=1466"},"modified":"2026-01-31T08:16:44","modified_gmt":"2026-01-31T08:16:44","slug":"bulk-white-freshwater-baroque-pearl-ring","status":"publish","type":"product","link":"https:\/\/www.pearlswholesaler.com\/de\/product\/bulk-white-freshwater-baroque-pearl-ring\/","title":{"rendered":"13*18mm Barock-wei\u00dfer S\u00fc\u00dfwasserperlenring, AAAA-Qualit\u00e4t, 925 Silber"},"content":{"rendered":"<p>Unser AAAA-Qualit\u00e4tsbarock-S\u00fc\u00dfwasserperlenring ist hochwertig gefertigt mit Barock-S\u00fc\u00dfwasserperlen in der Gr\u00f6\u00dfe 13*18mm, die Form der Barockperlen hat eine einzigartige Sch\u00f6nheit. Diese Perlen haben eine reine wei\u00dfe Farbe mit einem leichten Hauch von Pink. Jede Perle wird handverlesen, um die beste Qualit\u00e4t zu gew\u00e4hrleisten und die perfekte AAAA-Qualit\u00e4t zu garantieren.<\/p>\n<p><img loading=\"lazy\" decoding=\"async\" class=\"size-full wp-image-1467 aligncenter\" src=\"https:\/\/pearlswholesaler.com\/wp-content\/uploads\/2024\/12\/1318MM-ring-AAAA-fresh-water-pearlwhite-2.webp\" alt=\"AAAA-Qualit\u00e4t, 13*18mm Barock-wei\u00dfer S\u00fc\u00dfwasserperlenring, 925 Silber\" width=\"1080\" height=\"1080\" title=\"\" srcset=\"https:\/\/www.pearlswholesaler.com\/wp-content\/uploads\/2024\/12\/1318MM-ring-AAAA-fresh-water-pearlwhite-2.webp 1080w, https:\/\/www.pearlswholesaler.com\/wp-content\/uploads\/2024\/12\/1318MM-ring-AAAA-fresh-water-pearlwhite-2-300x300.webp 300w, https:\/\/www.pearlswholesaler.com\/wp-content\/uploads\/2024\/12\/1318MM-ring-AAAA-fresh-water-pearlwhite-2-1024x1024.webp 1024w, https:\/\/www.pearlswholesaler.com\/wp-content\/uploads\/2024\/12\/1318MM-ring-AAAA-fresh-water-pearlwhite-2-150x150.webp 150w, https:\/\/www.pearlswholesaler.com\/wp-content\/uploads\/2024\/12\/1318MM-ring-AAAA-fresh-water-pearlwhite-2-768x768.webp 768w, https:\/\/www.pearlswholesaler.com\/wp-content\/uploads\/2024\/12\/1318MM-ring-AAAA-fresh-water-pearlwhite-2-600x600.webp 600w, https:\/\/www.pearlswholesaler.com\/wp-content\/uploads\/2024\/12\/1318MM-ring-AAAA-fresh-water-pearlwhite-2-100x100.webp 100w\" sizes=\"auto, (max-width: 1080px) 100vw, 1080px\" \/><\/p>\n<p>Der Ring ist sorgf\u00e4ltig in 925er Silber gefasst, eine Wahl, die den Glanz der Perle unterstreicht.<\/p>\n<p>F\u00fcr Kunden, die Barockperlen lieben, ist dieser Ring ein St\u00fcck, das den nat\u00fcrlichen Charme der Barockperlen mit dem zeitlosen Reiz von Sterling Silber verbindet. Er ist eine sehr gute Wahl f\u00fcr Kunden, die ihren Kunden ein Produkt bieten m\u00f6chten, das durch Qualit\u00e4t und Charakter hervorsticht.<\/p>\n<ul>\n<li>Verpackung: Polybeutel \/ Schmuckbeutel \/ Schmuckschatulle<\/li>\n<li>Lieferzeit: 3-10 Werktage<\/li>\n<li>Versand: DHL\/Fedex\/UPS\/EMS<\/li>\n<li>Zahlungsbedingungen: Bank\u00fcberweisung PayPal\/ Western Union\/Alipay\/TT;<\/li>\n<li>Zahlungsbedingungen: EXW, FOB Shanghai; Der K\u00e4ufer ist f\u00fcr die Versandkosten verantwortlich<\/li>\n<\/ul>","protected":false},"excerpt":{"rendered":"<ul>\n<li><strong>Perlenqualit\u00e4t<\/strong>: AAAA-Note<\/li>\n<li><strong>Perlengr\u00f6\u00dfe<\/strong>: 13*18mm<\/li>\n<li><strong>Perlenform<\/strong>: Barock<\/li>\n<li><strong>Perlenfarbe<\/strong>: Wei\u00df<\/li>\n<li><strong>Material<\/strong>\uff1aS\u00fc\u00dfwasserperlen, 925er Silberfassung<\/li>\n<\/ul>","protected":false},"featured_media":1467,"template":"","meta":{"_kad_blocks_custom_css":"","_kad_blocks_head_custom_js":"","_kad_blocks_body_custom_js":"","_kad_blocks_footer_custom_js":"","_kadence_starter_templates_imported_post":false,"_kad_post_transparent":"default","_kad_post_title":"","_kad_post_layout":"default","_kad_post_sidebar_id":"","_kad_post_content_style":"default","_kad_post_vertical_padding":"default","_kad_post_feature":"","_kad_post_feature_position":"","_kad_post_header":false,"_kad_post_footer":false,"_kad_post_classname":"","jetpack_publicize_message":"","jetpack_publicize_feature_enabled":true,"jetpack_social_post_already_shared":false,"jetpack_social_options":{"image_generator_settings":{"template":"highway","default_image_id":0,"font":"","enabled":false},"version":2}},"product_brand":[],"product_cat":[61],"product_tag":[107,109,141,27,110],"class_list":{"0":"post-1466","1":"product","2":"type-product","3":"status-publish","4":"has-post-thumbnail","6":"product_cat-pearl-rings","7":"product_tag-aaaa-pearl","8":"product_tag-baroque-pearl-ring","9":"product_tag-silver-pearl-rings","10":"product_tag-white-pearl","11":"product_tag-white-pearl-ring","12":"pa_pearl-color-white-pearl","13":"pa_pearl-shape-baroque-pearl","14":"pa_pearl-size-13mm","15":"pa_pearl-size-18mm","16":"pa_pearl-type-freshwater-pearl","18":"first","19":"instock","20":"shipping-taxable","21":"product-type-simple","22":"entry","23":"content-bg","24":"loop-entry"},"jetpack_publicize_connections":[],"taxonomy_info":{"product_cat":[{"value":61,"label":"Pearl Ring"}],"product_tag":[{"value":107,"label":"AAAA pearl"},{"value":109,"label":"baroque pearl ring"},{"value":141,"label":"silver pearl rings"},{"value":27,"label":"white pearl"},{"value":110,"label":"white pearl ring"}],"pa_pearl-color":[{"value":66,"label":"White Pearl"}],"pa_pearl-shape":[{"value":75,"label":"Baroque Pearl"}],"pa_pearl-size":[{"value":80,"label":"13mm"},{"value":81,"label":"18mm"}],"pa_pearl-type":[{"value":69,"label":"Freshwater Pearl"}]},"featured_image_src_large":["https:\/\/www.pearlswholesaler.com\/wp-content\/uploads\/2024\/12\/1318MM-ring-AAAA-fresh-water-pearlwhite-2-1024x1024.webp",1024,1024,true],"author_info":[],"comment_info":"","_links":{"self":[{"href":"https:\/\/www.pearlswholesaler.com\/de\/wp-json\/wp\/v2\/product\/1466","targetHints":{"allow":["GET"]}}],"collection":[{"href":"https:\/\/www.pearlswholesaler.com\/de\/wp-json\/wp\/v2\/product"}],"about":[{"href":"https:\/\/www.pearlswholesaler.com\/de\/wp-json\/wp\/v2\/types\/product"}],"wp:featuredmedia":[{"embeddable":true,"href":"https:\/\/www.pearlswholesaler.com\/de\/wp-json\/wp\/v2\/media\/1467"}],"wp:attachment":[{"href":"https:\/\/www.pearlswholesaler.com\/de\/wp-json\/wp\/v2\/media?parent=1466"}],"wp:term":[{"taxonomy":"product_brand","embeddable":true,"href":"https:\/\/www.pearlswholesaler.com\/de\/wp-json\/wp\/v2\/product_brand?post=1466"},{"taxonomy":"product_cat","embeddable":true,"href":"https:\/\/www.pearlswholesaler.com\/de\/wp-json\/wp\/v2\/product_cat?post=1466"},{"taxonomy":"product_tag","embeddable":true,"href":"https:\/\/www.pearlswholesaler.com\/de\/wp-json\/wp\/v2\/product_tag?post=1466"}],"curies":[{"name":"wp","href":"https:\/\/api.w.org\/{rel}","templated":true}]}}