{"id":1445,"date":"2024-12-08T04:07:13","date_gmt":"2024-12-08T04:07:13","guid":{"rendered":"https:\/\/pearlswholesaler.com\/?post_type=product&#038;p=1445"},"modified":"2026-01-31T08:14:12","modified_gmt":"2026-01-31T08:14:12","slug":"6-7mm-white-pearl-ring-in-925-silver","status":"publish","type":"product","link":"https:\/\/www.pearlswholesaler.com\/de\/product\/6-7mm-white-pearl-ring-in-925-silver\/","title":{"rendered":"6-7mm wei\u00dfer S\u00fc\u00dfwasserperlenring, AAA-Qualit\u00e4t, 925 Silber"},"content":{"rendered":"<p>Wei\u00dfer S\u00fc\u00dfwasser-Perlenring, 6-7mm Perle. Dieser Ring aus AAA-Perlen ist rund und hat eine glatte Oberfl\u00e4che, aber ist nicht so teuer. F\u00fcr diejenigen, die Qualit\u00e4t wollen, aber nicht zu viele Makel, hat eine AAA-Note einen speziellen Glanz zus\u00e4tzlich zu fast keinen.<\/p>\n<p><img loading=\"lazy\" decoding=\"async\" class=\"size-full wp-image-1446 aligncenter\" src=\"https:\/\/www.pearlswholesaler.com\/wp-content\/uploads\/2024\/12\/6-7mm-ring-AAA-China-fresh-water-pearlwhite.webp\" alt=\"AAAA-Qualit\u00e4t 6-7mm wei\u00dfe S\u00fc\u00dfwasserperlenring, 925er Silber\" width=\"1000\" height=\"1000\" title=\"\" srcset=\"https:\/\/www.pearlswholesaler.com\/wp-content\/uploads\/2024\/12\/6-7mm-ring-AAA-China-fresh-water-pearlwhite.webp 1000w, https:\/\/www.pearlswholesaler.com\/wp-content\/uploads\/2024\/12\/6-7mm-ring-AAA-China-fresh-water-pearlwhite-300x300.webp 300w, https:\/\/www.pearlswholesaler.com\/wp-content\/uploads\/2024\/12\/6-7mm-ring-AAA-China-fresh-water-pearlwhite-150x150.webp 150w, https:\/\/www.pearlswholesaler.com\/wp-content\/uploads\/2024\/12\/6-7mm-ring-AAA-China-fresh-water-pearlwhite-768x768.webp 768w, https:\/\/www.pearlswholesaler.com\/wp-content\/uploads\/2024\/12\/6-7mm-ring-AAA-China-fresh-water-pearlwhite-600x600.webp 600w, https:\/\/www.pearlswholesaler.com\/wp-content\/uploads\/2024\/12\/6-7mm-ring-AAA-China-fresh-water-pearlwhite-100x100.webp 100w\" sizes=\"auto, (max-width: 1000px) 100vw, 1000px\" \/><\/p>\n<p>Mit seinem Vintage-Look, dieser Perlenring aus 925 Silber, das klassische Design, bietet Haltbarkeit und einen gl\u00e4nzenden Schimmer. Dieses vielseitige St\u00fcck passt zu verschiedenen Stilen und kann in verschiedenen Einzelhandelsumgebungen getragen werden, von High-End-Boutiquen bis hin zu High-Fashion-Alltagsmode.<\/p>\n<p>Wettbewerbsf\u00e4hige Gro\u00dfhandelspreise, daher ist es ein gro\u00dfartiger Kauf f\u00fcr den Kauf gro\u00dfer Mengen dieses Rings. Perfekt f\u00fcr jede Schmuckkollektion, erf\u00fcllt die Bed\u00fcrfnisse von Perlschmuck, der Wert zu einem erschwinglichen Preis bietet.<\/p>\n<ul>\n<li>Verpackung: Polybeutel \/ Schmuckbeutel \/ Schmuckschatulle<\/li>\n<li>Lieferzeit: 3-10 Werktage<\/li>\n<li>Versand: DHL\/Fedex\/UPS\/EMS<\/li>\n<li>Zahlungsbedingungen: Bank\u00fcberweisung PayPal\/ Western Union\/Alipay\/TT;<\/li>\n<li>Zahlungsbedingungen: EXW, FOB Shanghai; Der K\u00e4ufer ist f\u00fcr die Versandkosten verantwortlich<\/li>\n<\/ul>","protected":false},"excerpt":{"rendered":"<ul>\n<li><strong>Perlenqualit\u00e4t<\/strong>: AAA-Qualit\u00e4t<\/li>\n<li><strong>Perlengr\u00f6\u00dfe<\/strong>: 6-7mm<\/li>\n<li><strong>Perlenform<\/strong>: Brotkonzept<\/li>\n<li><strong>Perlenfarbe<\/strong>: Wei\u00df<\/li>\n<\/ul>","protected":false},"featured_media":1446,"template":"","meta":{"_kad_blocks_custom_css":"","_kad_blocks_head_custom_js":"","_kad_blocks_body_custom_js":"","_kad_blocks_footer_custom_js":"","_kadence_starter_templates_imported_post":false,"_kad_post_transparent":"default","_kad_post_title":"","_kad_post_layout":"default","_kad_post_sidebar_id":"","_kad_post_content_style":"default","_kad_post_vertical_padding":"default","_kad_post_feature":"","_kad_post_feature_position":"","_kad_post_header":false,"_kad_post_footer":false,"_kad_post_classname":"","jetpack_publicize_message":"","jetpack_publicize_feature_enabled":true,"jetpack_social_post_already_shared":false,"jetpack_social_options":{"image_generator_settings":{"template":"highway","default_image_id":0,"font":"","enabled":false},"version":2}},"product_brand":[],"product_cat":[61],"product_tag":[126,141,110],"class_list":{"0":"post-1445","1":"product","2":"type-product","3":"status-publish","4":"has-post-thumbnail","6":"product_cat-pearl-rings","7":"product_tag-button-pearl-ring","8":"product_tag-silver-pearl-rings","9":"product_tag-white-pearl-ring","10":"pa_pearl-color-white-pearl","11":"pa_pearl-shape-button-pearl","12":"pa_pearl-size-6mm","13":"pa_pearl-size-7mm","14":"pa_pearl-type-freshwater-pearl","16":"first","17":"instock","18":"shipping-taxable","19":"product-type-simple","20":"entry","21":"content-bg","22":"loop-entry"},"jetpack_publicize_connections":[],"taxonomy_info":{"product_cat":[{"value":61,"label":"Pearl Ring"}],"product_tag":[{"value":126,"label":"button pearl ring"},{"value":141,"label":"silver pearl rings"},{"value":110,"label":"white pearl ring"}],"pa_pearl-color":[{"value":66,"label":"White Pearl"}],"pa_pearl-shape":[{"value":93,"label":"Button pearl"}],"pa_pearl-size":[{"value":77,"label":"6mm"},{"value":70,"label":"7mm"}],"pa_pearl-type":[{"value":69,"label":"Freshwater Pearl"}]},"featured_image_src_large":["https:\/\/www.pearlswholesaler.com\/wp-content\/uploads\/2024\/12\/6-7mm-ring-AAA-China-fresh-water-pearlwhite.webp",1000,1000,false],"author_info":[],"comment_info":"","_links":{"self":[{"href":"https:\/\/www.pearlswholesaler.com\/de\/wp-json\/wp\/v2\/product\/1445","targetHints":{"allow":["GET"]}}],"collection":[{"href":"https:\/\/www.pearlswholesaler.com\/de\/wp-json\/wp\/v2\/product"}],"about":[{"href":"https:\/\/www.pearlswholesaler.com\/de\/wp-json\/wp\/v2\/types\/product"}],"wp:featuredmedia":[{"embeddable":true,"href":"https:\/\/www.pearlswholesaler.com\/de\/wp-json\/wp\/v2\/media\/1446"}],"wp:attachment":[{"href":"https:\/\/www.pearlswholesaler.com\/de\/wp-json\/wp\/v2\/media?parent=1445"}],"wp:term":[{"taxonomy":"product_brand","embeddable":true,"href":"https:\/\/www.pearlswholesaler.com\/de\/wp-json\/wp\/v2\/product_brand?post=1445"},{"taxonomy":"product_cat","embeddable":true,"href":"https:\/\/www.pearlswholesaler.com\/de\/wp-json\/wp\/v2\/product_cat?post=1445"},{"taxonomy":"product_tag","embeddable":true,"href":"https:\/\/www.pearlswholesaler.com\/de\/wp-json\/wp\/v2\/product_tag?post=1445"}],"curies":[{"name":"wp","href":"https:\/\/api.w.org\/{rel}","templated":true}]}}