{"id":1442,"date":"2024-12-08T03:31:11","date_gmt":"2024-12-08T03:31:11","guid":{"rendered":"https:\/\/pearlswholesaler.com\/?post_type=product&#038;p=1442"},"modified":"2025-08-13T03:48:42","modified_gmt":"2025-08-13T03:48:42","slug":"10mm-white-round-freshwater-pearl-pendant-in-14k-gold","status":"publish","type":"product","link":"https:\/\/www.pearlswholesaler.com\/de\/product\/10mm-white-round-freshwater-pearl-pendant-in-14k-gold\/","title":{"rendered":"10mm wei\u00dfer S\u00fc\u00dfwasserperlenanh\u00e4nger, 4A-Qualit\u00e4t, vergoldet mit 14K Gold"},"content":{"rendered":"<p>Eine 14K vergoldete Silberkette h\u00e4lt diesen 10 mm runden wei\u00dfen S\u00fc\u00dfwasserperlen-Anh\u00e4nger von AAAA-Qualit\u00e4t. Die AAAA-Perle hat eine makellose Oberfl\u00e4che, den besten Glanz und die ideale Rundheit. Dieser 10 mm wei\u00dfe S\u00fc\u00dfwasserperlen-Anh\u00e4nger verbindet Erschwinglichkeit mit traditionellem Design. Jede leuchtende Kugel, die handverlesen wurde, um die echte AAAA-Qualit\u00e4t zu gew\u00e4hrleisten, hat eine saubere Oberfl\u00e4che, einen spiegel\u00e4hnlichen Glanz und eine perfekte runde Silhouette, die Licht aus allen Richtungen einf\u00e4ngt.<\/p>\n<p>Die Perle ist sicher an einer 14-Karat vergoldeten Sterlingsilber\u00f6se befestigt. Die Kombination aus hochwertiger S\u00fc\u00dfwasserperle und Edelmetallbeschichtung verleiht Einzelh\u00e4ndlern ein luxuri\u00f6ses Aussehen, das sich sch\u00f6n verkauft und gleichzeitig die Margen gesund h\u00e4lt. Der Lagerbestand wird innerhalb von sieben Werktagen versendet, und individuelle Karten- oder Beutelverpackungen sind f\u00fcr Private-Label-Programme erh\u00e4ltlich. Ideal f\u00fcr Brautmodengesch\u00e4fte, Kaufh\u00e4user und E-Commerce-Schmuckh\u00e4ndler, die einen klassischen Bestseller suchen, der nie aus der Mode kommt.<\/p>\n<p><img loading=\"lazy\" decoding=\"async\" class=\"size-full wp-image-1443 aligncenter\" src=\"https:\/\/www.pearlswholesaler.com\/wp-content\/uploads\/2024\/12\/WechatIMG237_\u526f\u672c.webp\" alt=\"AAAA-Qualit\u00e4t 10mm wei\u00dfer runder S\u00fc\u00dfwasserperlenanh\u00e4nger, vergoldet mit 14K Gold\" width=\"1000\" height=\"1333\" title=\"\" srcset=\"https:\/\/www.pearlswholesaler.com\/wp-content\/uploads\/2024\/12\/WechatIMG237_\u526f\u672c.webp 1000w, https:\/\/www.pearlswholesaler.com\/wp-content\/uploads\/2024\/12\/WechatIMG237_\u526f\u672c-225x300.webp 225w, https:\/\/www.pearlswholesaler.com\/wp-content\/uploads\/2024\/12\/WechatIMG237_\u526f\u672c-768x1024.webp 768w, https:\/\/www.pearlswholesaler.com\/wp-content\/uploads\/2024\/12\/WechatIMG237_\u526f\u672c-600x800.webp 600w\" sizes=\"auto, (max-width: 1000px) 100vw, 1000px\" \/><\/p>\n<p>Sein schlichtes Design macht es vielseitig f\u00fcr verschiedene Einzelhandelsumgebungen. Wir bieten Gro\u00dfhandelspreise an und auch eine Vielzahl von Verpackungsoptionen, um Gro\u00dfbestellungen zu erf\u00fcllen.<\/p>\n<ul>\n<li>Verpackung: Polybeutel \/ Schmuckbeutel \/ Schmuckschatulle<\/li>\n<li>Lieferzeit: 3-10 Werktage<\/li>\n<li>Versand: DHL\/Fedex\/UPS\/EMS<\/li>\n<li>Zahlungsbedingungen: Bank\u00fcberweisung PayPal\/ Western Union\/Alipay\/TT;<\/li>\n<li>Zahlungsbedingungen: EXW, FOB Shanghai; Der K\u00e4ufer ist f\u00fcr die Versandkosten verantwortlich<\/li>\n<\/ul>","protected":false},"excerpt":{"rendered":"<ul>\n<li><strong>Perlenqualit\u00e4t<\/strong>: AAAA-Note<\/li>\n<li><strong>Perlengr\u00f6\u00dfe<\/strong>: 5-6mm<\/li>\n<li><strong>Perlenform<\/strong>: Runde<\/li>\n<li><strong>Perlenfarbe<\/strong>: Wei\u00df<\/li>\n<li><strong>Material<\/strong>\uff1aS\u00fc\u00dfwasserperle, 14K vergoldete Silberkette<\/li>\n<\/ul>","protected":false},"featured_media":1443,"template":"","meta":{"_kad_blocks_custom_css":"","_kad_blocks_head_custom_js":"","_kad_blocks_body_custom_js":"","_kad_blocks_footer_custom_js":"","_kadence_starter_templates_imported_post":false,"_kad_post_transparent":"default","_kad_post_title":"","_kad_post_layout":"default","_kad_post_sidebar_id":"","_kad_post_content_style":"default","_kad_post_vertical_padding":"default","_kad_post_feature":"","_kad_post_feature_position":"","_kad_post_header":false,"_kad_post_footer":false,"_kad_post_classname":"","jetpack_publicize_message":"","jetpack_publicize_feature_enabled":true,"jetpack_social_post_already_shared":false,"jetpack_social_options":{"image_generator_settings":{"template":"highway","default_image_id":0,"font":"","enabled":false},"version":2}},"product_brand":[],"product_cat":[64],"product_tag":[112,113],"class_list":{"0":"post-1442","1":"product","2":"type-product","3":"status-publish","4":"has-post-thumbnail","6":"product_cat-pearl-pendants","7":"product_tag-round-freshwater-pearl-pendant","8":"product_tag-white-freshwater-pearl-pendant","9":"pa_pearl-color-white-pearl","10":"pa_pearl-shape-round-pearl","11":"pa_pearl-size-10mm","12":"pa_pearl-type-freshwater-pearl","14":"first","15":"instock","16":"shipping-taxable","17":"product-type-simple","18":"entry","19":"content-bg","20":"loop-entry"},"jetpack_publicize_connections":[],"taxonomy_info":{"product_cat":[{"value":64,"label":"Pearl Pendant"}],"product_tag":[{"value":112,"label":"round freshwater pearl pendant"},{"value":113,"label":"white freshwater pearl pendant"}],"pa_pearl-color":[{"value":66,"label":"White Pearl"}],"pa_pearl-shape":[{"value":68,"label":"Round Pearl"}],"pa_pearl-size":[{"value":79,"label":"10mm"}],"pa_pearl-type":[{"value":69,"label":"Freshwater Pearl"}]},"featured_image_src_large":["https:\/\/www.pearlswholesaler.com\/wp-content\/uploads\/2024\/12\/WechatIMG237_\u526f\u672c-768x1024.webp",768,1024,true],"author_info":[],"comment_info":"","_links":{"self":[{"href":"https:\/\/www.pearlswholesaler.com\/de\/wp-json\/wp\/v2\/product\/1442","targetHints":{"allow":["GET"]}}],"collection":[{"href":"https:\/\/www.pearlswholesaler.com\/de\/wp-json\/wp\/v2\/product"}],"about":[{"href":"https:\/\/www.pearlswholesaler.com\/de\/wp-json\/wp\/v2\/types\/product"}],"wp:featuredmedia":[{"embeddable":true,"href":"https:\/\/www.pearlswholesaler.com\/de\/wp-json\/wp\/v2\/media\/1443"}],"wp:attachment":[{"href":"https:\/\/www.pearlswholesaler.com\/de\/wp-json\/wp\/v2\/media?parent=1442"}],"wp:term":[{"taxonomy":"product_brand","embeddable":true,"href":"https:\/\/www.pearlswholesaler.com\/de\/wp-json\/wp\/v2\/product_brand?post=1442"},{"taxonomy":"product_cat","embeddable":true,"href":"https:\/\/www.pearlswholesaler.com\/de\/wp-json\/wp\/v2\/product_cat?post=1442"},{"taxonomy":"product_tag","embeddable":true,"href":"https:\/\/www.pearlswholesaler.com\/de\/wp-json\/wp\/v2\/product_tag?post=1442"}],"curies":[{"name":"wp","href":"https:\/\/api.w.org\/{rel}","templated":true}]}}