{"id":1435,"date":"2024-12-08T01:46:50","date_gmt":"2024-12-08T01:46:50","guid":{"rendered":"https:\/\/pearlswholesaler.com\/?post_type=product&#038;p=1435"},"modified":"2024-12-15T12:33:11","modified_gmt":"2024-12-15T12:33:11","slug":"10mm-white-freshwater-pearl-pendant-in-silver","status":"publish","type":"product","link":"https:\/\/www.pearlswholesaler.com\/de\/product\/10mm-white-freshwater-pearl-pendant-in-silver\/","title":{"rendered":"10mm runde wei\u00dfe S\u00fc\u00dfwasserperlenanh\u00e4nger, AAAA-Qualit\u00e4t, 925er Silber"},"content":{"rendered":"<p>Dies ist ein 10mm wei\u00dfer S\u00fc\u00dfwasserperlenanh\u00e4nger, mit AAAA-Perle und Kette aus 925er Sterlingsilber. Die Perle ist perfekt rund mit nat\u00fcrlichem Glanz und glatter Oberfl\u00e4che, hat eine makellose Oberfl\u00e4che. Das Anh\u00e4ngendesign ist schlicht und elegant, geeignet f\u00fcr verschiedene Einzelhandelsanl\u00e4sse.<\/p>\n<p><img loading=\"lazy\" decoding=\"async\" class=\"size-full wp-image-1436 aligncenter\" src=\"https:\/\/www.pearlswholesaler.com\/wp-content\/uploads\/2024\/12\/WechatIMG236_\u526f\u672c.webp\" alt=\"AAAA Qualit\u00e4t 10mm wei\u00dfe runde S\u00fc\u00dfwasserperlenanh\u00e4nger, 925 Silber\" width=\"1000\" height=\"750\" title=\"\" srcset=\"https:\/\/www.pearlswholesaler.com\/wp-content\/uploads\/2024\/12\/WechatIMG236_\u526f\u672c.webp 1000w, https:\/\/www.pearlswholesaler.com\/wp-content\/uploads\/2024\/12\/WechatIMG236_\u526f\u672c-300x225.webp 300w, https:\/\/www.pearlswholesaler.com\/wp-content\/uploads\/2024\/12\/WechatIMG236_\u526f\u672c-768x576.webp 768w, https:\/\/www.pearlswholesaler.com\/wp-content\/uploads\/2024\/12\/WechatIMG236_\u526f\u672c-600x450.webp 600w\" sizes=\"auto, (max-width: 1000px) 100vw, 1000px\" \/><\/p>\n<p>Gro\u00dfhandelspreise sind verf\u00fcgbar, und Mengenbestellungen sind willkommen. Wir bieten wettbewerbsf\u00e4hige Gro\u00dfhandelspolitiken, um den Bed\u00fcrfnissen von Gro\u00dfh\u00e4ndlern verschiedener Gr\u00f6\u00dfen gerecht zu werden. Wir freuen uns auf die Zusammenarbeit mit Ihnen.<\/p>\n<ul>\n<li>Verpackung: Polybeutel \/ Schmuckbeutel \/ Schmuckschatulle<\/li>\n<li>Lieferzeit: 3-10 Werktage<\/li>\n<li>Versand: DHL\/Fedex\/UPS\/EMS<\/li>\n<li>Zahlungsbedingungen: Bank\u00fcberweisung PayPal\/ Western Union\/Alipay\/TT;<\/li>\n<li>Zahlungsbedingungen: EXW, FOB Shanghai; Der K\u00e4ufer ist f\u00fcr die Versandkosten verantwortlich<\/li>\n<\/ul>","protected":false},"excerpt":{"rendered":"<ul>\n<li><strong>Perlenqualit\u00e4t<\/strong>: AAAA-Note<\/li>\n<li><strong>Perlengr\u00f6\u00dfe<\/strong>: 10mm<\/li>\n<li><strong>Perlenform<\/strong>: Runde<\/li>\n<li><strong>Perlenfarbe<\/strong>: Wei\u00df<\/li>\n<li><strong>Material<\/strong>\uff1aS\u00fc\u00dfwasserperle, Kette aus 925er Sterlingsilber<\/li>\n<\/ul>","protected":false},"featured_media":1436,"template":"","meta":{"_kad_blocks_custom_css":"","_kad_blocks_head_custom_js":"","_kad_blocks_body_custom_js":"","_kad_blocks_footer_custom_js":"","_kadence_starter_templates_imported_post":false,"_kad_post_transparent":"default","_kad_post_title":"","_kad_post_layout":"default","_kad_post_sidebar_id":"","_kad_post_content_style":"default","_kad_post_vertical_padding":"default","_kad_post_feature":"","_kad_post_feature_position":"","_kad_post_header":false,"_kad_post_footer":false,"_kad_post_classname":"","jetpack_publicize_message":"","jetpack_publicize_feature_enabled":true,"jetpack_social_post_already_shared":false,"jetpack_social_options":{"image_generator_settings":{"template":"highway","default_image_id":0,"font":"","enabled":false},"version":2}},"product_brand":[],"product_cat":[64],"product_tag":[],"class_list":{"0":"post-1435","1":"product","2":"type-product","3":"status-publish","4":"has-post-thumbnail","6":"product_cat-pearl-pendants","7":"pa_pearl-color-white-pearl","8":"pa_pearl-shape-round-pearl","9":"pa_pearl-size-10mm","10":"pa_pearl-type-freshwater-pearl","12":"first","13":"instock","14":"shipping-taxable","15":"product-type-simple","16":"entry","17":"content-bg","18":"loop-entry"},"jetpack_publicize_connections":[],"taxonomy_info":{"product_cat":[{"value":64,"label":"Pearl Pendant"}],"pa_pearl-color":[{"value":66,"label":"White Pearl"}],"pa_pearl-shape":[{"value":68,"label":"Round Pearl"}],"pa_pearl-size":[{"value":79,"label":"10mm"}],"pa_pearl-type":[{"value":69,"label":"Freshwater Pearl"}]},"featured_image_src_large":["https:\/\/www.pearlswholesaler.com\/wp-content\/uploads\/2024\/12\/WechatIMG236_\u526f\u672c.webp",1000,750,false],"author_info":[],"comment_info":"","_links":{"self":[{"href":"https:\/\/www.pearlswholesaler.com\/de\/wp-json\/wp\/v2\/product\/1435","targetHints":{"allow":["GET"]}}],"collection":[{"href":"https:\/\/www.pearlswholesaler.com\/de\/wp-json\/wp\/v2\/product"}],"about":[{"href":"https:\/\/www.pearlswholesaler.com\/de\/wp-json\/wp\/v2\/types\/product"}],"wp:featuredmedia":[{"embeddable":true,"href":"https:\/\/www.pearlswholesaler.com\/de\/wp-json\/wp\/v2\/media\/1436"}],"wp:attachment":[{"href":"https:\/\/www.pearlswholesaler.com\/de\/wp-json\/wp\/v2\/media?parent=1435"}],"wp:term":[{"taxonomy":"product_brand","embeddable":true,"href":"https:\/\/www.pearlswholesaler.com\/de\/wp-json\/wp\/v2\/product_brand?post=1435"},{"taxonomy":"product_cat","embeddable":true,"href":"https:\/\/www.pearlswholesaler.com\/de\/wp-json\/wp\/v2\/product_cat?post=1435"},{"taxonomy":"product_tag","embeddable":true,"href":"https:\/\/www.pearlswholesaler.com\/de\/wp-json\/wp\/v2\/product_tag?post=1435"}],"curies":[{"name":"wp","href":"https:\/\/api.w.org\/{rel}","templated":true}]}}