{"id":1433,"date":"2024-12-08T01:31:18","date_gmt":"2024-12-08T01:31:18","guid":{"rendered":"https:\/\/pearlswholesaler.com\/?post_type=product&#038;p=1433"},"modified":"2024-12-15T12:34:06","modified_gmt":"2024-12-15T12:34:06","slug":"aaaa-10mm-white-round-pearl-pendant-925-silver","status":"publish","type":"product","link":"https:\/\/www.pearlswholesaler.com\/de\/product\/aaaa-10mm-white-round-pearl-pendant-925-silver\/","title":{"rendered":"10mm runde wei\u00dfe S\u00fc\u00dfwasserperlenanh\u00e4nger, AAAA-Qualit\u00e4t, 925er Silber"},"content":{"rendered":"<p>Wir haben diesen exquisiten 10mm wei\u00dfen runden S\u00fc\u00dfwasserperlenanh\u00e4nger, ideal f\u00fcr den anspruchsvollen Kunden. Ein wundersch\u00f6n gefertigter Anh\u00e4nger aus einer AAAA-Perle mit dem feinsten Glanz und der gleichm\u00e4\u00dfigsten Oberfl\u00e4che, dieser runde Perle wird Sie an nat\u00fcrliche Perfektion erinnern.<\/p>\n<p><img loading=\"lazy\" decoding=\"async\" class=\"size-full wp-image-1434 aligncenter\" src=\"https:\/\/www.pearlswholesaler.com\/wp-content\/uploads\/2024\/12\/WechatIMG238_\u526f\u672c.webp\" alt=\"AAAA Qualit\u00e4t 10mm wei\u00dfe runde S\u00fc\u00dfwasserperlenanh\u00e4nger, 925 Silber\" width=\"1000\" height=\"1333\" title=\"\" srcset=\"https:\/\/www.pearlswholesaler.com\/wp-content\/uploads\/2024\/12\/WechatIMG238_\u526f\u672c.webp 1000w, https:\/\/www.pearlswholesaler.com\/wp-content\/uploads\/2024\/12\/WechatIMG238_\u526f\u672c-225x300.webp 225w, https:\/\/www.pearlswholesaler.com\/wp-content\/uploads\/2024\/12\/WechatIMG238_\u526f\u672c-768x1024.webp 768w, https:\/\/www.pearlswholesaler.com\/wp-content\/uploads\/2024\/12\/WechatIMG238_\u526f\u672c-600x800.webp 600w\" sizes=\"auto, (max-width: 1000px) 100vw, 1000px\" \/><\/p>\n<p>In Kombination mit einer 925er Silberkette verleiht er genau den perfekten Hauch von Luxus und sorgt gleichzeitig f\u00fcr einen eleganten und langlebigen Glanz. Wir haben diesen exquisiten 10mm wei\u00dfen runden S\u00fc\u00dfwasserperlenanh\u00e4nger, ideal f\u00fcr den anspruchsvollen.<\/p>\n<p>Genie\u00dfen Sie Gro\u00dfhandelspreise und flexible Verpackungsoptionen f\u00fcr Ihre Gro\u00dfbestellungen.<\/p>\n<ul>\n<li>Verpackung: Polybeutel \/ Schmuckbeutel \/ Schmuckschatulle<\/li>\n<li>Lieferzeit: 3-10 Werktage<\/li>\n<li>Versand: DHL\/Fedex\/UPS\/EMS<\/li>\n<li>Zahlungsbedingungen: Bank\u00fcberweisung PayPal\/ Western Union\/Alipay\/TT;<\/li>\n<li>Zahlungsbedingungen: EXW, FOB Shanghai; Der K\u00e4ufer ist f\u00fcr die Versandkosten verantwortlich<\/li>\n<\/ul>","protected":false},"excerpt":{"rendered":"<ul>\n<li><strong>Perlenqualit\u00e4t<\/strong>: AAAA-Note<\/li>\n<li><strong>Perlengr\u00f6\u00dfe<\/strong>: 10mm<\/li>\n<li><strong>Perlenform<\/strong>: Runde<\/li>\n<li><strong>Perlenfarbe<\/strong>: Wei\u00df<\/li>\n<li><strong>Material<\/strong>\uff1a925 Silber, S\u00fc\u00dfwasserperle<\/li>\n<\/ul>","protected":false},"featured_media":1434,"template":"","meta":{"_kad_blocks_custom_css":"","_kad_blocks_head_custom_js":"","_kad_blocks_body_custom_js":"","_kad_blocks_footer_custom_js":"","_kadence_starter_templates_imported_post":false,"_kad_post_transparent":"default","_kad_post_title":"","_kad_post_layout":"default","_kad_post_sidebar_id":"","_kad_post_content_style":"default","_kad_post_vertical_padding":"default","_kad_post_feature":"","_kad_post_feature_position":"","_kad_post_header":false,"_kad_post_footer":false,"_kad_post_classname":"","jetpack_publicize_message":"","jetpack_publicize_feature_enabled":true,"jetpack_social_post_already_shared":false,"jetpack_social_options":{"image_generator_settings":{"template":"highway","default_image_id":0,"font":"","enabled":false},"version":2}},"product_brand":[],"product_cat":[64],"product_tag":[],"class_list":{"0":"post-1433","1":"product","2":"type-product","3":"status-publish","4":"has-post-thumbnail","6":"product_cat-pearl-pendants","7":"pa_pearl-color-white-pearl","8":"pa_pearl-shape-round-pearl","9":"pa_pearl-size-10mm","10":"pa_pearl-type-freshwater-pearl","12":"first","13":"instock","14":"shipping-taxable","15":"product-type-simple","16":"entry","17":"content-bg","18":"loop-entry"},"jetpack_publicize_connections":[],"taxonomy_info":{"product_cat":[{"value":64,"label":"Pearl Pendant"}],"pa_pearl-color":[{"value":66,"label":"White Pearl"}],"pa_pearl-shape":[{"value":68,"label":"Round Pearl"}],"pa_pearl-size":[{"value":79,"label":"10mm"}],"pa_pearl-type":[{"value":69,"label":"Freshwater Pearl"}]},"featured_image_src_large":["https:\/\/www.pearlswholesaler.com\/wp-content\/uploads\/2024\/12\/WechatIMG238_\u526f\u672c-768x1024.webp",768,1024,true],"author_info":[],"comment_info":"","_links":{"self":[{"href":"https:\/\/www.pearlswholesaler.com\/de\/wp-json\/wp\/v2\/product\/1433","targetHints":{"allow":["GET"]}}],"collection":[{"href":"https:\/\/www.pearlswholesaler.com\/de\/wp-json\/wp\/v2\/product"}],"about":[{"href":"https:\/\/www.pearlswholesaler.com\/de\/wp-json\/wp\/v2\/types\/product"}],"wp:featuredmedia":[{"embeddable":true,"href":"https:\/\/www.pearlswholesaler.com\/de\/wp-json\/wp\/v2\/media\/1434"}],"wp:attachment":[{"href":"https:\/\/www.pearlswholesaler.com\/de\/wp-json\/wp\/v2\/media?parent=1433"}],"wp:term":[{"taxonomy":"product_brand","embeddable":true,"href":"https:\/\/www.pearlswholesaler.com\/de\/wp-json\/wp\/v2\/product_brand?post=1433"},{"taxonomy":"product_cat","embeddable":true,"href":"https:\/\/www.pearlswholesaler.com\/de\/wp-json\/wp\/v2\/product_cat?post=1433"},{"taxonomy":"product_tag","embeddable":true,"href":"https:\/\/www.pearlswholesaler.com\/de\/wp-json\/wp\/v2\/product_tag?post=1433"}],"curies":[{"name":"wp","href":"https:\/\/api.w.org\/{rel}","templated":true}]}}