{"id":1413,"date":"2024-12-07T07:54:24","date_gmt":"2024-12-07T07:54:24","guid":{"rendered":"https:\/\/pearlswholesaler.com\/?post_type=product&#038;p=1413"},"modified":"2026-03-12T10:33:24","modified_gmt":"2026-03-12T10:33:24","slug":"6-7mm-white-round-pearl-necklace-aaaa","status":"publish","type":"product","link":"https:\/\/www.pearlswholesaler.com\/de\/product\/6-7mm-white-round-pearl-necklace-aaaa\/","title":{"rendered":"6-7mm wei\u00dfe runde S\u00fc\u00dfwasserperlenkette, AAAA-Qualit\u00e4t, 40 cm"},"content":{"rendered":"<p>Dies ist eine wei\u00dfe 6-7mm runde S\u00fc\u00dfwasserperlenkette, ausgew\u00e4hlte AAAA-Qualit\u00e4tsperlen, jede Perle strahlt unvergleichlichen Glanz und reine Sch\u00f6nheit aus.<\/p>\n<p>Jede Perle wird sorgf\u00e4ltig ausgew\u00e4hlt, um sicherzustellen, dass sie rund ist, eine glatte Oberfl\u00e4che hat und nahezu makellos ist, was das Versprechen der AAAA-Qualit\u00e4tsperlen ist. Mit einem 925er Sterling-Silberverschluss zeigt diese Kette nicht nur die nat\u00fcrliche Sch\u00f6nheit der Perle, sondern verleiht auch Festigkeit und Glanz.<\/p>\n<p><img loading=\"lazy\" decoding=\"async\" class=\"size-full wp-image-1414 aligncenter\" src=\"https:\/\/pearlswholesaler.com\/wp-content\/uploads\/2024\/12\/401729502274_.pic_hd.webp\" alt=\"6-7mm wei\u00dfe runde S\u00fc\u00dfwasserperlenkette, AAAA-Qualit\u00e4t, 40 cm\" width=\"1000\" height=\"1000\" title=\"\" srcset=\"https:\/\/www.pearlswholesaler.com\/wp-content\/uploads\/2024\/12\/401729502274_.pic_hd.webp 1000w, https:\/\/www.pearlswholesaler.com\/wp-content\/uploads\/2024\/12\/401729502274_.pic_hd-300x300.webp 300w, https:\/\/www.pearlswholesaler.com\/wp-content\/uploads\/2024\/12\/401729502274_.pic_hd-150x150.webp 150w, https:\/\/www.pearlswholesaler.com\/wp-content\/uploads\/2024\/12\/401729502274_.pic_hd-768x768.webp 768w, https:\/\/www.pearlswholesaler.com\/wp-content\/uploads\/2024\/12\/401729502274_.pic_hd-600x600.webp 600w, https:\/\/www.pearlswholesaler.com\/wp-content\/uploads\/2024\/12\/401729502274_.pic_hd-100x100.webp 100w\" sizes=\"auto, (max-width: 1000px) 100vw, 1000px\" \/><\/p>\n<p>Ob im Alltag oder bei besonderen Anl\u00e4ssen, diese Kette kann Ihren Stil perfekt unterstreichen und Sie in jedem Moment Eleganz und Charme ausstrahlen lassen. Ob Sie sie selbst tragen oder an Verwandte und Freunde verschenken, sie ist eine gute Wahl.<\/p>\n<ul>\n<li>Verpackung: Polybeutel \/ Schmuckbeutel \/ Schmuckschatulle<\/li>\n<li>Lieferzeit: 3-10 Werktage<\/li>\n<li>Versand: DHL\/Fedex\/UPS\/EMS<\/li>\n<li>Zahlungsbedingungen: Bank\u00fcberweisung PayPal\/ Western Union\/Alipay\/TT;<\/li>\n<li>Zahlungsbedingungen: EXW, FOB Shanghai; Der K\u00e4ufer ist f\u00fcr die Versandkosten verantwortlich<\/li>\n<\/ul>","protected":false},"excerpt":{"rendered":"<ul>\n<li><strong>Perlenqualit\u00e4t<\/strong>: AAAA-Note<\/li>\n<li><strong>Perlengr\u00f6\u00dfe<\/strong>: 6-7mm<\/li>\n<li><strong>Perlenform<\/strong>: Runde<\/li>\n<li><strong>Perlenfarbe<\/strong>: Wei\u00df<\/li>\n<li><strong>L\u00e4nge<\/strong>: 16 Zoll<\/li>\n<li><strong>Verschluss<\/strong>925 Silber<\/li>\n<\/ul>","protected":false},"featured_media":1414,"template":"","meta":{"_kad_blocks_custom_css":"","_kad_blocks_head_custom_js":"","_kad_blocks_body_custom_js":"","_kad_blocks_footer_custom_js":"","_kadence_starter_templates_imported_post":false,"_kad_post_transparent":"default","_kad_post_title":"","_kad_post_layout":"default","_kad_post_sidebar_id":"","_kad_post_content_style":"default","_kad_post_vertical_padding":"default","_kad_post_feature":"","_kad_post_feature_position":"","_kad_post_header":false,"_kad_post_footer":false,"_kad_post_classname":"","jetpack_publicize_message":"","jetpack_publicize_feature_enabled":true,"jetpack_social_post_already_shared":false,"jetpack_social_options":{"image_generator_settings":{"template":"highway","default_image_id":0,"font":"","enabled":false},"version":2}},"product_brand":[],"product_cat":[25],"product_tag":[134,125,123],"class_list":{"0":"post-1413","1":"product","2":"type-product","3":"status-publish","4":"has-post-thumbnail","6":"product_cat-pearl-necklaces","7":"product_tag-knotted-pearl-necklace","8":"product_tag-round-pearl-necklace","9":"product_tag-white-pearl-necklace","10":"pa_pearl-color-white-pearl","11":"pa_pearl-shape-round-pearl","12":"pa_pearl-size-6mm","13":"pa_pearl-size-7mm","14":"pa_pearl-type-freshwater-pearl","16":"first","17":"instock","18":"shipping-taxable","19":"product-type-simple","20":"entry","21":"content-bg","22":"loop-entry"},"jetpack_publicize_connections":[],"taxonomy_info":{"product_cat":[{"value":25,"label":"Pearl Necklace"}],"product_tag":[{"value":134,"label":"knotted pearl necklace"},{"value":125,"label":"round pearl necklace"},{"value":123,"label":"white pearl necklace"}],"pa_pearl-color":[{"value":66,"label":"White Pearl"}],"pa_pearl-shape":[{"value":68,"label":"Round Pearl"}],"pa_pearl-size":[{"value":77,"label":"6mm"},{"value":70,"label":"7mm"}],"pa_pearl-type":[{"value":69,"label":"Freshwater Pearl"}]},"featured_image_src_large":["https:\/\/www.pearlswholesaler.com\/wp-content\/uploads\/2024\/12\/401729502274_.pic_hd.webp",1000,1000,false],"author_info":[],"comment_info":"","_links":{"self":[{"href":"https:\/\/www.pearlswholesaler.com\/de\/wp-json\/wp\/v2\/product\/1413","targetHints":{"allow":["GET"]}}],"collection":[{"href":"https:\/\/www.pearlswholesaler.com\/de\/wp-json\/wp\/v2\/product"}],"about":[{"href":"https:\/\/www.pearlswholesaler.com\/de\/wp-json\/wp\/v2\/types\/product"}],"wp:featuredmedia":[{"embeddable":true,"href":"https:\/\/www.pearlswholesaler.com\/de\/wp-json\/wp\/v2\/media\/1414"}],"wp:attachment":[{"href":"https:\/\/www.pearlswholesaler.com\/de\/wp-json\/wp\/v2\/media?parent=1413"}],"wp:term":[{"taxonomy":"product_brand","embeddable":true,"href":"https:\/\/www.pearlswholesaler.com\/de\/wp-json\/wp\/v2\/product_brand?post=1413"},{"taxonomy":"product_cat","embeddable":true,"href":"https:\/\/www.pearlswholesaler.com\/de\/wp-json\/wp\/v2\/product_cat?post=1413"},{"taxonomy":"product_tag","embeddable":true,"href":"https:\/\/www.pearlswholesaler.com\/de\/wp-json\/wp\/v2\/product_tag?post=1413"}],"curies":[{"name":"wp","href":"https:\/\/api.w.org\/{rel}","templated":true}]}}