{"id":1397,"date":"2024-12-05T13:31:58","date_gmt":"2024-12-05T13:31:58","guid":{"rendered":"https:\/\/pearlswholesaler.com\/?post_type=product&#038;p=1397"},"modified":"2025-07-22T06:39:57","modified_gmt":"2025-07-22T06:39:57","slug":"8-8-5mm-round-white-loose-pearl-aaa","status":"publish","type":"product","link":"https:\/\/www.pearlswholesaler.com\/de\/product\/8-8-5mm-round-white-loose-pearl-aaa\/","title":{"rendered":"8-8,5mm runde wei\u00dfe S\u00fc\u00dfwasser-lose Perle, AAA-Qualit\u00e4t"},"content":{"rendered":"<p>Entfesseln Sie den Luxus unserer 8-8,5mm runden wei\u00dfen losen Perlen, unsere AAA-Qualit\u00e4t ist der Inbegriff von Eleganz. Die Perlen sind rund und strahlen wei\u00dfes Licht wie ein Spiegel aus, wie es bei AAA-Qualit\u00e4t \u00fcblich ist. Eine Perle von ausgezeichneter Qualit\u00e4t, mit gutem Glanz, runder Form und wenigen Oberfl\u00e4chenfehlern.<\/p>\n<p><img loading=\"lazy\" decoding=\"async\" class=\"size-full wp-image-1399 aligncenter\" src=\"https:\/\/pearlswholesaler.com\/wp-content\/uploads\/2024\/12\/IMG_347120241205211825.webp\" alt=\"8-8,5mm runde wei\u00dfe lose Perle, AAA-Qualit\u00e4t\" width=\"1000\" height=\"983\" title=\"\" srcset=\"https:\/\/www.pearlswholesaler.com\/wp-content\/uploads\/2024\/12\/IMG_347120241205211825.webp 1000w, https:\/\/www.pearlswholesaler.com\/wp-content\/uploads\/2024\/12\/IMG_347120241205211825-300x295.webp 300w, https:\/\/www.pearlswholesaler.com\/wp-content\/uploads\/2024\/12\/IMG_347120241205211825-768x755.webp 768w, https:\/\/www.pearlswholesaler.com\/wp-content\/uploads\/2024\/12\/IMG_347120241205211825-600x590.webp 600w\" sizes=\"auto, (max-width: 1000px) 100vw, 1000px\" \/><\/p>\n<p>AAA-Qualit\u00e4tsperlen sind nicht nur von gehobener Mittelklasse, sondern symbolisieren auch inneren Luxus und Raffinesse. Diese losen Perlen k\u00f6nnen mit fast allem kombiniert werden: klassische Perlenketten und Armb\u00e4nder, schlicht und elegant. Sie k\u00f6nnen auch als gravierte Anh\u00e4nger, Ohrringe usw. verwendet werden oder sogar als Blickfang eines Armbands. Egal, wie Sie sie pr\u00e4sentieren, 8-8,5mm runde wei\u00dfe lose Perlen sollten Ihre erste Wahl sein.<\/p>\n<ul>\n<li>Verpackung: Polybeutel \/ Schmuckbeutel \/ Schmuckschatulle<\/li>\n<li>Lieferzeit: 3-10 Werktage<\/li>\n<li>Versand: DHL\/Fedex\/UPS\/EMS<\/li>\n<li>Zahlungsbedingungen: Bank\u00fcberweisung PayPal\/ Western Union\/Alipay\/TT;<\/li>\n<li>Zahlungsbedingungen: EXW, FOB Shanghai;<\/li>\n<\/ul>","protected":false},"excerpt":{"rendered":"<ul>\n<li><strong>Perlenqualit\u00e4t<\/strong>: AAA-Qualit\u00e4t<\/li>\n<li><strong>Perlengr\u00f6\u00dfe<\/strong>: 8-8,5mm<\/li>\n<li><strong>Perlenform<\/strong>: Runde<\/li>\n<li><strong>Perlenfarbe<\/strong>: Wei\u00df<\/li>\n<\/ul>","protected":false},"featured_media":1398,"template":"","meta":{"_kad_blocks_custom_css":"","_kad_blocks_head_custom_js":"","_kad_blocks_body_custom_js":"","_kad_blocks_footer_custom_js":"","_kadence_starter_templates_imported_post":false,"_kad_post_transparent":"default","_kad_post_title":"","_kad_post_layout":"default","_kad_post_sidebar_id":"","_kad_post_content_style":"default","_kad_post_vertical_padding":"default","_kad_post_feature":"","_kad_post_feature_position":"","_kad_post_header":false,"_kad_post_footer":false,"_kad_post_classname":"","jetpack_publicize_message":"","jetpack_publicize_feature_enabled":true,"jetpack_social_post_already_shared":false,"jetpack_social_options":{"image_generator_settings":{"template":"highway","default_image_id":0,"font":"","enabled":false},"version":2}},"product_brand":[],"product_cat":[24],"product_tag":[116,115,26,27],"class_list":{"0":"post-1397","1":"product","2":"type-product","3":"status-publish","4":"has-post-thumbnail","6":"product_cat-loose-pearl","7":"product_tag-8-5mm-pearl","8":"product_tag-8mm-pearl","9":"product_tag-round-pearl","10":"product_tag-white-pearl","11":"pa_pearl-color-white-pearl","12":"pa_pearl-shape-round-pearl","13":"pa_pearl-size-8mm","14":"pa_pearl-type-freshwater-pearl","16":"first","17":"instock","18":"shipping-taxable","19":"product-type-simple","20":"entry","21":"content-bg","22":"loop-entry"},"jetpack_publicize_connections":[],"taxonomy_info":{"product_cat":[{"value":24,"label":"Loose pearls"}],"product_tag":[{"value":116,"label":"8.5mm pearl"},{"value":115,"label":"8mm pearl"},{"value":26,"label":"round pearl"},{"value":27,"label":"white pearl"}],"pa_pearl-color":[{"value":66,"label":"White Pearl"}],"pa_pearl-shape":[{"value":68,"label":"Round Pearl"}],"pa_pearl-size":[{"value":71,"label":"8mm"}],"pa_pearl-type":[{"value":69,"label":"Freshwater Pearl"}]},"featured_image_src_large":["https:\/\/www.pearlswholesaler.com\/wp-content\/uploads\/2024\/12\/IMG_3470.webp",1000,999,false],"author_info":[],"comment_info":"","_links":{"self":[{"href":"https:\/\/www.pearlswholesaler.com\/de\/wp-json\/wp\/v2\/product\/1397","targetHints":{"allow":["GET"]}}],"collection":[{"href":"https:\/\/www.pearlswholesaler.com\/de\/wp-json\/wp\/v2\/product"}],"about":[{"href":"https:\/\/www.pearlswholesaler.com\/de\/wp-json\/wp\/v2\/types\/product"}],"wp:featuredmedia":[{"embeddable":true,"href":"https:\/\/www.pearlswholesaler.com\/de\/wp-json\/wp\/v2\/media\/1398"}],"wp:attachment":[{"href":"https:\/\/www.pearlswholesaler.com\/de\/wp-json\/wp\/v2\/media?parent=1397"}],"wp:term":[{"taxonomy":"product_brand","embeddable":true,"href":"https:\/\/www.pearlswholesaler.com\/de\/wp-json\/wp\/v2\/product_brand?post=1397"},{"taxonomy":"product_cat","embeddable":true,"href":"https:\/\/www.pearlswholesaler.com\/de\/wp-json\/wp\/v2\/product_cat?post=1397"},{"taxonomy":"product_tag","embeddable":true,"href":"https:\/\/www.pearlswholesaler.com\/de\/wp-json\/wp\/v2\/product_tag?post=1397"}],"curies":[{"name":"wp","href":"https:\/\/api.w.org\/{rel}","templated":true}]}}