{"id":1388,"date":"2024-12-05T11:33:12","date_gmt":"2024-12-05T11:33:12","guid":{"rendered":"https:\/\/pearlswholesaler.com\/?post_type=product&#038;p=1388"},"modified":"2024-12-15T12:35:16","modified_gmt":"2024-12-15T12:35:16","slug":"9-10mm-white-rice-shaped-pearl-strand-c","status":"publish","type":"product","link":"https:\/\/www.pearlswholesaler.com\/de\/product\/9-10mm-white-rice-shaped-pearl-strand-c\/","title":{"rendered":"9-10mm wei\u00dfe Reiskornf\u00f6rmige S\u00fc\u00dfwasserperlenkette, C-Qualit\u00e4t, 16 Zoll"},"content":{"rendered":"<p>Unsere S\u00fc\u00dfwasser-Perlenkette, 9-10mm wei\u00dfe Reiskornform-Kette, die L\u00e4nge betr\u00e4gt 16 Zoll. Diese Perlen sind C-Qualit\u00e4t, sie sind nicht rund, haben eine einfachere Form und bewahren dennoch einen nat\u00fcrlichen Glanz, der die Seele der S\u00fc\u00dfwasserperlen widerspiegelt.<\/p>\n<p><img loading=\"lazy\" decoding=\"async\" class=\"size-full wp-image-1390 aligncenter\" src=\"https:\/\/pearlswholesaler.com\/wp-content\/uploads\/2024\/12\/511729510334_.pic_hd.jpg\" alt=\"9-10mm wei\u00dfe Reiskornf\u00f6rmige S\u00fc\u00dfwasserperlenkette, C-Qualit\u00e4t, 16 Zoll\" width=\"1000\" height=\"1000\" title=\"\" srcset=\"https:\/\/www.pearlswholesaler.com\/wp-content\/uploads\/2024\/12\/511729510334_.pic_hd.jpg 1000w, https:\/\/www.pearlswholesaler.com\/wp-content\/uploads\/2024\/12\/511729510334_.pic_hd-300x300.jpg 300w, https:\/\/www.pearlswholesaler.com\/wp-content\/uploads\/2024\/12\/511729510334_.pic_hd-150x150.jpg 150w, https:\/\/www.pearlswholesaler.com\/wp-content\/uploads\/2024\/12\/511729510334_.pic_hd-768x768.jpg 768w, https:\/\/www.pearlswholesaler.com\/wp-content\/uploads\/2024\/12\/511729510334_.pic_hd-600x600.jpg 600w, https:\/\/www.pearlswholesaler.com\/wp-content\/uploads\/2024\/12\/511729510334_.pic_hd-100x100.jpg 100w\" sizes=\"auto, (max-width: 1000px) 100vw, 1000px\" \/><\/p>\n<p>Reiskornf\u00f6rmige Perlen in jeder Kette verleihen Ihrem Schmuck eine pers\u00f6nliche Note mit Charakter und organischen Kurven, zeitlose Eleganz \u00fcber moderner Perlschmuck. Die C-Qualit\u00e4t ist ein gro\u00dfartiges Gleichgewicht zwischen Qualit\u00e4t und Erschwinglichkeit, was ich sch\u00e4tze, da ich glaube, dass die Wahrheit in der Natur liegt und Fehler in Perlen sie sch\u00f6n machen.<\/p>\n<p>Diese Kette ist perfekt f\u00fcr jeden Anlass, von leger bis formell, und kann als Einzelst\u00fcck getragen oder f\u00fcr mehr Abwechslung geschichtet werden. Perfekt f\u00fcr Perlenliebhaber und diejenigen, die die Perlen so nat\u00fcrlich lieben.<\/p>\n<ul>\n<li>Verpackung: Polybeutel \/ Schmuckbeutel \/ Schmuckschatulle<\/li>\n<li>Lieferzeit: 3-10 Werktage<\/li>\n<li>Versand: DHL\/Fedex\/UPS\/EMS<\/li>\n<li>Zahlungsbedingungen: Bank\u00fcberweisung PayPal\/ Western Union\/Alipay\/TT;<\/li>\n<li>Zahlungsbedingungen: EXW, FOB Shanghai; Der K\u00e4ufer ist f\u00fcr die Versandkosten verantwortlich<\/li>\n<\/ul>","protected":false},"excerpt":{"rendered":"<ul>\n<li><strong>Perlenqualit\u00e4t<\/strong>: C-Qualit\u00e4t<\/li>\n<li><strong>Perlengr\u00f6\u00dfe<\/strong>: 9-10mm<\/li>\n<li><strong>Perlenform<\/strong>: Reiskornf\u00f6rmig<\/li>\n<li><strong>Perlenfarbe<\/strong>: Wei\u00df<\/li>\n<li><strong>L\u00e4nge<\/strong>: 16 Zoll<\/li>\n<li><strong>Verschluss<\/strong>\uff1aAusschluss<\/li>\n<\/ul>","protected":false},"featured_media":1389,"template":"","meta":{"_kad_blocks_custom_css":"","_kad_blocks_head_custom_js":"","_kad_blocks_body_custom_js":"","_kad_blocks_footer_custom_js":"","_kadence_starter_templates_imported_post":false,"_kad_post_transparent":"default","_kad_post_title":"","_kad_post_layout":"default","_kad_post_sidebar_id":"","_kad_post_content_style":"default","_kad_post_vertical_padding":"default","_kad_post_feature":"","_kad_post_feature_position":"","_kad_post_header":false,"_kad_post_footer":false,"_kad_post_classname":"","jetpack_publicize_message":"","jetpack_publicize_feature_enabled":true,"jetpack_social_post_already_shared":false,"jetpack_social_options":{"image_generator_settings":{"template":"highway","default_image_id":0,"font":"","enabled":false},"version":2}},"product_brand":[],"product_cat":[15],"product_tag":[],"class_list":{"0":"post-1388","1":"product","2":"type-product","3":"status-publish","4":"has-post-thumbnail","6":"product_cat-pearl-strands","7":"pa_pearl-color-white-pearl","8":"pa_pearl-shape-rice-pearl","9":"pa_pearl-size-10mm","10":"pa_pearl-size-9mm","11":"pa_pearl-type-freshwater-pearl","13":"first","14":"instock","15":"shipping-taxable","16":"product-type-simple","17":"entry","18":"content-bg","19":"loop-entry"},"jetpack_publicize_connections":[],"taxonomy_info":{"product_cat":[{"value":15,"label":"Pearl Strand"}],"pa_pearl-color":[{"value":66,"label":"White Pearl"}],"pa_pearl-shape":[{"value":76,"label":"Rice pearl"}],"pa_pearl-size":[{"value":79,"label":"10mm"},{"value":78,"label":"9mm"}],"pa_pearl-type":[{"value":69,"label":"Freshwater Pearl"}]},"featured_image_src_large":["https:\/\/www.pearlswholesaler.com\/wp-content\/uploads\/2024\/12\/521729510335_.pic_hd.jpg",1000,1000,false],"author_info":[],"comment_info":"","_links":{"self":[{"href":"https:\/\/www.pearlswholesaler.com\/de\/wp-json\/wp\/v2\/product\/1388","targetHints":{"allow":["GET"]}}],"collection":[{"href":"https:\/\/www.pearlswholesaler.com\/de\/wp-json\/wp\/v2\/product"}],"about":[{"href":"https:\/\/www.pearlswholesaler.com\/de\/wp-json\/wp\/v2\/types\/product"}],"wp:featuredmedia":[{"embeddable":true,"href":"https:\/\/www.pearlswholesaler.com\/de\/wp-json\/wp\/v2\/media\/1389"}],"wp:attachment":[{"href":"https:\/\/www.pearlswholesaler.com\/de\/wp-json\/wp\/v2\/media?parent=1388"}],"wp:term":[{"taxonomy":"product_brand","embeddable":true,"href":"https:\/\/www.pearlswholesaler.com\/de\/wp-json\/wp\/v2\/product_brand?post=1388"},{"taxonomy":"product_cat","embeddable":true,"href":"https:\/\/www.pearlswholesaler.com\/de\/wp-json\/wp\/v2\/product_cat?post=1388"},{"taxonomy":"product_tag","embeddable":true,"href":"https:\/\/www.pearlswholesaler.com\/de\/wp-json\/wp\/v2\/product_tag?post=1388"}],"curies":[{"name":"wp","href":"https:\/\/api.w.org\/{rel}","templated":true}]}}