{"id":1384,"date":"2024-12-05T11:23:15","date_gmt":"2024-12-05T11:23:15","guid":{"rendered":"https:\/\/pearlswholesaler.com\/?post_type=product&#038;p=1384"},"modified":"2024-12-15T12:34:58","modified_gmt":"2024-12-15T12:34:58","slug":"4-5mm-white-rice-shaped-pearl-strands-a","status":"publish","type":"product","link":"https:\/\/www.pearlswholesaler.com\/de\/product\/4-5mm-white-rice-shaped-pearl-strands-a\/","title":{"rendered":"4-5mm wei\u00dfe reisf\u00f6rmige S\u00fc\u00dfwasserperlenketten, A-Qualit\u00e4t, 16 Zoll"},"content":{"rendered":"<p>4-5MM Zarte Reiskornf\u00f6rmige S\u00fc\u00dfwasserperlenkette: Eine einfache und elegante wei\u00dfe reiskornf\u00f6rmige S\u00fc\u00dfwasserperle mit modernem Stil. Sie besteht aus einer 16-Zoll-Kette aus den besten Perlen, die ihr nat\u00fcrlichen Glanz verleiht und die Sch\u00f6nheit jeder reiskornf\u00f6rmigen Perle unterstreicht.<\/p>\n<p><img loading=\"lazy\" decoding=\"async\" class=\"size-full wp-image-1386 aligncenter\" src=\"https:\/\/pearlswholesaler.com\/wp-content\/uploads\/2024\/12\/501729510333_.pic_hd.jpg\" alt=\"4-5mm wei\u00dfe reiskornf\u00f6rmige S\u00fc\u00dfwasserperlenketten, A Qualit\u00e4t\" width=\"1000\" height=\"1000\" title=\"\" srcset=\"https:\/\/www.pearlswholesaler.com\/wp-content\/uploads\/2024\/12\/501729510333_.pic_hd.jpg 1000w, https:\/\/www.pearlswholesaler.com\/wp-content\/uploads\/2024\/12\/501729510333_.pic_hd-300x300.jpg 300w, https:\/\/www.pearlswholesaler.com\/wp-content\/uploads\/2024\/12\/501729510333_.pic_hd-150x150.jpg 150w, https:\/\/www.pearlswholesaler.com\/wp-content\/uploads\/2024\/12\/501729510333_.pic_hd-768x768.jpg 768w, https:\/\/www.pearlswholesaler.com\/wp-content\/uploads\/2024\/12\/501729510333_.pic_hd-600x600.jpg 600w, https:\/\/www.pearlswholesaler.com\/wp-content\/uploads\/2024\/12\/501729510333_.pic_hd-100x100.jpg 100w\" sizes=\"auto, (max-width: 1000px) 100vw, 1000px\" \/><\/p>\n<p>In diesen Perlen liegt eine subtile und sch\u00f6ne Anziehungskraft, die diese Kette ideal f\u00fcr den Alltag oder sogar f\u00fcr formelle Anl\u00e4sse macht.<\/p>\n<p>Qualit\u00e4t bedeutet, dass diese Perlen eine gute Oberfl\u00e4che und einen sch\u00f6nen Glanz haben, was perfekt ist f\u00fcr diejenigen, die feine Handwerkskunst bei S\u00fc\u00dfwasserperlen sch\u00e4tzen.<\/p>\n<ul>\n<li>Verpackung: Polybeutel \/ Schmuckbeutel \/ Schmuckschatulle<\/li>\n<li>Lieferzeit: 3-10 Werktage<\/li>\n<li>Versand: DHL\/Fedex\/UPS\/EMS<\/li>\n<li>Zahlungsbedingungen: Bank\u00fcberweisung PayPal\/ Western Union\/Alipay\/TT;<\/li>\n<li>Zahlungsbedingungen: EXW, FOB Shanghai; Der K\u00e4ufer ist f\u00fcr die Versandkosten verantwortlich<\/li>\n<\/ul>","protected":false},"excerpt":{"rendered":"<ul>\n<li><strong>Perlenqualit\u00e4t<\/strong>: Eine Note<\/li>\n<li><strong>Perlengr\u00f6\u00dfe<\/strong>: 4-5mm<\/li>\n<li><strong>Perlenform<\/strong>: Reiskornf\u00f6rmig<\/li>\n<li><strong>Perlenfarbe<\/strong>: Wei\u00df<\/li>\n<li><strong>L\u00e4nge<\/strong>: 16 Zoll<\/li>\n<li><strong>Verschluss<\/strong>\uff1aAusschluss<\/li>\n<\/ul>","protected":false},"featured_media":1385,"template":"","meta":{"_kad_blocks_custom_css":"","_kad_blocks_head_custom_js":"","_kad_blocks_body_custom_js":"","_kad_blocks_footer_custom_js":"","_kadence_starter_templates_imported_post":false,"_kad_post_transparent":"default","_kad_post_title":"","_kad_post_layout":"default","_kad_post_sidebar_id":"","_kad_post_content_style":"default","_kad_post_vertical_padding":"default","_kad_post_feature":"","_kad_post_feature_position":"","_kad_post_header":false,"_kad_post_footer":false,"_kad_post_classname":"","jetpack_publicize_message":"","jetpack_publicize_feature_enabled":true,"jetpack_social_post_already_shared":false,"jetpack_social_options":{"image_generator_settings":{"template":"highway","default_image_id":0,"font":"","enabled":false},"version":2}},"product_brand":[],"product_cat":[15],"product_tag":[],"class_list":{"0":"post-1384","1":"product","2":"type-product","3":"status-publish","4":"has-post-thumbnail","6":"product_cat-pearl-strands","7":"pa_pearl-color-white-pearl","8":"pa_pearl-shape-rice-pearl","9":"pa_pearl-size-4mm","10":"pa_pearl-size-5mm-pearl-jewelry","11":"pa_pearl-type-freshwater-pearl","13":"first","14":"instock","15":"shipping-taxable","16":"product-type-simple","17":"entry","18":"content-bg","19":"loop-entry"},"jetpack_publicize_connections":[],"taxonomy_info":{"product_cat":[{"value":15,"label":"Pearl Strand"}],"pa_pearl-color":[{"value":66,"label":"White Pearl"}],"pa_pearl-shape":[{"value":76,"label":"Rice pearl"}],"pa_pearl-size":[{"value":73,"label":"4mm"},{"value":67,"label":"5mm"}],"pa_pearl-type":[{"value":69,"label":"Freshwater Pearl"}]},"featured_image_src_large":["https:\/\/www.pearlswholesaler.com\/wp-content\/uploads\/2024\/12\/491729510332_.pic_hd.jpg",1000,1000,false],"author_info":[],"comment_info":"","_links":{"self":[{"href":"https:\/\/www.pearlswholesaler.com\/de\/wp-json\/wp\/v2\/product\/1384","targetHints":{"allow":["GET"]}}],"collection":[{"href":"https:\/\/www.pearlswholesaler.com\/de\/wp-json\/wp\/v2\/product"}],"about":[{"href":"https:\/\/www.pearlswholesaler.com\/de\/wp-json\/wp\/v2\/types\/product"}],"wp:featuredmedia":[{"embeddable":true,"href":"https:\/\/www.pearlswholesaler.com\/de\/wp-json\/wp\/v2\/media\/1385"}],"wp:attachment":[{"href":"https:\/\/www.pearlswholesaler.com\/de\/wp-json\/wp\/v2\/media?parent=1384"}],"wp:term":[{"taxonomy":"product_brand","embeddable":true,"href":"https:\/\/www.pearlswholesaler.com\/de\/wp-json\/wp\/v2\/product_brand?post=1384"},{"taxonomy":"product_cat","embeddable":true,"href":"https:\/\/www.pearlswholesaler.com\/de\/wp-json\/wp\/v2\/product_cat?post=1384"},{"taxonomy":"product_tag","embeddable":true,"href":"https:\/\/www.pearlswholesaler.com\/de\/wp-json\/wp\/v2\/product_tag?post=1384"}],"curies":[{"name":"wp","href":"https:\/\/api.w.org\/{rel}","templated":true}]}}