{"id":1377,"date":"2024-12-05T01:10:34","date_gmt":"2024-12-05T01:10:34","guid":{"rendered":"https:\/\/pearlswholesaler.com\/?post_type=product&#038;p=1377"},"modified":"2024-12-15T12:37:32","modified_gmt":"2024-12-15T12:37:32","slug":"9-10mm-baroque-white-freshwater-pearl-strand-3a","status":"publish","type":"product","link":"https:\/\/www.pearlswholesaler.com\/de\/product\/9-10mm-baroque-white-freshwater-pearl-strand-3a\/","title":{"rendered":"9-10mm Barock-S\u00fc\u00dfwasserperlenkette, 3A Qualit\u00e4t, 40 cm"},"content":{"rendered":"<p>9-10mm Barockwei\u00dfe S\u00fc\u00dfwasserperlenkette, 16 Zoll Seil, gefertigt aus wundersch\u00f6nen nat\u00fcrlichen Barock-Perlen, definitiv ein Trend hier mit ihrer schlichten, aber deutlich sch\u00f6nen l\u00e4ssigen Eleganz.<\/p>\n<p>Jede einzelne Perle in dieser 3A-Qualit\u00e4tskette wurde handverlesen f\u00fcr ihre individuelle Form und mittleren Glanz, was barocke Perlen in ihrer k\u00fcnstlerischen Bestform symbolisiert \u2014 organisch unregelm\u00e4\u00dfige Glanzlichter.<\/p>\n<p><img loading=\"lazy\" decoding=\"async\" class=\"size-full wp-image-1379 aligncenter\" src=\"https:\/\/pearlswholesaler.com\/wp-content\/uploads\/2024\/12\/471729510330_.pic_hd-1.jpg\" alt=\"9-10mm Barock-S\u00fc\u00dfwasserperlenkette, 3A Qualit\u00e4t, 40 cm\" width=\"1000\" height=\"1000\" title=\"\" srcset=\"https:\/\/www.pearlswholesaler.com\/wp-content\/uploads\/2024\/12\/471729510330_.pic_hd-1.jpg 1000w, https:\/\/www.pearlswholesaler.com\/wp-content\/uploads\/2024\/12\/471729510330_.pic_hd-1-300x300.jpg 300w, https:\/\/www.pearlswholesaler.com\/wp-content\/uploads\/2024\/12\/471729510330_.pic_hd-1-150x150.jpg 150w, https:\/\/www.pearlswholesaler.com\/wp-content\/uploads\/2024\/12\/471729510330_.pic_hd-1-768x768.jpg 768w, https:\/\/www.pearlswholesaler.com\/wp-content\/uploads\/2024\/12\/471729510330_.pic_hd-1-600x600.jpg 600w, https:\/\/www.pearlswholesaler.com\/wp-content\/uploads\/2024\/12\/471729510330_.pic_hd-1-100x100.jpg 100w\" sizes=\"auto, (max-width: 1000px) 100vw, 1000px\" \/><\/p>\n<p>Allgegenw\u00e4rtig bei gr\u00f6\u00dferen Perlen (9-10mm), die eine starke, aber elegante Kette bilden. Die 3A-Qualit\u00e4t weist auf eine sch\u00f6ne Qualit\u00e4t mit leichten Oberfl\u00e4chenfehlern hin, ein weiterer rustikaler Faktor dieser S\u00fc\u00dfwasserperlen.<\/p>\n<p>F\u00fcr die Perlen in ihrer \u201arohen\u2018, nat\u00fcrlichen Sch\u00f6nheit und f\u00fcr formelle Anl\u00e4sse passt diese Kette perfekt! Als Monokett getragen oder geschichtet, verst\u00e4rkt es den Eindruck! Ein zeitloses St\u00fcck, das in fast jede Schmuckkollektion integriert werden kann, diese Perlenkette verleiht einen eleganten, modernen Touch.<\/p>\n<ul>\n<li>Verpackung: Polybeutel \/ Schmuckbeutel \/ Schmuckschatulle<\/li>\n<li>Lieferzeit: 3-10 Werktage<\/li>\n<li>Versand: DHL\/Fedex\/UPS\/EMS<\/li>\n<li>Zahlungsbedingungen: Bank\u00fcberweisung PayPal\/ Western Union\/Alipay\/TT;<\/li>\n<li>Zahlungsbedingungen: EXW, FOB Shanghai; Der K\u00e4ufer ist f\u00fcr die Versandkosten verantwortlich<\/li>\n<\/ul>","protected":false},"excerpt":{"rendered":"<ul>\n<li><strong>Perlenqualit\u00e4t<\/strong>: AAA-Qualit\u00e4t<\/li>\n<li><strong>Perlengr\u00f6\u00dfe<\/strong>: 9-10mm<\/li>\n<li><strong>Perlenform<\/strong>: Barock<\/li>\n<li><strong>Perlenfarbe<\/strong>: Wei\u00df<\/li>\n<li><strong>L\u00e4nge<\/strong>: 16 Zoll<\/li>\n<li><strong>Verschluss<\/strong>\uff1aAusschluss<\/li>\n<\/ul>","protected":false},"featured_media":1378,"template":"","meta":{"_kad_blocks_custom_css":"","_kad_blocks_head_custom_js":"","_kad_blocks_body_custom_js":"","_kad_blocks_footer_custom_js":"","_kadence_starter_templates_imported_post":false,"_kad_post_transparent":"default","_kad_post_title":"","_kad_post_layout":"default","_kad_post_sidebar_id":"","_kad_post_content_style":"default","_kad_post_vertical_padding":"default","_kad_post_feature":"","_kad_post_feature_position":"","_kad_post_header":false,"_kad_post_footer":false,"_kad_post_classname":"","jetpack_publicize_message":"","jetpack_publicize_feature_enabled":true,"jetpack_social_post_already_shared":false,"jetpack_social_options":{"image_generator_settings":{"template":"highway","default_image_id":0,"font":"","enabled":false},"version":2}},"product_brand":[],"product_cat":[15],"product_tag":[],"class_list":{"0":"post-1377","1":"product","2":"type-product","3":"status-publish","4":"has-post-thumbnail","6":"product_cat-pearl-strands","7":"pa_pearl-color-white-pearl","8":"pa_pearl-shape-baroque-pearl","9":"pa_pearl-size-10mm","10":"pa_pearl-size-9mm","11":"pa_pearl-type-freshwater-pearl","13":"first","14":"instock","15":"shipping-taxable","16":"product-type-simple","17":"entry","18":"content-bg","19":"loop-entry"},"jetpack_publicize_connections":[],"taxonomy_info":{"product_cat":[{"value":15,"label":"Pearl Strand"}],"pa_pearl-color":[{"value":66,"label":"White Pearl"}],"pa_pearl-shape":[{"value":75,"label":"Baroque Pearl"}],"pa_pearl-size":[{"value":79,"label":"10mm"},{"value":78,"label":"9mm"}],"pa_pearl-type":[{"value":69,"label":"Freshwater Pearl"}]},"featured_image_src_large":["https:\/\/www.pearlswholesaler.com\/wp-content\/uploads\/2024\/12\/471729510330_.pic_hd.jpg",1000,1000,false],"author_info":[],"comment_info":"","_links":{"self":[{"href":"https:\/\/www.pearlswholesaler.com\/de\/wp-json\/wp\/v2\/product\/1377","targetHints":{"allow":["GET"]}}],"collection":[{"href":"https:\/\/www.pearlswholesaler.com\/de\/wp-json\/wp\/v2\/product"}],"about":[{"href":"https:\/\/www.pearlswholesaler.com\/de\/wp-json\/wp\/v2\/types\/product"}],"wp:featuredmedia":[{"embeddable":true,"href":"https:\/\/www.pearlswholesaler.com\/de\/wp-json\/wp\/v2\/media\/1378"}],"wp:attachment":[{"href":"https:\/\/www.pearlswholesaler.com\/de\/wp-json\/wp\/v2\/media?parent=1377"}],"wp:term":[{"taxonomy":"product_brand","embeddable":true,"href":"https:\/\/www.pearlswholesaler.com\/de\/wp-json\/wp\/v2\/product_brand?post=1377"},{"taxonomy":"product_cat","embeddable":true,"href":"https:\/\/www.pearlswholesaler.com\/de\/wp-json\/wp\/v2\/product_cat?post=1377"},{"taxonomy":"product_tag","embeddable":true,"href":"https:\/\/www.pearlswholesaler.com\/de\/wp-json\/wp\/v2\/product_tag?post=1377"}],"curies":[{"name":"wp","href":"https:\/\/api.w.org\/{rel}","templated":true}]}}