{"id":1360,"date":"2024-12-04T00:53:17","date_gmt":"2024-12-04T00:53:17","guid":{"rendered":"https:\/\/pearlswholesaler.com\/?post_type=product&#038;p=1360"},"modified":"2024-12-15T12:37:29","modified_gmt":"2024-12-15T12:37:29","slug":"9-10mm-baroque-white-freshwater-pearl-strands-5a","status":"publish","type":"product","link":"https:\/\/www.pearlswholesaler.com\/de\/product\/9-10mm-baroque-white-freshwater-pearl-strands-5a\/","title":{"rendered":"9-10mm Barock-Wei\u00dfe S\u00fc\u00dfwasser-Perlenstr\u00e4nge, B-Qualit\u00e4t, 16 Zoll"},"content":{"rendered":"<p>Entdecken Sie die nat\u00fcrliche Sch\u00f6nheit und Charakter unserer 16-Zoll-Seil aus 9-10mm barocken wei\u00dfen S\u00fc\u00dfwasserperlen, eine Sammlung von Perlen, die auf ihre rustikale Weise charmant ist. Von der erstklassigen Qualit\u00e4t f\u00fcr jede Perle \u2013 5A \u2014 ein Glanz und eine Gl\u00e4tte, wie Sie es sich w\u00fcnschen w\u00fcrden.<\/p>\n<p><img loading=\"lazy\" decoding=\"async\" class=\"size-full wp-image-1362 aligncenter\" src=\"https:\/\/pearlswholesaler.com\/wp-content\/uploads\/2024\/12\/461729510329_.pic_hd.jpg\" alt=\"9-10mm Barock-Wei\u00dfe S\u00fc\u00dfwasser-Perlenstr\u00e4nge, B-Qualit\u00e4t, 16 Zoll\" width=\"1000\" height=\"1000\" title=\"\" srcset=\"https:\/\/www.pearlswholesaler.com\/wp-content\/uploads\/2024\/12\/461729510329_.pic_hd.jpg 1000w, https:\/\/www.pearlswholesaler.com\/wp-content\/uploads\/2024\/12\/461729510329_.pic_hd-300x300.jpg 300w, https:\/\/www.pearlswholesaler.com\/wp-content\/uploads\/2024\/12\/461729510329_.pic_hd-150x150.jpg 150w, https:\/\/www.pearlswholesaler.com\/wp-content\/uploads\/2024\/12\/461729510329_.pic_hd-768x768.jpg 768w, https:\/\/www.pearlswholesaler.com\/wp-content\/uploads\/2024\/12\/461729510329_.pic_hd-600x600.jpg 600w, https:\/\/www.pearlswholesaler.com\/wp-content\/uploads\/2024\/12\/461729510329_.pic_hd-100x100.jpg 100w\" sizes=\"auto, (max-width: 1000px) 100vw, 1000px\" \/><\/p>\n<p>Der nat\u00fcrliche, barocke Look dieser Perlen hat eine \u00e4sthetische Ausstrahlung, die sich deutlich von den allgegenw\u00e4rtigen runden Formen ihrer mainstream-Perlenketten unterscheidet. Ob wegen ihrer 5A-Qualit\u00e4t, f\u00fcr die jede Perle handverlesen wurde, um ihre individuelle Sch\u00f6nheit und nahezu makellose Oberfl\u00e4chenbeschaffenheit zu gew\u00e4hrleisten, zeigt eindeutig, dass dies ein Kunstwerk ist.<\/p>\n<p>Entwickelt f\u00fcr diejenigen, die ein klassisches, aber dennoch zeitgem\u00e4\u00dfes Statement-St\u00fcck m\u00f6gen, kann dieses einzelne Perlenstrang allein f\u00fcr einen \u00e4u\u00dferst schlichten Look getragen werden oder gestapelt f\u00fcr zus\u00e4tzlichen Tiefen-Effekt. Es ist perfekt f\u00fcr formelle Anl\u00e4sse und verleiht Ihrem Outfit eine k\u00f6nigliche Note. Es hat eine sch\u00f6ne L\u00e4nge (16 Zoll), die sich gut um den Hals legt, und ist ein zeitloses St\u00fcck f\u00fcr jede Schmuckkollektion.<\/p>\n<ul>\n<li>Verpackung: Polybeutel \/ Schmuckbeutel \/ Schmuckschatulle<\/li>\n<li>Lieferzeit: 3-10 Werktage<\/li>\n<li>Versand: DHL\/Fedex\/UPS\/EMS<\/li>\n<li>Zahlungsbedingungen: Bank\u00fcberweisung PayPal\/ Western Union\/Alipay\/TT;<\/li>\n<li>Zahlungsbedingungen: EXW, FOB Shanghai; Der K\u00e4ufer ist f\u00fcr die Versandkosten verantwortlich<\/li>\n<\/ul>","protected":false},"excerpt":{"rendered":"<ul>\n<li><strong>Perlenqualit\u00e4t<\/strong>: 5A Bewertung<\/li>\n<li><strong>Perlengr\u00f6\u00dfe<\/strong>: 9-10mm<\/li>\n<li><strong>Perlenform<\/strong>: Barock<\/li>\n<li><strong>Perlenfarbe<\/strong>: Wei\u00df<\/li>\n<li><strong>L\u00e4nge<\/strong>: 16 Zoll<\/li>\n<li><strong>Verschluss<\/strong>\uff1a<\/li>\n<\/ul>","protected":false},"featured_media":1361,"template":"","meta":{"_kad_blocks_custom_css":"","_kad_blocks_head_custom_js":"","_kad_blocks_body_custom_js":"","_kad_blocks_footer_custom_js":"","_kadence_starter_templates_imported_post":false,"_kad_post_transparent":"default","_kad_post_title":"","_kad_post_layout":"default","_kad_post_sidebar_id":"","_kad_post_content_style":"default","_kad_post_vertical_padding":"default","_kad_post_feature":"","_kad_post_feature_position":"","_kad_post_header":false,"_kad_post_footer":false,"_kad_post_classname":"","jetpack_publicize_message":"","jetpack_publicize_feature_enabled":true,"jetpack_social_post_already_shared":false,"jetpack_social_options":{"image_generator_settings":{"template":"highway","default_image_id":0,"font":"","enabled":false},"version":2}},"product_brand":[],"product_cat":[15],"product_tag":[],"class_list":{"0":"post-1360","1":"product","2":"type-product","3":"status-publish","4":"has-post-thumbnail","6":"product_cat-pearl-strands","7":"pa_pearl-color-white-pearl","8":"pa_pearl-shape-baroque-pearl","9":"pa_pearl-size-10mm","10":"pa_pearl-size-9mm","11":"pa_pearl-type-freshwater-pearl","13":"first","14":"instock","15":"shipping-taxable","16":"product-type-simple","17":"entry","18":"content-bg","19":"loop-entry"},"jetpack_publicize_connections":[],"taxonomy_info":{"product_cat":[{"value":15,"label":"Pearl Strand"}],"pa_pearl-color":[{"value":66,"label":"White Pearl"}],"pa_pearl-shape":[{"value":75,"label":"Baroque Pearl"}],"pa_pearl-size":[{"value":79,"label":"10mm"},{"value":78,"label":"9mm"}],"pa_pearl-type":[{"value":69,"label":"Freshwater Pearl"}]},"featured_image_src_large":["https:\/\/www.pearlswholesaler.com\/wp-content\/uploads\/2024\/12\/451729510328_.pic_hd-1.jpg",1000,1000,false],"author_info":[],"comment_info":"","_links":{"self":[{"href":"https:\/\/www.pearlswholesaler.com\/de\/wp-json\/wp\/v2\/product\/1360","targetHints":{"allow":["GET"]}}],"collection":[{"href":"https:\/\/www.pearlswholesaler.com\/de\/wp-json\/wp\/v2\/product"}],"about":[{"href":"https:\/\/www.pearlswholesaler.com\/de\/wp-json\/wp\/v2\/types\/product"}],"wp:featuredmedia":[{"embeddable":true,"href":"https:\/\/www.pearlswholesaler.com\/de\/wp-json\/wp\/v2\/media\/1361"}],"wp:attachment":[{"href":"https:\/\/www.pearlswholesaler.com\/de\/wp-json\/wp\/v2\/media?parent=1360"}],"wp:term":[{"taxonomy":"product_brand","embeddable":true,"href":"https:\/\/www.pearlswholesaler.com\/de\/wp-json\/wp\/v2\/product_brand?post=1360"},{"taxonomy":"product_cat","embeddable":true,"href":"https:\/\/www.pearlswholesaler.com\/de\/wp-json\/wp\/v2\/product_cat?post=1360"},{"taxonomy":"product_tag","embeddable":true,"href":"https:\/\/www.pearlswholesaler.com\/de\/wp-json\/wp\/v2\/product_tag?post=1360"}],"curies":[{"name":"wp","href":"https:\/\/api.w.org\/{rel}","templated":true}]}}