{"id":1355,"date":"2024-12-04T00:39:49","date_gmt":"2024-12-04T00:39:49","guid":{"rendered":"https:\/\/pearlswholesaler.com\/?post_type=product&#038;p=1355"},"modified":"2025-08-06T01:12:24","modified_gmt":"2025-08-06T01:12:24","slug":"9-10mm-baroque-white-freshwater-pearl-strands-b","status":"publish","type":"product","link":"https:\/\/www.pearlswholesaler.com\/de\/product\/9-10mm-baroque-white-freshwater-pearl-strands-b\/","title":{"rendered":"9-10mm Barock-Wei\u00dfe S\u00fc\u00dfwasser-Perlenstr\u00e4nge, B-Qualit\u00e4t, 16 Zoll"},"content":{"rendered":"<p><span id=\"input-sentence~3\">Entdecken Sie unsere wundersch\u00f6nen 9-10mm Barock Wei\u00dfe S\u00fc\u00dfwasserperlenketten \u2013 sie sind eine wirklich sch\u00f6ne Erg\u00e4nzung f\u00fcr jede Schmuckschatulle!<\/span> <span id=\"input-sentence~4\">Hergestellt aus B-Qualit\u00e4tsperlen, ist jede barocke Form wunderbar einzigartig, mit einem nat\u00fcrlichen Charme, der wirklich durchscheint.<\/span> <span id=\"input-sentence~5\">Der Glanz ist fantastisch, und Sie werden einige subtile Unterschiede bemerken, die jede Kette besonders machen.<\/span> <span id=\"input-sentence~6\">Mit einer L\u00e4nge von 16 Zoll sind sie perfekt, um sie allein f\u00fcr einen eleganten Akzent zu tragen oder mit anderen Halsketten zu kombinieren.<\/span> <span id=\"input-sentence~7\">Diese zeitlosen Perlen sind eine gro\u00dfartige M\u00f6glichkeit, Ihren Stil zu unterstreichen und jedem Outfit einen klassischen, sch\u00f6nen Akzent zu verleihen.<\/span><\/p>\n<p><img loading=\"lazy\" decoding=\"async\" class=\"alignnone size-full wp-image-1358\" src=\"https:\/\/pearlswholesaler.com\/wp-content\/uploads\/2024\/12\/431729504156_.pic_hd-1.jpg\" alt=\"9-10mm barock wei\u00dfe S\u00fc\u00dfwasserperlenketten, B-Qualit\u00e4t, 16 Zoll\" width=\"1000\" height=\"1000\" title=\"\" srcset=\"https:\/\/www.pearlswholesaler.com\/wp-content\/uploads\/2024\/12\/431729504156_.pic_hd-1.jpg 1000w, https:\/\/www.pearlswholesaler.com\/wp-content\/uploads\/2024\/12\/431729504156_.pic_hd-1-300x300.jpg 300w, https:\/\/www.pearlswholesaler.com\/wp-content\/uploads\/2024\/12\/431729504156_.pic_hd-1-150x150.jpg 150w, https:\/\/www.pearlswholesaler.com\/wp-content\/uploads\/2024\/12\/431729504156_.pic_hd-1-768x768.jpg 768w, https:\/\/www.pearlswholesaler.com\/wp-content\/uploads\/2024\/12\/431729504156_.pic_hd-1-600x600.jpg 600w, https:\/\/www.pearlswholesaler.com\/wp-content\/uploads\/2024\/12\/431729504156_.pic_hd-1-100x100.jpg 100w\" sizes=\"auto, (max-width: 1000px) 100vw, 1000px\" \/><\/p>\n<p>Diese B-Qualit\u00e4t steht f\u00fcr ein gutes Gleichgewicht zwischen Qualit\u00e4t und Charakter mit einem schmalen Glanz und Oberfl\u00e4chenmerkmalen, die jede Perle besitzt. Sie k\u00f6nnen sie auf vielf\u00e4ltige Weise solo tragen oder f\u00fcr mehr Dramatik schichten, was diese neutrale Perlenkette zu einem perfekten Accessoire f\u00fcr ein eleganteres Outfit macht. Dies ist eine atemberaubende Kette, die die Eleganz nat\u00fcrlicher Perlen zweifellos beweist.<\/p>\n<ul>\n<li>Verpackung: Polybeutel \/ Schmuckbeutel \/ Schmuckschatulle<\/li>\n<li>Lieferzeit: 3-10 Werktage<\/li>\n<li>Versand: DHL\/Fedex\/UPS\/EMS<\/li>\n<li>Zahlungsbedingungen: Bank\u00fcberweisung PayPal\/ Western Union\/Alipay\/TT;<\/li>\n<li>Zahlungsbedingungen: EXW, FOB Shanghai; Der K\u00e4ufer ist f\u00fcr die Versandkosten verantwortlich<\/li>\n<\/ul>","protected":false},"excerpt":{"rendered":"<ul>\n<li><strong>Perlenqualit\u00e4t<\/strong>: B-Qualit\u00e4t<\/li>\n<li><strong>Perlengr\u00f6\u00dfe<\/strong>: 9-10mm<\/li>\n<li><strong>Perlenform<\/strong>: Barock<\/li>\n<li><strong>Perlenfarbe<\/strong>: Wei\u00df<\/li>\n<li><strong>L\u00e4nge<\/strong>: 16 Zoll<\/li>\n<li><strong>Verschluss<\/strong>\uff1aAusschluss<\/li>\n<\/ul>","protected":false},"featured_media":1356,"template":"","meta":{"_kad_blocks_custom_css":"","_kad_blocks_head_custom_js":"","_kad_blocks_body_custom_js":"","_kad_blocks_footer_custom_js":"","_kadence_starter_templates_imported_post":false,"_kad_post_transparent":"default","_kad_post_title":"","_kad_post_layout":"default","_kad_post_sidebar_id":"","_kad_post_content_style":"default","_kad_post_vertical_padding":"default","_kad_post_feature":"","_kad_post_feature_position":"","_kad_post_header":false,"_kad_post_footer":false,"_kad_post_classname":"","jetpack_publicize_message":"","jetpack_publicize_feature_enabled":true,"jetpack_social_post_already_shared":false,"jetpack_social_options":{"image_generator_settings":{"template":"highway","default_image_id":0,"font":"","enabled":false},"version":2}},"product_brand":[],"product_cat":[15],"product_tag":[],"class_list":{"0":"post-1355","1":"product","2":"type-product","3":"status-publish","4":"has-post-thumbnail","6":"product_cat-pearl-strands","7":"pa_pearl-color-white-pearl","8":"pa_pearl-shape-baroque-pearl","9":"pa_pearl-size-10mm","10":"pa_pearl-size-9mm","11":"pa_pearl-type-freshwater-pearl","13":"first","14":"instock","15":"shipping-taxable","16":"product-type-simple","17":"entry","18":"content-bg","19":"loop-entry"},"jetpack_publicize_connections":[],"taxonomy_info":{"product_cat":[{"value":15,"label":"Pearl Strand"}],"pa_pearl-color":[{"value":66,"label":"White Pearl"}],"pa_pearl-shape":[{"value":75,"label":"Baroque Pearl"}],"pa_pearl-size":[{"value":79,"label":"10mm"},{"value":78,"label":"9mm"}],"pa_pearl-type":[{"value":69,"label":"Freshwater Pearl"}]},"featured_image_src_large":["https:\/\/www.pearlswholesaler.com\/wp-content\/uploads\/2024\/12\/431729504156_.pic_hd.jpg",1000,1000,false],"author_info":[],"comment_info":"","_links":{"self":[{"href":"https:\/\/www.pearlswholesaler.com\/de\/wp-json\/wp\/v2\/product\/1355","targetHints":{"allow":["GET"]}}],"collection":[{"href":"https:\/\/www.pearlswholesaler.com\/de\/wp-json\/wp\/v2\/product"}],"about":[{"href":"https:\/\/www.pearlswholesaler.com\/de\/wp-json\/wp\/v2\/types\/product"}],"wp:featuredmedia":[{"embeddable":true,"href":"https:\/\/www.pearlswholesaler.com\/de\/wp-json\/wp\/v2\/media\/1356"}],"wp:attachment":[{"href":"https:\/\/www.pearlswholesaler.com\/de\/wp-json\/wp\/v2\/media?parent=1355"}],"wp:term":[{"taxonomy":"product_brand","embeddable":true,"href":"https:\/\/www.pearlswholesaler.com\/de\/wp-json\/wp\/v2\/product_brand?post=1355"},{"taxonomy":"product_cat","embeddable":true,"href":"https:\/\/www.pearlswholesaler.com\/de\/wp-json\/wp\/v2\/product_cat?post=1355"},{"taxonomy":"product_tag","embeddable":true,"href":"https:\/\/www.pearlswholesaler.com\/de\/wp-json\/wp\/v2\/product_tag?post=1355"}],"curies":[{"name":"wp","href":"https:\/\/api.w.org\/{rel}","templated":true}]}}