{"id":1352,"date":"2024-12-03T23:53:10","date_gmt":"2024-12-03T23:53:10","guid":{"rendered":"https:\/\/pearlswholesaler.com\/?post_type=product&#038;p=1352"},"modified":"2025-07-27T12:33:16","modified_gmt":"2025-07-27T12:33:16","slug":"6-7mm-white-rice-shaped-freshwater-pearl-strands-a-grade","status":"publish","type":"product","link":"https:\/\/www.pearlswholesaler.com\/de\/product\/6-7mm-white-rice-shaped-freshwater-pearl-strands-a-grade\/","title":{"rendered":"6-7mm wei\u00dfe Reis-S\u00fc\u00dfwasserperlenketten, A-Qualit\u00e4t, 16 Zoll"},"content":{"rendered":"<p>Dieses wundervolle 16-Zoll-Freshwater-Perlenkette ist ein perfektes Beispiel f\u00fcr reine klassische Eleganz. Eine \u00e4sthetisch sch\u00f6ne Kette aus hochwertigen A-Qualit\u00e4ts, wei\u00dfen, reisf\u00f6rmigen Perlen mit 6-7 mm, die ein zeitloser Klassiker ist, um Ihre Sammlung zu bereichern.<\/p>\n<p><img loading=\"lazy\" decoding=\"async\" class=\"size-full wp-image-1354 aligncenter\" src=\"https:\/\/pearlswholesaler.com\/wp-content\/uploads\/2024\/12\/391729501981_.pic_hd.jpg\" alt=\"6-7mm wei\u00dfe Reis-f\u00f6rmige S\u00fc\u00dfwasserperlenketten, A-Qualit\u00e4t, 16 Zoll\" width=\"1000\" height=\"1000\" title=\"\" srcset=\"https:\/\/www.pearlswholesaler.com\/wp-content\/uploads\/2024\/12\/391729501981_.pic_hd.jpg 1000w, https:\/\/www.pearlswholesaler.com\/wp-content\/uploads\/2024\/12\/391729501981_.pic_hd-300x300.jpg 300w, https:\/\/www.pearlswholesaler.com\/wp-content\/uploads\/2024\/12\/391729501981_.pic_hd-150x150.jpg 150w, https:\/\/www.pearlswholesaler.com\/wp-content\/uploads\/2024\/12\/391729501981_.pic_hd-768x768.jpg 768w, https:\/\/www.pearlswholesaler.com\/wp-content\/uploads\/2024\/12\/391729501981_.pic_hd-600x600.jpg 600w, https:\/\/www.pearlswholesaler.com\/wp-content\/uploads\/2024\/12\/391729501981_.pic_hd-100x100.jpg 100w\" sizes=\"auto, (max-width: 1000px) 100vw, 1000px\" \/><\/p>\n<p><span id=\"input-sentence~0\">M\u00fchelos schick und preislich f\u00fcr Volumenverk\u00e4ufe gestaltet, pr\u00e4sentieren diese 16-Zoll-Ketten wei\u00dfe Freshwater-Perlen in 6\u20137 mm Gr\u00f6\u00dfe in einer anmutigen Reisform.<\/span><span id=\"input-sentence~1\"> Jede A-Qualit\u00e4ts-Perle hat einen gleichm\u00e4\u00dfigen Elfenbeinton und einen weichen Orient, und sie sind auf robustem Seidekordel geknotet f\u00fcr einen sicheren Sitz und einen glatten Fall. Die organische Textur, die durch die leicht unregelm\u00e4\u00dfige Silhouette entsteht, spricht sowohl f\u00fcr den t\u00e4glichen Schichtungseffekt als auch f\u00fcr moderne Br\u00e4ute an.<\/span><\/p>\n<p><span id=\"input-sentence~2\">Perfekt f\u00fcr Brautmodengesch\u00e4fte, Internet-Schmuckh\u00e4ndler und Boutiquen, die nach einem schnell verk\u00e4uflichen, preiswerten Klassiker suchen, der zu allem passt \u2013 von Abendkleidern bis hin zu Jeans.<\/span><\/p>\n<p>Perlenherkunft: Herkunftsort der Perlen in Deutschland<\/p>\n<p>Pflegehinweise: Perlen reinigen und ihren Glanz bewahren.<\/p>\n<ul>\n<li>Verpackung: Polybeutel \/ Schmuckbeutel \/ Schmuckschatulle<\/li>\n<li>Lieferzeit: 3-10 Werktage<\/li>\n<li>Versand: DHL\/Fedex\/UPS\/EMS<\/li>\n<li>Zahlungsbedingungen: Bank\u00fcberweisung PayPal\/ Western Union\/Alipay\/TT;<\/li>\n<li>Zahlungsbedingungen: EXW, FOB Shanghai;<\/li>\n<\/ul>","protected":false},"excerpt":{"rendered":"<ul>\n<li><strong>Perlenqualit\u00e4t<\/strong>: Eine Note<\/li>\n<li><strong>Perlengr\u00f6\u00dfe<\/strong>: 6-7mm<\/li>\n<li><strong>Perlenform<\/strong>: Reiskornform<\/li>\n<li><strong>Perlenfarbe<\/strong>: Wei\u00df<\/li>\n<li><strong>L\u00e4nge<\/strong>: 16 Zoll<\/li>\n<li><strong>Verschluss<\/strong>\uff1aKein Verschluss<\/li>\n<\/ul>","protected":false},"featured_media":1353,"template":"","meta":{"_kad_blocks_custom_css":"","_kad_blocks_head_custom_js":"","_kad_blocks_body_custom_js":"","_kad_blocks_footer_custom_js":"","_kadence_starter_templates_imported_post":false,"_kad_post_transparent":"default","_kad_post_title":"","_kad_post_layout":"default","_kad_post_sidebar_id":"","_kad_post_content_style":"default","_kad_post_vertical_padding":"default","_kad_post_feature":"","_kad_post_feature_position":"","_kad_post_header":false,"_kad_post_footer":false,"_kad_post_classname":"","jetpack_publicize_message":"","jetpack_publicize_feature_enabled":true,"jetpack_social_post_already_shared":false,"jetpack_social_options":{"image_generator_settings":{"template":"highway","default_image_id":0,"font":"","enabled":false},"version":2}},"product_brand":[],"product_cat":[15],"product_tag":[118,127,119],"class_list":{"0":"post-1352","1":"product","2":"type-product","3":"status-publish","4":"has-post-thumbnail","6":"product_cat-pearl-strands","7":"product_tag-a-pearl","8":"product_tag-rice-pearl-strands","9":"product_tag-white-pearl-strands","10":"pa_pearl-color-white-pearl","11":"pa_pearl-shape-rice-pearl","12":"pa_pearl-size-6mm","13":"pa_pearl-size-7mm","14":"pa_pearl-type-freshwater-pearl","16":"first","17":"instock","18":"shipping-taxable","19":"product-type-simple","20":"entry","21":"content-bg","22":"loop-entry"},"jetpack_publicize_connections":[],"taxonomy_info":{"product_cat":[{"value":15,"label":"Pearl Strand"}],"product_tag":[{"value":118,"label":"A pearl"},{"value":127,"label":"rice pearl strands"},{"value":119,"label":"white pearl strands"}],"pa_pearl-color":[{"value":66,"label":"White Pearl"}],"pa_pearl-shape":[{"value":76,"label":"Rice pearl"}],"pa_pearl-size":[{"value":77,"label":"6mm"},{"value":70,"label":"7mm"}],"pa_pearl-type":[{"value":69,"label":"Freshwater Pearl"}]},"featured_image_src_large":["https:\/\/www.pearlswholesaler.com\/wp-content\/uploads\/2024\/12\/381729501979_.pic_hd-576x1024.jpg",576,1024,true],"author_info":[],"comment_info":"","_links":{"self":[{"href":"https:\/\/www.pearlswholesaler.com\/de\/wp-json\/wp\/v2\/product\/1352","targetHints":{"allow":["GET"]}}],"collection":[{"href":"https:\/\/www.pearlswholesaler.com\/de\/wp-json\/wp\/v2\/product"}],"about":[{"href":"https:\/\/www.pearlswholesaler.com\/de\/wp-json\/wp\/v2\/types\/product"}],"wp:featuredmedia":[{"embeddable":true,"href":"https:\/\/www.pearlswholesaler.com\/de\/wp-json\/wp\/v2\/media\/1353"}],"wp:attachment":[{"href":"https:\/\/www.pearlswholesaler.com\/de\/wp-json\/wp\/v2\/media?parent=1352"}],"wp:term":[{"taxonomy":"product_brand","embeddable":true,"href":"https:\/\/www.pearlswholesaler.com\/de\/wp-json\/wp\/v2\/product_brand?post=1352"},{"taxonomy":"product_cat","embeddable":true,"href":"https:\/\/www.pearlswholesaler.com\/de\/wp-json\/wp\/v2\/product_cat?post=1352"},{"taxonomy":"product_tag","embeddable":true,"href":"https:\/\/www.pearlswholesaler.com\/de\/wp-json\/wp\/v2\/product_tag?post=1352"}],"curies":[{"name":"wp","href":"https:\/\/api.w.org\/{rel}","templated":true}]}}