{"id":1349,"date":"2024-12-03T23:42:38","date_gmt":"2024-12-03T23:42:38","guid":{"rendered":"https:\/\/pearlswholesaler.com\/?post_type=product&#038;p=1349"},"modified":"2025-08-07T07:36:10","modified_gmt":"2025-08-07T07:36:10","slug":"3-5-4mm-baroque-white-pearl-strands-a-grade","status":"publish","type":"product","link":"https:\/\/www.pearlswholesaler.com\/de\/product\/3-5-4mm-baroque-white-pearl-strands-a-grade\/","title":{"rendered":"3.5-4mm Barock-S\u00fc\u00dfwasserperlenketten, A Qualit\u00e4t, 40 cm"},"content":{"rendered":"<p>Unsere Gro\u00dfhandels-Perlen in A-Qualit\u00e4t Barock Wei\u00dfe S\u00fc\u00dfwasserperlenketten werden Ihren Kunden etwas bieten, das sonst niemand hat. Diese Perlen sind nicht wie die \u00fcblichen. Jede Kette hat 3,5-4 mm gro\u00dfe barocke Perlen, die wundersch\u00f6n unregelm\u00e4\u00dfig sind und einen hellwei\u00dfen Glanz haben. Lassen Sie Ihrer Kreativit\u00e4t freien Lauf! Diese Ketten sind 16 Zoll lang, was die perfekte L\u00e4nge f\u00fcr die Herstellung einzigartiger Halsketten, Armb\u00e4nder und anderer Schmuckst\u00fccke ist, die die Aufmerksamkeit der Menschen auf sich ziehen.<\/p>\n<p><img loading=\"lazy\" decoding=\"async\" class=\"size-full wp-image-1351 aligncenter\" src=\"https:\/\/pearlswholesaler.com\/wp-content\/uploads\/2024\/12\/321729501523_.pic_hd.jpg\" alt=\"3,5-4 mm gro\u00dfe barocke wei\u00dfe S\u00fc\u00dfwasserperlenketten, A-Qualit\u00e4t, 16 Zoll\" width=\"1000\" height=\"1000\" title=\"\" srcset=\"https:\/\/www.pearlswholesaler.com\/wp-content\/uploads\/2024\/12\/321729501523_.pic_hd.jpg 1000w, https:\/\/www.pearlswholesaler.com\/wp-content\/uploads\/2024\/12\/321729501523_.pic_hd-300x300.jpg 300w, https:\/\/www.pearlswholesaler.com\/wp-content\/uploads\/2024\/12\/321729501523_.pic_hd-150x150.jpg 150w, https:\/\/www.pearlswholesaler.com\/wp-content\/uploads\/2024\/12\/321729501523_.pic_hd-768x768.jpg 768w, https:\/\/www.pearlswholesaler.com\/wp-content\/uploads\/2024\/12\/321729501523_.pic_hd-600x600.jpg 600w, https:\/\/www.pearlswholesaler.com\/wp-content\/uploads\/2024\/12\/321729501523_.pic_hd-100x100.jpg 100w\" sizes=\"auto, (max-width: 1000px) 100vw, 1000px\" \/><\/p>\n<p>Geben Sie Ihren Kunden etwas, das sie nirgendwo anders finden k\u00f6nnen! Die nat\u00fcrlichen Unterschiede in Form und Gr\u00f6\u00dfe dieser Barock-Perlenketten machen sie einzigartig. Jedes St\u00fcck ist wirklich einzigartig. Diese Exklusivit\u00e4t l\u00e4sst die Produkte wertvoller erscheinen und steigert die Rentabilit\u00e4t. Au\u00dferdem k\u00f6nnen Sie sie in Halsketten, Armb\u00e4ndern und Ohrringen verwenden, da sie so vielseitig sind. Das gibt Ihnen die meisten Gestaltungsm\u00f6glichkeiten. Kaufen Sie diese hochwertigen Perlen und beobachten Sie, wie Ihre Verk\u00e4ufe in die H\u00f6he schnellen, weil sie so charmant sind.<\/p>\n<ul>\n<li>Verpackung: Polybeutel \/ Schmuckbeutel \/ Schmuckschatulle<\/li>\n<li>Lieferzeit: 3-10 Werktage<\/li>\n<li>Versand: DHL\/Fedex\/UPS\/EMS<\/li>\n<li>Zahlungsbedingungen: Bank\u00fcberweisung PayPal\/ Western Union\/Alipay\/TT;<\/li>\n<li>Zahlungsbedingungen: EXW, FOB Shanghai; Der K\u00e4ufer ist f\u00fcr die Versandkosten verantwortlich<\/li>\n<\/ul>","protected":false},"excerpt":{"rendered":"<ul>\n<li><strong>Perlenqualit\u00e4t<\/strong>: Eine Note<\/li>\n<li><strong>Perlengr\u00f6\u00dfe<\/strong>: 3,5-4mm<\/li>\n<li><strong>Perlenform<\/strong>: Barock<\/li>\n<li><strong>Perlenfarbe<\/strong>: Wei\u00df<\/li>\n<li><strong>L\u00e4nge<\/strong>: 16 Zoll<\/li>\n<li><strong>Verschluss<\/strong>\uff1aAusschluss<\/li>\n<\/ul>","protected":false},"featured_media":1350,"template":"","meta":{"_kad_blocks_custom_css":"","_kad_blocks_head_custom_js":"","_kad_blocks_body_custom_js":"","_kad_blocks_footer_custom_js":"","_kadence_starter_templates_imported_post":false,"_kad_post_transparent":"default","_kad_post_title":"","_kad_post_layout":"default","_kad_post_sidebar_id":"","_kad_post_content_style":"default","_kad_post_vertical_padding":"default","_kad_post_feature":"","_kad_post_feature_position":"","_kad_post_header":false,"_kad_post_footer":false,"_kad_post_classname":"","jetpack_publicize_message":"","jetpack_publicize_feature_enabled":true,"jetpack_social_post_already_shared":false,"jetpack_social_options":{"image_generator_settings":{"template":"highway","default_image_id":0,"font":"","enabled":false},"version":2}},"product_brand":[],"product_cat":[15],"product_tag":[],"class_list":{"0":"post-1349","1":"product","2":"type-product","3":"status-publish","4":"has-post-thumbnail","6":"product_cat-pearl-strands","7":"pa_pearl-color-white-pearl","8":"pa_pearl-shape-baroque-pearl","9":"pa_pearl-size-3mm","10":"pa_pearl-size-4mm","11":"pa_pearl-type-freshwater-pearl","13":"first","14":"instock","15":"shipping-taxable","16":"product-type-simple","17":"entry","18":"content-bg","19":"loop-entry"},"jetpack_publicize_connections":[],"taxonomy_info":{"product_cat":[{"value":15,"label":"Pearl Strand"}],"pa_pearl-color":[{"value":66,"label":"White Pearl"}],"pa_pearl-shape":[{"value":75,"label":"Baroque Pearl"}],"pa_pearl-size":[{"value":72,"label":"3mm"},{"value":73,"label":"4mm"}],"pa_pearl-type":[{"value":69,"label":"Freshwater Pearl"}]},"featured_image_src_large":["https:\/\/www.pearlswholesaler.com\/wp-content\/uploads\/2024\/12\/311729501521_.pic_hd.jpg",1000,1000,false],"author_info":[],"comment_info":"","_links":{"self":[{"href":"https:\/\/www.pearlswholesaler.com\/de\/wp-json\/wp\/v2\/product\/1349","targetHints":{"allow":["GET"]}}],"collection":[{"href":"https:\/\/www.pearlswholesaler.com\/de\/wp-json\/wp\/v2\/product"}],"about":[{"href":"https:\/\/www.pearlswholesaler.com\/de\/wp-json\/wp\/v2\/types\/product"}],"wp:featuredmedia":[{"embeddable":true,"href":"https:\/\/www.pearlswholesaler.com\/de\/wp-json\/wp\/v2\/media\/1350"}],"wp:attachment":[{"href":"https:\/\/www.pearlswholesaler.com\/de\/wp-json\/wp\/v2\/media?parent=1349"}],"wp:term":[{"taxonomy":"product_brand","embeddable":true,"href":"https:\/\/www.pearlswholesaler.com\/de\/wp-json\/wp\/v2\/product_brand?post=1349"},{"taxonomy":"product_cat","embeddable":true,"href":"https:\/\/www.pearlswholesaler.com\/de\/wp-json\/wp\/v2\/product_cat?post=1349"},{"taxonomy":"product_tag","embeddable":true,"href":"https:\/\/www.pearlswholesaler.com\/de\/wp-json\/wp\/v2\/product_tag?post=1349"}],"curies":[{"name":"wp","href":"https:\/\/api.w.org\/{rel}","templated":true}]}}