{"id":1346,"date":"2024-12-03T23:36:39","date_gmt":"2024-12-03T23:36:39","guid":{"rendered":"https:\/\/pearlswholesaler.com\/?post_type=product&#038;p=1346"},"modified":"2025-07-27T09:17:21","modified_gmt":"2025-07-27T09:17:21","slug":"4-4-5mm-baroque-white-freshwater-pearl-strands-5a","status":"publish","type":"product","link":"https:\/\/www.pearlswholesaler.com\/de\/product\/4-4-5mm-baroque-white-freshwater-pearl-strands-5a\/","title":{"rendered":"4-4.5mm Barock-S\u00fc\u00dfwasserperlenketten, 5A Qualit\u00e4t, 40 cm"},"content":{"rendered":"<p>Lassen Sie sich in den mystischen Charme unserer 16 Zoll langen Barock-Wei\u00dfen S\u00fc\u00dfwasserperlen mit 4-4.5mm Str\u00e4ngen einweihen. Jede Perle ist zertifiziert mit 5A f\u00fcr einen atemberaubenden Glanz und eine nahezu makellose Oberfl\u00e4che, die angenehm im Auge schimmert. Solche Barockperlen in organischer und unregelm\u00e4\u00dfiger Form anstelle von traditionellen Perlen zu haben, ist wie eine kleine Portion Charme, die anderswo kaum zu finden ist.<\/p>\n<p><img loading=\"lazy\" decoding=\"async\" class=\"size-full wp-image-1348 aligncenter\" src=\"https:\/\/pearlswholesaler.com\/wp-content\/uploads\/2024\/12\/301729501518_.pic_hd.jpg\" alt=\"4-4.5mm Barock-S\u00fc\u00dfwasserperlenketten, 5A Qualit\u00e4t, 40 cm\" width=\"1000\" height=\"1000\" title=\"\" srcset=\"https:\/\/www.pearlswholesaler.com\/wp-content\/uploads\/2024\/12\/301729501518_.pic_hd.jpg 1000w, https:\/\/www.pearlswholesaler.com\/wp-content\/uploads\/2024\/12\/301729501518_.pic_hd-300x300.jpg 300w, https:\/\/www.pearlswholesaler.com\/wp-content\/uploads\/2024\/12\/301729501518_.pic_hd-150x150.jpg 150w, https:\/\/www.pearlswholesaler.com\/wp-content\/uploads\/2024\/12\/301729501518_.pic_hd-768x768.jpg 768w, https:\/\/www.pearlswholesaler.com\/wp-content\/uploads\/2024\/12\/301729501518_.pic_hd-600x600.jpg 600w, https:\/\/www.pearlswholesaler.com\/wp-content\/uploads\/2024\/12\/301729501518_.pic_hd-100x100.jpg 100w\" sizes=\"auto, (max-width: 1000px) 100vw, 1000px\" \/><\/p>\n<p>Idealer Strang, um die nat\u00fcrliche Kurve der Perle wirklich hervorzuheben, gut f\u00fcr die nat\u00fcrliche Sch\u00f6nheit und individuelle Form, da keine zwei Perlen jemals genau gleich sind. Die 16 Zoll machen ihn leicht anpassbar f\u00fcr einen modernen Einzelstrang oder das willk\u00fcrliche Auff\u00e4deln f\u00fcr einen mutigen Look. Perfekt f\u00fcr jeden Anlass oder um Ihrer Alltagskleidung einen Hauch von Individualit\u00e4t zu verleihen, vom Couture-Klassiker bis zum Barock-Perlenstrang.<\/p>\n<ul>\n<li>Verpackung: Polybeutel \/ Schmuckbeutel \/ Schmuckschatulle<\/li>\n<li>Lieferzeit: 3-10 Werktage<\/li>\n<li>Versand: DHL\/Fedex\/UPS\/EMS<\/li>\n<li>Zahlungsbedingungen: Bank\u00fcberweisung PayPal\/ Western Union\/Alipay\/TT;<\/li>\n<li>Zahlungsbedingungen: EXW, FOB Shanghai; Der K\u00e4ufer ist f\u00fcr die Versandkosten verantwortlich<\/li>\n<\/ul>","protected":false},"excerpt":{"rendered":"<ul>\n<li><strong>Perlenqualit\u00e4t<\/strong>: 5A Bewertung<\/li>\n<li><strong>Perlengr\u00f6\u00dfe<\/strong>: 4-4.5mm<\/li>\n<li><strong>Perlenform<\/strong>: Barock<\/li>\n<li><strong>Perlenfarbe<\/strong>: Wei\u00df<\/li>\n<li><strong>L\u00e4nge<\/strong>: 16 Zoll<\/li>\n<li><strong>Verschluss<\/strong>\uff1aAusschluss<\/li>\n<\/ul>","protected":false},"featured_media":1347,"template":"","meta":{"_kad_blocks_custom_css":"","_kad_blocks_head_custom_js":"","_kad_blocks_body_custom_js":"","_kad_blocks_footer_custom_js":"","_kadence_starter_templates_imported_post":false,"_kad_post_transparent":"default","_kad_post_title":"","_kad_post_layout":"default","_kad_post_sidebar_id":"","_kad_post_content_style":"default","_kad_post_vertical_padding":"default","_kad_post_feature":"","_kad_post_feature_position":"","_kad_post_header":false,"_kad_post_footer":false,"_kad_post_classname":"","jetpack_publicize_message":"","jetpack_publicize_feature_enabled":true,"jetpack_social_post_already_shared":false,"jetpack_social_options":{"image_generator_settings":{"template":"highway","default_image_id":0,"font":"","enabled":false},"version":2}},"product_brand":[],"product_cat":[15],"product_tag":[124,119],"class_list":{"0":"post-1346","1":"product","2":"type-product","3":"status-publish","4":"has-post-thumbnail","6":"product_cat-pearl-strands","7":"product_tag-baroque-pearl-strands","8":"product_tag-white-pearl-strands","9":"pa_pearl-color-white-pearl","10":"pa_pearl-shape-baroque-pearl","11":"pa_pearl-size-4mm","12":"pa_pearl-type-freshwater-pearl","14":"first","15":"instock","16":"shipping-taxable","17":"product-type-simple","18":"entry","19":"content-bg","20":"loop-entry"},"jetpack_publicize_connections":[],"taxonomy_info":{"product_cat":[{"value":15,"label":"Pearl Strand"}],"product_tag":[{"value":124,"label":"baroque pearl strands"},{"value":119,"label":"white pearl strands"}],"pa_pearl-color":[{"value":66,"label":"White Pearl"}],"pa_pearl-shape":[{"value":75,"label":"Baroque Pearl"}],"pa_pearl-size":[{"value":73,"label":"4mm"}],"pa_pearl-type":[{"value":69,"label":"Freshwater Pearl"}]},"featured_image_src_large":["https:\/\/www.pearlswholesaler.com\/wp-content\/uploads\/2024\/12\/291729501516_.pic_hd.jpg",1000,1000,false],"author_info":[],"comment_info":"","_links":{"self":[{"href":"https:\/\/www.pearlswholesaler.com\/de\/wp-json\/wp\/v2\/product\/1346","targetHints":{"allow":["GET"]}}],"collection":[{"href":"https:\/\/www.pearlswholesaler.com\/de\/wp-json\/wp\/v2\/product"}],"about":[{"href":"https:\/\/www.pearlswholesaler.com\/de\/wp-json\/wp\/v2\/types\/product"}],"wp:featuredmedia":[{"embeddable":true,"href":"https:\/\/www.pearlswholesaler.com\/de\/wp-json\/wp\/v2\/media\/1347"}],"wp:attachment":[{"href":"https:\/\/www.pearlswholesaler.com\/de\/wp-json\/wp\/v2\/media?parent=1346"}],"wp:term":[{"taxonomy":"product_brand","embeddable":true,"href":"https:\/\/www.pearlswholesaler.com\/de\/wp-json\/wp\/v2\/product_brand?post=1346"},{"taxonomy":"product_cat","embeddable":true,"href":"https:\/\/www.pearlswholesaler.com\/de\/wp-json\/wp\/v2\/product_cat?post=1346"},{"taxonomy":"product_tag","embeddable":true,"href":"https:\/\/www.pearlswholesaler.com\/de\/wp-json\/wp\/v2\/product_tag?post=1346"}],"curies":[{"name":"wp","href":"https:\/\/api.w.org\/{rel}","templated":true}]}}